{"id":10067,"date":"2020-03-24T16:20:37","date_gmt":"2020-03-24T15:20:37","guid":{"rendered":"https:\/\/www.haekelfieber.de\/wp-blog\/?page_id=10067"},"modified":"2025-04-14T20:47:27","modified_gmt":"2025-04-14T18:47:27","slug":"osterei-haekeln","status":"publish","type":"page","link":"https:\/\/www.haekelfieber.de\/wp-blog\/osterei-haekeln\/","title":{"rendered":"Osterei"},"content":{"rendered":"\n<div class=\"is-root-container is-desktop-preview is-layout-flow wp-block-post-content block-editor-block-list__layout\">\n<figure id=\"block-7f5b362b-8b9c-42f9-a104-248cc36b6c03\" class=\"block-editor-block-list__block wp-block is-selected size-full wp-block-image\" tabindex=\"0\" role=\"document\" aria-label=\"Block: Bild\" data-block=\"7f5b362b-8b9c-42f9-a104-248cc36b6c03\" data-type=\"core\/image\" data-title=\"Bild\">\n<div class=\"components-resizable-box__container has-show-handle\"><img decoding=\"async\" src=\"https:\/\/www.haekelfieber.de\/wp-blog\/wp-content\/uploads\/2020\/03\/ei-ha\u0308keln-anleitung-3.jpg\" alt=\"Dieses Bild hat ein leeres Alt-Attribut. Der Dateiname ist ei-ha%CC%88keln-anleitung-3.jpg\" \/>\n<div>\u00a0<\/div>\n<\/div>\n<figcaption class=\"block-editor-rich-text__editable wp-element-caption rich-text\" role=\"textbox\" contenteditable=\"true\" aria-multiline=\"true\" aria-label=\"Bild-Beschriftungs-Text\" data-wp-block-attribute-key=\"caption\"><\/figcaption>\n<div class=\"components-drop-zone\" data-is-drop-zone=\"true\">\n<div class=\"components-drop-zone__content\">\n<div class=\"components-drop-zone__content-inner\">\u00a0<\/div>\n<\/div>\n<\/div>\n<\/figure>\n<div id=\"block-82c47808-b455-4665-951e-846f3b5a10e8\" class=\"block-editor-block-list__block wp-block\" tabindex=\"0\" role=\"document\" aria-label=\"Block: Klassischer Absatz\" data-block=\"82c47808-b455-4665-951e-846f3b5a10e8\" data-type=\"tadv\/classic-paragraph\" data-title=\"Klassischer Absatz\">\n<div id=\"block-82c47808-b455-4665-951e-846f3b5a10e8\" class=\"block-editor-block-list__block wp-block\" tabindex=\"0\" role=\"document\" aria-label=\"Block: Klassischer Absatz\" data-block=\"82c47808-b455-4665-951e-846f3b5a10e8\" data-type=\"tadv\/classic-paragraph\" data-title=\"Klassischer Absatz\">\n<div id=\"editor-82c47808-b455-4665-951e-846f3b5a10e8\" class=\"wp-block-freeform block-library-rich-text__tinymce tma-classic-paragraph mce-content-body html5-captions mce-edit-focus\" contenteditable=\"true\">\n<p>Gerade jetzt ist es an der Zeit mal wieder eine Anleitung hier zu ver\u00f6ffentlichen. Wer sie sch\u00f6n findet &#8211; gern nachh\u00e4keln. Hundert- oder millionenfach \ud83d\ude42<br \/><br \/>1.Runde: In einen Fadenring mit Gelb 9 halbe St\u00e4bchen arbeiten.<\/p>\n<p>2. Runde: Mit Rosa in jede Masche 2 St\u00e4bchen h\u00e4keln und dann eine Luftmasche. <br \/>Immer nur in das hintere Maschenglied einstechen.<\/p>\n<p>3. Runde: In jeden Luftmaschenzwischenraum in Rose, 3 feste Maschen und anschlie\u00dfend ein Luftmasche. Am Ende der Runde sind es insgesamt 36 Maschen.<\/p>\n<p>4. Runde: In der gleichen Farbe weiterarbeiten.<br \/>1 Steigeluftmasche. In die folgenden 14 Maschen je ein halbes St\u00e4bchen h\u00e4keln. <br \/>Jeweils 2 St\u00e4bchen in die folgenden zwei Maschen.<br \/>1 St\u00e4bchen und 1 Doppelst\u00e4bchen in die n\u00e4chste Masche.<br \/>2 Doppelst\u00e4bchen in die n\u00e4chste Masche.<br \/>1 Doppelst\u00e4bchen und 1 St\u00e4bchen in die ihr wisst schon\u00a0 \ud83d\ude09 <br \/>Je 2 St\u00e4bchen in die kommenden zwei Maschen.<br \/>In die folgenden 15 Maschen je ein halbes St\u00e4bchen. Fertig.<\/p>\n<p>H\u00e4kelt euch ein weiteres identisches Ei. Beide fertigen Teile aufeinanderlegen (linke Seite an linke) und zusammenh\u00e4keln mittels fester Maschen. Stecht dabei nur in die mittleren zwei Maschenglieder. <br \/>Tipp: Habe an der Seite mit den Doppelst\u00e4bchen angefangen mit dem Zusammenh\u00e4keln, direkt bei einem der beiden Doppelst\u00e4bchen in einer Masche.\u00a0<br \/>Den Faden k\u00f6nnt ihr gleich als Aufh\u00e4nger nutzen.<\/p>\n<p>Stiel: Habe 5 F\u00e4den ca. 20 cm lang mit einer dickeren H\u00e4kelnadel durchgezogen und verknotet.<br \/>Dadurch dass das Ei doppelt ist, h\u00e4ngt es sch\u00f6ner in Form. Man kann auch die R\u00fcckseite in einer anderen Farbe&#8230; Gibt viele M\u00f6glichkeiten.<br \/>Frohes H\u00e4keln \ud83d\ude42<br \/><br \/><br \/><\/p>\n<\/div>\n<\/div>\n<\/div>\n<figure id=\"block-138ec27a-7bb8-495a-9357-58b1a04e4d64\" class=\"block-editor-block-list__block wp-block size-full wp-block-image\" tabindex=\"0\" role=\"document\" aria-label=\"Block: Bild\" data-block=\"138ec27a-7bb8-495a-9357-58b1a04e4d64\" data-type=\"core\/image\" data-title=\"Bild\">\n<div class=\"components-resizable-box__container\"><img decoding=\"async\" src=\"https:\/\/www.haekelfieber.de\/wp-blog\/wp-content\/uploads\/2020\/03\/ei-ha\u0308keln-anleitung2.jpg\" alt=\"Dieses Bild hat ein leeres Alt-Attribut. Der Dateiname ist ei-ha%CC%88keln-anleitung2.jpg\" \/><\/div>\n<\/figure>\n<\/div>\n<div>\u00a0<\/div>\n<div>\u00a0<\/div>\n<div>\u00a0<\/div>\n<div class=\"is-root-container is-desktop-preview is-layout-flow wp-block-post-content block-editor-block-list__layout\">\n<figure id=\"block-138ec27a-7bb8-495a-9357-58b1a04e4d64\" class=\"block-editor-block-list__block wp-block size-full wp-block-image\" tabindex=\"0\" role=\"document\" aria-label=\"Block: Bild\" data-block=\"138ec27a-7bb8-495a-9357-58b1a04e4d64\" data-type=\"core\/image\" data-title=\"Bild\">\n<figcaption class=\"block-editor-rich-text__editable wp-element-caption rich-text\" role=\"textbox\" contenteditable=\"true\" aria-multiline=\"true\" aria-label=\"Bild-Beschriftungs-Text\" data-wp-block-attribute-key=\"caption\">\n<figure class=\"wp-block-image size-full\"><img loading=\"lazy\" decoding=\"async\" width=\"960\" height=\"1440\" class=\"wp-image-10060\" src=\"https:\/\/www.haekelfieber.de\/wp-blog\/wp-content\/uploads\/2020\/03\/ei-ha\u0308keln-anleitung-4.jpg\" alt=\"\" srcset=\"https:\/\/www.haekelfieber.de\/wp-blog\/wp-content\/uploads\/2020\/03\/ei-ha\u0308keln-anleitung-4.jpg 960w, https:\/\/www.haekelfieber.de\/wp-blog\/wp-content\/uploads\/2020\/03\/ei-ha\u0308keln-anleitung-4-200x300.jpg 200w, https:\/\/www.haekelfieber.de\/wp-blog\/wp-content\/uploads\/2020\/03\/ei-ha\u0308keln-anleitung-4-400x600.jpg 400w, https:\/\/www.haekelfieber.de\/wp-blog\/wp-content\/uploads\/2020\/03\/ei-ha\u0308keln-anleitung-4-768x1152.jpg 768w\" sizes=\"auto, (max-width: 960px) 100vw, 960px\" \/><\/figure>\n<p>\u00a0<\/p>\n<\/figcaption>\n<\/figure>\n<\/div>\n<p><\/p>\n<figure class=\"wp-block-image size-full\"><img loading=\"lazy\" decoding=\"async\" width=\"960\" height=\"1440\" class=\"wp-image-10062\" src=\"https:\/\/www.haekelfieber.de\/wp-blog\/wp-content\/uploads\/2020\/03\/ei-ha\u0308keln-anleitung-1.jpg\" alt=\"\" srcset=\"https:\/\/www.haekelfieber.de\/wp-blog\/wp-content\/uploads\/2020\/03\/ei-ha\u0308keln-anleitung-1.jpg 960w, https:\/\/www.haekelfieber.de\/wp-blog\/wp-content\/uploads\/2020\/03\/ei-ha\u0308keln-anleitung-1-200x300.jpg 200w, https:\/\/www.haekelfieber.de\/wp-blog\/wp-content\/uploads\/2020\/03\/ei-ha\u0308keln-anleitung-1-400x600.jpg 400w, https:\/\/www.haekelfieber.de\/wp-blog\/wp-content\/uploads\/2020\/03\/ei-ha\u0308keln-anleitung-1-768x1152.jpg 768w\" sizes=\"auto, (max-width: 960px) 100vw, 960px\" \/><\/figure>\n<p><\/p>\n","protected":false},"excerpt":{"rendered":"","protected":false},"author":1,"featured_media":0,"parent":0,"menu_order":0,"comment_status":"closed","ping_status":"closed","template":"","meta":{"footnotes":""},"class_list":["post-10067","page","type-page","status-publish","hentry"],"yoast_head":"<!-- This site is optimized with the Yoast SEO plugin v27.4 - https:\/\/yoast.com\/product\/yoast-seo-wordpress\/ -->\n<title>Osterei - H\u00e4kelfieber<\/title>\n<meta name=\"robots\" content=\"index, follow, max-snippet:-1, max-image-preview:large, max-video-preview:-1\" \/>\n<link rel=\"canonical\" href=\"https:\/\/www.haekelfieber.de\/wp-blog\/osterei-haekeln\/\" \/>\n<meta property=\"og:locale\" content=\"de_DE\" \/>\n<meta property=\"og:type\" content=\"article\" \/>\n<meta property=\"og:title\" content=\"Osterei - H\u00e4kelfieber\" \/>\n<meta property=\"og:url\" content=\"https:\/\/www.haekelfieber.de\/wp-blog\/osterei-haekeln\/\" \/>\n<meta property=\"og:site_name\" content=\"H\u00e4kelfieber\" \/>\n<meta property=\"article:modified_time\" content=\"2025-04-14T18:47:27+00:00\" \/>\n<meta name=\"twitter:label1\" content=\"Gesch\u00e4tzte Lesezeit\" \/>\n\t<meta name=\"twitter:data1\" content=\"3\u00a0Minuten\" \/>\n<script type=\"application\/ld+json\" class=\"yoast-schema-graph\">{\"@context\":\"https:\\\/\\\/schema.org\",\"@graph\":[{\"@type\":\"WebPage\",\"@id\":\"https:\\\/\\\/www.haekelfieber.de\\\/wp-blog\\\/osterei-haekeln\\\/\",\"url\":\"https:\\\/\\\/www.haekelfieber.de\\\/wp-blog\\\/osterei-haekeln\\\/\",\"name\":\"Osterei - H\u00e4kelfieber\",\"isPartOf\":{\"@id\":\"https:\\\/\\\/www.haekelfieber.de\\\/wp-blog\\\/#website\"},\"datePublished\":\"2020-03-24T15:20:37+00:00\",\"dateModified\":\"2025-04-14T18:47:27+00:00\",\"breadcrumb\":{\"@id\":\"https:\\\/\\\/www.haekelfieber.de\\\/wp-blog\\\/osterei-haekeln\\\/#breadcrumb\"},\"inLanguage\":\"de\",\"potentialAction\":[{\"@type\":\"ReadAction\",\"target\":[\"https:\\\/\\\/www.haekelfieber.de\\\/wp-blog\\\/osterei-haekeln\\\/\"]}]},{\"@type\":\"BreadcrumbList\",\"@id\":\"https:\\\/\\\/www.haekelfieber.de\\\/wp-blog\\\/osterei-haekeln\\\/#breadcrumb\",\"itemListElement\":[{\"@type\":\"ListItem\",\"position\":1,\"name\":\"Home\",\"item\":\"https:\\\/\\\/www.haekelfieber.de\\\/wp-blog\\\/\"},{\"@type\":\"ListItem\",\"position\":2,\"name\":\"Osterei\"}]},{\"@type\":\"WebSite\",\"@id\":\"https:\\\/\\\/www.haekelfieber.de\\\/wp-blog\\\/#website\",\"url\":\"https:\\\/\\\/www.haekelfieber.de\\\/wp-blog\\\/\",\"name\":\"H\u00e4kelfieber\",\"description\":\"Ich bin im...\",\"publisher\":{\"@id\":\"https:\\\/\\\/www.haekelfieber.de\\\/wp-blog\\\/#organization\"},\"potentialAction\":[{\"@type\":\"SearchAction\",\"target\":{\"@type\":\"EntryPoint\",\"urlTemplate\":\"https:\\\/\\\/www.haekelfieber.de\\\/wp-blog\\\/?s={search_term_string}\"},\"query-input\":{\"@type\":\"PropertyValueSpecification\",\"valueRequired\":true,\"valueName\":\"search_term_string\"}}],\"inLanguage\":\"de\"},{\"@type\":\"Organization\",\"@id\":\"https:\\\/\\\/www.haekelfieber.de\\\/wp-blog\\\/#organization\",\"name\":\"H\u00e4kelfieber\",\"url\":\"https:\\\/\\\/www.haekelfieber.de\\\/wp-blog\\\/\",\"logo\":{\"@type\":\"ImageObject\",\"inLanguage\":\"de\",\"@id\":\"https:\\\/\\\/www.haekelfieber.de\\\/wp-blog\\\/#\\\/schema\\\/logo\\\/image\\\/\",\"url\":\"https:\\\/\\\/www.haekelfieber.de\\\/wp-blog\\\/wp-content\\\/uploads\\\/2023\\\/03\\\/kissen-haekeln2.jpg\",\"contentUrl\":\"https:\\\/\\\/www.haekelfieber.de\\\/wp-blog\\\/wp-content\\\/uploads\\\/2023\\\/03\\\/kissen-haekeln2.jpg\",\"width\":683,\"height\":1024,\"caption\":\"H\u00e4kelfieber\"},\"image\":{\"@id\":\"https:\\\/\\\/www.haekelfieber.de\\\/wp-blog\\\/#\\\/schema\\\/logo\\\/image\\\/\"}}]}<\/script>\n<!-- \/ Yoast SEO plugin. -->","yoast_head_json":{"title":"Osterei - H\u00e4kelfieber","robots":{"index":"index","follow":"follow","max-snippet":"max-snippet:-1","max-image-preview":"max-image-preview:large","max-video-preview":"max-video-preview:-1"},"canonical":"https:\/\/www.haekelfieber.de\/wp-blog\/osterei-haekeln\/","og_locale":"de_DE","og_type":"article","og_title":"Osterei - H\u00e4kelfieber","og_url":"https:\/\/www.haekelfieber.de\/wp-blog\/osterei-haekeln\/","og_site_name":"H\u00e4kelfieber","article_modified_time":"2025-04-14T18:47:27+00:00","twitter_misc":{"Gesch\u00e4tzte Lesezeit":"3\u00a0Minuten"},"schema":{"@context":"https:\/\/schema.org","@graph":[{"@type":"WebPage","@id":"https:\/\/www.haekelfieber.de\/wp-blog\/osterei-haekeln\/","url":"https:\/\/www.haekelfieber.de\/wp-blog\/osterei-haekeln\/","name":"Osterei - H\u00e4kelfieber","isPartOf":{"@id":"https:\/\/www.haekelfieber.de\/wp-blog\/#website"},"datePublished":"2020-03-24T15:20:37+00:00","dateModified":"2025-04-14T18:47:27+00:00","breadcrumb":{"@id":"https:\/\/www.haekelfieber.de\/wp-blog\/osterei-haekeln\/#breadcrumb"},"inLanguage":"de","potentialAction":[{"@type":"ReadAction","target":["https:\/\/www.haekelfieber.de\/wp-blog\/osterei-haekeln\/"]}]},{"@type":"BreadcrumbList","@id":"https:\/\/www.haekelfieber.de\/wp-blog\/osterei-haekeln\/#breadcrumb","itemListElement":[{"@type":"ListItem","position":1,"name":"Home","item":"https:\/\/www.haekelfieber.de\/wp-blog\/"},{"@type":"ListItem","position":2,"name":"Osterei"}]},{"@type":"WebSite","@id":"https:\/\/www.haekelfieber.de\/wp-blog\/#website","url":"https:\/\/www.haekelfieber.de\/wp-blog\/","name":"H\u00e4kelfieber","description":"Ich bin im...","publisher":{"@id":"https:\/\/www.haekelfieber.de\/wp-blog\/#organization"},"potentialAction":[{"@type":"SearchAction","target":{"@type":"EntryPoint","urlTemplate":"https:\/\/www.haekelfieber.de\/wp-blog\/?s={search_term_string}"},"query-input":{"@type":"PropertyValueSpecification","valueRequired":true,"valueName":"search_term_string"}}],"inLanguage":"de"},{"@type":"Organization","@id":"https:\/\/www.haekelfieber.de\/wp-blog\/#organization","name":"H\u00e4kelfieber","url":"https:\/\/www.haekelfieber.de\/wp-blog\/","logo":{"@type":"ImageObject","inLanguage":"de","@id":"https:\/\/www.haekelfieber.de\/wp-blog\/#\/schema\/logo\/image\/","url":"https:\/\/www.haekelfieber.de\/wp-blog\/wp-content\/uploads\/2023\/03\/kissen-haekeln2.jpg","contentUrl":"https:\/\/www.haekelfieber.de\/wp-blog\/wp-content\/uploads\/2023\/03\/kissen-haekeln2.jpg","width":683,"height":1024,"caption":"H\u00e4kelfieber"},"image":{"@id":"https:\/\/www.haekelfieber.de\/wp-blog\/#\/schema\/logo\/image\/"}}]}},"_links":{"self":[{"href":"https:\/\/www.haekelfieber.de\/wp-blog\/wp-json\/wp\/v2\/pages\/10067","targetHints":{"allow":["GET"]}}],"collection":[{"href":"https:\/\/www.haekelfieber.de\/wp-blog\/wp-json\/wp\/v2\/pages"}],"about":[{"href":"https:\/\/www.haekelfieber.de\/wp-blog\/wp-json\/wp\/v2\/types\/page"}],"author":[{"embeddable":true,"href":"https:\/\/www.haekelfieber.de\/wp-blog\/wp-json\/wp\/v2\/users\/1"}],"replies":[{"embeddable":true,"href":"https:\/\/www.haekelfieber.de\/wp-blog\/wp-json\/wp\/v2\/comments?post=10067"}],"version-history":[{"count":6,"href":"https:\/\/www.haekelfieber.de\/wp-blog\/wp-json\/wp\/v2\/pages\/10067\/revisions"}],"predecessor-version":[{"id":15803,"href":"https:\/\/www.haekelfieber.de\/wp-blog\/wp-json\/wp\/v2\/pages\/10067\/revisions\/15803"}],"wp:attachment":[{"href":"https:\/\/www.haekelfieber.de\/wp-blog\/wp-json\/wp\/v2\/media?parent=10067"}],"curies":[{"name":"wp","href":"https:\/\/api.w.org\/{rel}","templated":true}]}}