{"id":11420,"date":"2021-03-23T20:41:49","date_gmt":"2021-03-23T19:41:49","guid":{"rendered":"https:\/\/www.haekelfieber.de\/wp-blog\/?page_id=11420"},"modified":"2025-04-14T20:52:57","modified_gmt":"2025-04-14T18:52:57","slug":"anleitung-3-minuten-hase","status":"publish","type":"page","link":"https:\/\/www.haekelfieber.de\/wp-blog\/anleitung-3-minuten-hase\/","title":{"rendered":"Anleitung: 3-Minuten-Hase"},"content":{"rendered":"\n<p>Der ist mir heute von der H\u00e4kelnadel gehoppelt. Ich geb euch mal ne Kurzanleitung:<br \/><br \/>1. Runde:<br \/>4 Luftmaschen mit einer Kettmasche in die erste Luftmasche zu einem Kreis schlie\u00dfen.<br \/><br \/>2. Runde:<br \/>2 Luftmaschen (Steigeluftmaschen) und 5 St\u00e4bchen in die Mitte des Kreises h\u00e4keln.\u00a0<br \/>3 Luftmaschen und 1 feste Masche unterhalb der Luftmaschen in das f\u00fcnfte St\u00e4bchen arbeiten. So. Das ist das Stummelschw\u00e4nzchen. <br \/>Weitere 7 St\u00e4bchen in den Kreis h\u00e4keln. Mit einer Kettmasche in das erste St\u00e4bchen die Runde beenden.<br \/>So. Der Body ist fertig.<br \/><br \/>3. Runde:<br \/>2 Luftmaschen und 5 gemeinsam abgemaschte St\u00e4bchen in die Masche arbeiten. Ihr habt 6 Umschl\u00e4ge auf der H\u00e4kelnadel bevor ihr sie alle miteinander &#8222;abh\u00e4kelt&#8220;. So. Der Hasenkopf ist fertig.<br \/><br \/>4. Runde:<br \/>5 Luftmaschen und in diese arbeitet ihr je eine Kettmasche. Ergibt 4 Kettmaschen, denn in die erste Luftmasche an der H\u00e4kelnadel geht keine rein.<br \/>Wieder 4 Luftmaschen anschlagen und erneut 4 Kettmaschen arbeiten. Die letzte Kettmasche wird etwas weiter unten, quasi in die aller-allererste Luftmasche geh\u00e4kelt.<br \/>So. Die Hasenohren sind fertig \ud83d\ude42<br \/>Faden abschneiden und beim Vern\u00e4hen k\u00f6nnt ihr die \u00d6hrchen noch sch\u00f6n in Stellung bringen.<\/p>\n<p>\u00a0<\/p>\n\n\n\n<p><\/p>\n<figure class=\"wp-block-image size-large is-resized\">\n<figure class=\"wp-block-image size-large is-resized\"><img loading=\"lazy\" decoding=\"async\" class=\"wp-image-11371\" src=\"https:\/\/www.haekelfieber.de\/wp-blog\/wp-content\/uploads\/2021\/03\/anleitung-hase-haelkeln1-391x600.jpg\" alt=\"\" width=\"645\" height=\"990\" srcset=\"https:\/\/www.haekelfieber.de\/wp-blog\/wp-content\/uploads\/2021\/03\/anleitung-hase-haelkeln1-391x600.jpg 391w, https:\/\/www.haekelfieber.de\/wp-blog\/wp-content\/uploads\/2021\/03\/anleitung-hase-haelkeln1-195x300.jpg 195w, https:\/\/www.haekelfieber.de\/wp-blog\/wp-content\/uploads\/2021\/03\/anleitung-hase-haelkeln1.jpg 667w\" sizes=\"auto, (max-width: 645px) 100vw, 645px\" \/>\n<figcaption class=\"wp-element-caption\"><br \/><br \/><\/figcaption>\n<\/figure>\n \n<p>So ein nettes H\u00e4schen k\u00f6nnt ihr euren Nachbarn in den Briefkasten werfen, es jemanden an die Windschutzscheibe des Autos klemmen, es auf den Arbeitsplatz eines Kollegen ablegen&#8230;<br \/>Einfach jemanden eine Freude bereiten. Freude tut gut in diesen Tagen \ud83d\ude42<br \/><br \/><br \/><\/p>\n<figure class=\"wp-block-image size-full\"><img loading=\"lazy\" decoding=\"async\" width=\"801\" height=\"1024\" class=\"wp-image-11370\" src=\"https:\/\/www.haekelfieber.de\/wp-blog\/wp-content\/uploads\/2021\/03\/Anleitung-hase-haekeln2.jpg\" alt=\"\" srcset=\"https:\/\/www.haekelfieber.de\/wp-blog\/wp-content\/uploads\/2021\/03\/Anleitung-hase-haekeln2.jpg 801w, https:\/\/www.haekelfieber.de\/wp-blog\/wp-content\/uploads\/2021\/03\/Anleitung-hase-haekeln2-235x300.jpg 235w, https:\/\/www.haekelfieber.de\/wp-blog\/wp-content\/uploads\/2021\/03\/Anleitung-hase-haekeln2-469x600.jpg 469w, https:\/\/www.haekelfieber.de\/wp-blog\/wp-content\/uploads\/2021\/03\/Anleitung-hase-haekeln2-768x982.jpg 768w\" sizes=\"auto, (max-width: 801px) 100vw, 801px\" \/><\/figure>\n<p><\/p>\n<figcaption class=\"wp-element-caption\"><\/figcaption>\n<\/figure>\n<p><\/p>\n","protected":false},"excerpt":{"rendered":"<p>Der ist mir heute von der H\u00e4kelnadel gehoppelt. Ich geb euch mal ne Kurzanleitung: 1. Runde:4 Luftmaschen mit einer Kettmasche in die erste Luftmasche zu einem Kreis schlie\u00dfen. 2. Runde:2 Luftmaschen (Steigeluftmaschen) und 5 St\u00e4bchen in die Mitte des Kreises h\u00e4keln.\u00a03 Luftmaschen und 1 feste Masche unterhalb der Luftmaschen in das f\u00fcnfte St\u00e4bchen arbeiten. So. &hellip; <a href=\"https:\/\/www.haekelfieber.de\/wp-blog\/anleitung-3-minuten-hase\/\" class=\"more-link\"><span class=\"screen-reader-text\">Anleitung: 3-Minuten-Hase<\/span> weiterlesen <span class=\"meta-nav\">&rarr;<\/span><\/a><\/p>\n","protected":false},"author":1,"featured_media":0,"parent":0,"menu_order":0,"comment_status":"closed","ping_status":"closed","template":"","meta":{"footnotes":""},"class_list":["post-11420","page","type-page","status-publish","hentry"],"yoast_head":"<!-- This site is optimized with the Yoast SEO plugin v27.4 - https:\/\/yoast.com\/product\/yoast-seo-wordpress\/ -->\n<title>Anleitung: 3-Minuten-Hase - H\u00e4kelfieber<\/title>\n<meta name=\"robots\" content=\"index, follow, max-snippet:-1, max-image-preview:large, max-video-preview:-1\" \/>\n<link rel=\"canonical\" href=\"https:\/\/www.haekelfieber.de\/wp-blog\/anleitung-3-minuten-hase\/\" \/>\n<meta property=\"og:locale\" content=\"de_DE\" \/>\n<meta property=\"og:type\" content=\"article\" \/>\n<meta property=\"og:title\" content=\"Anleitung: 3-Minuten-Hase - H\u00e4kelfieber\" \/>\n<meta property=\"og:description\" content=\"Der ist mir heute von der H\u00e4kelnadel gehoppelt. Ich geb euch mal ne Kurzanleitung: 1. Runde:4 Luftmaschen mit einer Kettmasche in die erste Luftmasche zu einem Kreis schlie\u00dfen. 2. Runde:2 Luftmaschen (Steigeluftmaschen) und 5 St\u00e4bchen in die Mitte des Kreises h\u00e4keln.\u00a03 Luftmaschen und 1 feste Masche unterhalb der Luftmaschen in das f\u00fcnfte St\u00e4bchen arbeiten. So. &hellip; Anleitung: 3-Minuten-Hase weiterlesen &rarr;\" \/>\n<meta property=\"og:url\" content=\"https:\/\/www.haekelfieber.de\/wp-blog\/anleitung-3-minuten-hase\/\" \/>\n<meta property=\"og:site_name\" content=\"H\u00e4kelfieber\" \/>\n<meta property=\"article:modified_time\" content=\"2025-04-14T18:52:57+00:00\" \/>\n<meta property=\"og:image\" content=\"https:\/\/www.haekelfieber.de\/wp-blog\/wp-content\/uploads\/2021\/03\/anleitung-hase-haelkeln1.jpg\" \/>\n\t<meta property=\"og:image:width\" content=\"667\" \/>\n\t<meta property=\"og:image:height\" content=\"1024\" \/>\n\t<meta property=\"og:image:type\" content=\"image\/jpeg\" \/>\n<meta name=\"twitter:label1\" content=\"Gesch\u00e4tzte Lesezeit\" \/>\n\t<meta name=\"twitter:data1\" content=\"2\u00a0Minuten\" \/>\n<script type=\"application\/ld+json\" class=\"yoast-schema-graph\">{\"@context\":\"https:\\\/\\\/schema.org\",\"@graph\":[{\"@type\":\"WebPage\",\"@id\":\"https:\\\/\\\/www.haekelfieber.de\\\/wp-blog\\\/anleitung-3-minuten-hase\\\/\",\"url\":\"https:\\\/\\\/www.haekelfieber.de\\\/wp-blog\\\/anleitung-3-minuten-hase\\\/\",\"name\":\"Anleitung: 3-Minuten-Hase - H\u00e4kelfieber\",\"isPartOf\":{\"@id\":\"https:\\\/\\\/www.haekelfieber.de\\\/wp-blog\\\/#website\"},\"primaryImageOfPage\":{\"@id\":\"https:\\\/\\\/www.haekelfieber.de\\\/wp-blog\\\/anleitung-3-minuten-hase\\\/#primaryimage\"},\"image\":{\"@id\":\"https:\\\/\\\/www.haekelfieber.de\\\/wp-blog\\\/anleitung-3-minuten-hase\\\/#primaryimage\"},\"thumbnailUrl\":\"https:\\\/\\\/www.haekelfieber.de\\\/wp-blog\\\/wp-content\\\/uploads\\\/2021\\\/03\\\/anleitung-hase-haelkeln1-391x600.jpg\",\"datePublished\":\"2021-03-23T19:41:49+00:00\",\"dateModified\":\"2025-04-14T18:52:57+00:00\",\"breadcrumb\":{\"@id\":\"https:\\\/\\\/www.haekelfieber.de\\\/wp-blog\\\/anleitung-3-minuten-hase\\\/#breadcrumb\"},\"inLanguage\":\"de\",\"potentialAction\":[{\"@type\":\"ReadAction\",\"target\":[\"https:\\\/\\\/www.haekelfieber.de\\\/wp-blog\\\/anleitung-3-minuten-hase\\\/\"]}]},{\"@type\":\"ImageObject\",\"inLanguage\":\"de\",\"@id\":\"https:\\\/\\\/www.haekelfieber.de\\\/wp-blog\\\/anleitung-3-minuten-hase\\\/#primaryimage\",\"url\":\"https:\\\/\\\/www.haekelfieber.de\\\/wp-blog\\\/wp-content\\\/uploads\\\/2021\\\/03\\\/anleitung-hase-haelkeln1.jpg\",\"contentUrl\":\"https:\\\/\\\/www.haekelfieber.de\\\/wp-blog\\\/wp-content\\\/uploads\\\/2021\\\/03\\\/anleitung-hase-haelkeln1.jpg\",\"width\":667,\"height\":1024},{\"@type\":\"BreadcrumbList\",\"@id\":\"https:\\\/\\\/www.haekelfieber.de\\\/wp-blog\\\/anleitung-3-minuten-hase\\\/#breadcrumb\",\"itemListElement\":[{\"@type\":\"ListItem\",\"position\":1,\"name\":\"Home\",\"item\":\"https:\\\/\\\/www.haekelfieber.de\\\/wp-blog\\\/\"},{\"@type\":\"ListItem\",\"position\":2,\"name\":\"Anleitung: 3-Minuten-Hase\"}]},{\"@type\":\"WebSite\",\"@id\":\"https:\\\/\\\/www.haekelfieber.de\\\/wp-blog\\\/#website\",\"url\":\"https:\\\/\\\/www.haekelfieber.de\\\/wp-blog\\\/\",\"name\":\"H\u00e4kelfieber\",\"description\":\"Ich bin im...\",\"publisher\":{\"@id\":\"https:\\\/\\\/www.haekelfieber.de\\\/wp-blog\\\/#organization\"},\"potentialAction\":[{\"@type\":\"SearchAction\",\"target\":{\"@type\":\"EntryPoint\",\"urlTemplate\":\"https:\\\/\\\/www.haekelfieber.de\\\/wp-blog\\\/?s={search_term_string}\"},\"query-input\":{\"@type\":\"PropertyValueSpecification\",\"valueRequired\":true,\"valueName\":\"search_term_string\"}}],\"inLanguage\":\"de\"},{\"@type\":\"Organization\",\"@id\":\"https:\\\/\\\/www.haekelfieber.de\\\/wp-blog\\\/#organization\",\"name\":\"H\u00e4kelfieber\",\"url\":\"https:\\\/\\\/www.haekelfieber.de\\\/wp-blog\\\/\",\"logo\":{\"@type\":\"ImageObject\",\"inLanguage\":\"de\",\"@id\":\"https:\\\/\\\/www.haekelfieber.de\\\/wp-blog\\\/#\\\/schema\\\/logo\\\/image\\\/\",\"url\":\"https:\\\/\\\/www.haekelfieber.de\\\/wp-blog\\\/wp-content\\\/uploads\\\/2023\\\/03\\\/kissen-haekeln2.jpg\",\"contentUrl\":\"https:\\\/\\\/www.haekelfieber.de\\\/wp-blog\\\/wp-content\\\/uploads\\\/2023\\\/03\\\/kissen-haekeln2.jpg\",\"width\":683,\"height\":1024,\"caption\":\"H\u00e4kelfieber\"},\"image\":{\"@id\":\"https:\\\/\\\/www.haekelfieber.de\\\/wp-blog\\\/#\\\/schema\\\/logo\\\/image\\\/\"}}]}<\/script>\n<!-- \/ Yoast SEO plugin. -->","yoast_head_json":{"title":"Anleitung: 3-Minuten-Hase - H\u00e4kelfieber","robots":{"index":"index","follow":"follow","max-snippet":"max-snippet:-1","max-image-preview":"max-image-preview:large","max-video-preview":"max-video-preview:-1"},"canonical":"https:\/\/www.haekelfieber.de\/wp-blog\/anleitung-3-minuten-hase\/","og_locale":"de_DE","og_type":"article","og_title":"Anleitung: 3-Minuten-Hase - H\u00e4kelfieber","og_description":"Der ist mir heute von der H\u00e4kelnadel gehoppelt. Ich geb euch mal ne Kurzanleitung: 1. Runde:4 Luftmaschen mit einer Kettmasche in die erste Luftmasche zu einem Kreis schlie\u00dfen. 2. Runde:2 Luftmaschen (Steigeluftmaschen) und 5 St\u00e4bchen in die Mitte des Kreises h\u00e4keln.\u00a03 Luftmaschen und 1 feste Masche unterhalb der Luftmaschen in das f\u00fcnfte St\u00e4bchen arbeiten. So. &hellip; Anleitung: 3-Minuten-Hase weiterlesen &rarr;","og_url":"https:\/\/www.haekelfieber.de\/wp-blog\/anleitung-3-minuten-hase\/","og_site_name":"H\u00e4kelfieber","article_modified_time":"2025-04-14T18:52:57+00:00","og_image":[{"width":667,"height":1024,"url":"https:\/\/www.haekelfieber.de\/wp-blog\/wp-content\/uploads\/2021\/03\/anleitung-hase-haelkeln1.jpg","type":"image\/jpeg"}],"twitter_misc":{"Gesch\u00e4tzte Lesezeit":"2\u00a0Minuten"},"schema":{"@context":"https:\/\/schema.org","@graph":[{"@type":"WebPage","@id":"https:\/\/www.haekelfieber.de\/wp-blog\/anleitung-3-minuten-hase\/","url":"https:\/\/www.haekelfieber.de\/wp-blog\/anleitung-3-minuten-hase\/","name":"Anleitung: 3-Minuten-Hase - H\u00e4kelfieber","isPartOf":{"@id":"https:\/\/www.haekelfieber.de\/wp-blog\/#website"},"primaryImageOfPage":{"@id":"https:\/\/www.haekelfieber.de\/wp-blog\/anleitung-3-minuten-hase\/#primaryimage"},"image":{"@id":"https:\/\/www.haekelfieber.de\/wp-blog\/anleitung-3-minuten-hase\/#primaryimage"},"thumbnailUrl":"https:\/\/www.haekelfieber.de\/wp-blog\/wp-content\/uploads\/2021\/03\/anleitung-hase-haelkeln1-391x600.jpg","datePublished":"2021-03-23T19:41:49+00:00","dateModified":"2025-04-14T18:52:57+00:00","breadcrumb":{"@id":"https:\/\/www.haekelfieber.de\/wp-blog\/anleitung-3-minuten-hase\/#breadcrumb"},"inLanguage":"de","potentialAction":[{"@type":"ReadAction","target":["https:\/\/www.haekelfieber.de\/wp-blog\/anleitung-3-minuten-hase\/"]}]},{"@type":"ImageObject","inLanguage":"de","@id":"https:\/\/www.haekelfieber.de\/wp-blog\/anleitung-3-minuten-hase\/#primaryimage","url":"https:\/\/www.haekelfieber.de\/wp-blog\/wp-content\/uploads\/2021\/03\/anleitung-hase-haelkeln1.jpg","contentUrl":"https:\/\/www.haekelfieber.de\/wp-blog\/wp-content\/uploads\/2021\/03\/anleitung-hase-haelkeln1.jpg","width":667,"height":1024},{"@type":"BreadcrumbList","@id":"https:\/\/www.haekelfieber.de\/wp-blog\/anleitung-3-minuten-hase\/#breadcrumb","itemListElement":[{"@type":"ListItem","position":1,"name":"Home","item":"https:\/\/www.haekelfieber.de\/wp-blog\/"},{"@type":"ListItem","position":2,"name":"Anleitung: 3-Minuten-Hase"}]},{"@type":"WebSite","@id":"https:\/\/www.haekelfieber.de\/wp-blog\/#website","url":"https:\/\/www.haekelfieber.de\/wp-blog\/","name":"H\u00e4kelfieber","description":"Ich bin im...","publisher":{"@id":"https:\/\/www.haekelfieber.de\/wp-blog\/#organization"},"potentialAction":[{"@type":"SearchAction","target":{"@type":"EntryPoint","urlTemplate":"https:\/\/www.haekelfieber.de\/wp-blog\/?s={search_term_string}"},"query-input":{"@type":"PropertyValueSpecification","valueRequired":true,"valueName":"search_term_string"}}],"inLanguage":"de"},{"@type":"Organization","@id":"https:\/\/www.haekelfieber.de\/wp-blog\/#organization","name":"H\u00e4kelfieber","url":"https:\/\/www.haekelfieber.de\/wp-blog\/","logo":{"@type":"ImageObject","inLanguage":"de","@id":"https:\/\/www.haekelfieber.de\/wp-blog\/#\/schema\/logo\/image\/","url":"https:\/\/www.haekelfieber.de\/wp-blog\/wp-content\/uploads\/2023\/03\/kissen-haekeln2.jpg","contentUrl":"https:\/\/www.haekelfieber.de\/wp-blog\/wp-content\/uploads\/2023\/03\/kissen-haekeln2.jpg","width":683,"height":1024,"caption":"H\u00e4kelfieber"},"image":{"@id":"https:\/\/www.haekelfieber.de\/wp-blog\/#\/schema\/logo\/image\/"}}]}},"_links":{"self":[{"href":"https:\/\/www.haekelfieber.de\/wp-blog\/wp-json\/wp\/v2\/pages\/11420","targetHints":{"allow":["GET"]}}],"collection":[{"href":"https:\/\/www.haekelfieber.de\/wp-blog\/wp-json\/wp\/v2\/pages"}],"about":[{"href":"https:\/\/www.haekelfieber.de\/wp-blog\/wp-json\/wp\/v2\/types\/page"}],"author":[{"embeddable":true,"href":"https:\/\/www.haekelfieber.de\/wp-blog\/wp-json\/wp\/v2\/users\/1"}],"replies":[{"embeddable":true,"href":"https:\/\/www.haekelfieber.de\/wp-blog\/wp-json\/wp\/v2\/comments?post=11420"}],"version-history":[{"count":2,"href":"https:\/\/www.haekelfieber.de\/wp-blog\/wp-json\/wp\/v2\/pages\/11420\/revisions"}],"predecessor-version":[{"id":15805,"href":"https:\/\/www.haekelfieber.de\/wp-blog\/wp-json\/wp\/v2\/pages\/11420\/revisions\/15805"}],"wp:attachment":[{"href":"https:\/\/www.haekelfieber.de\/wp-blog\/wp-json\/wp\/v2\/media?parent=11420"}],"curies":[{"name":"wp","href":"https:\/\/api.w.org\/{rel}","templated":true}]}}