{"id":1182,"date":"2014-10-09T23:04:47","date_gmt":"2014-10-09T21:04:47","guid":{"rendered":"http:\/\/www.haekelfieber.de\/wp-blog\/?page_id=1182"},"modified":"2015-09-16T08:03:42","modified_gmt":"2015-09-16T06:03:42","slug":"anleitung-fuer-eine-haekelborte-zick-zack-borte","status":"publish","type":"page","link":"https:\/\/www.haekelfieber.de\/wp-blog\/anleitung-fuer-eine-haekelborte-zick-zack-borte\/","title":{"rendered":"H\u00e4kelborte (Zick-zack Borte)"},"content":{"rendered":"<p><a href=\"https:\/\/www.haekelfieber.de\/wp-blog\/wp-content\/uploads\/2014\/09\/Anleitung-H\u00e4kelborte-h\u00e4keln.jpg\"><img loading=\"lazy\" decoding=\"async\" class=\"aligncenter wp-image-1069\" src=\"https:\/\/www.haekelfieber.de\/wp-blog\/wp-content\/uploads\/2014\/09\/Anleitung-H\u00e4kelborte-h\u00e4keln.jpg\" alt=\"Anleitung H\u00e4kelborte h\u00e4keln\" width=\"450\" height=\"600\" srcset=\"https:\/\/www.haekelfieber.de\/wp-blog\/wp-content\/uploads\/2014\/09\/Anleitung-H\u00e4kelborte-h\u00e4keln.jpg 600w, https:\/\/www.haekelfieber.de\/wp-blog\/wp-content\/uploads\/2014\/09\/Anleitung-H\u00e4kelborte-h\u00e4keln-225x300.jpg 225w\" sizes=\"auto, (max-width: 450px) 100vw, 450px\" \/><\/a><br \/>\nAm Wochenende habe ich an einer neuen Borte rumget\u00fcftelt. Die ideale Besch\u00e4ftigung bei dem schlechten Wetter. Und weil sie mir so gut gef\u00e4llt, habe ich eine Anleitung f\u00fcr euch erstellt. Hoffe, dass sie gut verst\u00e4ndlich ist \ud83d\ude42 .<\/p>\n<p>Erkl\u00e4rung der Abk\u00fcrzungen:<br \/>\nLm\u00a0\u00a0 &#8211;\u00a0 Luftmasche<br \/>\nKm\u00a0\u00a0 &#8211;\u00a0 Kettmasche<br \/>\nfM\u00a0\u00a0 \u00a0 &#8211;\u00a0 feste Masche<br \/>\nhStb &#8211; halbes St\u00e4bchen<br \/>\nStb\u00a0\u00a0\u00a0 &#8211; St\u00e4bchen<br \/>\nDStb &#8211; Doppelst\u00e4bchen<\/p>\n<p>Ihr beginnt mit einer Luftmaschenkette. Die Anzahl der Maschen soll durch vier teilbar sein, plus zwei Maschen.<\/p>\n<p>1. Runde:<br \/>\nEine Reihe fM h\u00e4keln<\/p>\n<p>2. Runde:<\/p>\n<table>\n<tbody>\n<tr>\n<td><a href=\"https:\/\/www.haekelfieber.de\/wp-blog\/wp-content\/uploads\/2014\/09\/2014-09-13-14.32.43.jpg\"><img loading=\"lazy\" decoding=\"async\" class=\"aligncenter wp-image-1087 size-medium\" src=\"https:\/\/www.haekelfieber.de\/wp-blog\/wp-content\/uploads\/2014\/09\/2014-09-13-14.32.43-225x300.jpg\" alt=\"2014-09-13 14.32.43\" width=\"225\" height=\"300\" srcset=\"https:\/\/www.haekelfieber.de\/wp-blog\/wp-content\/uploads\/2014\/09\/2014-09-13-14.32.43-225x300.jpg 225w, https:\/\/www.haekelfieber.de\/wp-blog\/wp-content\/uploads\/2014\/09\/2014-09-13-14.32.43.jpg 600w\" sizes=\"auto, (max-width: 225px) 100vw, 225px\" \/><\/a><\/td>\n<td><a href=\"https:\/\/www.haekelfieber.de\/wp-blog\/wp-content\/uploads\/2014\/09\/2014-09-13-14.35.10.jpg\"><img loading=\"lazy\" decoding=\"async\" class=\"aligncenter size-medium wp-image-1086\" src=\"https:\/\/www.haekelfieber.de\/wp-blog\/wp-content\/uploads\/2014\/09\/2014-09-13-14.35.10-225x300.jpg\" alt=\"2014-09-13 14.35.10\" width=\"225\" height=\"300\" srcset=\"https:\/\/www.haekelfieber.de\/wp-blog\/wp-content\/uploads\/2014\/09\/2014-09-13-14.35.10-225x300.jpg 225w, https:\/\/www.haekelfieber.de\/wp-blog\/wp-content\/uploads\/2014\/09\/2014-09-13-14.35.10.jpg 600w\" sizes=\"auto, (max-width: 225px) 100vw, 225px\" \/><\/a><\/td>\n<\/tr>\n<\/tbody>\n<\/table>\n<p>Arbeit wenden, 5 Lm h\u00e4keln. In die zweite Lm ab H\u00e4kelnadel: 1 fM, 1 hStb, 1 Stb, 1 DStb<br \/>\n<a href=\"https:\/\/www.haekelfieber.de\/wp-blog\/wp-content\/uploads\/2014\/09\/2014-09-13-14.38.25.jpg\"><img loading=\"lazy\" decoding=\"async\" class=\"aligncenter size-medium wp-image-1085\" src=\"https:\/\/www.haekelfieber.de\/wp-blog\/wp-content\/uploads\/2014\/09\/2014-09-13-14.38.25-225x300.jpg\" alt=\"2014-09-13 14.38.25\" width=\"225\" height=\"300\" srcset=\"https:\/\/www.haekelfieber.de\/wp-blog\/wp-content\/uploads\/2014\/09\/2014-09-13-14.38.25-225x300.jpg 225w, https:\/\/www.haekelfieber.de\/wp-blog\/wp-content\/uploads\/2014\/09\/2014-09-13-14.38.25.jpg 600w\" sizes=\"auto, (max-width: 225px) 100vw, 225px\" \/><\/a><br \/>\n3 Maschen \u00fcberspringen und in die n\u00e4chste Masche 1 Km und 5 Lm h\u00e4keln. Wie zuvor weiterarbeiten bis zum Ende der Reihe. Faden abschneiden und nicht wenden!<\/p>\n<p>3. Runde:<\/p>\n<table>\n<tbody>\n<tr>\n<td><a href=\"https:\/\/www.haekelfieber.de\/wp-blog\/wp-content\/uploads\/2014\/09\/2014-09-13-14.55.46.jpg\"><img loading=\"lazy\" decoding=\"async\" class=\"aligncenter size-medium wp-image-1084\" src=\"https:\/\/www.haekelfieber.de\/wp-blog\/wp-content\/uploads\/2014\/09\/2014-09-13-14.55.46-225x300.jpg\" alt=\"2014-09-13 14.55.46\" width=\"225\" height=\"300\" srcset=\"https:\/\/www.haekelfieber.de\/wp-blog\/wp-content\/uploads\/2014\/09\/2014-09-13-14.55.46-225x300.jpg 225w, https:\/\/www.haekelfieber.de\/wp-blog\/wp-content\/uploads\/2014\/09\/2014-09-13-14.55.46.jpg 600w\" sizes=\"auto, (max-width: 225px) 100vw, 225px\" \/><\/a><\/td>\n<td><a href=\"https:\/\/www.haekelfieber.de\/wp-blog\/wp-content\/uploads\/2014\/09\/2014-09-13-14.56.27.jpg\"><img loading=\"lazy\" decoding=\"async\" class=\"aligncenter size-medium wp-image-1083\" src=\"https:\/\/www.haekelfieber.de\/wp-blog\/wp-content\/uploads\/2014\/09\/2014-09-13-14.56.27-225x300.jpg\" alt=\"2014-09-13 14.56.27\" width=\"225\" height=\"300\" srcset=\"https:\/\/www.haekelfieber.de\/wp-blog\/wp-content\/uploads\/2014\/09\/2014-09-13-14.56.27-225x300.jpg 225w, https:\/\/www.haekelfieber.de\/wp-blog\/wp-content\/uploads\/2014\/09\/2014-09-13-14.56.27.jpg 600w\" sizes=\"auto, (max-width: 225px) 100vw, 225px\" \/><\/a><\/td>\n<\/tr>\n<\/tbody>\n<\/table>\n<p>Neue Farbe! (Umrandung der Zacken)<br \/>\nNur jetzt, am Anfang und sp\u00e4ter, ganz am Ende: 1 Km und 1 fM in die Seite der ersten Reihe h\u00e4keln. Noch 4 fM seitlich an der Zacke hochh\u00e4keln.<\/p>\n<table>\n<tbody>\n<tr>\n<td><a href=\"https:\/\/www.haekelfieber.de\/wp-blog\/wp-content\/uploads\/2014\/09\/2014-09-13-15.01.44.jpg\"><img loading=\"lazy\" decoding=\"async\" class=\"aligncenter size-medium wp-image-1082\" src=\"https:\/\/www.haekelfieber.de\/wp-blog\/wp-content\/uploads\/2014\/09\/2014-09-13-15.01.44-225x300.jpg\" alt=\"2014-09-13 15.01.44\" width=\"225\" height=\"300\" srcset=\"https:\/\/www.haekelfieber.de\/wp-blog\/wp-content\/uploads\/2014\/09\/2014-09-13-15.01.44-225x300.jpg 225w, https:\/\/www.haekelfieber.de\/wp-blog\/wp-content\/uploads\/2014\/09\/2014-09-13-15.01.44.jpg 600w\" sizes=\"auto, (max-width: 225px) 100vw, 225px\" \/><\/a><\/td>\n<td><a href=\"https:\/\/www.haekelfieber.de\/wp-blog\/wp-content\/uploads\/2014\/09\/2014-09-13-15.03.32.jpg\"><img loading=\"lazy\" decoding=\"async\" class=\"aligncenter size-medium wp-image-1081\" src=\"https:\/\/www.haekelfieber.de\/wp-blog\/wp-content\/uploads\/2014\/09\/2014-09-13-15.03.32-225x300.jpg\" alt=\"2014-09-13 15.03.32\" width=\"225\" height=\"300\" srcset=\"https:\/\/www.haekelfieber.de\/wp-blog\/wp-content\/uploads\/2014\/09\/2014-09-13-15.03.32-225x300.jpg 225w, https:\/\/www.haekelfieber.de\/wp-blog\/wp-content\/uploads\/2014\/09\/2014-09-13-15.03.32.jpg 600w\" sizes=\"auto, (max-width: 225px) 100vw, 225px\" \/><\/a><\/td>\n<\/tr>\n<\/tbody>\n<\/table>\n<p>Jetzt kommt eine neue Farbe (f\u00fcr Bommel) dazu. Es wird ab jetzt mit zwei Farben weitergearbeitet! In die Masche, auf der gegen\u00fcberliegenden Zackenseite, (siehe Kugelschreiberspitze) einstechen und mit der neuen Farbe 1 Km h\u00e4keln. Alle F\u00e4den etwas straff ziehen.<\/p>\n<table>\n<tbody>\n<tr>\n<td><a href=\"https:\/\/www.haekelfieber.de\/wp-blog\/wp-content\/uploads\/2014\/09\/2014-09-13-15.04.29.jpg\"><img loading=\"lazy\" decoding=\"async\" class=\"aligncenter size-medium wp-image-1080\" src=\"https:\/\/www.haekelfieber.de\/wp-blog\/wp-content\/uploads\/2014\/09\/2014-09-13-15.04.29-225x300.jpg\" alt=\"2014-09-13 15.04.29\" width=\"225\" height=\"300\" srcset=\"https:\/\/www.haekelfieber.de\/wp-blog\/wp-content\/uploads\/2014\/09\/2014-09-13-15.04.29-225x300.jpg 225w, https:\/\/www.haekelfieber.de\/wp-blog\/wp-content\/uploads\/2014\/09\/2014-09-13-15.04.29.jpg 600w\" sizes=\"auto, (max-width: 225px) 100vw, 225px\" \/><\/a><\/td>\n<td><a href=\"https:\/\/www.haekelfieber.de\/wp-blog\/wp-content\/uploads\/2014\/09\/2014-09-13-15.07.10.jpg\"><img loading=\"lazy\" decoding=\"async\" class=\"aligncenter size-medium wp-image-1079\" src=\"https:\/\/www.haekelfieber.de\/wp-blog\/wp-content\/uploads\/2014\/09\/2014-09-13-15.07.10-225x300.jpg\" alt=\"2014-09-13 15.07.10\" width=\"225\" height=\"300\" srcset=\"https:\/\/www.haekelfieber.de\/wp-blog\/wp-content\/uploads\/2014\/09\/2014-09-13-15.07.10-225x300.jpg 225w, https:\/\/www.haekelfieber.de\/wp-blog\/wp-content\/uploads\/2014\/09\/2014-09-13-15.07.10.jpg 600w\" sizes=\"auto, (max-width: 225px) 100vw, 225px\" \/><\/a><\/td>\n<\/tr>\n<\/tbody>\n<\/table>\n<p>Das Garn f\u00fcr die Umrandung \u00fcber die neue Farbe legen und mit den n\u00e4chsten Stichen miteinh\u00e4keln &#8211; siehe Bild.<br \/>\n2 Lm mit 4 Stb gemeinsam abmaschen.<\/p>\n<table>\n<tbody>\n<tr>\n<td><a href=\"https:\/\/www.haekelfieber.de\/wp-blog\/wp-content\/uploads\/2014\/09\/2014-09-13-15.09.42.jpg\"><img loading=\"lazy\" decoding=\"async\" class=\"aligncenter size-medium wp-image-1078\" src=\"https:\/\/www.haekelfieber.de\/wp-blog\/wp-content\/uploads\/2014\/09\/2014-09-13-15.09.42-225x300.jpg\" alt=\"2014-09-13 15.09.42\" width=\"225\" height=\"300\" srcset=\"https:\/\/www.haekelfieber.de\/wp-blog\/wp-content\/uploads\/2014\/09\/2014-09-13-15.09.42-225x300.jpg 225w, https:\/\/www.haekelfieber.de\/wp-blog\/wp-content\/uploads\/2014\/09\/2014-09-13-15.09.42.jpg 600w\" sizes=\"auto, (max-width: 225px) 100vw, 225px\" \/><\/a><\/td>\n<td><a href=\"https:\/\/www.haekelfieber.de\/wp-blog\/wp-content\/uploads\/2014\/09\/2014-09-13-15.10.46.jpg\"><img loading=\"lazy\" decoding=\"async\" class=\"aligncenter size-medium wp-image-1076\" src=\"https:\/\/www.haekelfieber.de\/wp-blog\/wp-content\/uploads\/2014\/09\/2014-09-13-15.10.46-225x300.jpg\" alt=\"2014-09-13 15.10.46\" width=\"225\" height=\"300\" srcset=\"https:\/\/www.haekelfieber.de\/wp-blog\/wp-content\/uploads\/2014\/09\/2014-09-13-15.10.46-225x300.jpg 225w, https:\/\/www.haekelfieber.de\/wp-blog\/wp-content\/uploads\/2014\/09\/2014-09-13-15.10.46.jpg 600w\" sizes=\"auto, (max-width: 225px) 100vw, 225px\" \/><\/a><\/td>\n<\/tr>\n<\/tbody>\n<\/table>\n<p>Nochmal 2 Lm und 4 Stb gemeinsam abmaschen. Daf\u00fcr steche ich durch die vier Garnb\u00f6gen der vorherigen, abgemaschten St\u00e4bchengruppe &#8211; siehe linkes Bild.<\/p>\n<table>\n<tbody>\n<tr>\n<td><a href=\"https:\/\/www.haekelfieber.de\/wp-blog\/wp-content\/uploads\/2014\/09\/2014-09-13-15.12.50.jpg\"><img loading=\"lazy\" decoding=\"async\" class=\"aligncenter size-medium wp-image-1075\" src=\"https:\/\/www.haekelfieber.de\/wp-blog\/wp-content\/uploads\/2014\/09\/2014-09-13-15.12.50-225x300.jpg\" alt=\"2014-09-13 15.12.50\" width=\"225\" height=\"300\" srcset=\"https:\/\/www.haekelfieber.de\/wp-blog\/wp-content\/uploads\/2014\/09\/2014-09-13-15.12.50-225x300.jpg 225w, https:\/\/www.haekelfieber.de\/wp-blog\/wp-content\/uploads\/2014\/09\/2014-09-13-15.12.50.jpg 600w\" sizes=\"auto, (max-width: 225px) 100vw, 225px\" \/><\/a><\/td>\n<td><a href=\"https:\/\/www.haekelfieber.de\/wp-blog\/wp-content\/uploads\/2014\/09\/2014-09-13-15.13.37.jpg\"><img loading=\"lazy\" decoding=\"async\" class=\"aligncenter size-medium wp-image-1074\" src=\"https:\/\/www.haekelfieber.de\/wp-blog\/wp-content\/uploads\/2014\/09\/2014-09-13-15.13.37-225x300.jpg\" alt=\"2014-09-13 15.13.37\" width=\"225\" height=\"300\" srcset=\"https:\/\/www.haekelfieber.de\/wp-blog\/wp-content\/uploads\/2014\/09\/2014-09-13-15.13.37-225x300.jpg 225w, https:\/\/www.haekelfieber.de\/wp-blog\/wp-content\/uploads\/2014\/09\/2014-09-13-15.13.37.jpg 600w\" sizes=\"auto, (max-width: 225px) 100vw, 225px\" \/><\/a><\/td>\n<\/tr>\n<\/tbody>\n<\/table>\n<p>Farbwechsel! 2 fM\u00a0 in den &#8222;Fu\u00df&#8220; der ersten St\u00e4bchengruppe h\u00e4keln (die erste macht den Bommel rund, die zweite z\u00e4hlt als erste Masche der seitlichen Viererreihe). F\u00e4den wieder etwas straff ziehen.<\/p>\n<table>\n<tbody>\n<tr>\n<td><a href=\"https:\/\/www.haekelfieber.de\/wp-blog\/wp-content\/uploads\/2014\/09\/2014-09-13-15.16.43.jpg\"><img loading=\"lazy\" decoding=\"async\" class=\"aligncenter size-medium wp-image-1073\" src=\"https:\/\/www.haekelfieber.de\/wp-blog\/wp-content\/uploads\/2014\/09\/2014-09-13-15.16.43-225x300.jpg\" alt=\"2014-09-13 15.16.43\" width=\"225\" height=\"300\" srcset=\"https:\/\/www.haekelfieber.de\/wp-blog\/wp-content\/uploads\/2014\/09\/2014-09-13-15.16.43-225x300.jpg 225w, https:\/\/www.haekelfieber.de\/wp-blog\/wp-content\/uploads\/2014\/09\/2014-09-13-15.16.43.jpg 600w\" sizes=\"auto, (max-width: 225px) 100vw, 225px\" \/><\/a><\/td>\n<td><a href=\"https:\/\/www.haekelfieber.de\/wp-blog\/wp-content\/uploads\/2014\/09\/Anleitung-H\u00e4kelborte-h\u00e4keln-3.jpg\"><img loading=\"lazy\" decoding=\"async\" class=\"aligncenter size-medium wp-image-1072\" src=\"https:\/\/www.haekelfieber.de\/wp-blog\/wp-content\/uploads\/2014\/09\/Anleitung-H\u00e4kelborte-h\u00e4keln-3-225x300.jpg\" alt=\"Anleitung H\u00e4kelborte h\u00e4keln (3)\" width=\"225\" height=\"300\" srcset=\"https:\/\/www.haekelfieber.de\/wp-blog\/wp-content\/uploads\/2014\/09\/Anleitung-H\u00e4kelborte-h\u00e4keln-3-225x300.jpg 225w, https:\/\/www.haekelfieber.de\/wp-blog\/wp-content\/uploads\/2014\/09\/Anleitung-H\u00e4kelborte-h\u00e4keln-3.jpg 600w\" sizes=\"auto, (max-width: 225px) 100vw, 225px\" \/><\/a><\/td>\n<\/tr>\n<\/tbody>\n<\/table>\n<p>In die folgen drei Maschen der Zacke je eine fM h\u00e4keln. Dabei nur in die hintere Schlaufe der Masche einstechen. Achtung: Nehmt die andere Farbe mit, indem ihr sie miteinh\u00e4kelt.<\/p>\n<p><a href=\"https:\/\/www.haekelfieber.de\/wp-blog\/wp-content\/uploads\/2014\/09\/Anleitung-H\u00e4kelborte-h\u00e4keln-4.jpg\"><img loading=\"lazy\" decoding=\"async\" class=\"aligncenter size-medium wp-image-1071\" src=\"https:\/\/www.haekelfieber.de\/wp-blog\/wp-content\/uploads\/2014\/09\/Anleitung-H\u00e4kelborte-h\u00e4keln-4-225x300.jpg\" alt=\"Anleitung H\u00e4kelborte h\u00e4keln (4)\" width=\"225\" height=\"300\" srcset=\"https:\/\/www.haekelfieber.de\/wp-blog\/wp-content\/uploads\/2014\/09\/Anleitung-H\u00e4kelborte-h\u00e4keln-4-225x300.jpg 225w, https:\/\/www.haekelfieber.de\/wp-blog\/wp-content\/uploads\/2014\/09\/Anleitung-H\u00e4kelborte-h\u00e4keln-4.jpg 600w\" sizes=\"auto, (max-width: 225px) 100vw, 225px\" \/><\/a><br \/>\nZwischen den zwei Zacken noch 1 fM h\u00e4keln.<br \/>\nDer erste Zacken ist geschafft \ud83d\ude42 . Nun einfach das Ganze wiederholen. Seitlich immer 4 fM und in der &#8222;Talsenke&#8220; \ud83d\ude42 1 fM h\u00e4keln. Immer sch\u00f6n den Faden f\u00fcr den Bommel miteinh\u00e4keln. Wenn man den Dreh raus hat, geht es ganz einfach zu h\u00e4keln und zu vern\u00e4hen ist auch nicht viel.<\/p>\n<p><a href=\"https:\/\/www.haekelfieber.de\/wp-blog\/wp-content\/uploads\/2014\/09\/Anleitung-H\u00e4kelborte-h\u00e4keln-2.jpg\"><img loading=\"lazy\" decoding=\"async\" class=\"aligncenter size-medium wp-image-1070\" src=\"https:\/\/www.haekelfieber.de\/wp-blog\/wp-content\/uploads\/2014\/09\/Anleitung-H\u00e4kelborte-h\u00e4keln-2-225x300.jpg\" alt=\"Anleitung H\u00e4kelborte h\u00e4keln (2)\" width=\"225\" height=\"300\" srcset=\"https:\/\/www.haekelfieber.de\/wp-blog\/wp-content\/uploads\/2014\/09\/Anleitung-H\u00e4kelborte-h\u00e4keln-2-225x300.jpg 225w, https:\/\/www.haekelfieber.de\/wp-blog\/wp-content\/uploads\/2014\/09\/Anleitung-H\u00e4kelborte-h\u00e4keln-2.jpg 600w\" sizes=\"auto, (max-width: 225px) 100vw, 225px\" \/><\/a><\/p>\n<p>Ich hoffe, ihr kommt zu einem sch\u00f6nen Ergebnis. \ud83d\ude1b<\/p>\n","protected":false},"excerpt":{"rendered":"<p>Am Wochenende habe ich an einer neuen Borte rumget\u00fcftelt. Die ideale Besch\u00e4ftigung bei dem schlechten Wetter. Und weil sie mir so gut gef\u00e4llt, habe ich eine Anleitung f\u00fcr euch erstellt. Hoffe, dass sie gut verst\u00e4ndlich ist \ud83d\ude42 . Erkl\u00e4rung der Abk\u00fcrzungen: Lm\u00a0\u00a0 &#8211;\u00a0 Luftmasche Km\u00a0\u00a0 &#8211;\u00a0 Kettmasche fM\u00a0\u00a0 \u00a0 &#8211;\u00a0 feste Masche hStb &#8211; halbes &hellip; <a href=\"https:\/\/www.haekelfieber.de\/wp-blog\/anleitung-fuer-eine-haekelborte-zick-zack-borte\/\" class=\"more-link\"><span class=\"screen-reader-text\">H\u00e4kelborte (Zick-zack Borte)<\/span> weiterlesen <span class=\"meta-nav\">&rarr;<\/span><\/a><\/p>\n","protected":false},"author":1,"featured_media":0,"parent":0,"menu_order":0,"comment_status":"open","ping_status":"open","template":"","meta":{"footnotes":""},"class_list":["post-1182","page","type-page","status-publish","hentry"],"yoast_head":"<!-- This site is optimized with the Yoast SEO plugin v27.4 - https:\/\/yoast.com\/product\/yoast-seo-wordpress\/ -->\n<title>H\u00e4kelborte (Zick-zack Borte) - H\u00e4kelfieber<\/title>\n<meta name=\"robots\" content=\"index, follow, max-snippet:-1, max-image-preview:large, max-video-preview:-1\" \/>\n<link rel=\"canonical\" href=\"https:\/\/www.haekelfieber.de\/wp-blog\/anleitung-fuer-eine-haekelborte-zick-zack-borte\/\" \/>\n<meta property=\"og:locale\" content=\"de_DE\" \/>\n<meta property=\"og:type\" content=\"article\" \/>\n<meta property=\"og:title\" content=\"H\u00e4kelborte (Zick-zack Borte) - H\u00e4kelfieber\" \/>\n<meta property=\"og:description\" content=\"Am Wochenende habe ich an einer neuen Borte rumget\u00fcftelt. Die ideale Besch\u00e4ftigung bei dem schlechten Wetter. Und weil sie mir so gut gef\u00e4llt, habe ich eine Anleitung f\u00fcr euch erstellt. Hoffe, dass sie gut verst\u00e4ndlich ist \ud83d\ude42 . Erkl\u00e4rung der Abk\u00fcrzungen: Lm\u00a0\u00a0 &#8211;\u00a0 Luftmasche Km\u00a0\u00a0 &#8211;\u00a0 Kettmasche fM\u00a0\u00a0 \u00a0 &#8211;\u00a0 feste Masche hStb &#8211; halbes &hellip; H\u00e4kelborte (Zick-zack Borte) weiterlesen &rarr;\" \/>\n<meta property=\"og:url\" content=\"https:\/\/www.haekelfieber.de\/wp-blog\/anleitung-fuer-eine-haekelborte-zick-zack-borte\/\" \/>\n<meta property=\"og:site_name\" content=\"H\u00e4kelfieber\" \/>\n<meta property=\"article:modified_time\" content=\"2015-09-16T06:03:42+00:00\" \/>\n<meta property=\"og:image\" content=\"https:\/\/www.haekelfieber.de\/wp-blog\/wp-content\/uploads\/2014\/09\/Anleitung-H\u00e4kelborte-h\u00e4keln.jpg\" \/>\n<meta name=\"twitter:label1\" content=\"Gesch\u00e4tzte Lesezeit\" \/>\n\t<meta name=\"twitter:data1\" content=\"2\u00a0Minuten\" \/>\n<script type=\"application\/ld+json\" class=\"yoast-schema-graph\">{\"@context\":\"https:\\\/\\\/schema.org\",\"@graph\":[{\"@type\":\"WebPage\",\"@id\":\"https:\\\/\\\/www.haekelfieber.de\\\/wp-blog\\\/anleitung-fuer-eine-haekelborte-zick-zack-borte\\\/\",\"url\":\"https:\\\/\\\/www.haekelfieber.de\\\/wp-blog\\\/anleitung-fuer-eine-haekelborte-zick-zack-borte\\\/\",\"name\":\"H\u00e4kelborte (Zick-zack Borte) - H\u00e4kelfieber\",\"isPartOf\":{\"@id\":\"https:\\\/\\\/www.haekelfieber.de\\\/wp-blog\\\/#website\"},\"primaryImageOfPage\":{\"@id\":\"https:\\\/\\\/www.haekelfieber.de\\\/wp-blog\\\/anleitung-fuer-eine-haekelborte-zick-zack-borte\\\/#primaryimage\"},\"image\":{\"@id\":\"https:\\\/\\\/www.haekelfieber.de\\\/wp-blog\\\/anleitung-fuer-eine-haekelborte-zick-zack-borte\\\/#primaryimage\"},\"thumbnailUrl\":\"https:\\\/\\\/www.haekelfieber.de\\\/wp-blog\\\/wp-content\\\/uploads\\\/2014\\\/09\\\/2014-09-13-14.32.43-225x300.jpg\",\"datePublished\":\"2014-10-09T21:04:47+00:00\",\"dateModified\":\"2015-09-16T06:03:42+00:00\",\"breadcrumb\":{\"@id\":\"https:\\\/\\\/www.haekelfieber.de\\\/wp-blog\\\/anleitung-fuer-eine-haekelborte-zick-zack-borte\\\/#breadcrumb\"},\"inLanguage\":\"de\",\"potentialAction\":[{\"@type\":\"ReadAction\",\"target\":[\"https:\\\/\\\/www.haekelfieber.de\\\/wp-blog\\\/anleitung-fuer-eine-haekelborte-zick-zack-borte\\\/\"]}]},{\"@type\":\"ImageObject\",\"inLanguage\":\"de\",\"@id\":\"https:\\\/\\\/www.haekelfieber.de\\\/wp-blog\\\/anleitung-fuer-eine-haekelborte-zick-zack-borte\\\/#primaryimage\",\"url\":\"https:\\\/\\\/www.haekelfieber.de\\\/wp-blog\\\/wp-content\\\/uploads\\\/2014\\\/09\\\/2014-09-13-14.32.43.jpg\",\"contentUrl\":\"https:\\\/\\\/www.haekelfieber.de\\\/wp-blog\\\/wp-content\\\/uploads\\\/2014\\\/09\\\/2014-09-13-14.32.43.jpg\",\"width\":600,\"height\":800},{\"@type\":\"BreadcrumbList\",\"@id\":\"https:\\\/\\\/www.haekelfieber.de\\\/wp-blog\\\/anleitung-fuer-eine-haekelborte-zick-zack-borte\\\/#breadcrumb\",\"itemListElement\":[{\"@type\":\"ListItem\",\"position\":1,\"name\":\"Home\",\"item\":\"https:\\\/\\\/www.haekelfieber.de\\\/wp-blog\\\/\"},{\"@type\":\"ListItem\",\"position\":2,\"name\":\"H\u00e4kelborte (Zick-zack Borte)\"}]},{\"@type\":\"WebSite\",\"@id\":\"https:\\\/\\\/www.haekelfieber.de\\\/wp-blog\\\/#website\",\"url\":\"https:\\\/\\\/www.haekelfieber.de\\\/wp-blog\\\/\",\"name\":\"H\u00e4kelfieber\",\"description\":\"Ich bin im...\",\"publisher\":{\"@id\":\"https:\\\/\\\/www.haekelfieber.de\\\/wp-blog\\\/#organization\"},\"potentialAction\":[{\"@type\":\"SearchAction\",\"target\":{\"@type\":\"EntryPoint\",\"urlTemplate\":\"https:\\\/\\\/www.haekelfieber.de\\\/wp-blog\\\/?s={search_term_string}\"},\"query-input\":{\"@type\":\"PropertyValueSpecification\",\"valueRequired\":true,\"valueName\":\"search_term_string\"}}],\"inLanguage\":\"de\"},{\"@type\":\"Organization\",\"@id\":\"https:\\\/\\\/www.haekelfieber.de\\\/wp-blog\\\/#organization\",\"name\":\"H\u00e4kelfieber\",\"url\":\"https:\\\/\\\/www.haekelfieber.de\\\/wp-blog\\\/\",\"logo\":{\"@type\":\"ImageObject\",\"inLanguage\":\"de\",\"@id\":\"https:\\\/\\\/www.haekelfieber.de\\\/wp-blog\\\/#\\\/schema\\\/logo\\\/image\\\/\",\"url\":\"https:\\\/\\\/www.haekelfieber.de\\\/wp-blog\\\/wp-content\\\/uploads\\\/2023\\\/03\\\/kissen-haekeln2.jpg\",\"contentUrl\":\"https:\\\/\\\/www.haekelfieber.de\\\/wp-blog\\\/wp-content\\\/uploads\\\/2023\\\/03\\\/kissen-haekeln2.jpg\",\"width\":683,\"height\":1024,\"caption\":\"H\u00e4kelfieber\"},\"image\":{\"@id\":\"https:\\\/\\\/www.haekelfieber.de\\\/wp-blog\\\/#\\\/schema\\\/logo\\\/image\\\/\"}}]}<\/script>\n<!-- \/ Yoast SEO plugin. -->","yoast_head_json":{"title":"H\u00e4kelborte (Zick-zack Borte) - H\u00e4kelfieber","robots":{"index":"index","follow":"follow","max-snippet":"max-snippet:-1","max-image-preview":"max-image-preview:large","max-video-preview":"max-video-preview:-1"},"canonical":"https:\/\/www.haekelfieber.de\/wp-blog\/anleitung-fuer-eine-haekelborte-zick-zack-borte\/","og_locale":"de_DE","og_type":"article","og_title":"H\u00e4kelborte (Zick-zack Borte) - H\u00e4kelfieber","og_description":"Am Wochenende habe ich an einer neuen Borte rumget\u00fcftelt. Die ideale Besch\u00e4ftigung bei dem schlechten Wetter. Und weil sie mir so gut gef\u00e4llt, habe ich eine Anleitung f\u00fcr euch erstellt. Hoffe, dass sie gut verst\u00e4ndlich ist \ud83d\ude42 . Erkl\u00e4rung der Abk\u00fcrzungen: Lm\u00a0\u00a0 &#8211;\u00a0 Luftmasche Km\u00a0\u00a0 &#8211;\u00a0 Kettmasche fM\u00a0\u00a0 \u00a0 &#8211;\u00a0 feste Masche hStb &#8211; halbes &hellip; H\u00e4kelborte (Zick-zack Borte) weiterlesen &rarr;","og_url":"https:\/\/www.haekelfieber.de\/wp-blog\/anleitung-fuer-eine-haekelborte-zick-zack-borte\/","og_site_name":"H\u00e4kelfieber","article_modified_time":"2015-09-16T06:03:42+00:00","og_image":[{"url":"https:\/\/www.haekelfieber.de\/wp-blog\/wp-content\/uploads\/2014\/09\/Anleitung-H\u00e4kelborte-h\u00e4keln.jpg","type":"","width":"","height":""}],"twitter_misc":{"Gesch\u00e4tzte Lesezeit":"2\u00a0Minuten"},"schema":{"@context":"https:\/\/schema.org","@graph":[{"@type":"WebPage","@id":"https:\/\/www.haekelfieber.de\/wp-blog\/anleitung-fuer-eine-haekelborte-zick-zack-borte\/","url":"https:\/\/www.haekelfieber.de\/wp-blog\/anleitung-fuer-eine-haekelborte-zick-zack-borte\/","name":"H\u00e4kelborte (Zick-zack Borte) - H\u00e4kelfieber","isPartOf":{"@id":"https:\/\/www.haekelfieber.de\/wp-blog\/#website"},"primaryImageOfPage":{"@id":"https:\/\/www.haekelfieber.de\/wp-blog\/anleitung-fuer-eine-haekelborte-zick-zack-borte\/#primaryimage"},"image":{"@id":"https:\/\/www.haekelfieber.de\/wp-blog\/anleitung-fuer-eine-haekelborte-zick-zack-borte\/#primaryimage"},"thumbnailUrl":"https:\/\/www.haekelfieber.de\/wp-blog\/wp-content\/uploads\/2014\/09\/2014-09-13-14.32.43-225x300.jpg","datePublished":"2014-10-09T21:04:47+00:00","dateModified":"2015-09-16T06:03:42+00:00","breadcrumb":{"@id":"https:\/\/www.haekelfieber.de\/wp-blog\/anleitung-fuer-eine-haekelborte-zick-zack-borte\/#breadcrumb"},"inLanguage":"de","potentialAction":[{"@type":"ReadAction","target":["https:\/\/www.haekelfieber.de\/wp-blog\/anleitung-fuer-eine-haekelborte-zick-zack-borte\/"]}]},{"@type":"ImageObject","inLanguage":"de","@id":"https:\/\/www.haekelfieber.de\/wp-blog\/anleitung-fuer-eine-haekelborte-zick-zack-borte\/#primaryimage","url":"https:\/\/www.haekelfieber.de\/wp-blog\/wp-content\/uploads\/2014\/09\/2014-09-13-14.32.43.jpg","contentUrl":"https:\/\/www.haekelfieber.de\/wp-blog\/wp-content\/uploads\/2014\/09\/2014-09-13-14.32.43.jpg","width":600,"height":800},{"@type":"BreadcrumbList","@id":"https:\/\/www.haekelfieber.de\/wp-blog\/anleitung-fuer-eine-haekelborte-zick-zack-borte\/#breadcrumb","itemListElement":[{"@type":"ListItem","position":1,"name":"Home","item":"https:\/\/www.haekelfieber.de\/wp-blog\/"},{"@type":"ListItem","position":2,"name":"H\u00e4kelborte (Zick-zack Borte)"}]},{"@type":"WebSite","@id":"https:\/\/www.haekelfieber.de\/wp-blog\/#website","url":"https:\/\/www.haekelfieber.de\/wp-blog\/","name":"H\u00e4kelfieber","description":"Ich bin im...","publisher":{"@id":"https:\/\/www.haekelfieber.de\/wp-blog\/#organization"},"potentialAction":[{"@type":"SearchAction","target":{"@type":"EntryPoint","urlTemplate":"https:\/\/www.haekelfieber.de\/wp-blog\/?s={search_term_string}"},"query-input":{"@type":"PropertyValueSpecification","valueRequired":true,"valueName":"search_term_string"}}],"inLanguage":"de"},{"@type":"Organization","@id":"https:\/\/www.haekelfieber.de\/wp-blog\/#organization","name":"H\u00e4kelfieber","url":"https:\/\/www.haekelfieber.de\/wp-blog\/","logo":{"@type":"ImageObject","inLanguage":"de","@id":"https:\/\/www.haekelfieber.de\/wp-blog\/#\/schema\/logo\/image\/","url":"https:\/\/www.haekelfieber.de\/wp-blog\/wp-content\/uploads\/2023\/03\/kissen-haekeln2.jpg","contentUrl":"https:\/\/www.haekelfieber.de\/wp-blog\/wp-content\/uploads\/2023\/03\/kissen-haekeln2.jpg","width":683,"height":1024,"caption":"H\u00e4kelfieber"},"image":{"@id":"https:\/\/www.haekelfieber.de\/wp-blog\/#\/schema\/logo\/image\/"}}]}},"_links":{"self":[{"href":"https:\/\/www.haekelfieber.de\/wp-blog\/wp-json\/wp\/v2\/pages\/1182","targetHints":{"allow":["GET"]}}],"collection":[{"href":"https:\/\/www.haekelfieber.de\/wp-blog\/wp-json\/wp\/v2\/pages"}],"about":[{"href":"https:\/\/www.haekelfieber.de\/wp-blog\/wp-json\/wp\/v2\/types\/page"}],"author":[{"embeddable":true,"href":"https:\/\/www.haekelfieber.de\/wp-blog\/wp-json\/wp\/v2\/users\/1"}],"replies":[{"embeddable":true,"href":"https:\/\/www.haekelfieber.de\/wp-blog\/wp-json\/wp\/v2\/comments?post=1182"}],"version-history":[{"count":2,"href":"https:\/\/www.haekelfieber.de\/wp-blog\/wp-json\/wp\/v2\/pages\/1182\/revisions"}],"predecessor-version":[{"id":3166,"href":"https:\/\/www.haekelfieber.de\/wp-blog\/wp-json\/wp\/v2\/pages\/1182\/revisions\/3166"}],"wp:attachment":[{"href":"https:\/\/www.haekelfieber.de\/wp-blog\/wp-json\/wp\/v2\/media?parent=1182"}],"curies":[{"name":"wp","href":"https:\/\/api.w.org\/{rel}","templated":true}]}}