{"id":1244,"date":"2014-10-21T19:04:07","date_gmt":"2014-10-21T17:04:07","guid":{"rendered":"http:\/\/www.haekelfieber.de\/wp-blog\/?page_id=1244"},"modified":"2015-09-16T08:07:23","modified_gmt":"2015-09-16T06:07:23","slug":"anleitung-pulswaermer-armstulpen-fingerlose-handschuhe-haekeln","status":"publish","type":"page","link":"https:\/\/www.haekelfieber.de\/wp-blog\/anleitung-pulswaermer-armstulpen-fingerlose-handschuhe-haekeln\/","title":{"rendered":"Pulsw\u00e4rmer, Armstulpen, fingerlose Handschuhe h\u00e4keln"},"content":{"rendered":"<table>\n<tbody>\n<tr>\n<td><a href=\"https:\/\/www.haekelfieber.de\/wp-blog\/wp-content\/uploads\/2014\/10\/Pulsw\u00e4rmer-h\u00e4keln.jpg\"><img loading=\"lazy\" decoding=\"async\" class=\"aligncenter size-medium wp-image-1235\" src=\"https:\/\/www.haekelfieber.de\/wp-blog\/wp-content\/uploads\/2014\/10\/Pulsw\u00e4rmer-h\u00e4keln-225x300.jpg\" alt=\"Pulsw\u00e4rmer h\u00e4keln\" width=\"225\" height=\"300\" srcset=\"https:\/\/www.haekelfieber.de\/wp-blog\/wp-content\/uploads\/2014\/10\/Pulsw\u00e4rmer-h\u00e4keln-225x300.jpg 225w, https:\/\/www.haekelfieber.de\/wp-blog\/wp-content\/uploads\/2014\/10\/Pulsw\u00e4rmer-h\u00e4keln.jpg 600w\" sizes=\"auto, (max-width: 225px) 100vw, 225px\" \/><\/a><\/td>\n<td><a href=\"https:\/\/www.haekelfieber.de\/wp-blog\/wp-content\/uploads\/2014\/10\/Armstulpen-h\u00e4keln.jpg\"><img loading=\"lazy\" decoding=\"async\" class=\"aligncenter size-medium wp-image-1234\" src=\"https:\/\/www.haekelfieber.de\/wp-blog\/wp-content\/uploads\/2014\/10\/Armstulpen-h\u00e4keln-225x300.jpg\" alt=\"Armstulpen h\u00e4keln\" width=\"225\" height=\"300\" srcset=\"https:\/\/www.haekelfieber.de\/wp-blog\/wp-content\/uploads\/2014\/10\/Armstulpen-h\u00e4keln-225x300.jpg 225w, https:\/\/www.haekelfieber.de\/wp-blog\/wp-content\/uploads\/2014\/10\/Armstulpen-h\u00e4keln.jpg 600w\" sizes=\"auto, (max-width: 225px) 100vw, 225px\" \/><\/a><\/td>\n<\/tr>\n<\/tbody>\n<\/table>\n<p>Letztes Wochenende habe ich dieses Paar Pulsw\u00e4rmer geh\u00e4kelt. Leider haben sie inzwischen den Besitzer gewechselt. Sie waren ein Geburtstagsgeschenk. Die Beschenkte freute sich sehr dar\u00fcber, was mich auch sehr freute, dass sie sich freute \ud83d\ude42 . Wenn ich sie auf dem Bild so ansehe, w\u00e4hrend ich so schreibe, wei\u00df ich: Die muss ich auch haben \ud83d\ude00 .<br \/>\nIch hatte keine feste Anleitung. Habe vorher ein bisschen Bilder &#8222;gegoogelt&#8220; und mich inspirieren lassen.<br \/>\n<strong>Hier kommt nun meine Anleitung:<\/strong> Gearbeitet habe ich mit einer 5er H\u00e4kelnadel und in vier Farben. Die Wolle ist von Drops und zu 100% Wolle, damit sie sch\u00f6n warm sind.<br \/>\n<a href=\"https:\/\/www.haekelfieber.de\/wp-blog\/wp-content\/uploads\/2014\/10\/Anleitung-Armstulpen-h\u00e4keln-3.jpg\"><img loading=\"lazy\" decoding=\"async\" class=\"aligncenter wp-image-1241\" src=\"https:\/\/www.haekelfieber.de\/wp-blog\/wp-content\/uploads\/2014\/10\/Anleitung-Armstulpen-h\u00e4keln-3.jpg\" alt=\"Anleitung Armstulpen h\u00e4keln (3)\" width=\"450\" height=\"600\" srcset=\"https:\/\/www.haekelfieber.de\/wp-blog\/wp-content\/uploads\/2014\/10\/Anleitung-Armstulpen-h\u00e4keln-3.jpg 600w, https:\/\/www.haekelfieber.de\/wp-blog\/wp-content\/uploads\/2014\/10\/Anleitung-Armstulpen-h\u00e4keln-3-225x300.jpg 225w\" sizes=\"auto, (max-width: 450px) 100vw, 450px\" \/><\/a><br \/>\nMit dem B\u00fcndchen habe ich begonnen. Wie ihr auf dem Foto seht, wird es an der schmalen Seite hochgeh\u00e4kelt. Sieht aus, wie gestrickt. Die Anleitung f\u00fcr das Muster findet ihr auf meinem Beitrag <a title=\"Geh\u00e4kelter Loop\" href=\"https:\/\/www.haekelfieber.de\/wp-blog\/2014\/09\/gehaekelter-loop\/\" target=\"_blank\">Loop<\/a>. Diesen hab ich auch in diesem Muster gearbeitet.<br \/>\nDie Reihe ist 10 Maschen breit. Handgr\u00f6\u00dfentechnisch liege ich in der MItte. Bei Arbeitshandschuhen brauche ich die Gr\u00f6\u00dfe M.<br \/>\nLeider habe ich die geh\u00e4kelten Reihen nicht gez\u00e4hlt beim H\u00e4keln. Vergleicht einfach euer H\u00e4kelst\u00fcck mit dem\u00a0 Foto dann kommt ihr auf die Gr\u00f6\u00dfe.<\/p>\n<p><a href=\"https:\/\/www.haekelfieber.de\/wp-blog\/wp-content\/uploads\/2014\/10\/Anleitung-Armstulpen-h\u00e4keln-2.jpg\"><img loading=\"lazy\" decoding=\"async\" class=\"aligncenter wp-image-1240\" src=\"https:\/\/www.haekelfieber.de\/wp-blog\/wp-content\/uploads\/2014\/10\/Anleitung-Armstulpen-h\u00e4keln-2.jpg\" alt=\"Anleitung Armstulpen h\u00e4keln (2)\" width=\"450\" height=\"600\" srcset=\"https:\/\/www.haekelfieber.de\/wp-blog\/wp-content\/uploads\/2014\/10\/Anleitung-Armstulpen-h\u00e4keln-2.jpg 600w, https:\/\/www.haekelfieber.de\/wp-blog\/wp-content\/uploads\/2014\/10\/Anleitung-Armstulpen-h\u00e4keln-2-225x300.jpg 225w\" sizes=\"auto, (max-width: 450px) 100vw, 450px\" \/><\/a><br \/>\nSchlie\u00dft das H\u00e4kelst\u00fcck mit einer Kettmasche zu einem Kreis. Zusammengen\u00e4ht habe ich das B\u00fcndchen, als die Stulpen fertig geh\u00e4kelt waren.<br \/>\n<strong>1. Runde:<\/strong> H\u00e4kelt 32 feste Maschen auf das B\u00fcndchen. Schlie\u00dft die Runde mit einer Kettmaschen in die erste Masche vom Anfang. H\u00e4kelt dann eine Steigeluftmasche und eine feste Masche in die erste Masche der n\u00e4chsten Runde. So beginnt und beendet ihr alle Runden.<br \/>\n<strong>2. + 3. Runde:<\/strong> Feste Maschen h\u00e4keln<br \/>\n<strong>4. Runde: <\/strong>Rote Wolle, 2 Steigeluftmaschen und 2 St\u00e4bchen in die erste Masche h\u00e4keln, eine Masche \u00fcberspringen, 2 St\u00e4bchen in die n\u00e4chste Masche, eine Masche \u00fcberspringen&#8230; Bis zum Ende der Runde wiederholen.<br \/>\n<strong>5. Runde:<\/strong> Blaue Wolle. Feste Maschen h\u00e4keln. Z\u00e4hlt zwischendurch nach, dass ihr auf eure Maschenzahl kommt.<br \/>\n<strong>6. Runde:<\/strong> Wei\u00dfe Wolle. Halbe St\u00e4bchen h\u00e4keln.<br \/>\n<strong>7. Runde: <\/strong>Gr\u00fcne Wolle. Muster, wie bei Runde 4 h\u00e4keln.<br \/>\n<strong>8.-11. Runde:<\/strong> Blaue Wolle. Feste Maschen h\u00e4keln<\/p>\n<p><a href=\"https:\/\/www.haekelfieber.de\/wp-blog\/wp-content\/uploads\/2014\/10\/Anleitung-Armstulpen-h\u00e4keln-1.jpg\"><img loading=\"lazy\" decoding=\"async\" class=\"aligncenter wp-image-1238\" src=\"https:\/\/www.haekelfieber.de\/wp-blog\/wp-content\/uploads\/2014\/10\/Anleitung-Armstulpen-h\u00e4keln-1.jpg\" alt=\"Anleitung Armstulpen h\u00e4keln (1)\" width=\"450\" height=\"600\" srcset=\"https:\/\/www.haekelfieber.de\/wp-blog\/wp-content\/uploads\/2014\/10\/Anleitung-Armstulpen-h\u00e4keln-1.jpg 600w, https:\/\/www.haekelfieber.de\/wp-blog\/wp-content\/uploads\/2014\/10\/Anleitung-Armstulpen-h\u00e4keln-1-225x300.jpg 225w\" sizes=\"auto, (max-width: 450px) 100vw, 450px\" \/><\/a><br \/>\n<strong>12.-14. Runde: <\/strong>Aussparung f\u00fcr den Daumen. 5 Maschen werden freigelassen. Feste Maschen. Immer hin und her h\u00e4keln. Sorry, ich kann&#8217;s euch leider nicht besser beschreiben. Schaut auf das Foto \ud83d\ude42 .<\/p>\n<p><strong><a href=\"https:\/\/www.haekelfieber.de\/wp-blog\/wp-content\/uploads\/2014\/10\/Anleitung-Pulsw\u00e4rmer-h\u00e4keln-e1413910106138.jpg\"><img loading=\"lazy\" decoding=\"async\" class=\"aligncenter wp-image-1237\" src=\"https:\/\/www.haekelfieber.de\/wp-blog\/wp-content\/uploads\/2014\/10\/Anleitung-Pulsw\u00e4rmer-h\u00e4keln-e1413910106138.jpg\" alt=\"Anleitung Pulsw\u00e4rmer h\u00e4keln\" width=\"450\" height=\"600\" srcset=\"https:\/\/www.haekelfieber.de\/wp-blog\/wp-content\/uploads\/2014\/10\/Anleitung-Pulsw\u00e4rmer-h\u00e4keln-e1413910106138.jpg 600w, https:\/\/www.haekelfieber.de\/wp-blog\/wp-content\/uploads\/2014\/10\/Anleitung-Pulsw\u00e4rmer-h\u00e4keln-e1413910106138-225x300.jpg 225w\" sizes=\"auto, (max-width: 450px) 100vw, 450px\" \/><\/a><br \/>\n15. Runde: <\/strong>Mit einer Kettmasche schlie\u00dft ihr die Daumenl\u00fccke. Feste Maschen h\u00e4keln. Ihr habt 28 Maschen und die Runden jeweils mit einer Kettmasche schlie\u00dfen.<br \/>\n<strong>16.-17. Runde:<\/strong> Feste Maschen h\u00e4keln<br \/>\n<strong>18. Runde:<\/strong> Rote Wolle. Halbe St\u00e4bchen h\u00e4keln<br \/>\n<strong>19. Runde:<\/strong> Wei\u00dfe Wolle. Feste Maschen h\u00e4keln<br \/>\n<strong>20. Runde:<\/strong> Eine Steigeluftmasche und Kettmasche in die erste Masche, eine Masche \u00fcberspringen, vier St\u00e4bchen in die n\u00e4chste Masche, eine Masche \u00fcberspringen, eine Kettmasche in die n\u00e4chste Masche, eine Masche \u00fcberspringen, vier St\u00e4bchen&#8230;<\/p>\n<p><strong>Daumenausschnitt:<\/strong><br \/>\nIn den Daumenausschnitt habe ich 14 feste Maschen geh\u00e4kelt. Zwei Runden feste Maschen in blau und eine Runde in gr\u00fcn. Bei der gr\u00fcnen Runde habe ich in jede zweite Masche ein Zweierpikot geh\u00e4kelt.<br \/>\nVern\u00e4ht noch alles. N\u00e4ht das B\u00fcndchen zusammen und ihr seid <strong>fertig<\/strong> \ud83d\ude42 .<\/p>\n<p><a href=\"https:\/\/www.haekelfieber.de\/wp-blog\/wp-content\/uploads\/2014\/10\/Anleitung-Pulsw\u00e4rmer-h\u00e4keln-2-e1413908360872.jpg\"><img loading=\"lazy\" decoding=\"async\" class=\"aligncenter wp-image-1233\" src=\"https:\/\/www.haekelfieber.de\/wp-blog\/wp-content\/uploads\/2014\/10\/Anleitung-Pulsw\u00e4rmer-h\u00e4keln-2-e1413908360872.jpg\" alt=\"Anleitung Pulsw\u00e4rmer h\u00e4keln (2)\" width=\"450\" height=\"600\" srcset=\"https:\/\/www.haekelfieber.de\/wp-blog\/wp-content\/uploads\/2014\/10\/Anleitung-Pulsw\u00e4rmer-h\u00e4keln-2-e1413908360872.jpg 600w, https:\/\/www.haekelfieber.de\/wp-blog\/wp-content\/uploads\/2014\/10\/Anleitung-Pulsw\u00e4rmer-h\u00e4keln-2-e1413908360872-225x300.jpg 225w\" sizes=\"auto, (max-width: 450px) 100vw, 450px\" \/><\/a><br \/>\nIch hoffe, es hat alles geklappt. Bei Fragen oder Unklarheiten: Meldet euch durch einen Kommentar.<\/p>\n<p><a href=\"https:\/\/www.haekelfieber.de\/wp-blog\/wp-content\/uploads\/2014\/10\/2014-10-19-12.11.38.jpg\"><img loading=\"lazy\" decoding=\"async\" class=\"aligncenter wp-image-1239\" src=\"https:\/\/www.haekelfieber.de\/wp-blog\/wp-content\/uploads\/2014\/10\/2014-10-19-12.11.38.jpg\" alt=\"2014-10-19 12.11.38\" width=\"450\" height=\"600\" srcset=\"https:\/\/www.haekelfieber.de\/wp-blog\/wp-content\/uploads\/2014\/10\/2014-10-19-12.11.38.jpg 600w, https:\/\/www.haekelfieber.de\/wp-blog\/wp-content\/uploads\/2014\/10\/2014-10-19-12.11.38-225x300.jpg 225w\" sizes=\"auto, (max-width: 450px) 100vw, 450px\" \/><\/a><br \/>\n&#8222;Tiger&#8220; steht auf Wolle \ud83d\ude42<\/p>\n","protected":false},"excerpt":{"rendered":"<p>Letztes Wochenende habe ich dieses Paar Pulsw\u00e4rmer geh\u00e4kelt. Leider haben sie inzwischen den Besitzer gewechselt. Sie waren ein Geburtstagsgeschenk. Die Beschenkte freute sich sehr dar\u00fcber, was mich auch sehr freute, dass sie sich freute \ud83d\ude42 . Wenn ich sie auf dem Bild so ansehe, w\u00e4hrend ich so schreibe, wei\u00df ich: Die muss ich auch haben &hellip; <a href=\"https:\/\/www.haekelfieber.de\/wp-blog\/anleitung-pulswaermer-armstulpen-fingerlose-handschuhe-haekeln\/\" class=\"more-link\"><span class=\"screen-reader-text\">Pulsw\u00e4rmer, Armstulpen, fingerlose Handschuhe h\u00e4keln<\/span> weiterlesen <span class=\"meta-nav\">&rarr;<\/span><\/a><\/p>\n","protected":false},"author":1,"featured_media":1234,"parent":0,"menu_order":0,"comment_status":"open","ping_status":"open","template":"","meta":{"footnotes":""},"class_list":["post-1244","page","type-page","status-publish","has-post-thumbnail","hentry"],"yoast_head":"<!-- This site is optimized with the Yoast SEO plugin v27.4 - https:\/\/yoast.com\/product\/yoast-seo-wordpress\/ -->\n<title>Pulsw\u00e4rmer, Armstulpen, fingerlose Handschuhe h\u00e4keln - H\u00e4kelfieber<\/title>\n<meta name=\"robots\" content=\"index, follow, max-snippet:-1, max-image-preview:large, max-video-preview:-1\" \/>\n<link rel=\"canonical\" href=\"https:\/\/www.haekelfieber.de\/wp-blog\/anleitung-pulswaermer-armstulpen-fingerlose-handschuhe-haekeln\/\" \/>\n<meta property=\"og:locale\" content=\"de_DE\" \/>\n<meta property=\"og:type\" content=\"article\" \/>\n<meta property=\"og:title\" content=\"Pulsw\u00e4rmer, Armstulpen, fingerlose Handschuhe h\u00e4keln - H\u00e4kelfieber\" \/>\n<meta property=\"og:description\" content=\"Letztes Wochenende habe ich dieses Paar Pulsw\u00e4rmer geh\u00e4kelt. Leider haben sie inzwischen den Besitzer gewechselt. Sie waren ein Geburtstagsgeschenk. Die Beschenkte freute sich sehr dar\u00fcber, was mich auch sehr freute, dass sie sich freute \ud83d\ude42 . Wenn ich sie auf dem Bild so ansehe, w\u00e4hrend ich so schreibe, wei\u00df ich: Die muss ich auch haben &hellip; Pulsw\u00e4rmer, Armstulpen, fingerlose Handschuhe h\u00e4keln weiterlesen &rarr;\" \/>\n<meta property=\"og:url\" content=\"https:\/\/www.haekelfieber.de\/wp-blog\/anleitung-pulswaermer-armstulpen-fingerlose-handschuhe-haekeln\/\" \/>\n<meta property=\"og:site_name\" content=\"H\u00e4kelfieber\" \/>\n<meta property=\"article:modified_time\" content=\"2015-09-16T06:07:23+00:00\" \/>\n<meta property=\"og:image\" content=\"https:\/\/www.haekelfieber.de\/wp-blog\/wp-content\/uploads\/2014\/10\/Armstulpen-h\u00e4keln.jpg\" \/>\n\t<meta property=\"og:image:width\" content=\"600\" \/>\n\t<meta property=\"og:image:height\" content=\"800\" \/>\n\t<meta property=\"og:image:type\" content=\"image\/jpeg\" \/>\n<meta name=\"twitter:label1\" content=\"Gesch\u00e4tzte Lesezeit\" \/>\n\t<meta name=\"twitter:data1\" content=\"3\u00a0Minuten\" \/>\n<script type=\"application\/ld+json\" class=\"yoast-schema-graph\">{\"@context\":\"https:\\\/\\\/schema.org\",\"@graph\":[{\"@type\":\"WebPage\",\"@id\":\"https:\\\/\\\/www.haekelfieber.de\\\/wp-blog\\\/anleitung-pulswaermer-armstulpen-fingerlose-handschuhe-haekeln\\\/\",\"url\":\"https:\\\/\\\/www.haekelfieber.de\\\/wp-blog\\\/anleitung-pulswaermer-armstulpen-fingerlose-handschuhe-haekeln\\\/\",\"name\":\"Pulsw\u00e4rmer, Armstulpen, fingerlose Handschuhe h\u00e4keln - H\u00e4kelfieber\",\"isPartOf\":{\"@id\":\"https:\\\/\\\/www.haekelfieber.de\\\/wp-blog\\\/#website\"},\"primaryImageOfPage\":{\"@id\":\"https:\\\/\\\/www.haekelfieber.de\\\/wp-blog\\\/anleitung-pulswaermer-armstulpen-fingerlose-handschuhe-haekeln\\\/#primaryimage\"},\"image\":{\"@id\":\"https:\\\/\\\/www.haekelfieber.de\\\/wp-blog\\\/anleitung-pulswaermer-armstulpen-fingerlose-handschuhe-haekeln\\\/#primaryimage\"},\"thumbnailUrl\":\"https:\\\/\\\/www.haekelfieber.de\\\/wp-blog\\\/wp-content\\\/uploads\\\/2014\\\/10\\\/Armstulpen-h\u00e4keln.jpg\",\"datePublished\":\"2014-10-21T17:04:07+00:00\",\"dateModified\":\"2015-09-16T06:07:23+00:00\",\"breadcrumb\":{\"@id\":\"https:\\\/\\\/www.haekelfieber.de\\\/wp-blog\\\/anleitung-pulswaermer-armstulpen-fingerlose-handschuhe-haekeln\\\/#breadcrumb\"},\"inLanguage\":\"de\",\"potentialAction\":[{\"@type\":\"ReadAction\",\"target\":[\"https:\\\/\\\/www.haekelfieber.de\\\/wp-blog\\\/anleitung-pulswaermer-armstulpen-fingerlose-handschuhe-haekeln\\\/\"]}]},{\"@type\":\"ImageObject\",\"inLanguage\":\"de\",\"@id\":\"https:\\\/\\\/www.haekelfieber.de\\\/wp-blog\\\/anleitung-pulswaermer-armstulpen-fingerlose-handschuhe-haekeln\\\/#primaryimage\",\"url\":\"https:\\\/\\\/www.haekelfieber.de\\\/wp-blog\\\/wp-content\\\/uploads\\\/2014\\\/10\\\/Armstulpen-h\u00e4keln.jpg\",\"contentUrl\":\"https:\\\/\\\/www.haekelfieber.de\\\/wp-blog\\\/wp-content\\\/uploads\\\/2014\\\/10\\\/Armstulpen-h\u00e4keln.jpg\",\"width\":600,\"height\":800},{\"@type\":\"BreadcrumbList\",\"@id\":\"https:\\\/\\\/www.haekelfieber.de\\\/wp-blog\\\/anleitung-pulswaermer-armstulpen-fingerlose-handschuhe-haekeln\\\/#breadcrumb\",\"itemListElement\":[{\"@type\":\"ListItem\",\"position\":1,\"name\":\"Home\",\"item\":\"https:\\\/\\\/www.haekelfieber.de\\\/wp-blog\\\/\"},{\"@type\":\"ListItem\",\"position\":2,\"name\":\"Pulsw\u00e4rmer, Armstulpen, fingerlose Handschuhe h\u00e4keln\"}]},{\"@type\":\"WebSite\",\"@id\":\"https:\\\/\\\/www.haekelfieber.de\\\/wp-blog\\\/#website\",\"url\":\"https:\\\/\\\/www.haekelfieber.de\\\/wp-blog\\\/\",\"name\":\"H\u00e4kelfieber\",\"description\":\"Ich bin im...\",\"publisher\":{\"@id\":\"https:\\\/\\\/www.haekelfieber.de\\\/wp-blog\\\/#organization\"},\"potentialAction\":[{\"@type\":\"SearchAction\",\"target\":{\"@type\":\"EntryPoint\",\"urlTemplate\":\"https:\\\/\\\/www.haekelfieber.de\\\/wp-blog\\\/?s={search_term_string}\"},\"query-input\":{\"@type\":\"PropertyValueSpecification\",\"valueRequired\":true,\"valueName\":\"search_term_string\"}}],\"inLanguage\":\"de\"},{\"@type\":\"Organization\",\"@id\":\"https:\\\/\\\/www.haekelfieber.de\\\/wp-blog\\\/#organization\",\"name\":\"H\u00e4kelfieber\",\"url\":\"https:\\\/\\\/www.haekelfieber.de\\\/wp-blog\\\/\",\"logo\":{\"@type\":\"ImageObject\",\"inLanguage\":\"de\",\"@id\":\"https:\\\/\\\/www.haekelfieber.de\\\/wp-blog\\\/#\\\/schema\\\/logo\\\/image\\\/\",\"url\":\"https:\\\/\\\/www.haekelfieber.de\\\/wp-blog\\\/wp-content\\\/uploads\\\/2023\\\/03\\\/kissen-haekeln2.jpg\",\"contentUrl\":\"https:\\\/\\\/www.haekelfieber.de\\\/wp-blog\\\/wp-content\\\/uploads\\\/2023\\\/03\\\/kissen-haekeln2.jpg\",\"width\":683,\"height\":1024,\"caption\":\"H\u00e4kelfieber\"},\"image\":{\"@id\":\"https:\\\/\\\/www.haekelfieber.de\\\/wp-blog\\\/#\\\/schema\\\/logo\\\/image\\\/\"}}]}<\/script>\n<!-- \/ Yoast SEO plugin. -->","yoast_head_json":{"title":"Pulsw\u00e4rmer, Armstulpen, fingerlose Handschuhe h\u00e4keln - H\u00e4kelfieber","robots":{"index":"index","follow":"follow","max-snippet":"max-snippet:-1","max-image-preview":"max-image-preview:large","max-video-preview":"max-video-preview:-1"},"canonical":"https:\/\/www.haekelfieber.de\/wp-blog\/anleitung-pulswaermer-armstulpen-fingerlose-handschuhe-haekeln\/","og_locale":"de_DE","og_type":"article","og_title":"Pulsw\u00e4rmer, Armstulpen, fingerlose Handschuhe h\u00e4keln - H\u00e4kelfieber","og_description":"Letztes Wochenende habe ich dieses Paar Pulsw\u00e4rmer geh\u00e4kelt. Leider haben sie inzwischen den Besitzer gewechselt. Sie waren ein Geburtstagsgeschenk. Die Beschenkte freute sich sehr dar\u00fcber, was mich auch sehr freute, dass sie sich freute \ud83d\ude42 . Wenn ich sie auf dem Bild so ansehe, w\u00e4hrend ich so schreibe, wei\u00df ich: Die muss ich auch haben &hellip; Pulsw\u00e4rmer, Armstulpen, fingerlose Handschuhe h\u00e4keln weiterlesen &rarr;","og_url":"https:\/\/www.haekelfieber.de\/wp-blog\/anleitung-pulswaermer-armstulpen-fingerlose-handschuhe-haekeln\/","og_site_name":"H\u00e4kelfieber","article_modified_time":"2015-09-16T06:07:23+00:00","og_image":[{"width":600,"height":800,"url":"https:\/\/www.haekelfieber.de\/wp-blog\/wp-content\/uploads\/2014\/10\/Armstulpen-h\u00e4keln.jpg","type":"image\/jpeg"}],"twitter_misc":{"Gesch\u00e4tzte Lesezeit":"3\u00a0Minuten"},"schema":{"@context":"https:\/\/schema.org","@graph":[{"@type":"WebPage","@id":"https:\/\/www.haekelfieber.de\/wp-blog\/anleitung-pulswaermer-armstulpen-fingerlose-handschuhe-haekeln\/","url":"https:\/\/www.haekelfieber.de\/wp-blog\/anleitung-pulswaermer-armstulpen-fingerlose-handschuhe-haekeln\/","name":"Pulsw\u00e4rmer, Armstulpen, fingerlose Handschuhe h\u00e4keln - H\u00e4kelfieber","isPartOf":{"@id":"https:\/\/www.haekelfieber.de\/wp-blog\/#website"},"primaryImageOfPage":{"@id":"https:\/\/www.haekelfieber.de\/wp-blog\/anleitung-pulswaermer-armstulpen-fingerlose-handschuhe-haekeln\/#primaryimage"},"image":{"@id":"https:\/\/www.haekelfieber.de\/wp-blog\/anleitung-pulswaermer-armstulpen-fingerlose-handschuhe-haekeln\/#primaryimage"},"thumbnailUrl":"https:\/\/www.haekelfieber.de\/wp-blog\/wp-content\/uploads\/2014\/10\/Armstulpen-h\u00e4keln.jpg","datePublished":"2014-10-21T17:04:07+00:00","dateModified":"2015-09-16T06:07:23+00:00","breadcrumb":{"@id":"https:\/\/www.haekelfieber.de\/wp-blog\/anleitung-pulswaermer-armstulpen-fingerlose-handschuhe-haekeln\/#breadcrumb"},"inLanguage":"de","potentialAction":[{"@type":"ReadAction","target":["https:\/\/www.haekelfieber.de\/wp-blog\/anleitung-pulswaermer-armstulpen-fingerlose-handschuhe-haekeln\/"]}]},{"@type":"ImageObject","inLanguage":"de","@id":"https:\/\/www.haekelfieber.de\/wp-blog\/anleitung-pulswaermer-armstulpen-fingerlose-handschuhe-haekeln\/#primaryimage","url":"https:\/\/www.haekelfieber.de\/wp-blog\/wp-content\/uploads\/2014\/10\/Armstulpen-h\u00e4keln.jpg","contentUrl":"https:\/\/www.haekelfieber.de\/wp-blog\/wp-content\/uploads\/2014\/10\/Armstulpen-h\u00e4keln.jpg","width":600,"height":800},{"@type":"BreadcrumbList","@id":"https:\/\/www.haekelfieber.de\/wp-blog\/anleitung-pulswaermer-armstulpen-fingerlose-handschuhe-haekeln\/#breadcrumb","itemListElement":[{"@type":"ListItem","position":1,"name":"Home","item":"https:\/\/www.haekelfieber.de\/wp-blog\/"},{"@type":"ListItem","position":2,"name":"Pulsw\u00e4rmer, Armstulpen, fingerlose Handschuhe h\u00e4keln"}]},{"@type":"WebSite","@id":"https:\/\/www.haekelfieber.de\/wp-blog\/#website","url":"https:\/\/www.haekelfieber.de\/wp-blog\/","name":"H\u00e4kelfieber","description":"Ich bin im...","publisher":{"@id":"https:\/\/www.haekelfieber.de\/wp-blog\/#organization"},"potentialAction":[{"@type":"SearchAction","target":{"@type":"EntryPoint","urlTemplate":"https:\/\/www.haekelfieber.de\/wp-blog\/?s={search_term_string}"},"query-input":{"@type":"PropertyValueSpecification","valueRequired":true,"valueName":"search_term_string"}}],"inLanguage":"de"},{"@type":"Organization","@id":"https:\/\/www.haekelfieber.de\/wp-blog\/#organization","name":"H\u00e4kelfieber","url":"https:\/\/www.haekelfieber.de\/wp-blog\/","logo":{"@type":"ImageObject","inLanguage":"de","@id":"https:\/\/www.haekelfieber.de\/wp-blog\/#\/schema\/logo\/image\/","url":"https:\/\/www.haekelfieber.de\/wp-blog\/wp-content\/uploads\/2023\/03\/kissen-haekeln2.jpg","contentUrl":"https:\/\/www.haekelfieber.de\/wp-blog\/wp-content\/uploads\/2023\/03\/kissen-haekeln2.jpg","width":683,"height":1024,"caption":"H\u00e4kelfieber"},"image":{"@id":"https:\/\/www.haekelfieber.de\/wp-blog\/#\/schema\/logo\/image\/"}}]}},"_links":{"self":[{"href":"https:\/\/www.haekelfieber.de\/wp-blog\/wp-json\/wp\/v2\/pages\/1244","targetHints":{"allow":["GET"]}}],"collection":[{"href":"https:\/\/www.haekelfieber.de\/wp-blog\/wp-json\/wp\/v2\/pages"}],"about":[{"href":"https:\/\/www.haekelfieber.de\/wp-blog\/wp-json\/wp\/v2\/types\/page"}],"author":[{"embeddable":true,"href":"https:\/\/www.haekelfieber.de\/wp-blog\/wp-json\/wp\/v2\/users\/1"}],"replies":[{"embeddable":true,"href":"https:\/\/www.haekelfieber.de\/wp-blog\/wp-json\/wp\/v2\/comments?post=1244"}],"version-history":[{"count":2,"href":"https:\/\/www.haekelfieber.de\/wp-blog\/wp-json\/wp\/v2\/pages\/1244\/revisions"}],"predecessor-version":[{"id":3173,"href":"https:\/\/www.haekelfieber.de\/wp-blog\/wp-json\/wp\/v2\/pages\/1244\/revisions\/3173"}],"wp:featuredmedia":[{"embeddable":true,"href":"https:\/\/www.haekelfieber.de\/wp-blog\/wp-json\/wp\/v2\/media\/1234"}],"wp:attachment":[{"href":"https:\/\/www.haekelfieber.de\/wp-blog\/wp-json\/wp\/v2\/media?parent=1244"}],"curies":[{"name":"wp","href":"https:\/\/api.w.org\/{rel}","templated":true}]}}