{"id":1571,"date":"2014-12-26T18:36:59","date_gmt":"2014-12-26T17:36:59","guid":{"rendered":"http:\/\/www.haekelfieber.de\/wp-blog\/?page_id=1571"},"modified":"2024-12-20T12:46:18","modified_gmt":"2024-12-20T11:46:18","slug":"button-oder-anstecker-haekeln","status":"publish","type":"page","link":"https:\/\/www.haekelfieber.de\/wp-blog\/button-oder-anstecker-haekeln\/","title":{"rendered":"Button oder Anstecker"},"content":{"rendered":"<p><a href=\"https:\/\/www.haekelfieber.de\/wp-blog\/wp-content\/uploads\/2014\/11\/Button-Anstecker-h\u00e4keln-4.jpg\"><img loading=\"lazy\" decoding=\"async\" class=\"aligncenter size-large wp-image-1450\" src=\"https:\/\/www.haekelfieber.de\/wp-blog\/wp-content\/uploads\/2014\/11\/Button-Anstecker-h\u00e4keln-4-600x450.jpg\" alt=\"Button Anstecker h\u00e4keln (4)\" width=\"600\" height=\"450\" srcset=\"https:\/\/www.haekelfieber.de\/wp-blog\/wp-content\/uploads\/2014\/11\/Button-Anstecker-h\u00e4keln-4-600x450.jpg 600w, https:\/\/www.haekelfieber.de\/wp-blog\/wp-content\/uploads\/2014\/11\/Button-Anstecker-h\u00e4keln-4-300x225.jpg 300w, https:\/\/www.haekelfieber.de\/wp-blog\/wp-content\/uploads\/2014\/11\/Button-Anstecker-h\u00e4keln-4.jpg 800w\" sizes=\"auto, (max-width: 600px) 100vw, 600px\" \/><\/a><br \/>\nHabt ihr schon gefernh\u00e4kelt? Aber sicher! Es ist eine Kombination aus fernsehen und h\u00e4keln. Hatte gestern die ganze Couch f\u00fcr mich.<br \/>\nDas ganze Haus f\u00fcr mich, \u00e0 la &#8222;Mutti &#8211; Allein zu Haus&#8220; \ud83d\ude09<br \/>\nDer Rest war unterwegs (Theater, Sport&#8230;).<br \/>\nBald hatte ich jedoch nicht mehr die ganze Couch, sondern nur noch ein Drittel davon. Der Rest war mit Wolle und Katzen belagert. Nach einem Spielfilm und einer Talkrunde &#8222;Nachtcafe&#8220; war ich fertig \ud83d\ude42 mit diesem Anstecker. Bisher ist es noch ein &#8222;Rumlieger&#8220;, denn die Anstecknadel dazu muss noch gekauft werden.<br \/>\nDie Inspiration dazu habe ich von ildis Blog &#8222;cuki plus&#8220;. Ihre <a href=\"https:\/\/cukipok.blogspot.de\/2014\/11\/buttons-brooches-crochet-brooches.html\" target=\"_blank\" rel=\"noopener\">Buttons<\/a> haben es mir auf den ersten Blick angetan. So nebenbei: ganz aktuell hat sie sehr sch\u00f6ne l\u00e4ssige Armb\u00e4nder gepostet. Kombi aus Stoff und Wolle und Sticken.<\/p>\n<p><a href=\"https:\/\/www.haekelfieber.de\/wp-blog\/wp-content\/uploads\/2014\/11\/Button-Anstecker-h\u00e4keln-6.jpg\"><img loading=\"lazy\" decoding=\"async\" class=\"aligncenter size-large wp-image-1452\" src=\"https:\/\/www.haekelfieber.de\/wp-blog\/wp-content\/uploads\/2014\/11\/Button-Anstecker-h\u00e4keln-6-450x600.jpg\" alt=\"Button Anstecker h\u00e4keln (6)\" width=\"450\" height=\"600\" srcset=\"https:\/\/www.haekelfieber.de\/wp-blog\/wp-content\/uploads\/2014\/11\/Button-Anstecker-h\u00e4keln-6-450x600.jpg 450w, https:\/\/www.haekelfieber.de\/wp-blog\/wp-content\/uploads\/2014\/11\/Button-Anstecker-h\u00e4keln-6-225x300.jpg 225w, https:\/\/www.haekelfieber.de\/wp-blog\/wp-content\/uploads\/2014\/11\/Button-Anstecker-h\u00e4keln-6.jpg 600w\" sizes=\"auto, (max-width: 450px) 100vw, 450px\" \/><\/a><br \/>\n<a href=\"https:\/\/www.haekelfieber.de\/wp-blog\/wp-content\/uploads\/2014\/11\/Button-Anstecker-h\u00e4keln-5.jpg\"><img loading=\"lazy\" decoding=\"async\" class=\"aligncenter size-large wp-image-1451\" src=\"https:\/\/www.haekelfieber.de\/wp-blog\/wp-content\/uploads\/2014\/11\/Button-Anstecker-h\u00e4keln-5-450x600.jpg\" alt=\"Button Anstecker h\u00e4keln (5)\" width=\"450\" height=\"600\" srcset=\"https:\/\/www.haekelfieber.de\/wp-blog\/wp-content\/uploads\/2014\/11\/Button-Anstecker-h\u00e4keln-5-450x600.jpg 450w, https:\/\/www.haekelfieber.de\/wp-blog\/wp-content\/uploads\/2014\/11\/Button-Anstecker-h\u00e4keln-5-225x300.jpg 225w, https:\/\/www.haekelfieber.de\/wp-blog\/wp-content\/uploads\/2014\/11\/Button-Anstecker-h\u00e4keln-5.jpg 600w\" sizes=\"auto, (max-width: 450px) 100vw, 450px\" \/><\/a><br \/>\nTechnische Details:<br \/>\nH\u00e4kelnadel Nr.3 und passendes Garn. Der fertige Anstecker hat einen Durchmesser von 7cm. Es werden immer feste Maschen geh\u00e4kelt.<br \/>\nGeh\u00e4kelt habe ich nicht nach ildis Anleitung sondern wie folgt:<br \/>\nIn einen Fadenring sechs feste Maschen h\u00e4keln<br \/>\nIn der n\u00e4chsten Runde verdoppelt ihr jede Masche<br \/>\nIn der n\u00e4chsten Runde verdoppelt ihr jede zweite Masche<br \/>\nIn der n\u00e4chsten Runde verdoppelt ihr jede dritte Masche<br \/>\nIn der n\u00e4chsten Runde verdoppelt ihr jede vierte Masche<br \/>\nIn der n\u00e4chsten Runde verdoppelt ihr jede f\u00fcnfte Masche<br \/>\nEine Runde ohne Zunahme h\u00e4keln<br \/>\nEine Runde mit Senfgelb h\u00e4keln. Dabei jede vierte Masche\u00a0 verdoppeln. Bei jeder Masche wird nur in die vordere Schlaufe eingestochen (Auf der R\u00fcckseite ist ein Schlaufenring zu erkennen. Daran hab&#8216; ganz zum Schlu\u00df die R\u00fcckseite festgen\u00e4ht).<br \/>\nEine Runde in grau, ohne Zunahme aber in jede dritte Masche ein Dreierpikot arbeiten.<\/p>\n<p>So, die Vorderseite ist fertig. Jetzt k\u00f6nnt ihr sie besticken, beh\u00e4keln&#8230;<\/p>\n<p>R\u00fcckteil:<br \/>\n6 feste Maschen in einen Fadenring h\u00e4keln<br \/>\nVerdoppeln, wie oben. Aber nur bis zur jeder vierten Masche<\/p>\n<p>Die Vorder- und R\u00fcckseite zusammenn\u00e4hen und mit F\u00fcllwatte bef\u00fcllen. Nicht zu viel, sonst wird es zu kugelig.<\/p>\n<p><a href=\"https:\/\/www.haekelfieber.de\/wp-blog\/wp-content\/uploads\/2014\/11\/Button-Anstecker-h\u00e4keln-3.jpg\"><img loading=\"lazy\" decoding=\"async\" class=\"aligncenter size-large wp-image-1449\" src=\"https:\/\/www.haekelfieber.de\/wp-blog\/wp-content\/uploads\/2014\/11\/Button-Anstecker-h\u00e4keln-3-450x600.jpg\" alt=\"Button Anstecker h\u00e4keln (3)\" width=\"450\" height=\"600\" srcset=\"https:\/\/www.haekelfieber.de\/wp-blog\/wp-content\/uploads\/2014\/11\/Button-Anstecker-h\u00e4keln-3-450x600.jpg 450w, https:\/\/www.haekelfieber.de\/wp-blog\/wp-content\/uploads\/2014\/11\/Button-Anstecker-h\u00e4keln-3-225x300.jpg 225w, https:\/\/www.haekelfieber.de\/wp-blog\/wp-content\/uploads\/2014\/11\/Button-Anstecker-h\u00e4keln-3.jpg 600w\" sizes=\"auto, (max-width: 450px) 100vw, 450px\" \/><\/a><br \/>\n<a href=\"https:\/\/www.haekelfieber.de\/wp-blog\/wp-content\/uploads\/2014\/11\/Button-Anstecker-h\u00e4keln-2.jpg\"><img loading=\"lazy\" decoding=\"async\" class=\"aligncenter size-large wp-image-1448\" src=\"https:\/\/www.haekelfieber.de\/wp-blog\/wp-content\/uploads\/2014\/11\/Button-Anstecker-h\u00e4keln-2-450x600.jpg\" alt=\"Button Anstecker h\u00e4keln (2)\" width=\"450\" height=\"600\" srcset=\"https:\/\/www.haekelfieber.de\/wp-blog\/wp-content\/uploads\/2014\/11\/Button-Anstecker-h\u00e4keln-2-450x600.jpg 450w, https:\/\/www.haekelfieber.de\/wp-blog\/wp-content\/uploads\/2014\/11\/Button-Anstecker-h\u00e4keln-2-225x300.jpg 225w, https:\/\/www.haekelfieber.de\/wp-blog\/wp-content\/uploads\/2014\/11\/Button-Anstecker-h\u00e4keln-2.jpg 600w\" sizes=\"auto, (max-width: 450px) 100vw, 450px\" \/><\/a><br \/>\nWerde noch nach ildi&#8217;s Anleitung so ein knuffeliges Teil machen \ud83d\ude42<\/p>\n<p><a href=\"https:\/\/www.haekelfieber.de\/wp-blog\/wp-content\/uploads\/2014\/11\/Button-Anstecker-h\u00e4keln-1.jpg\"><img loading=\"lazy\" decoding=\"async\" class=\"aligncenter size-large wp-image-1447\" src=\"https:\/\/www.haekelfieber.de\/wp-blog\/wp-content\/uploads\/2014\/11\/Button-Anstecker-h\u00e4keln-1-450x600.jpg\" alt=\"Button Anstecker h\u00e4keln (1)\" width=\"450\" height=\"600\" srcset=\"https:\/\/www.haekelfieber.de\/wp-blog\/wp-content\/uploads\/2014\/11\/Button-Anstecker-h\u00e4keln-1-450x600.jpg 450w, https:\/\/www.haekelfieber.de\/wp-blog\/wp-content\/uploads\/2014\/11\/Button-Anstecker-h\u00e4keln-1-225x300.jpg 225w, https:\/\/www.haekelfieber.de\/wp-blog\/wp-content\/uploads\/2014\/11\/Button-Anstecker-h\u00e4keln-1.jpg 600w\" sizes=\"auto, (max-width: 450px) 100vw, 450px\" \/><\/a><br \/>\nZur Vorweihnachtszeit darf&#8217;s ruhig mal ein bisschen kitschig werden \ud83d\ude42 \ud83d\ude42<\/p>\n<p>Gerade ist die J\u00fcngste zu mir gekommen und hat gefragt, welche Pl\u00e4tzchen sie backen soll. Werden gemeinsam ein leckeres Rezept heraussuchen.<\/p>\n<p>Wer will, darf mir gerne sein leckerstes Pl\u00e4tzchenrezept in einen Kommentar reinlegen! \ud83d\ude42<\/p>\n","protected":false},"excerpt":{"rendered":"<p>Habt ihr schon gefernh\u00e4kelt? Aber sicher! Es ist eine Kombination aus fernsehen und h\u00e4keln. Hatte gestern die ganze Couch f\u00fcr mich. Das ganze Haus f\u00fcr mich, \u00e0 la &#8222;Mutti &#8211; Allein zu Haus&#8220; \ud83d\ude09 Der Rest war unterwegs (Theater, Sport&#8230;). Bald hatte ich jedoch nicht mehr die ganze Couch, sondern nur noch ein Drittel davon. &hellip; <a href=\"https:\/\/www.haekelfieber.de\/wp-blog\/button-oder-anstecker-haekeln\/\" class=\"more-link\"><span class=\"screen-reader-text\">Button oder Anstecker<\/span> weiterlesen <span class=\"meta-nav\">&rarr;<\/span><\/a><\/p>\n","protected":false},"author":1,"featured_media":0,"parent":0,"menu_order":0,"comment_status":"open","ping_status":"open","template":"","meta":{"footnotes":""},"class_list":["post-1571","page","type-page","status-publish","hentry"],"yoast_head":"<!-- This site is optimized with the Yoast SEO plugin v27.4 - https:\/\/yoast.com\/product\/yoast-seo-wordpress\/ -->\n<title>Button oder Anstecker - H\u00e4kelfieber<\/title>\n<meta name=\"robots\" content=\"index, follow, max-snippet:-1, max-image-preview:large, max-video-preview:-1\" \/>\n<link rel=\"canonical\" href=\"https:\/\/www.haekelfieber.de\/wp-blog\/button-oder-anstecker-haekeln\/\" \/>\n<meta property=\"og:locale\" content=\"de_DE\" \/>\n<meta property=\"og:type\" content=\"article\" \/>\n<meta property=\"og:title\" content=\"Button oder Anstecker - H\u00e4kelfieber\" \/>\n<meta property=\"og:description\" content=\"Habt ihr schon gefernh\u00e4kelt? Aber sicher! Es ist eine Kombination aus fernsehen und h\u00e4keln. Hatte gestern die ganze Couch f\u00fcr mich. Das ganze Haus f\u00fcr mich, \u00e0 la &#8222;Mutti &#8211; Allein zu Haus&#8220; \ud83d\ude09 Der Rest war unterwegs (Theater, Sport&#8230;). Bald hatte ich jedoch nicht mehr die ganze Couch, sondern nur noch ein Drittel davon. &hellip; Button oder Anstecker weiterlesen &rarr;\" \/>\n<meta property=\"og:url\" content=\"https:\/\/www.haekelfieber.de\/wp-blog\/button-oder-anstecker-haekeln\/\" \/>\n<meta property=\"og:site_name\" content=\"H\u00e4kelfieber\" \/>\n<meta property=\"article:modified_time\" content=\"2024-12-20T11:46:18+00:00\" \/>\n<meta name=\"twitter:label1\" content=\"Gesch\u00e4tzte Lesezeit\" \/>\n\t<meta name=\"twitter:data1\" content=\"4\u00a0Minuten\" \/>\n<script type=\"application\/ld+json\" class=\"yoast-schema-graph\">{\"@context\":\"https:\\\/\\\/schema.org\",\"@graph\":[{\"@type\":\"WebPage\",\"@id\":\"https:\\\/\\\/www.haekelfieber.de\\\/wp-blog\\\/button-oder-anstecker-haekeln\\\/\",\"url\":\"https:\\\/\\\/www.haekelfieber.de\\\/wp-blog\\\/button-oder-anstecker-haekeln\\\/\",\"name\":\"Button oder Anstecker - H\u00e4kelfieber\",\"isPartOf\":{\"@id\":\"https:\\\/\\\/www.haekelfieber.de\\\/wp-blog\\\/#website\"},\"datePublished\":\"2014-12-26T17:36:59+00:00\",\"dateModified\":\"2024-12-20T11:46:18+00:00\",\"breadcrumb\":{\"@id\":\"https:\\\/\\\/www.haekelfieber.de\\\/wp-blog\\\/button-oder-anstecker-haekeln\\\/#breadcrumb\"},\"inLanguage\":\"de\",\"potentialAction\":[{\"@type\":\"ReadAction\",\"target\":[\"https:\\\/\\\/www.haekelfieber.de\\\/wp-blog\\\/button-oder-anstecker-haekeln\\\/\"]}]},{\"@type\":\"BreadcrumbList\",\"@id\":\"https:\\\/\\\/www.haekelfieber.de\\\/wp-blog\\\/button-oder-anstecker-haekeln\\\/#breadcrumb\",\"itemListElement\":[{\"@type\":\"ListItem\",\"position\":1,\"name\":\"Home\",\"item\":\"https:\\\/\\\/www.haekelfieber.de\\\/wp-blog\\\/\"},{\"@type\":\"ListItem\",\"position\":2,\"name\":\"Button oder Anstecker\"}]},{\"@type\":\"WebSite\",\"@id\":\"https:\\\/\\\/www.haekelfieber.de\\\/wp-blog\\\/#website\",\"url\":\"https:\\\/\\\/www.haekelfieber.de\\\/wp-blog\\\/\",\"name\":\"H\u00e4kelfieber\",\"description\":\"Ich bin im...\",\"publisher\":{\"@id\":\"https:\\\/\\\/www.haekelfieber.de\\\/wp-blog\\\/#organization\"},\"potentialAction\":[{\"@type\":\"SearchAction\",\"target\":{\"@type\":\"EntryPoint\",\"urlTemplate\":\"https:\\\/\\\/www.haekelfieber.de\\\/wp-blog\\\/?s={search_term_string}\"},\"query-input\":{\"@type\":\"PropertyValueSpecification\",\"valueRequired\":true,\"valueName\":\"search_term_string\"}}],\"inLanguage\":\"de\"},{\"@type\":\"Organization\",\"@id\":\"https:\\\/\\\/www.haekelfieber.de\\\/wp-blog\\\/#organization\",\"name\":\"H\u00e4kelfieber\",\"url\":\"https:\\\/\\\/www.haekelfieber.de\\\/wp-blog\\\/\",\"logo\":{\"@type\":\"ImageObject\",\"inLanguage\":\"de\",\"@id\":\"https:\\\/\\\/www.haekelfieber.de\\\/wp-blog\\\/#\\\/schema\\\/logo\\\/image\\\/\",\"url\":\"https:\\\/\\\/www.haekelfieber.de\\\/wp-blog\\\/wp-content\\\/uploads\\\/2023\\\/03\\\/kissen-haekeln2.jpg\",\"contentUrl\":\"https:\\\/\\\/www.haekelfieber.de\\\/wp-blog\\\/wp-content\\\/uploads\\\/2023\\\/03\\\/kissen-haekeln2.jpg\",\"width\":683,\"height\":1024,\"caption\":\"H\u00e4kelfieber\"},\"image\":{\"@id\":\"https:\\\/\\\/www.haekelfieber.de\\\/wp-blog\\\/#\\\/schema\\\/logo\\\/image\\\/\"}}]}<\/script>\n<!-- \/ Yoast SEO plugin. -->","yoast_head_json":{"title":"Button oder Anstecker - H\u00e4kelfieber","robots":{"index":"index","follow":"follow","max-snippet":"max-snippet:-1","max-image-preview":"max-image-preview:large","max-video-preview":"max-video-preview:-1"},"canonical":"https:\/\/www.haekelfieber.de\/wp-blog\/button-oder-anstecker-haekeln\/","og_locale":"de_DE","og_type":"article","og_title":"Button oder Anstecker - H\u00e4kelfieber","og_description":"Habt ihr schon gefernh\u00e4kelt? Aber sicher! Es ist eine Kombination aus fernsehen und h\u00e4keln. Hatte gestern die ganze Couch f\u00fcr mich. Das ganze Haus f\u00fcr mich, \u00e0 la &#8222;Mutti &#8211; Allein zu Haus&#8220; \ud83d\ude09 Der Rest war unterwegs (Theater, Sport&#8230;). Bald hatte ich jedoch nicht mehr die ganze Couch, sondern nur noch ein Drittel davon. &hellip; Button oder Anstecker weiterlesen &rarr;","og_url":"https:\/\/www.haekelfieber.de\/wp-blog\/button-oder-anstecker-haekeln\/","og_site_name":"H\u00e4kelfieber","article_modified_time":"2024-12-20T11:46:18+00:00","twitter_misc":{"Gesch\u00e4tzte Lesezeit":"4\u00a0Minuten"},"schema":{"@context":"https:\/\/schema.org","@graph":[{"@type":"WebPage","@id":"https:\/\/www.haekelfieber.de\/wp-blog\/button-oder-anstecker-haekeln\/","url":"https:\/\/www.haekelfieber.de\/wp-blog\/button-oder-anstecker-haekeln\/","name":"Button oder Anstecker - H\u00e4kelfieber","isPartOf":{"@id":"https:\/\/www.haekelfieber.de\/wp-blog\/#website"},"datePublished":"2014-12-26T17:36:59+00:00","dateModified":"2024-12-20T11:46:18+00:00","breadcrumb":{"@id":"https:\/\/www.haekelfieber.de\/wp-blog\/button-oder-anstecker-haekeln\/#breadcrumb"},"inLanguage":"de","potentialAction":[{"@type":"ReadAction","target":["https:\/\/www.haekelfieber.de\/wp-blog\/button-oder-anstecker-haekeln\/"]}]},{"@type":"BreadcrumbList","@id":"https:\/\/www.haekelfieber.de\/wp-blog\/button-oder-anstecker-haekeln\/#breadcrumb","itemListElement":[{"@type":"ListItem","position":1,"name":"Home","item":"https:\/\/www.haekelfieber.de\/wp-blog\/"},{"@type":"ListItem","position":2,"name":"Button oder Anstecker"}]},{"@type":"WebSite","@id":"https:\/\/www.haekelfieber.de\/wp-blog\/#website","url":"https:\/\/www.haekelfieber.de\/wp-blog\/","name":"H\u00e4kelfieber","description":"Ich bin im...","publisher":{"@id":"https:\/\/www.haekelfieber.de\/wp-blog\/#organization"},"potentialAction":[{"@type":"SearchAction","target":{"@type":"EntryPoint","urlTemplate":"https:\/\/www.haekelfieber.de\/wp-blog\/?s={search_term_string}"},"query-input":{"@type":"PropertyValueSpecification","valueRequired":true,"valueName":"search_term_string"}}],"inLanguage":"de"},{"@type":"Organization","@id":"https:\/\/www.haekelfieber.de\/wp-blog\/#organization","name":"H\u00e4kelfieber","url":"https:\/\/www.haekelfieber.de\/wp-blog\/","logo":{"@type":"ImageObject","inLanguage":"de","@id":"https:\/\/www.haekelfieber.de\/wp-blog\/#\/schema\/logo\/image\/","url":"https:\/\/www.haekelfieber.de\/wp-blog\/wp-content\/uploads\/2023\/03\/kissen-haekeln2.jpg","contentUrl":"https:\/\/www.haekelfieber.de\/wp-blog\/wp-content\/uploads\/2023\/03\/kissen-haekeln2.jpg","width":683,"height":1024,"caption":"H\u00e4kelfieber"},"image":{"@id":"https:\/\/www.haekelfieber.de\/wp-blog\/#\/schema\/logo\/image\/"}}]}},"_links":{"self":[{"href":"https:\/\/www.haekelfieber.de\/wp-blog\/wp-json\/wp\/v2\/pages\/1571","targetHints":{"allow":["GET"]}}],"collection":[{"href":"https:\/\/www.haekelfieber.de\/wp-blog\/wp-json\/wp\/v2\/pages"}],"about":[{"href":"https:\/\/www.haekelfieber.de\/wp-blog\/wp-json\/wp\/v2\/types\/page"}],"author":[{"embeddable":true,"href":"https:\/\/www.haekelfieber.de\/wp-blog\/wp-json\/wp\/v2\/users\/1"}],"replies":[{"embeddable":true,"href":"https:\/\/www.haekelfieber.de\/wp-blog\/wp-json\/wp\/v2\/comments?post=1571"}],"version-history":[{"count":2,"href":"https:\/\/www.haekelfieber.de\/wp-blog\/wp-json\/wp\/v2\/pages\/1571\/revisions"}],"predecessor-version":[{"id":15483,"href":"https:\/\/www.haekelfieber.de\/wp-blog\/wp-json\/wp\/v2\/pages\/1571\/revisions\/15483"}],"wp:attachment":[{"href":"https:\/\/www.haekelfieber.de\/wp-blog\/wp-json\/wp\/v2\/media?parent=1571"}],"curies":[{"name":"wp","href":"https:\/\/api.w.org\/{rel}","templated":true}]}}