{"id":15846,"date":"2025-04-24T16:29:01","date_gmt":"2025-04-24T14:29:01","guid":{"rendered":"https:\/\/www.haekelfieber.de\/wp-blog\/?page_id=15846"},"modified":"2025-04-24T16:29:01","modified_gmt":"2025-04-24T14:29:01","slug":"runder-herzanhaenger","status":"publish","type":"page","link":"https:\/\/www.haekelfieber.de\/wp-blog\/runder-herzanhaenger\/","title":{"rendered":"Runder Herzanh\u00e4nger"},"content":{"rendered":"\n<p><\/p>\n<figure class=\"wp-block-image size-full\"><img loading=\"lazy\" decoding=\"async\" width=\"683\" height=\"1024\" class=\"wp-image-15838\" src=\"https:\/\/www.haekelfieber.de\/wp-blog\/wp-content\/uploads\/2025\/04\/anleitung-anhaenger-haekeln12.jpg\" alt=\"\" srcset=\"https:\/\/www.haekelfieber.de\/wp-blog\/wp-content\/uploads\/2025\/04\/anleitung-anhaenger-haekeln12.jpg 683w, https:\/\/www.haekelfieber.de\/wp-blog\/wp-content\/uploads\/2025\/04\/anleitung-anhaenger-haekeln12-200x300.jpg 200w, https:\/\/www.haekelfieber.de\/wp-blog\/wp-content\/uploads\/2025\/04\/anleitung-anhaenger-haekeln12-400x600.jpg 400w\" sizes=\"auto, (max-width: 683px) 100vw, 683px\" \/><\/figure>\n<p><\/p>\n<figure class=\"wp-block-image size-full\"><img loading=\"lazy\" decoding=\"async\" width=\"683\" height=\"1024\" class=\"wp-image-15837\" src=\"https:\/\/www.haekelfieber.de\/wp-blog\/wp-content\/uploads\/2025\/04\/anleitung-anhaenger-haekeln10.jpg\" alt=\"\" srcset=\"https:\/\/www.haekelfieber.de\/wp-blog\/wp-content\/uploads\/2025\/04\/anleitung-anhaenger-haekeln10.jpg 683w, https:\/\/www.haekelfieber.de\/wp-blog\/wp-content\/uploads\/2025\/04\/anleitung-anhaenger-haekeln10-200x300.jpg 200w, https:\/\/www.haekelfieber.de\/wp-blog\/wp-content\/uploads\/2025\/04\/anleitung-anhaenger-haekeln10-400x600.jpg 400w\" sizes=\"auto, (max-width: 683px) 100vw, 683px\" \/><\/figure>\n<p> <\/p>\n<p><br \/>So. Heute ein &#8222;Wie-fabriziere-ich-das-nette-Herzanh\u00e4ngerdingens&#8220;.<br \/>Vorab verlinke ich euch zwei wichtige Youtubeanleitungen. Einmal geht es um die <a href=\"https:\/\/www.youtube.com\/watch?v=0-AG8_091pA\" target=\"_blank\" rel=\"noopener\">&#8222;stehenden Maschen&#8220;<\/a> beim Anschlingen einer neuen Farbrunde und dann noch um <a href=\"https:\/\/www.youtube.com\/watch?v=Z5BHw0rM1co\" target=\"_blank\" rel=\"noopener\">das unsichtbare schlie\u00dfen von Runden<\/a>.<br \/>Kann ich w\u00e4rmstens empfehlen, ich mach das hier und bei allen anderen H\u00e4kelst\u00fccken, seit ich die Tricks kenne. Das Geh\u00e4kelte schaut einfach besser aus.<br \/><br \/>Wichtig f\u00fcr die folgende Anleitung: immer in das hintere Maschenglied einstechen. Ergibt ein klareres Musterbild. <br \/><br \/>1. Runde<br \/>In einen Fadenring 2 Luftmaschen, 1 St\u00e4bchen, 2 Doppelst\u00e4bchen, 3 St\u00e4bchen, 1 Luftmasche, 1 St\u00e4bchen, 1 Luftmasche, 3 St\u00e4bchen, 2 Doppelst\u00e4bchen, 1 St\u00e4bchen und zwei Luftmaschen arbeiten. Das ganze mit einer Kettmasche in den Fadenring schlie\u00dfen.<br \/>Das Herz ist fertig. Einmal gemacht und man kann es &#8211; sicher.<br \/><br \/><br \/><\/p>\n<p> <\/p>\n<figure class=\"wp-block-image size-full\"><img loading=\"lazy\" decoding=\"async\" width=\"683\" height=\"1024\" class=\"wp-image-15839\" src=\"https:\/\/www.haekelfieber.de\/wp-blog\/wp-content\/uploads\/2025\/04\/anleitung-haekeln-anhaenger1.jpg\" alt=\"\" srcset=\"https:\/\/www.haekelfieber.de\/wp-blog\/wp-content\/uploads\/2025\/04\/anleitung-haekeln-anhaenger1.jpg 683w, https:\/\/www.haekelfieber.de\/wp-blog\/wp-content\/uploads\/2025\/04\/anleitung-haekeln-anhaenger1-200x300.jpg 200w, https:\/\/www.haekelfieber.de\/wp-blog\/wp-content\/uploads\/2025\/04\/anleitung-haekeln-anhaenger1-400x600.jpg 400w\" sizes=\"auto, (max-width: 683px) 100vw, 683px\" \/><\/figure>\n<p> <\/p>\n<p><br \/><br \/><\/p>\n<p> <\/p>\n<figure class=\"wp-block-image size-full\"><img loading=\"lazy\" decoding=\"async\" width=\"683\" height=\"1024\" class=\"wp-image-15831\" src=\"https:\/\/www.haekelfieber.de\/wp-blog\/wp-content\/uploads\/2025\/04\/anleitung-anhaenger-haekeln2.jpg\" alt=\"\" srcset=\"https:\/\/www.haekelfieber.de\/wp-blog\/wp-content\/uploads\/2025\/04\/anleitung-anhaenger-haekeln2.jpg 683w, https:\/\/www.haekelfieber.de\/wp-blog\/wp-content\/uploads\/2025\/04\/anleitung-anhaenger-haekeln2-200x300.jpg 200w, https:\/\/www.haekelfieber.de\/wp-blog\/wp-content\/uploads\/2025\/04\/anleitung-anhaenger-haekeln2-400x600.jpg 400w\" sizes=\"auto, (max-width: 683px) 100vw, 683px\" \/><\/figure>\n<p> <\/p>\n<p><br \/><br \/>2. Runde<br \/>Auf obigem Foto h\u00e4kelt ihr in die mit der Nadel markierte Stelle:<br \/>1 St\u00e4bchen (ich mach das stehende St\u00e4bchen), 2 Doppelst\u00e4bchen, 1 St\u00e4bchen. Foto dazu nach diesem Text.<br \/>So. Dann in das erste St\u00e4bchen vom Herz 1 halbes St\u00e4bchen und 1 feste Masche. In die folgenden drei Maschen der Vorrunde jeweils 2 feste Maschen. Dann in die folgenden drei Maschen (da z\u00e4hlt auch die Luftmasche dazu) jeweils 1 halbes St\u00e4bchen. <br \/>Nun seit ihr an der Herzspitze angelangt. In das St\u00e4bchen kommen jetzt 2 feste Maschen.<br \/>Nun geht es wieder hoch. In die folgenden drei Maschen je 1 halbes St\u00e4bchen.<br \/>Dann in die folgenden drei Maschen jeweils 2 feste Maschen und in die letzte Masche der Runde wieder 1 feste Masche und 1 halbes St\u00e4bchen.<br \/>Ich schlie\u00dfe die Runde mit dem unsichtbaren Stich (siehe Video).<br \/>Hab beim Vern\u00e4hen etwas geschlampert. Es ist ein kleiner Versatz sichtbar. Normalerweise nicht.<br \/><br \/><br \/><br \/><\/p>\n<p> <\/p>\n<figure class=\"wp-block-image size-full\"><img loading=\"lazy\" decoding=\"async\" width=\"703\" height=\"1024\" class=\"wp-image-15832\" src=\"https:\/\/www.haekelfieber.de\/wp-blog\/wp-content\/uploads\/2025\/04\/anleitung-anhaenger-haekeln3.jpg\" alt=\"\" srcset=\"https:\/\/www.haekelfieber.de\/wp-blog\/wp-content\/uploads\/2025\/04\/anleitung-anhaenger-haekeln3.jpg 703w, https:\/\/www.haekelfieber.de\/wp-blog\/wp-content\/uploads\/2025\/04\/anleitung-anhaenger-haekeln3-206x300.jpg 206w, https:\/\/www.haekelfieber.de\/wp-blog\/wp-content\/uploads\/2025\/04\/anleitung-anhaenger-haekeln3-412x600.jpg 412w\" sizes=\"auto, (max-width: 703px) 100vw, 703px\" \/><\/figure>\n<p> <\/p>\n<p><br \/><br \/><\/p>\n<p> <\/p>\n<figure class=\"wp-block-image size-full\"><img loading=\"lazy\" decoding=\"async\" width=\"733\" height=\"1024\" class=\"wp-image-15833\" src=\"https:\/\/www.haekelfieber.de\/wp-blog\/wp-content\/uploads\/2025\/04\/anleitung-anhaenger-haekeln4.jpg\" alt=\"\" srcset=\"https:\/\/www.haekelfieber.de\/wp-blog\/wp-content\/uploads\/2025\/04\/anleitung-anhaenger-haekeln4.jpg 733w, https:\/\/www.haekelfieber.de\/wp-blog\/wp-content\/uploads\/2025\/04\/anleitung-anhaenger-haekeln4-215x300.jpg 215w, https:\/\/www.haekelfieber.de\/wp-blog\/wp-content\/uploads\/2025\/04\/anleitung-anhaenger-haekeln4-429x600.jpg 429w\" sizes=\"auto, (max-width: 733px) 100vw, 733px\" \/><\/figure>\n<p> <\/p>\n<p><br \/><br \/>3. Runde<br \/>In jede Masche der Vorrunde 1 feste Masche. Denkt dran: Immer sch\u00f6n in das hintere Maschenglied einstechen \ud83d\ude09<br \/><br \/><br \/><br \/><br \/><\/p>\n<p> <\/p>\n<figure class=\"wp-block-image size-full\"><img loading=\"lazy\" decoding=\"async\" width=\"744\" height=\"1024\" class=\"wp-image-15834\" src=\"https:\/\/www.haekelfieber.de\/wp-blog\/wp-content\/uploads\/2025\/04\/anleitung-anhaenger-haekeln5.jpg\" alt=\"\" srcset=\"https:\/\/www.haekelfieber.de\/wp-blog\/wp-content\/uploads\/2025\/04\/anleitung-anhaenger-haekeln5.jpg 744w, https:\/\/www.haekelfieber.de\/wp-blog\/wp-content\/uploads\/2025\/04\/anleitung-anhaenger-haekeln5-218x300.jpg 218w, https:\/\/www.haekelfieber.de\/wp-blog\/wp-content\/uploads\/2025\/04\/anleitung-anhaenger-haekeln5-436x600.jpg 436w\" sizes=\"auto, (max-width: 744px) 100vw, 744px\" \/><\/figure>\n<p> <\/p>\n<p><br \/><br \/>Nun nochmal so ein Teil fabrizieren.<br \/><br \/><br \/><\/p>\n<p> <\/p>\n<figure class=\"wp-block-image size-full\"><img loading=\"lazy\" decoding=\"async\" width=\"798\" height=\"1024\" class=\"wp-image-15843\" src=\"https:\/\/www.haekelfieber.de\/wp-blog\/wp-content\/uploads\/2025\/04\/anleitung-anhaenger-haekeln6.jpg\" alt=\"\" srcset=\"https:\/\/www.haekelfieber.de\/wp-blog\/wp-content\/uploads\/2025\/04\/anleitung-anhaenger-haekeln6.jpg 798w, https:\/\/www.haekelfieber.de\/wp-blog\/wp-content\/uploads\/2025\/04\/anleitung-anhaenger-haekeln6-234x300.jpg 234w, https:\/\/www.haekelfieber.de\/wp-blog\/wp-content\/uploads\/2025\/04\/anleitung-anhaenger-haekeln6-468x600.jpg 468w, https:\/\/www.haekelfieber.de\/wp-blog\/wp-content\/uploads\/2025\/04\/anleitung-anhaenger-haekeln6-768x986.jpg 768w\" sizes=\"auto, (max-width: 798px) 100vw, 798px\" \/><\/figure>\n<p> <\/p>\n<p><br \/><br \/>Jetzt werden die Teile zusammengeh\u00e4kelt und mit Watte bef\u00fcllt.<br \/>Ich habe hier in jede Masche der Vorrunde je 1 feste Masche gearbeitet. Bei jeder zweiten dieser Maschen 1 Luftmasche und 1 Kettmasche in die mit der Nadel markierten Stelle. Ergibt ein kleines M\u00e4usez\u00e4hnchen.<br \/>Schaut euch die folgenden Fotos an und ihr wi\u00dft was ich meine.<br \/><br \/><br \/><\/p>\n<p> <\/p>\n<figure class=\"wp-block-image size-full\"><img loading=\"lazy\" decoding=\"async\" width=\"701\" height=\"1024\" class=\"wp-image-15840\" src=\"https:\/\/www.haekelfieber.de\/wp-blog\/wp-content\/uploads\/2025\/04\/anleitung-haenger-haekeln7.jpg\" alt=\"\" srcset=\"https:\/\/www.haekelfieber.de\/wp-blog\/wp-content\/uploads\/2025\/04\/anleitung-haenger-haekeln7.jpg 701w, https:\/\/www.haekelfieber.de\/wp-blog\/wp-content\/uploads\/2025\/04\/anleitung-haenger-haekeln7-205x300.jpg 205w, https:\/\/www.haekelfieber.de\/wp-blog\/wp-content\/uploads\/2025\/04\/anleitung-haenger-haekeln7-411x600.jpg 411w\" sizes=\"auto, (max-width: 701px) 100vw, 701px\" \/><\/figure>\n<p> <\/p>\n<p><br \/><br \/><\/p>\n<p> <\/p>\n<figure class=\"wp-block-image size-full\"><img loading=\"lazy\" decoding=\"async\" width=\"683\" height=\"1024\" class=\"wp-image-15835\" src=\"https:\/\/www.haekelfieber.de\/wp-blog\/wp-content\/uploads\/2025\/04\/anleitung-anhaenger-haekeln8.jpg\" alt=\"\" srcset=\"https:\/\/www.haekelfieber.de\/wp-blog\/wp-content\/uploads\/2025\/04\/anleitung-anhaenger-haekeln8.jpg 683w, https:\/\/www.haekelfieber.de\/wp-blog\/wp-content\/uploads\/2025\/04\/anleitung-anhaenger-haekeln8-200x300.jpg 200w, https:\/\/www.haekelfieber.de\/wp-blog\/wp-content\/uploads\/2025\/04\/anleitung-anhaenger-haekeln8-400x600.jpg 400w\" sizes=\"auto, (max-width: 683px) 100vw, 683px\" \/><\/figure>\n<p> <\/p>\n<p><br \/><br \/><\/p>\n<p> <\/p>\n<figure class=\"wp-block-image size-full\"><img loading=\"lazy\" decoding=\"async\" width=\"683\" height=\"1024\" class=\"wp-image-15836\" src=\"https:\/\/www.haekelfieber.de\/wp-blog\/wp-content\/uploads\/2025\/04\/anleitung-anhaenger-haekeln9.jpg\" alt=\"\" srcset=\"https:\/\/www.haekelfieber.de\/wp-blog\/wp-content\/uploads\/2025\/04\/anleitung-anhaenger-haekeln9.jpg 683w, https:\/\/www.haekelfieber.de\/wp-blog\/wp-content\/uploads\/2025\/04\/anleitung-anhaenger-haekeln9-200x300.jpg 200w, https:\/\/www.haekelfieber.de\/wp-blog\/wp-content\/uploads\/2025\/04\/anleitung-anhaenger-haekeln9-400x600.jpg 400w\" sizes=\"auto, (max-width: 683px) 100vw, 683px\" \/><\/figure>\n<p> <\/p>\n<p><br \/><br \/>Geschafft!!<\/p>\n<p><\/p>\n","protected":false},"excerpt":{"rendered":"","protected":false},"author":1,"featured_media":0,"parent":0,"menu_order":0,"comment_status":"closed","ping_status":"closed","template":"","meta":{"footnotes":""},"class_list":["post-15846","page","type-page","status-publish","hentry"],"yoast_head":"<!-- This site is optimized with the Yoast SEO plugin v27.4 - https:\/\/yoast.com\/product\/yoast-seo-wordpress\/ -->\n<title>Runder Herzanh\u00e4nger - H\u00e4kelfieber<\/title>\n<meta name=\"robots\" content=\"index, follow, max-snippet:-1, max-image-preview:large, max-video-preview:-1\" \/>\n<link rel=\"canonical\" href=\"https:\/\/www.haekelfieber.de\/wp-blog\/runder-herzanhaenger\/\" \/>\n<meta property=\"og:locale\" content=\"de_DE\" \/>\n<meta property=\"og:type\" content=\"article\" \/>\n<meta property=\"og:title\" content=\"Runder Herzanh\u00e4nger - H\u00e4kelfieber\" \/>\n<meta property=\"og:url\" content=\"https:\/\/www.haekelfieber.de\/wp-blog\/runder-herzanhaenger\/\" \/>\n<meta property=\"og:site_name\" content=\"H\u00e4kelfieber\" \/>\n<meta property=\"og:image\" content=\"https:\/\/www.haekelfieber.de\/wp-blog\/wp-content\/uploads\/2025\/04\/anleitung-anhaenger-haekeln12.jpg\" \/>\n\t<meta property=\"og:image:width\" content=\"683\" \/>\n\t<meta property=\"og:image:height\" content=\"1024\" \/>\n\t<meta property=\"og:image:type\" content=\"image\/jpeg\" \/>\n<meta name=\"twitter:label1\" content=\"Gesch\u00e4tzte Lesezeit\" \/>\n\t<meta name=\"twitter:data1\" content=\"5\u00a0Minuten\" \/>\n<script type=\"application\/ld+json\" class=\"yoast-schema-graph\">{\"@context\":\"https:\\\/\\\/schema.org\",\"@graph\":[{\"@type\":\"WebPage\",\"@id\":\"https:\\\/\\\/www.haekelfieber.de\\\/wp-blog\\\/runder-herzanhaenger\\\/\",\"url\":\"https:\\\/\\\/www.haekelfieber.de\\\/wp-blog\\\/runder-herzanhaenger\\\/\",\"name\":\"Runder Herzanh\u00e4nger - H\u00e4kelfieber\",\"isPartOf\":{\"@id\":\"https:\\\/\\\/www.haekelfieber.de\\\/wp-blog\\\/#website\"},\"primaryImageOfPage\":{\"@id\":\"https:\\\/\\\/www.haekelfieber.de\\\/wp-blog\\\/runder-herzanhaenger\\\/#primaryimage\"},\"image\":{\"@id\":\"https:\\\/\\\/www.haekelfieber.de\\\/wp-blog\\\/runder-herzanhaenger\\\/#primaryimage\"},\"thumbnailUrl\":\"https:\\\/\\\/www.haekelfieber.de\\\/wp-blog\\\/wp-content\\\/uploads\\\/2025\\\/04\\\/anleitung-anhaenger-haekeln12.jpg\",\"datePublished\":\"2025-04-24T14:29:01+00:00\",\"breadcrumb\":{\"@id\":\"https:\\\/\\\/www.haekelfieber.de\\\/wp-blog\\\/runder-herzanhaenger\\\/#breadcrumb\"},\"inLanguage\":\"de\",\"potentialAction\":[{\"@type\":\"ReadAction\",\"target\":[\"https:\\\/\\\/www.haekelfieber.de\\\/wp-blog\\\/runder-herzanhaenger\\\/\"]}]},{\"@type\":\"ImageObject\",\"inLanguage\":\"de\",\"@id\":\"https:\\\/\\\/www.haekelfieber.de\\\/wp-blog\\\/runder-herzanhaenger\\\/#primaryimage\",\"url\":\"https:\\\/\\\/www.haekelfieber.de\\\/wp-blog\\\/wp-content\\\/uploads\\\/2025\\\/04\\\/anleitung-anhaenger-haekeln12.jpg\",\"contentUrl\":\"https:\\\/\\\/www.haekelfieber.de\\\/wp-blog\\\/wp-content\\\/uploads\\\/2025\\\/04\\\/anleitung-anhaenger-haekeln12.jpg\",\"width\":683,\"height\":1024},{\"@type\":\"BreadcrumbList\",\"@id\":\"https:\\\/\\\/www.haekelfieber.de\\\/wp-blog\\\/runder-herzanhaenger\\\/#breadcrumb\",\"itemListElement\":[{\"@type\":\"ListItem\",\"position\":1,\"name\":\"Home\",\"item\":\"https:\\\/\\\/www.haekelfieber.de\\\/wp-blog\\\/\"},{\"@type\":\"ListItem\",\"position\":2,\"name\":\"Runder Herzanh\u00e4nger\"}]},{\"@type\":\"WebSite\",\"@id\":\"https:\\\/\\\/www.haekelfieber.de\\\/wp-blog\\\/#website\",\"url\":\"https:\\\/\\\/www.haekelfieber.de\\\/wp-blog\\\/\",\"name\":\"H\u00e4kelfieber\",\"description\":\"Ich bin im...\",\"publisher\":{\"@id\":\"https:\\\/\\\/www.haekelfieber.de\\\/wp-blog\\\/#organization\"},\"potentialAction\":[{\"@type\":\"SearchAction\",\"target\":{\"@type\":\"EntryPoint\",\"urlTemplate\":\"https:\\\/\\\/www.haekelfieber.de\\\/wp-blog\\\/?s={search_term_string}\"},\"query-input\":{\"@type\":\"PropertyValueSpecification\",\"valueRequired\":true,\"valueName\":\"search_term_string\"}}],\"inLanguage\":\"de\"},{\"@type\":\"Organization\",\"@id\":\"https:\\\/\\\/www.haekelfieber.de\\\/wp-blog\\\/#organization\",\"name\":\"H\u00e4kelfieber\",\"url\":\"https:\\\/\\\/www.haekelfieber.de\\\/wp-blog\\\/\",\"logo\":{\"@type\":\"ImageObject\",\"inLanguage\":\"de\",\"@id\":\"https:\\\/\\\/www.haekelfieber.de\\\/wp-blog\\\/#\\\/schema\\\/logo\\\/image\\\/\",\"url\":\"https:\\\/\\\/www.haekelfieber.de\\\/wp-blog\\\/wp-content\\\/uploads\\\/2023\\\/03\\\/kissen-haekeln2.jpg\",\"contentUrl\":\"https:\\\/\\\/www.haekelfieber.de\\\/wp-blog\\\/wp-content\\\/uploads\\\/2023\\\/03\\\/kissen-haekeln2.jpg\",\"width\":683,\"height\":1024,\"caption\":\"H\u00e4kelfieber\"},\"image\":{\"@id\":\"https:\\\/\\\/www.haekelfieber.de\\\/wp-blog\\\/#\\\/schema\\\/logo\\\/image\\\/\"}}]}<\/script>\n<!-- \/ Yoast SEO plugin. -->","yoast_head_json":{"title":"Runder Herzanh\u00e4nger - H\u00e4kelfieber","robots":{"index":"index","follow":"follow","max-snippet":"max-snippet:-1","max-image-preview":"max-image-preview:large","max-video-preview":"max-video-preview:-1"},"canonical":"https:\/\/www.haekelfieber.de\/wp-blog\/runder-herzanhaenger\/","og_locale":"de_DE","og_type":"article","og_title":"Runder Herzanh\u00e4nger - H\u00e4kelfieber","og_url":"https:\/\/www.haekelfieber.de\/wp-blog\/runder-herzanhaenger\/","og_site_name":"H\u00e4kelfieber","og_image":[{"width":683,"height":1024,"url":"https:\/\/www.haekelfieber.de\/wp-blog\/wp-content\/uploads\/2025\/04\/anleitung-anhaenger-haekeln12.jpg","type":"image\/jpeg"}],"twitter_misc":{"Gesch\u00e4tzte Lesezeit":"5\u00a0Minuten"},"schema":{"@context":"https:\/\/schema.org","@graph":[{"@type":"WebPage","@id":"https:\/\/www.haekelfieber.de\/wp-blog\/runder-herzanhaenger\/","url":"https:\/\/www.haekelfieber.de\/wp-blog\/runder-herzanhaenger\/","name":"Runder Herzanh\u00e4nger - H\u00e4kelfieber","isPartOf":{"@id":"https:\/\/www.haekelfieber.de\/wp-blog\/#website"},"primaryImageOfPage":{"@id":"https:\/\/www.haekelfieber.de\/wp-blog\/runder-herzanhaenger\/#primaryimage"},"image":{"@id":"https:\/\/www.haekelfieber.de\/wp-blog\/runder-herzanhaenger\/#primaryimage"},"thumbnailUrl":"https:\/\/www.haekelfieber.de\/wp-blog\/wp-content\/uploads\/2025\/04\/anleitung-anhaenger-haekeln12.jpg","datePublished":"2025-04-24T14:29:01+00:00","breadcrumb":{"@id":"https:\/\/www.haekelfieber.de\/wp-blog\/runder-herzanhaenger\/#breadcrumb"},"inLanguage":"de","potentialAction":[{"@type":"ReadAction","target":["https:\/\/www.haekelfieber.de\/wp-blog\/runder-herzanhaenger\/"]}]},{"@type":"ImageObject","inLanguage":"de","@id":"https:\/\/www.haekelfieber.de\/wp-blog\/runder-herzanhaenger\/#primaryimage","url":"https:\/\/www.haekelfieber.de\/wp-blog\/wp-content\/uploads\/2025\/04\/anleitung-anhaenger-haekeln12.jpg","contentUrl":"https:\/\/www.haekelfieber.de\/wp-blog\/wp-content\/uploads\/2025\/04\/anleitung-anhaenger-haekeln12.jpg","width":683,"height":1024},{"@type":"BreadcrumbList","@id":"https:\/\/www.haekelfieber.de\/wp-blog\/runder-herzanhaenger\/#breadcrumb","itemListElement":[{"@type":"ListItem","position":1,"name":"Home","item":"https:\/\/www.haekelfieber.de\/wp-blog\/"},{"@type":"ListItem","position":2,"name":"Runder Herzanh\u00e4nger"}]},{"@type":"WebSite","@id":"https:\/\/www.haekelfieber.de\/wp-blog\/#website","url":"https:\/\/www.haekelfieber.de\/wp-blog\/","name":"H\u00e4kelfieber","description":"Ich bin im...","publisher":{"@id":"https:\/\/www.haekelfieber.de\/wp-blog\/#organization"},"potentialAction":[{"@type":"SearchAction","target":{"@type":"EntryPoint","urlTemplate":"https:\/\/www.haekelfieber.de\/wp-blog\/?s={search_term_string}"},"query-input":{"@type":"PropertyValueSpecification","valueRequired":true,"valueName":"search_term_string"}}],"inLanguage":"de"},{"@type":"Organization","@id":"https:\/\/www.haekelfieber.de\/wp-blog\/#organization","name":"H\u00e4kelfieber","url":"https:\/\/www.haekelfieber.de\/wp-blog\/","logo":{"@type":"ImageObject","inLanguage":"de","@id":"https:\/\/www.haekelfieber.de\/wp-blog\/#\/schema\/logo\/image\/","url":"https:\/\/www.haekelfieber.de\/wp-blog\/wp-content\/uploads\/2023\/03\/kissen-haekeln2.jpg","contentUrl":"https:\/\/www.haekelfieber.de\/wp-blog\/wp-content\/uploads\/2023\/03\/kissen-haekeln2.jpg","width":683,"height":1024,"caption":"H\u00e4kelfieber"},"image":{"@id":"https:\/\/www.haekelfieber.de\/wp-blog\/#\/schema\/logo\/image\/"}}]}},"_links":{"self":[{"href":"https:\/\/www.haekelfieber.de\/wp-blog\/wp-json\/wp\/v2\/pages\/15846","targetHints":{"allow":["GET"]}}],"collection":[{"href":"https:\/\/www.haekelfieber.de\/wp-blog\/wp-json\/wp\/v2\/pages"}],"about":[{"href":"https:\/\/www.haekelfieber.de\/wp-blog\/wp-json\/wp\/v2\/types\/page"}],"author":[{"embeddable":true,"href":"https:\/\/www.haekelfieber.de\/wp-blog\/wp-json\/wp\/v2\/users\/1"}],"replies":[{"embeddable":true,"href":"https:\/\/www.haekelfieber.de\/wp-blog\/wp-json\/wp\/v2\/comments?post=15846"}],"version-history":[{"count":1,"href":"https:\/\/www.haekelfieber.de\/wp-blog\/wp-json\/wp\/v2\/pages\/15846\/revisions"}],"predecessor-version":[{"id":15848,"href":"https:\/\/www.haekelfieber.de\/wp-blog\/wp-json\/wp\/v2\/pages\/15846\/revisions\/15848"}],"wp:attachment":[{"href":"https:\/\/www.haekelfieber.de\/wp-blog\/wp-json\/wp\/v2\/media?parent=15846"}],"curies":[{"name":"wp","href":"https:\/\/api.w.org\/{rel}","templated":true}]}}