{"id":16528,"date":"2026-03-04T18:20:25","date_gmt":"2026-03-04T17:20:25","guid":{"rendered":"https:\/\/www.haekelfieber.de\/wp-blog\/?page_id=16528"},"modified":"2026-03-04T18:20:28","modified_gmt":"2026-03-04T17:20:28","slug":"deckchen","status":"publish","type":"page","link":"https:\/\/www.haekelfieber.de\/wp-blog\/deckchen\/","title":{"rendered":"Deckchen"},"content":{"rendered":"\n<p><\/p>\n<figure class=\"wp-block-image size-full\"><img loading=\"lazy\" decoding=\"async\" width=\"683\" height=\"1024\" class=\"wp-image-16471\" src=\"https:\/\/www.haekelfieber.de\/wp-blog\/wp-content\/uploads\/2026\/02\/haekeln-deckchen-mandala3.jpg\" alt=\"\" srcset=\"https:\/\/www.haekelfieber.de\/wp-blog\/wp-content\/uploads\/2026\/02\/haekeln-deckchen-mandala3.jpg 683w, https:\/\/www.haekelfieber.de\/wp-blog\/wp-content\/uploads\/2026\/02\/haekeln-deckchen-mandala3-200x300.jpg 200w, https:\/\/www.haekelfieber.de\/wp-blog\/wp-content\/uploads\/2026\/02\/haekeln-deckchen-mandala3-400x600.jpg 400w\" sizes=\"auto, (max-width: 683px) 100vw, 683px\" \/><\/figure>\n<p>   <\/p>\n<figure class=\"wp-block-image size-full\"><img loading=\"lazy\" decoding=\"async\" width=\"772\" height=\"1024\" class=\"wp-image-16473\" src=\"https:\/\/www.haekelfieber.de\/wp-blog\/wp-content\/uploads\/2026\/02\/haekeln-mandala-deckchen1.jpg\" alt=\"\" srcset=\"https:\/\/www.haekelfieber.de\/wp-blog\/wp-content\/uploads\/2026\/02\/haekeln-mandala-deckchen1.jpg 772w, https:\/\/www.haekelfieber.de\/wp-blog\/wp-content\/uploads\/2026\/02\/haekeln-mandala-deckchen1-226x300.jpg 226w, https:\/\/www.haekelfieber.de\/wp-blog\/wp-content\/uploads\/2026\/02\/haekeln-mandala-deckchen1-452x600.jpg 452w, https:\/\/www.haekelfieber.de\/wp-blog\/wp-content\/uploads\/2026\/02\/haekeln-mandala-deckchen1-768x1019.jpg 768w\" sizes=\"auto, (max-width: 772px) 100vw, 772px\" \/><\/figure>\n<p> <\/p>\n<p><br \/>1. Runde rosa:<br \/>5 Luftmaschen (drei z\u00e4hlen als St\u00e4bchen), 1 St\u00e4bchen, 2 Luftmaschen, 1 St\u00e4bchen&#8230; in einen Fadenring arbeiten, bis sich sechs B\u00f6gen ergeben.<br \/>Habe unten Fotos angef\u00fcgt, wo bei Fragezeichen im Kopf nachgeguckt werden kann. Gilt auch f\u00fcr die weiteren Runden.<br \/><br \/>2. Runde wei\u00df:<br \/>4 St\u00e4bchen in jeden Luftmaschenbogen.<br \/><br \/>3. Runde mint:<br \/>1 tiefergestochenes St\u00e4bchen um ein St\u00e4bchen der ersten Runde = Reliefst\u00e4bchen. In die folgenden vier Maschen jeweils 1 feste Masche, dabei in das hintere Maschenglied einstechen&#8230;<br \/><br \/>4. Runde gr\u00fcn:<br \/>In jede zweit Maschen 1 St\u00e4bchen, 2 Luftmaschen, 1 St\u00e4bchen h\u00e4keln.<br \/><br \/>5. Runde wei\u00df:<br \/>1 tiefergestochenes St\u00e4bchen in die minte Vor-Vorrunde, zwischen die St\u00e4bchen-Luftmaschen-St\u00e4bchen-Gruppe. Hier lohnt ein Blick auf die Fotos ;). 3 feste Maschen auf den Luftmaschenbogen der Vorrunde&#8230;<br \/><br \/>6. Runde rosa:<br \/>4 gemeinsam abgemaschte St\u00e4bchen in das Vorrundenst\u00e4bchen, 2 Luftmaschen, eine Masche \u00fcberspringen, 1 feste Masche, 2 Luftmaschen, eine Masche \u00fcberspringen, 4 gemeinsam abgemaschte&#8230;.<br \/><br \/>7. Runde wei\u00df:<br \/>1 Kettmasche auf die feste Masche der Vorrunde. In den folgenden Luftmaschenbogen: 1 feste Masche, 1 halbes St\u00e4bchen, 1 St\u00e4bchen, 1 Doppelst\u00e4bchen und noch 1 Luftmasche. Dann in den n\u00e4chsten Luftmaschenbogen: 1 Doppelst\u00e4bchen, 1 St\u00e4bchen, 1 halbes St\u00e4bchen, 1 feste Masche. In die feste Masche der Vorrunde 1 Kettmasche&#8230;<br \/>Soooo. Ihr k\u00f6nntet auch das halbe St\u00e4bchen weglassen, wenn es euch zu kompakt erscheint. Ich hab das fertige Deckchen angefeuchtet und gespannt, dann lag es sch\u00f6n glatt. Probiert es aus.<br \/><br \/>8. Runde rot:<br \/>1 Kettmasche auf die Kettmasche der Vorrunde. Seitlich drei feste Maschen h\u00e4keln, dabei nur in das hintere Maschenglied einstechen. 1 feste Masche in die L\u00fccke zwischen den Doppelst\u00e4bchen und noch 2 Luftmaschen und 1 Kettmasche in den unteren Teil der festen Masche &#8211; siehe Foto. Das ist dann sowas wie ein Pikot.<br \/>Dann wieder 3 feste Maschen seitlich runter und 1 Kettmasche&#8230;.<br \/><br \/>Ihr k\u00f6nnt noch Bobbels dran fabrizieren oder nicht.<br \/>Und &#8211; ich hab noch eine H\u00e4kelschrift angef\u00fcgt, falls Bedarf an weiterer Kl\u00e4rung besteht.<br \/><br \/><br \/><\/p>\n<p> <\/p>\n<figure class=\"wp-block-image size-full\"><img loading=\"lazy\" decoding=\"async\" width=\"960\" height=\"1280\" class=\"wp-image-16467\" src=\"https:\/\/www.haekelfieber.de\/wp-blog\/wp-content\/uploads\/2026\/02\/haekeln-deckchen-mandala-35.jpg\" alt=\"\" srcset=\"https:\/\/www.haekelfieber.de\/wp-blog\/wp-content\/uploads\/2026\/02\/haekeln-deckchen-mandala-35.jpg 960w, https:\/\/www.haekelfieber.de\/wp-blog\/wp-content\/uploads\/2026\/02\/haekeln-deckchen-mandala-35-225x300.jpg 225w, https:\/\/www.haekelfieber.de\/wp-blog\/wp-content\/uploads\/2026\/02\/haekeln-deckchen-mandala-35-450x600.jpg 450w, https:\/\/www.haekelfieber.de\/wp-blog\/wp-content\/uploads\/2026\/02\/haekeln-deckchen-mandala-35-768x1024.jpg 768w\" sizes=\"auto, (max-width: 960px) 100vw, 960px\" \/><\/figure>\n<p> <\/p>\n<p><br \/><br \/><\/p>\n<p> <\/p>\n<figure class=\"wp-block-image size-full\"><img loading=\"lazy\" decoding=\"async\" width=\"960\" height=\"1280\" class=\"wp-image-16469\" src=\"https:\/\/www.haekelfieber.de\/wp-blog\/wp-content\/uploads\/2026\/02\/haekeln-deckchen-mandala-49.jpg\" alt=\"\" srcset=\"https:\/\/www.haekelfieber.de\/wp-blog\/wp-content\/uploads\/2026\/02\/haekeln-deckchen-mandala-49.jpg 960w, https:\/\/www.haekelfieber.de\/wp-blog\/wp-content\/uploads\/2026\/02\/haekeln-deckchen-mandala-49-225x300.jpg 225w, https:\/\/www.haekelfieber.de\/wp-blog\/wp-content\/uploads\/2026\/02\/haekeln-deckchen-mandala-49-450x600.jpg 450w, https:\/\/www.haekelfieber.de\/wp-blog\/wp-content\/uploads\/2026\/02\/haekeln-deckchen-mandala-49-768x1024.jpg 768w\" sizes=\"auto, (max-width: 960px) 100vw, 960px\" \/><\/figure>\n<p> <\/p>\n<p><br \/><br \/><\/p>\n<p> <\/p>\n<figure class=\"wp-block-image size-full\"><img loading=\"lazy\" decoding=\"async\" width=\"960\" height=\"1280\" class=\"wp-image-16470\" src=\"https:\/\/www.haekelfieber.de\/wp-blog\/wp-content\/uploads\/2026\/02\/haekeln-deckchen-mandala-50.jpg\" alt=\"\" srcset=\"https:\/\/www.haekelfieber.de\/wp-blog\/wp-content\/uploads\/2026\/02\/haekeln-deckchen-mandala-50.jpg 960w, https:\/\/www.haekelfieber.de\/wp-blog\/wp-content\/uploads\/2026\/02\/haekeln-deckchen-mandala-50-225x300.jpg 225w, https:\/\/www.haekelfieber.de\/wp-blog\/wp-content\/uploads\/2026\/02\/haekeln-deckchen-mandala-50-450x600.jpg 450w, https:\/\/www.haekelfieber.de\/wp-blog\/wp-content\/uploads\/2026\/02\/haekeln-deckchen-mandala-50-768x1024.jpg 768w\" sizes=\"auto, (max-width: 960px) 100vw, 960px\" \/><\/figure>\n<p> <\/p>\n<p><br \/><br \/><\/p>\n<p> <\/p>\n<figure class=\"wp-block-image size-full\"><img loading=\"lazy\" decoding=\"async\" width=\"960\" height=\"1280\" class=\"wp-image-16468\" src=\"https:\/\/www.haekelfieber.de\/wp-blog\/wp-content\/uploads\/2026\/02\/haekeln-deckchen-mandala-48.jpg\" alt=\"\" srcset=\"https:\/\/www.haekelfieber.de\/wp-blog\/wp-content\/uploads\/2026\/02\/haekeln-deckchen-mandala-48.jpg 960w, https:\/\/www.haekelfieber.de\/wp-blog\/wp-content\/uploads\/2026\/02\/haekeln-deckchen-mandala-48-225x300.jpg 225w, https:\/\/www.haekelfieber.de\/wp-blog\/wp-content\/uploads\/2026\/02\/haekeln-deckchen-mandala-48-450x600.jpg 450w, https:\/\/www.haekelfieber.de\/wp-blog\/wp-content\/uploads\/2026\/02\/haekeln-deckchen-mandala-48-768x1024.jpg 768w\" sizes=\"auto, (max-width: 960px) 100vw, 960px\" \/><\/figure>\n<p> <\/p>\n<p><br \/><br \/><\/p>\n<p> <\/p>\n<figure class=\"wp-block-image size-full\"><img loading=\"lazy\" decoding=\"async\" width=\"960\" height=\"1280\" class=\"wp-image-16466\" src=\"https:\/\/www.haekelfieber.de\/wp-blog\/wp-content\/uploads\/2026\/02\/haekeln-deckchen-mandala-2.jpg\" alt=\"\" srcset=\"https:\/\/www.haekelfieber.de\/wp-blog\/wp-content\/uploads\/2026\/02\/haekeln-deckchen-mandala-2.jpg 960w, https:\/\/www.haekelfieber.de\/wp-blog\/wp-content\/uploads\/2026\/02\/haekeln-deckchen-mandala-2-225x300.jpg 225w, https:\/\/www.haekelfieber.de\/wp-blog\/wp-content\/uploads\/2026\/02\/haekeln-deckchen-mandala-2-450x600.jpg 450w, https:\/\/www.haekelfieber.de\/wp-blog\/wp-content\/uploads\/2026\/02\/haekeln-deckchen-mandala-2-768x1024.jpg 768w\" sizes=\"auto, (max-width: 960px) 100vw, 960px\" \/><\/figure>\n<p> <\/p>\n<p><br \/><br \/><\/p>\n<p> <\/p>\n<figure class=\"wp-block-image size-full\"><img loading=\"lazy\" decoding=\"async\" width=\"960\" height=\"1280\" class=\"wp-image-16472\" src=\"https:\/\/www.haekelfieber.de\/wp-blog\/wp-content\/uploads\/2026\/02\/haekeln-deckchen-mandala47.jpg\" alt=\"\" srcset=\"https:\/\/www.haekelfieber.de\/wp-blog\/wp-content\/uploads\/2026\/02\/haekeln-deckchen-mandala47.jpg 960w, https:\/\/www.haekelfieber.de\/wp-blog\/wp-content\/uploads\/2026\/02\/haekeln-deckchen-mandala47-225x300.jpg 225w, https:\/\/www.haekelfieber.de\/wp-blog\/wp-content\/uploads\/2026\/02\/haekeln-deckchen-mandala47-450x600.jpg 450w, https:\/\/www.haekelfieber.de\/wp-blog\/wp-content\/uploads\/2026\/02\/haekeln-deckchen-mandala47-768x1024.jpg 768w\" sizes=\"auto, (max-width: 960px) 100vw, 960px\" \/><\/figure>\n<p> <\/p>\n","protected":false},"excerpt":{"rendered":"","protected":false},"author":1,"featured_media":0,"parent":0,"menu_order":0,"comment_status":"closed","ping_status":"closed","template":"","meta":{"footnotes":""},"class_list":["post-16528","page","type-page","status-publish","hentry"],"yoast_head":"<!-- This site is optimized with the Yoast SEO plugin v27.4 - https:\/\/yoast.com\/product\/yoast-seo-wordpress\/ -->\n<title>Deckchen - H\u00e4kelfieber<\/title>\n<meta name=\"robots\" content=\"index, follow, max-snippet:-1, max-image-preview:large, max-video-preview:-1\" \/>\n<link rel=\"canonical\" href=\"https:\/\/www.haekelfieber.de\/wp-blog\/deckchen\/\" \/>\n<meta property=\"og:locale\" content=\"de_DE\" \/>\n<meta property=\"og:type\" content=\"article\" \/>\n<meta property=\"og:title\" content=\"Deckchen - H\u00e4kelfieber\" \/>\n<meta property=\"og:url\" content=\"https:\/\/www.haekelfieber.de\/wp-blog\/deckchen\/\" \/>\n<meta property=\"og:site_name\" content=\"H\u00e4kelfieber\" \/>\n<meta property=\"article:modified_time\" content=\"2026-03-04T17:20:28+00:00\" \/>\n<meta property=\"og:image\" content=\"https:\/\/www.haekelfieber.de\/wp-blog\/wp-content\/uploads\/2026\/02\/haekeln-deckchen-mandala3.jpg\" \/>\n\t<meta property=\"og:image:width\" content=\"683\" \/>\n\t<meta property=\"og:image:height\" content=\"1024\" \/>\n\t<meta property=\"og:image:type\" content=\"image\/jpeg\" \/>\n<meta name=\"twitter:label1\" content=\"Gesch\u00e4tzte Lesezeit\" \/>\n\t<meta name=\"twitter:data1\" content=\"4\u00a0Minuten\" \/>\n<script type=\"application\/ld+json\" class=\"yoast-schema-graph\">{\"@context\":\"https:\\\/\\\/schema.org\",\"@graph\":[{\"@type\":\"WebPage\",\"@id\":\"https:\\\/\\\/www.haekelfieber.de\\\/wp-blog\\\/deckchen\\\/\",\"url\":\"https:\\\/\\\/www.haekelfieber.de\\\/wp-blog\\\/deckchen\\\/\",\"name\":\"Deckchen - H\u00e4kelfieber\",\"isPartOf\":{\"@id\":\"https:\\\/\\\/www.haekelfieber.de\\\/wp-blog\\\/#website\"},\"primaryImageOfPage\":{\"@id\":\"https:\\\/\\\/www.haekelfieber.de\\\/wp-blog\\\/deckchen\\\/#primaryimage\"},\"image\":{\"@id\":\"https:\\\/\\\/www.haekelfieber.de\\\/wp-blog\\\/deckchen\\\/#primaryimage\"},\"thumbnailUrl\":\"https:\\\/\\\/www.haekelfieber.de\\\/wp-blog\\\/wp-content\\\/uploads\\\/2026\\\/02\\\/haekeln-deckchen-mandala3.jpg\",\"datePublished\":\"2026-03-04T17:20:25+00:00\",\"dateModified\":\"2026-03-04T17:20:28+00:00\",\"breadcrumb\":{\"@id\":\"https:\\\/\\\/www.haekelfieber.de\\\/wp-blog\\\/deckchen\\\/#breadcrumb\"},\"inLanguage\":\"de\",\"potentialAction\":[{\"@type\":\"ReadAction\",\"target\":[\"https:\\\/\\\/www.haekelfieber.de\\\/wp-blog\\\/deckchen\\\/\"]}]},{\"@type\":\"ImageObject\",\"inLanguage\":\"de\",\"@id\":\"https:\\\/\\\/www.haekelfieber.de\\\/wp-blog\\\/deckchen\\\/#primaryimage\",\"url\":\"https:\\\/\\\/www.haekelfieber.de\\\/wp-blog\\\/wp-content\\\/uploads\\\/2026\\\/02\\\/haekeln-deckchen-mandala3.jpg\",\"contentUrl\":\"https:\\\/\\\/www.haekelfieber.de\\\/wp-blog\\\/wp-content\\\/uploads\\\/2026\\\/02\\\/haekeln-deckchen-mandala3.jpg\",\"width\":683,\"height\":1024},{\"@type\":\"BreadcrumbList\",\"@id\":\"https:\\\/\\\/www.haekelfieber.de\\\/wp-blog\\\/deckchen\\\/#breadcrumb\",\"itemListElement\":[{\"@type\":\"ListItem\",\"position\":1,\"name\":\"Home\",\"item\":\"https:\\\/\\\/www.haekelfieber.de\\\/wp-blog\\\/\"},{\"@type\":\"ListItem\",\"position\":2,\"name\":\"Deckchen\"}]},{\"@type\":\"WebSite\",\"@id\":\"https:\\\/\\\/www.haekelfieber.de\\\/wp-blog\\\/#website\",\"url\":\"https:\\\/\\\/www.haekelfieber.de\\\/wp-blog\\\/\",\"name\":\"H\u00e4kelfieber\",\"description\":\"Ich bin im...\",\"publisher\":{\"@id\":\"https:\\\/\\\/www.haekelfieber.de\\\/wp-blog\\\/#organization\"},\"potentialAction\":[{\"@type\":\"SearchAction\",\"target\":{\"@type\":\"EntryPoint\",\"urlTemplate\":\"https:\\\/\\\/www.haekelfieber.de\\\/wp-blog\\\/?s={search_term_string}\"},\"query-input\":{\"@type\":\"PropertyValueSpecification\",\"valueRequired\":true,\"valueName\":\"search_term_string\"}}],\"inLanguage\":\"de\"},{\"@type\":\"Organization\",\"@id\":\"https:\\\/\\\/www.haekelfieber.de\\\/wp-blog\\\/#organization\",\"name\":\"H\u00e4kelfieber\",\"url\":\"https:\\\/\\\/www.haekelfieber.de\\\/wp-blog\\\/\",\"logo\":{\"@type\":\"ImageObject\",\"inLanguage\":\"de\",\"@id\":\"https:\\\/\\\/www.haekelfieber.de\\\/wp-blog\\\/#\\\/schema\\\/logo\\\/image\\\/\",\"url\":\"https:\\\/\\\/www.haekelfieber.de\\\/wp-blog\\\/wp-content\\\/uploads\\\/2023\\\/03\\\/kissen-haekeln2.jpg\",\"contentUrl\":\"https:\\\/\\\/www.haekelfieber.de\\\/wp-blog\\\/wp-content\\\/uploads\\\/2023\\\/03\\\/kissen-haekeln2.jpg\",\"width\":683,\"height\":1024,\"caption\":\"H\u00e4kelfieber\"},\"image\":{\"@id\":\"https:\\\/\\\/www.haekelfieber.de\\\/wp-blog\\\/#\\\/schema\\\/logo\\\/image\\\/\"}}]}<\/script>\n<!-- \/ Yoast SEO plugin. -->","yoast_head_json":{"title":"Deckchen - H\u00e4kelfieber","robots":{"index":"index","follow":"follow","max-snippet":"max-snippet:-1","max-image-preview":"max-image-preview:large","max-video-preview":"max-video-preview:-1"},"canonical":"https:\/\/www.haekelfieber.de\/wp-blog\/deckchen\/","og_locale":"de_DE","og_type":"article","og_title":"Deckchen - H\u00e4kelfieber","og_url":"https:\/\/www.haekelfieber.de\/wp-blog\/deckchen\/","og_site_name":"H\u00e4kelfieber","article_modified_time":"2026-03-04T17:20:28+00:00","og_image":[{"width":683,"height":1024,"url":"https:\/\/www.haekelfieber.de\/wp-blog\/wp-content\/uploads\/2026\/02\/haekeln-deckchen-mandala3.jpg","type":"image\/jpeg"}],"twitter_misc":{"Gesch\u00e4tzte Lesezeit":"4\u00a0Minuten"},"schema":{"@context":"https:\/\/schema.org","@graph":[{"@type":"WebPage","@id":"https:\/\/www.haekelfieber.de\/wp-blog\/deckchen\/","url":"https:\/\/www.haekelfieber.de\/wp-blog\/deckchen\/","name":"Deckchen - H\u00e4kelfieber","isPartOf":{"@id":"https:\/\/www.haekelfieber.de\/wp-blog\/#website"},"primaryImageOfPage":{"@id":"https:\/\/www.haekelfieber.de\/wp-blog\/deckchen\/#primaryimage"},"image":{"@id":"https:\/\/www.haekelfieber.de\/wp-blog\/deckchen\/#primaryimage"},"thumbnailUrl":"https:\/\/www.haekelfieber.de\/wp-blog\/wp-content\/uploads\/2026\/02\/haekeln-deckchen-mandala3.jpg","datePublished":"2026-03-04T17:20:25+00:00","dateModified":"2026-03-04T17:20:28+00:00","breadcrumb":{"@id":"https:\/\/www.haekelfieber.de\/wp-blog\/deckchen\/#breadcrumb"},"inLanguage":"de","potentialAction":[{"@type":"ReadAction","target":["https:\/\/www.haekelfieber.de\/wp-blog\/deckchen\/"]}]},{"@type":"ImageObject","inLanguage":"de","@id":"https:\/\/www.haekelfieber.de\/wp-blog\/deckchen\/#primaryimage","url":"https:\/\/www.haekelfieber.de\/wp-blog\/wp-content\/uploads\/2026\/02\/haekeln-deckchen-mandala3.jpg","contentUrl":"https:\/\/www.haekelfieber.de\/wp-blog\/wp-content\/uploads\/2026\/02\/haekeln-deckchen-mandala3.jpg","width":683,"height":1024},{"@type":"BreadcrumbList","@id":"https:\/\/www.haekelfieber.de\/wp-blog\/deckchen\/#breadcrumb","itemListElement":[{"@type":"ListItem","position":1,"name":"Home","item":"https:\/\/www.haekelfieber.de\/wp-blog\/"},{"@type":"ListItem","position":2,"name":"Deckchen"}]},{"@type":"WebSite","@id":"https:\/\/www.haekelfieber.de\/wp-blog\/#website","url":"https:\/\/www.haekelfieber.de\/wp-blog\/","name":"H\u00e4kelfieber","description":"Ich bin im...","publisher":{"@id":"https:\/\/www.haekelfieber.de\/wp-blog\/#organization"},"potentialAction":[{"@type":"SearchAction","target":{"@type":"EntryPoint","urlTemplate":"https:\/\/www.haekelfieber.de\/wp-blog\/?s={search_term_string}"},"query-input":{"@type":"PropertyValueSpecification","valueRequired":true,"valueName":"search_term_string"}}],"inLanguage":"de"},{"@type":"Organization","@id":"https:\/\/www.haekelfieber.de\/wp-blog\/#organization","name":"H\u00e4kelfieber","url":"https:\/\/www.haekelfieber.de\/wp-blog\/","logo":{"@type":"ImageObject","inLanguage":"de","@id":"https:\/\/www.haekelfieber.de\/wp-blog\/#\/schema\/logo\/image\/","url":"https:\/\/www.haekelfieber.de\/wp-blog\/wp-content\/uploads\/2023\/03\/kissen-haekeln2.jpg","contentUrl":"https:\/\/www.haekelfieber.de\/wp-blog\/wp-content\/uploads\/2023\/03\/kissen-haekeln2.jpg","width":683,"height":1024,"caption":"H\u00e4kelfieber"},"image":{"@id":"https:\/\/www.haekelfieber.de\/wp-blog\/#\/schema\/logo\/image\/"}}]}},"_links":{"self":[{"href":"https:\/\/www.haekelfieber.de\/wp-blog\/wp-json\/wp\/v2\/pages\/16528","targetHints":{"allow":["GET"]}}],"collection":[{"href":"https:\/\/www.haekelfieber.de\/wp-blog\/wp-json\/wp\/v2\/pages"}],"about":[{"href":"https:\/\/www.haekelfieber.de\/wp-blog\/wp-json\/wp\/v2\/types\/page"}],"author":[{"embeddable":true,"href":"https:\/\/www.haekelfieber.de\/wp-blog\/wp-json\/wp\/v2\/users\/1"}],"replies":[{"embeddable":true,"href":"https:\/\/www.haekelfieber.de\/wp-blog\/wp-json\/wp\/v2\/comments?post=16528"}],"version-history":[{"count":1,"href":"https:\/\/www.haekelfieber.de\/wp-blog\/wp-json\/wp\/v2\/pages\/16528\/revisions"}],"predecessor-version":[{"id":16530,"href":"https:\/\/www.haekelfieber.de\/wp-blog\/wp-json\/wp\/v2\/pages\/16528\/revisions\/16530"}],"wp:attachment":[{"href":"https:\/\/www.haekelfieber.de\/wp-blog\/wp-json\/wp\/v2\/media?parent=16528"}],"curies":[{"name":"wp","href":"https:\/\/api.w.org\/{rel}","templated":true}]}}