{"id":1875,"date":"2015-03-01T19:37:11","date_gmt":"2015-03-01T18:37:11","guid":{"rendered":"http:\/\/www.haekelfieber.de\/wp-blog\/?page_id=1875"},"modified":"2024-12-20T12:49:40","modified_gmt":"2024-12-20T11:49:40","slug":"hasen-haekeln","status":"publish","type":"page","link":"https:\/\/www.haekelfieber.de\/wp-blog\/hasen-haekeln\/","title":{"rendered":"Hase"},"content":{"rendered":"<p><a href=\"https:\/\/www.haekelfieber.de\/wp-blog\/wp-content\/uploads\/2015\/03\/Anleitung-Hasen-h\u00e4keln-3.jpg\"><img loading=\"lazy\" decoding=\"async\" class=\"aligncenter size-large wp-image-1865\" src=\"https:\/\/www.haekelfieber.de\/wp-blog\/wp-content\/uploads\/2015\/03\/Anleitung-Hasen-h\u00e4keln-3-450x600.jpg\" alt=\"Anleitung Hasen h\u00e4keln (3)\" width=\"450\" height=\"600\" srcset=\"https:\/\/www.haekelfieber.de\/wp-blog\/wp-content\/uploads\/2015\/03\/Anleitung-Hasen-h\u00e4keln-3-450x600.jpg 450w, https:\/\/www.haekelfieber.de\/wp-blog\/wp-content\/uploads\/2015\/03\/Anleitung-Hasen-h\u00e4keln-3-225x300.jpg 225w, https:\/\/www.haekelfieber.de\/wp-blog\/wp-content\/uploads\/2015\/03\/Anleitung-Hasen-h\u00e4keln-3.jpg 600w\" sizes=\"auto, (max-width: 450px) 100vw, 450px\" \/><\/a><br \/>\nIch habe mit reiner Wolle (Drops) gearbeitet.<br \/>\nDas macht den Hasel, \u00e4h, Hasen so sch\u00f6n flauschig \ud83d\ude42 .<\/p>\n<p style=\"text-align: center;\"><strong>Los geht&#8217;s<\/strong><\/p>\n<p>Erstmal die Abk\u00fcrzungen:<br \/>\nKm\u00a0\u00a0 = Kettmasche<br \/>\nLfm\u00a0 = Luftmasche<br \/>\nfM\u00a0\u00a0\u00a0\u00a0 = feste Masche<br \/>\nhStb = halbes St\u00e4bchen<br \/>\nStb\u00a0\u00a0 = St\u00e4bchen<br \/>\nDStb = Doppelst\u00e4bchen<\/p>\n<p><a href=\"https:\/\/www.haekelfieber.de\/wp-blog\/wp-content\/uploads\/2015\/03\/Anleitung-Hasen-h\u00e4keln-10.jpg\"><img loading=\"lazy\" decoding=\"async\" class=\"aligncenter size-large wp-image-1872\" src=\"https:\/\/www.haekelfieber.de\/wp-blog\/wp-content\/uploads\/2015\/03\/Anleitung-Hasen-h\u00e4keln-10-450x600.jpg\" alt=\"Anleitung Hasen h\u00e4keln (10)\" width=\"450\" height=\"600\" srcset=\"https:\/\/www.haekelfieber.de\/wp-blog\/wp-content\/uploads\/2015\/03\/Anleitung-Hasen-h\u00e4keln-10-450x600.jpg 450w, https:\/\/www.haekelfieber.de\/wp-blog\/wp-content\/uploads\/2015\/03\/Anleitung-Hasen-h\u00e4keln-10-225x300.jpg 225w, https:\/\/www.haekelfieber.de\/wp-blog\/wp-content\/uploads\/2015\/03\/Anleitung-Hasen-h\u00e4keln-10.jpg 600w\" sizes=\"auto, (max-width: 450px) 100vw, 450px\" \/><\/a><br \/>\nJetzt h\u00e4keln wir den Kreis:<\/p>\n<p><strong>1. Runde:<\/strong> In einen Fadenring 5 fM h\u00e4keln. Runde mit Km in die erste fM schlie\u00dfen.<br \/>\n<strong>2. Runde:<\/strong> 1 Steigeluftmasche h\u00e4keln. Diese bei jeder der noch folgenden drei Runden h\u00e4keln. Sie z\u00e4hlt nicht als feste Masche! Nun jede Masche der Vorrunde verdoppeln. Ergibt 10 Maschen. Diese, sowie die folgenden drei Runden beendet ihr mit einer Kettmasche in die Anfangsmasche.<br \/>\n<strong>3. Runde:<\/strong> Jede zweite Masche verdoppeln. Ergibt 15 feste Maschen<br \/>\n<strong>4. Runde:<\/strong> Jede dritte Masche verdoppeln. Ergibt 20 feste Maschen<br \/>\n<strong>5. Runde:<\/strong> Jede vierte Masche verdoppeln. Ergibt 25 feste Maschen<\/p>\n<p><a href=\"https:\/\/www.haekelfieber.de\/wp-blog\/wp-content\/uploads\/2015\/03\/Anleitung-Hasen-h\u00e4keln-8.jpg\"><img loading=\"lazy\" decoding=\"async\" class=\"aligncenter size-large wp-image-1870\" src=\"https:\/\/www.haekelfieber.de\/wp-blog\/wp-content\/uploads\/2015\/03\/Anleitung-Hasen-h\u00e4keln-8-450x600.jpg\" alt=\"Anleitung Hasen h\u00e4keln (8)\" width=\"450\" height=\"600\" srcset=\"https:\/\/www.haekelfieber.de\/wp-blog\/wp-content\/uploads\/2015\/03\/Anleitung-Hasen-h\u00e4keln-8-450x600.jpg 450w, https:\/\/www.haekelfieber.de\/wp-blog\/wp-content\/uploads\/2015\/03\/Anleitung-Hasen-h\u00e4keln-8-225x300.jpg 225w, https:\/\/www.haekelfieber.de\/wp-blog\/wp-content\/uploads\/2015\/03\/Anleitung-Hasen-h\u00e4keln-8.jpg 600w\" sizes=\"auto, (max-width: 450px) 100vw, 450px\" \/><\/a><br \/>\nJetzt h\u00e4keln wir die Ohren:<\/p>\n<p><strong>6. Runde:<\/strong> H\u00e4kelt, nachdem ihr die Vorrunde mit einer Kettmasche geschlossen habt, 8 Lfm. In die 2te Lfm ab H\u00e4kelnadel 1 fM arbeiten.<br \/>\nIn die folgenden Lfm je: 1 hStb, 1 Stb, 1 Stb, 1 Stb, 1 DStb, 1 DStb h\u00e4keln.<br \/>\nDas erste Ohr ist fertig.<br \/>\n\u00dcberspringt zwei Maschen und befestigt das Ohr mit einer Km in der dritten Masche.<\/p>\n<p><a href=\"https:\/\/www.haekelfieber.de\/wp-blog\/wp-content\/uploads\/2015\/03\/Anleitung-Hasen-h\u00e4keln-9.jpg\"><img loading=\"lazy\" decoding=\"async\" class=\"aligncenter size-large wp-image-1871\" src=\"https:\/\/www.haekelfieber.de\/wp-blog\/wp-content\/uploads\/2015\/03\/Anleitung-Hasen-h\u00e4keln-9-450x600.jpg\" alt=\"Anleitung Hasen h\u00e4keln (9)\" width=\"450\" height=\"600\" srcset=\"https:\/\/www.haekelfieber.de\/wp-blog\/wp-content\/uploads\/2015\/03\/Anleitung-Hasen-h\u00e4keln-9-450x600.jpg 450w, https:\/\/www.haekelfieber.de\/wp-blog\/wp-content\/uploads\/2015\/03\/Anleitung-Hasen-h\u00e4keln-9-225x300.jpg 225w, https:\/\/www.haekelfieber.de\/wp-blog\/wp-content\/uploads\/2015\/03\/Anleitung-Hasen-h\u00e4keln-9.jpg 600w\" sizes=\"auto, (max-width: 450px) 100vw, 450px\" \/><\/a><br \/>\n<strong>7. Runde:<\/strong> In die folgenden drei Maschen jeweils eine Km arbeiten.<br \/>\n<strong>8. Runde:<\/strong> Wiederholung der 6. Runde f\u00fcr das zweite Ohr.<\/p>\n<p><a href=\"https:\/\/www.haekelfieber.de\/wp-blog\/wp-content\/uploads\/2015\/03\/Anleitung-Hasen-h\u00e4keln-7.jpg\"><img loading=\"lazy\" decoding=\"async\" class=\"aligncenter size-large wp-image-1869\" src=\"https:\/\/www.haekelfieber.de\/wp-blog\/wp-content\/uploads\/2015\/03\/Anleitung-Hasen-h\u00e4keln-7-450x600.jpg\" alt=\"Anleitung Hasen h\u00e4keln (7)\" width=\"450\" height=\"600\" srcset=\"https:\/\/www.haekelfieber.de\/wp-blog\/wp-content\/uploads\/2015\/03\/Anleitung-Hasen-h\u00e4keln-7-450x600.jpg 450w, https:\/\/www.haekelfieber.de\/wp-blog\/wp-content\/uploads\/2015\/03\/Anleitung-Hasen-h\u00e4keln-7-225x300.jpg 225w, https:\/\/www.haekelfieber.de\/wp-blog\/wp-content\/uploads\/2015\/03\/Anleitung-Hasen-h\u00e4keln-7.jpg 600w\" sizes=\"auto, (max-width: 450px) 100vw, 450px\" \/><\/a><br \/>\n<strong>9. Runde:<\/strong> Neue Farbe. In diese und die folgende Masche &#8211; siehe Bild &#8211; je 1 hStb arbeiten. Stecht dabei nur in den hinteren Faden der Masche ein. Macht das bei der kompletten Umh\u00e4kelung. Die Ausnahme bildet jeweil die rechte Ohrenl\u00e4ngsseite. Da ist pro Masche nur ein Faden vorhanden.<br \/>\nDurch das Einstechen in den hinteren Teil der Masche wird die Form pr\u00e4ziser.<\/p>\n<p><a href=\"https:\/\/www.haekelfieber.de\/wp-blog\/wp-content\/uploads\/2015\/03\/Anleitung-Hasen-h\u00e4keln-6.jpg\"><img loading=\"lazy\" decoding=\"async\" class=\"aligncenter size-large wp-image-1868\" src=\"https:\/\/www.haekelfieber.de\/wp-blog\/wp-content\/uploads\/2015\/03\/Anleitung-Hasen-h\u00e4keln-6-450x600.jpg\" alt=\"Anleitung Hasen h\u00e4keln (6)\" width=\"450\" height=\"600\" srcset=\"https:\/\/www.haekelfieber.de\/wp-blog\/wp-content\/uploads\/2015\/03\/Anleitung-Hasen-h\u00e4keln-6-450x600.jpg 450w, https:\/\/www.haekelfieber.de\/wp-blog\/wp-content\/uploads\/2015\/03\/Anleitung-Hasen-h\u00e4keln-6-225x300.jpg 225w, https:\/\/www.haekelfieber.de\/wp-blog\/wp-content\/uploads\/2015\/03\/Anleitung-Hasen-h\u00e4keln-6.jpg 600w\" sizes=\"auto, (max-width: 450px) 100vw, 450px\" \/><\/a><br \/>\nAuf dem Foto seht ihr, mit wievielen fM ich die Ohren umh\u00e4kelt habe.<br \/>\nHabt ihr das zweite Ohr umh\u00e4kelt dann geht es weiter mit je einem hStb in die n\u00e4chsten zwei Maschen (das ist wieder der \u00dcbergang vom runden Kopf zu den Ohren, die kleine Mulde).<br \/>\nDann mit festen Maschen weiterh\u00e4keln und dabei jede dritte verdoppeln.<\/p>\n<p><a href=\"https:\/\/www.haekelfieber.de\/wp-blog\/wp-content\/uploads\/2015\/03\/Anleitung-Hasen-h\u00e4keln-5.jpg\"><img loading=\"lazy\" decoding=\"async\" class=\"aligncenter size-large wp-image-1867\" src=\"https:\/\/www.haekelfieber.de\/wp-blog\/wp-content\/uploads\/2015\/03\/Anleitung-Hasen-h\u00e4keln-5-450x600.jpg\" alt=\"Anleitung Hasen h\u00e4keln (5)\" width=\"450\" height=\"600\" srcset=\"https:\/\/www.haekelfieber.de\/wp-blog\/wp-content\/uploads\/2015\/03\/Anleitung-Hasen-h\u00e4keln-5-450x600.jpg 450w, https:\/\/www.haekelfieber.de\/wp-blog\/wp-content\/uploads\/2015\/03\/Anleitung-Hasen-h\u00e4keln-5-225x300.jpg 225w, https:\/\/www.haekelfieber.de\/wp-blog\/wp-content\/uploads\/2015\/03\/Anleitung-Hasen-h\u00e4keln-5.jpg 600w\" sizes=\"auto, (max-width: 450px) 100vw, 450px\" \/><\/a><br \/>\nSo sieht es bisher aus&#8230;<\/p>\n<p><a href=\"https:\/\/www.haekelfieber.de\/wp-blog\/wp-content\/uploads\/2015\/03\/Anleitung-Hasen-h\u00e4keln-4.jpg\"><img loading=\"lazy\" decoding=\"async\" class=\"aligncenter size-large wp-image-1866\" src=\"https:\/\/www.haekelfieber.de\/wp-blog\/wp-content\/uploads\/2015\/03\/Anleitung-Hasen-h\u00e4keln-4-450x600.jpg\" alt=\"Anleitung Hasen h\u00e4keln (4)\" width=\"450\" height=\"600\" srcset=\"https:\/\/www.haekelfieber.de\/wp-blog\/wp-content\/uploads\/2015\/03\/Anleitung-Hasen-h\u00e4keln-4-450x600.jpg 450w, https:\/\/www.haekelfieber.de\/wp-blog\/wp-content\/uploads\/2015\/03\/Anleitung-Hasen-h\u00e4keln-4-225x300.jpg 225w, https:\/\/www.haekelfieber.de\/wp-blog\/wp-content\/uploads\/2015\/03\/Anleitung-Hasen-h\u00e4keln-4.jpg 600w\" sizes=\"auto, (max-width: 450px) 100vw, 450px\" \/><\/a><br \/>\n&#8230;und weiter geht es mit dem Schn\u00e4uzchen.<\/p>\n<p>In einen Fadenring 5 fM h\u00e4keln und in der n\u00e4chsten Runde jede Masche verdoppeln. Ergibt 10 fM.<br \/>\nFertig! Ich habe das runde Teil mit der R\u00fcckseite nach vorne aufgen\u00e4ht. Mir gef\u00e4llt die H\u00e4kelstruktur von dieser Seite besser.<br \/>\nJetzt nur noch die Augen, Nase&#8230; aufsticken.<\/p>\n<p><a href=\"https:\/\/www.haekelfieber.de\/wp-blog\/wp-content\/uploads\/2015\/03\/Anleitung-Hasen-h\u00e4keln-2.jpg\"><img loading=\"lazy\" decoding=\"async\" class=\"aligncenter size-large wp-image-1864\" src=\"https:\/\/www.haekelfieber.de\/wp-blog\/wp-content\/uploads\/2015\/03\/Anleitung-Hasen-h\u00e4keln-2-450x600.jpg\" alt=\"Anleitung Hasen h\u00e4keln (2)\" width=\"450\" height=\"600\" srcset=\"https:\/\/www.haekelfieber.de\/wp-blog\/wp-content\/uploads\/2015\/03\/Anleitung-Hasen-h\u00e4keln-2-450x600.jpg 450w, https:\/\/www.haekelfieber.de\/wp-blog\/wp-content\/uploads\/2015\/03\/Anleitung-Hasen-h\u00e4keln-2-225x300.jpg 225w, https:\/\/www.haekelfieber.de\/wp-blog\/wp-content\/uploads\/2015\/03\/Anleitung-Hasen-h\u00e4keln-2.jpg 600w\" sizes=\"auto, (max-width: 450px) 100vw, 450px\" \/><\/a><br \/>\nFertig!!<br \/>\nOstern kann kommen.<br \/>\nObwohl. Hasen sind ganzjahrestauglich. Zumindest in der freien Natur. \ud83d\ude42<\/p>\n<p><a href=\"https:\/\/www.haekelfieber.de\/wp-blog\/wp-content\/uploads\/2015\/03\/Anleitung-Hasen-h\u00e4keln-1-e1425234569603.jpg\"><img loading=\"lazy\" decoding=\"async\" class=\"aligncenter size-large wp-image-1863\" src=\"https:\/\/www.haekelfieber.de\/wp-blog\/wp-content\/uploads\/2015\/03\/Anleitung-Hasen-h\u00e4keln-1-e1425234569603-600x450.jpg\" alt=\"Anleitung Hasen h\u00e4keln (1)\" width=\"600\" height=\"450\" srcset=\"https:\/\/www.haekelfieber.de\/wp-blog\/wp-content\/uploads\/2015\/03\/Anleitung-Hasen-h\u00e4keln-1-e1425234569603-600x450.jpg 600w, https:\/\/www.haekelfieber.de\/wp-blog\/wp-content\/uploads\/2015\/03\/Anleitung-Hasen-h\u00e4keln-1-e1425234569603-300x225.jpg 300w, https:\/\/www.haekelfieber.de\/wp-blog\/wp-content\/uploads\/2015\/03\/Anleitung-Hasen-h\u00e4keln-1-e1425234569603.jpg 800w\" sizes=\"auto, (max-width: 600px) 100vw, 600px\" \/><\/a><br \/>\nViel Spa\u00df beim Nacharbeiten! \ud83d\ude09<\/p>\n","protected":false},"excerpt":{"rendered":"<p>Ich habe mit reiner Wolle (Drops) gearbeitet. Das macht den Hasel, \u00e4h, Hasen so sch\u00f6n flauschig \ud83d\ude42 . Los geht&#8217;s Erstmal die Abk\u00fcrzungen: Km\u00a0\u00a0 = Kettmasche Lfm\u00a0 = Luftmasche fM\u00a0\u00a0\u00a0\u00a0 = feste Masche hStb = halbes St\u00e4bchen Stb\u00a0\u00a0 = St\u00e4bchen DStb = Doppelst\u00e4bchen Jetzt h\u00e4keln wir den Kreis: 1. Runde: In einen Fadenring 5 fM &hellip; <a href=\"https:\/\/www.haekelfieber.de\/wp-blog\/hasen-haekeln\/\" class=\"more-link\"><span class=\"screen-reader-text\">Hase<\/span> weiterlesen <span class=\"meta-nav\">&rarr;<\/span><\/a><\/p>\n","protected":false},"author":1,"featured_media":0,"parent":0,"menu_order":0,"comment_status":"open","ping_status":"open","template":"","meta":{"footnotes":""},"class_list":["post-1875","page","type-page","status-publish","hentry"],"yoast_head":"<!-- This site is optimized with the Yoast SEO plugin v27.4 - https:\/\/yoast.com\/product\/yoast-seo-wordpress\/ -->\n<title>Hase - H\u00e4kelfieber<\/title>\n<meta name=\"robots\" content=\"index, follow, max-snippet:-1, max-image-preview:large, max-video-preview:-1\" \/>\n<link rel=\"canonical\" href=\"https:\/\/www.haekelfieber.de\/wp-blog\/hasen-haekeln\/\" \/>\n<meta property=\"og:locale\" content=\"de_DE\" \/>\n<meta property=\"og:type\" content=\"article\" \/>\n<meta property=\"og:title\" content=\"Hase - H\u00e4kelfieber\" \/>\n<meta property=\"og:description\" content=\"Ich habe mit reiner Wolle (Drops) gearbeitet. Das macht den Hasel, \u00e4h, Hasen so sch\u00f6n flauschig \ud83d\ude42 . Los geht&#8217;s Erstmal die Abk\u00fcrzungen: Km\u00a0\u00a0 = Kettmasche Lfm\u00a0 = Luftmasche fM\u00a0\u00a0\u00a0\u00a0 = feste Masche hStb = halbes St\u00e4bchen Stb\u00a0\u00a0 = St\u00e4bchen DStb = Doppelst\u00e4bchen Jetzt h\u00e4keln wir den Kreis: 1. Runde: In einen Fadenring 5 fM &hellip; Hase weiterlesen &rarr;\" \/>\n<meta property=\"og:url\" content=\"https:\/\/www.haekelfieber.de\/wp-blog\/hasen-haekeln\/\" \/>\n<meta property=\"og:site_name\" content=\"H\u00e4kelfieber\" \/>\n<meta property=\"article:modified_time\" content=\"2024-12-20T11:49:40+00:00\" \/>\n<meta name=\"twitter:label1\" content=\"Gesch\u00e4tzte Lesezeit\" \/>\n\t<meta name=\"twitter:data1\" content=\"5\u00a0Minuten\" \/>\n<script type=\"application\/ld+json\" class=\"yoast-schema-graph\">{\"@context\":\"https:\\\/\\\/schema.org\",\"@graph\":[{\"@type\":\"WebPage\",\"@id\":\"https:\\\/\\\/www.haekelfieber.de\\\/wp-blog\\\/hasen-haekeln\\\/\",\"url\":\"https:\\\/\\\/www.haekelfieber.de\\\/wp-blog\\\/hasen-haekeln\\\/\",\"name\":\"Hase - H\u00e4kelfieber\",\"isPartOf\":{\"@id\":\"https:\\\/\\\/www.haekelfieber.de\\\/wp-blog\\\/#website\"},\"datePublished\":\"2015-03-01T18:37:11+00:00\",\"dateModified\":\"2024-12-20T11:49:40+00:00\",\"breadcrumb\":{\"@id\":\"https:\\\/\\\/www.haekelfieber.de\\\/wp-blog\\\/hasen-haekeln\\\/#breadcrumb\"},\"inLanguage\":\"de\",\"potentialAction\":[{\"@type\":\"ReadAction\",\"target\":[\"https:\\\/\\\/www.haekelfieber.de\\\/wp-blog\\\/hasen-haekeln\\\/\"]}]},{\"@type\":\"BreadcrumbList\",\"@id\":\"https:\\\/\\\/www.haekelfieber.de\\\/wp-blog\\\/hasen-haekeln\\\/#breadcrumb\",\"itemListElement\":[{\"@type\":\"ListItem\",\"position\":1,\"name\":\"Home\",\"item\":\"https:\\\/\\\/www.haekelfieber.de\\\/wp-blog\\\/\"},{\"@type\":\"ListItem\",\"position\":2,\"name\":\"Hase\"}]},{\"@type\":\"WebSite\",\"@id\":\"https:\\\/\\\/www.haekelfieber.de\\\/wp-blog\\\/#website\",\"url\":\"https:\\\/\\\/www.haekelfieber.de\\\/wp-blog\\\/\",\"name\":\"H\u00e4kelfieber\",\"description\":\"Ich bin im...\",\"publisher\":{\"@id\":\"https:\\\/\\\/www.haekelfieber.de\\\/wp-blog\\\/#organization\"},\"potentialAction\":[{\"@type\":\"SearchAction\",\"target\":{\"@type\":\"EntryPoint\",\"urlTemplate\":\"https:\\\/\\\/www.haekelfieber.de\\\/wp-blog\\\/?s={search_term_string}\"},\"query-input\":{\"@type\":\"PropertyValueSpecification\",\"valueRequired\":true,\"valueName\":\"search_term_string\"}}],\"inLanguage\":\"de\"},{\"@type\":\"Organization\",\"@id\":\"https:\\\/\\\/www.haekelfieber.de\\\/wp-blog\\\/#organization\",\"name\":\"H\u00e4kelfieber\",\"url\":\"https:\\\/\\\/www.haekelfieber.de\\\/wp-blog\\\/\",\"logo\":{\"@type\":\"ImageObject\",\"inLanguage\":\"de\",\"@id\":\"https:\\\/\\\/www.haekelfieber.de\\\/wp-blog\\\/#\\\/schema\\\/logo\\\/image\\\/\",\"url\":\"https:\\\/\\\/www.haekelfieber.de\\\/wp-blog\\\/wp-content\\\/uploads\\\/2023\\\/03\\\/kissen-haekeln2.jpg\",\"contentUrl\":\"https:\\\/\\\/www.haekelfieber.de\\\/wp-blog\\\/wp-content\\\/uploads\\\/2023\\\/03\\\/kissen-haekeln2.jpg\",\"width\":683,\"height\":1024,\"caption\":\"H\u00e4kelfieber\"},\"image\":{\"@id\":\"https:\\\/\\\/www.haekelfieber.de\\\/wp-blog\\\/#\\\/schema\\\/logo\\\/image\\\/\"}}]}<\/script>\n<!-- \/ Yoast SEO plugin. -->","yoast_head_json":{"title":"Hase - H\u00e4kelfieber","robots":{"index":"index","follow":"follow","max-snippet":"max-snippet:-1","max-image-preview":"max-image-preview:large","max-video-preview":"max-video-preview:-1"},"canonical":"https:\/\/www.haekelfieber.de\/wp-blog\/hasen-haekeln\/","og_locale":"de_DE","og_type":"article","og_title":"Hase - H\u00e4kelfieber","og_description":"Ich habe mit reiner Wolle (Drops) gearbeitet. Das macht den Hasel, \u00e4h, Hasen so sch\u00f6n flauschig \ud83d\ude42 . Los geht&#8217;s Erstmal die Abk\u00fcrzungen: Km\u00a0\u00a0 = Kettmasche Lfm\u00a0 = Luftmasche fM\u00a0\u00a0\u00a0\u00a0 = feste Masche hStb = halbes St\u00e4bchen Stb\u00a0\u00a0 = St\u00e4bchen DStb = Doppelst\u00e4bchen Jetzt h\u00e4keln wir den Kreis: 1. Runde: In einen Fadenring 5 fM &hellip; Hase weiterlesen &rarr;","og_url":"https:\/\/www.haekelfieber.de\/wp-blog\/hasen-haekeln\/","og_site_name":"H\u00e4kelfieber","article_modified_time":"2024-12-20T11:49:40+00:00","twitter_misc":{"Gesch\u00e4tzte Lesezeit":"5\u00a0Minuten"},"schema":{"@context":"https:\/\/schema.org","@graph":[{"@type":"WebPage","@id":"https:\/\/www.haekelfieber.de\/wp-blog\/hasen-haekeln\/","url":"https:\/\/www.haekelfieber.de\/wp-blog\/hasen-haekeln\/","name":"Hase - H\u00e4kelfieber","isPartOf":{"@id":"https:\/\/www.haekelfieber.de\/wp-blog\/#website"},"datePublished":"2015-03-01T18:37:11+00:00","dateModified":"2024-12-20T11:49:40+00:00","breadcrumb":{"@id":"https:\/\/www.haekelfieber.de\/wp-blog\/hasen-haekeln\/#breadcrumb"},"inLanguage":"de","potentialAction":[{"@type":"ReadAction","target":["https:\/\/www.haekelfieber.de\/wp-blog\/hasen-haekeln\/"]}]},{"@type":"BreadcrumbList","@id":"https:\/\/www.haekelfieber.de\/wp-blog\/hasen-haekeln\/#breadcrumb","itemListElement":[{"@type":"ListItem","position":1,"name":"Home","item":"https:\/\/www.haekelfieber.de\/wp-blog\/"},{"@type":"ListItem","position":2,"name":"Hase"}]},{"@type":"WebSite","@id":"https:\/\/www.haekelfieber.de\/wp-blog\/#website","url":"https:\/\/www.haekelfieber.de\/wp-blog\/","name":"H\u00e4kelfieber","description":"Ich bin im...","publisher":{"@id":"https:\/\/www.haekelfieber.de\/wp-blog\/#organization"},"potentialAction":[{"@type":"SearchAction","target":{"@type":"EntryPoint","urlTemplate":"https:\/\/www.haekelfieber.de\/wp-blog\/?s={search_term_string}"},"query-input":{"@type":"PropertyValueSpecification","valueRequired":true,"valueName":"search_term_string"}}],"inLanguage":"de"},{"@type":"Organization","@id":"https:\/\/www.haekelfieber.de\/wp-blog\/#organization","name":"H\u00e4kelfieber","url":"https:\/\/www.haekelfieber.de\/wp-blog\/","logo":{"@type":"ImageObject","inLanguage":"de","@id":"https:\/\/www.haekelfieber.de\/wp-blog\/#\/schema\/logo\/image\/","url":"https:\/\/www.haekelfieber.de\/wp-blog\/wp-content\/uploads\/2023\/03\/kissen-haekeln2.jpg","contentUrl":"https:\/\/www.haekelfieber.de\/wp-blog\/wp-content\/uploads\/2023\/03\/kissen-haekeln2.jpg","width":683,"height":1024,"caption":"H\u00e4kelfieber"},"image":{"@id":"https:\/\/www.haekelfieber.de\/wp-blog\/#\/schema\/logo\/image\/"}}]}},"_links":{"self":[{"href":"https:\/\/www.haekelfieber.de\/wp-blog\/wp-json\/wp\/v2\/pages\/1875","targetHints":{"allow":["GET"]}}],"collection":[{"href":"https:\/\/www.haekelfieber.de\/wp-blog\/wp-json\/wp\/v2\/pages"}],"about":[{"href":"https:\/\/www.haekelfieber.de\/wp-blog\/wp-json\/wp\/v2\/types\/page"}],"author":[{"embeddable":true,"href":"https:\/\/www.haekelfieber.de\/wp-blog\/wp-json\/wp\/v2\/users\/1"}],"replies":[{"embeddable":true,"href":"https:\/\/www.haekelfieber.de\/wp-blog\/wp-json\/wp\/v2\/comments?post=1875"}],"version-history":[{"count":3,"href":"https:\/\/www.haekelfieber.de\/wp-blog\/wp-json\/wp\/v2\/pages\/1875\/revisions"}],"predecessor-version":[{"id":15488,"href":"https:\/\/www.haekelfieber.de\/wp-blog\/wp-json\/wp\/v2\/pages\/1875\/revisions\/15488"}],"wp:attachment":[{"href":"https:\/\/www.haekelfieber.de\/wp-blog\/wp-json\/wp\/v2\/media?parent=1875"}],"curies":[{"name":"wp","href":"https:\/\/api.w.org\/{rel}","templated":true}]}}