{"id":2,"date":"2014-05-16T17:28:14","date_gmt":"2014-05-16T17:28:14","guid":{"rendered":"http:\/\/localhost\/wordpress-3.8\/wordpress\/?page_id=2"},"modified":"2015-09-16T08:00:39","modified_gmt":"2015-09-16T06:00:39","slug":"anleitung-fuer-eine-haekelborte","status":"publish","type":"page","link":"https:\/\/www.haekelfieber.de\/wp-blog\/anleitung-fuer-eine-haekelborte\/","title":{"rendered":"H\u00e4kelborte"},"content":{"rendered":"<p>Hier kommt die Anleitung f\u00fcr eine H\u00e4kelborte:<\/p>\n<p><a href=\"https:\/\/www.haekelfieber.de\/wp-blog\/wp-content\/uploads\/2014\/05\/2014-05-27-18.55.01.jpg\"><img loading=\"lazy\" decoding=\"async\" class=\"aligncenter wp-image-142\" src=\"https:\/\/www.haekelfieber.de\/wp-blog\/wp-content\/uploads\/2014\/05\/2014-05-27-18.55.01-1024x768.jpg\" alt=\"H\u00e4kelborte\" width=\"600\" height=\"450\" srcset=\"https:\/\/www.haekelfieber.de\/wp-blog\/wp-content\/uploads\/2014\/05\/2014-05-27-18.55.01-1024x768.jpg 1024w, https:\/\/www.haekelfieber.de\/wp-blog\/wp-content\/uploads\/2014\/05\/2014-05-27-18.55.01-300x225.jpg 300w, https:\/\/www.haekelfieber.de\/wp-blog\/wp-content\/uploads\/2014\/05\/2014-05-27-18.55.01.jpg 1600w\" sizes=\"auto, (max-width: 600px) 100vw, 600px\" \/><\/a><\/p>\n<p>Da ich noch nicht so ganz computerversiert bin und alles noch mehr Zeit in Anspruch nimmt, habe ich ganz einfach und praktisch versucht f\u00fcr euch das Muster in H\u00e4kelschrift zu schreiben.<br \/>\n<a href=\"https:\/\/www.haekelfieber.de\/wp-blog\/wp-content\/uploads\/2014\/05\/2014-05-27-18.35.15.jpg\"><img loading=\"lazy\" decoding=\"async\" class=\"aligncenter wp-image-141\" src=\"https:\/\/www.haekelfieber.de\/wp-blog\/wp-content\/uploads\/2014\/05\/2014-05-27-18.35.15-768x1024.jpg\" alt=\"Anleitung H\u00e4kelborte in H\u00e4kelschrift\" width=\"450\" height=\"600\" srcset=\"https:\/\/www.haekelfieber.de\/wp-blog\/wp-content\/uploads\/2014\/05\/2014-05-27-18.35.15-768x1024.jpg 768w, https:\/\/www.haekelfieber.de\/wp-blog\/wp-content\/uploads\/2014\/05\/2014-05-27-18.35.15-225x300.jpg 225w, https:\/\/www.haekelfieber.de\/wp-blog\/wp-content\/uploads\/2014\/05\/2014-05-27-18.35.15.jpg 1200w\" sizes=\"auto, (max-width: 450px) 100vw, 450px\" \/><\/a><\/p>\n<p>Gearbeitet habe ich mit einer 4er H\u00e4kelnadel. Ich verwende gern querbeet Baumwollgarn von ON line (Sandy Big), Schachenmayr (Catania Grande), Lana Grossa (Star) und einfaches Topflappengarn. Der Preis liegt bei ca. 2 EUR. Das finde ich gut.<\/p>\n<p>Bei folgendem H\u00e4kelstich wird die Wolle immer von hinten nach vorn geholt (zwischen zwei St\u00e4bchen hindurch). Die Wolle bleibt immer auf der R\u00fcckseite des H\u00e4kelst\u00fcck&#8217;s.<\/p>\n<p><a href=\"https:\/\/www.haekelfieber.de\/wp-blog\/wp-content\/uploads\/2014\/05\/2014-05-27-18.02.28.jpg\"><br \/>\n<\/a><a href=\"https:\/\/www.haekelfieber.de\/wp-blog\/wp-content\/uploads\/2014\/05\/2014-05-27-18.02.28.jpg\"><img loading=\"lazy\" decoding=\"async\" class=\"aligncenter wp-image-115 size-large\" src=\"https:\/\/www.haekelfieber.de\/wp-blog\/wp-content\/uploads\/2014\/05\/2014-05-27-18.02.28-1024x768.jpg\" alt=\"Anleitung H\u00e4kelborte\" width=\"604\" height=\"453\" srcset=\"https:\/\/www.haekelfieber.de\/wp-blog\/wp-content\/uploads\/2014\/05\/2014-05-27-18.02.28-1024x768.jpg 1024w, https:\/\/www.haekelfieber.de\/wp-blog\/wp-content\/uploads\/2014\/05\/2014-05-27-18.02.28-300x225.jpg 300w, https:\/\/www.haekelfieber.de\/wp-blog\/wp-content\/uploads\/2014\/05\/2014-05-27-18.02.28.jpg 1600w\" sizes=\"auto, (max-width: 604px) 100vw, 604px\" \/><\/a> <a href=\"https:\/\/www.haekelfieber.de\/wp-blog\/wp-content\/uploads\/2014\/05\/2014-05-27-18.02.49.jpg\"><br \/>\n<\/a><a href=\"https:\/\/www.haekelfieber.de\/wp-blog\/wp-content\/uploads\/2014\/05\/2014-05-27-18.02.49.jpg\"><img loading=\"lazy\" decoding=\"async\" class=\"aligncenter wp-image-116 size-large\" src=\"https:\/\/www.haekelfieber.de\/wp-blog\/wp-content\/uploads\/2014\/05\/2014-05-27-18.02.49-1024x768.jpg\" alt=\"Anleitung H\u00e4kelborte\" width=\"604\" height=\"453\" srcset=\"https:\/\/www.haekelfieber.de\/wp-blog\/wp-content\/uploads\/2014\/05\/2014-05-27-18.02.49-1024x768.jpg 1024w, https:\/\/www.haekelfieber.de\/wp-blog\/wp-content\/uploads\/2014\/05\/2014-05-27-18.02.49-300x225.jpg 300w, https:\/\/www.haekelfieber.de\/wp-blog\/wp-content\/uploads\/2014\/05\/2014-05-27-18.02.49.jpg 1600w\" sizes=\"auto, (max-width: 604px) 100vw, 604px\" \/><\/a> <a href=\"https:\/\/www.haekelfieber.de\/wp-blog\/wp-content\/uploads\/2014\/05\/2014-05-27-18.03.20.jpg\"><br \/>\n<\/a><a href=\"https:\/\/www.haekelfieber.de\/wp-blog\/wp-content\/uploads\/2014\/05\/2014-05-27-18.03.20.jpg\"><img loading=\"lazy\" decoding=\"async\" class=\"aligncenter wp-image-117 size-large\" src=\"https:\/\/www.haekelfieber.de\/wp-blog\/wp-content\/uploads\/2014\/05\/2014-05-27-18.03.20-1024x768.jpg\" alt=\"Anleitung H\u00e4kelborte\" width=\"604\" height=\"453\" srcset=\"https:\/\/www.haekelfieber.de\/wp-blog\/wp-content\/uploads\/2014\/05\/2014-05-27-18.03.20-1024x768.jpg 1024w, https:\/\/www.haekelfieber.de\/wp-blog\/wp-content\/uploads\/2014\/05\/2014-05-27-18.03.20-300x225.jpg 300w, https:\/\/www.haekelfieber.de\/wp-blog\/wp-content\/uploads\/2014\/05\/2014-05-27-18.03.20.jpg 1600w\" sizes=\"auto, (max-width: 604px) 100vw, 604px\" \/><\/a> <a href=\"https:\/\/www.haekelfieber.de\/wp-blog\/wp-content\/uploads\/2014\/05\/2014-05-27-18.03.58.jpg\"><br \/>\n<\/a><a href=\"https:\/\/www.haekelfieber.de\/wp-blog\/wp-content\/uploads\/2014\/05\/2014-05-27-18.03.58.jpg\"><img loading=\"lazy\" decoding=\"async\" class=\"aligncenter wp-image-118 size-large\" src=\"https:\/\/www.haekelfieber.de\/wp-blog\/wp-content\/uploads\/2014\/05\/2014-05-27-18.03.58-1024x768.jpg\" alt=\"Anleitung H\u00e4kelborte\" width=\"604\" height=\"453\" srcset=\"https:\/\/www.haekelfieber.de\/wp-blog\/wp-content\/uploads\/2014\/05\/2014-05-27-18.03.58-1024x768.jpg 1024w, https:\/\/www.haekelfieber.de\/wp-blog\/wp-content\/uploads\/2014\/05\/2014-05-27-18.03.58-300x225.jpg 300w, https:\/\/www.haekelfieber.de\/wp-blog\/wp-content\/uploads\/2014\/05\/2014-05-27-18.03.58.jpg 1600w\" sizes=\"auto, (max-width: 604px) 100vw, 604px\" \/><\/a> <a href=\"https:\/\/www.haekelfieber.de\/wp-blog\/wp-content\/uploads\/2014\/05\/2014-05-27-18.05.13.jpg\"><br \/>\n<\/a><a href=\"https:\/\/www.haekelfieber.de\/wp-blog\/wp-content\/uploads\/2014\/05\/2014-05-27-18.05.13.jpg\"><img loading=\"lazy\" decoding=\"async\" class=\"aligncenter wp-image-119 size-large\" src=\"https:\/\/www.haekelfieber.de\/wp-blog\/wp-content\/uploads\/2014\/05\/2014-05-27-18.05.13-1024x768.jpg\" alt=\"Anleitung H\u00e4kelborte\" width=\"604\" height=\"453\" srcset=\"https:\/\/www.haekelfieber.de\/wp-blog\/wp-content\/uploads\/2014\/05\/2014-05-27-18.05.13-1024x768.jpg 1024w, https:\/\/www.haekelfieber.de\/wp-blog\/wp-content\/uploads\/2014\/05\/2014-05-27-18.05.13-300x225.jpg 300w, https:\/\/www.haekelfieber.de\/wp-blog\/wp-content\/uploads\/2014\/05\/2014-05-27-18.05.13.jpg 1600w\" sizes=\"auto, (max-width: 604px) 100vw, 604px\" \/><\/a> <a href=\"https:\/\/www.haekelfieber.de\/wp-blog\/wp-content\/uploads\/2014\/05\/2014-05-27-18.05.55.jpg\"><br \/>\n<\/a><a href=\"https:\/\/www.haekelfieber.de\/wp-blog\/wp-content\/uploads\/2014\/05\/2014-05-27-18.05.55.jpg\"><img loading=\"lazy\" decoding=\"async\" class=\"aligncenter wp-image-120 size-large\" src=\"https:\/\/www.haekelfieber.de\/wp-blog\/wp-content\/uploads\/2014\/05\/2014-05-27-18.05.55-1024x768.jpg\" alt=\"Anleitung H\u00e4kelborte\" width=\"604\" height=\"453\" srcset=\"https:\/\/www.haekelfieber.de\/wp-blog\/wp-content\/uploads\/2014\/05\/2014-05-27-18.05.55-1024x768.jpg 1024w, https:\/\/www.haekelfieber.de\/wp-blog\/wp-content\/uploads\/2014\/05\/2014-05-27-18.05.55-300x225.jpg 300w, https:\/\/www.haekelfieber.de\/wp-blog\/wp-content\/uploads\/2014\/05\/2014-05-27-18.05.55.jpg 1600w\" sizes=\"auto, (max-width: 604px) 100vw, 604px\" \/><\/a> <a href=\"https:\/\/www.haekelfieber.de\/wp-blog\/wp-content\/uploads\/2014\/05\/2014-05-27-18.06.34.jpg\"><img loading=\"lazy\" decoding=\"async\" class=\"aligncenter wp-image-121 size-large\" src=\"https:\/\/www.haekelfieber.de\/wp-blog\/wp-content\/uploads\/2014\/05\/2014-05-27-18.06.34-1024x768.jpg\" alt=\"Anleitung H\u00e4kelborte\" width=\"604\" height=\"453\" srcset=\"https:\/\/www.haekelfieber.de\/wp-blog\/wp-content\/uploads\/2014\/05\/2014-05-27-18.06.34-1024x768.jpg 1024w, https:\/\/www.haekelfieber.de\/wp-blog\/wp-content\/uploads\/2014\/05\/2014-05-27-18.06.34-300x225.jpg 300w, https:\/\/www.haekelfieber.de\/wp-blog\/wp-content\/uploads\/2014\/05\/2014-05-27-18.06.34.jpg 1600w\" sizes=\"auto, (max-width: 604px) 100vw, 604px\" \/><\/a><\/p>\n","protected":false},"excerpt":{"rendered":"<p>Hier kommt die Anleitung f\u00fcr eine H\u00e4kelborte: Da ich noch nicht so ganz computerversiert bin und alles noch mehr Zeit in Anspruch nimmt, habe ich ganz einfach und praktisch versucht f\u00fcr euch das Muster in H\u00e4kelschrift zu schreiben. Gearbeitet habe ich mit einer 4er H\u00e4kelnadel. Ich verwende gern querbeet Baumwollgarn von ON line (Sandy Big), &hellip; <a href=\"https:\/\/www.haekelfieber.de\/wp-blog\/anleitung-fuer-eine-haekelborte\/\" class=\"more-link\"><span class=\"screen-reader-text\">H\u00e4kelborte<\/span> weiterlesen <span class=\"meta-nav\">&rarr;<\/span><\/a><\/p>\n","protected":false},"author":1,"featured_media":0,"parent":0,"menu_order":0,"comment_status":"open","ping_status":"open","template":"","meta":{"footnotes":""},"class_list":["post-2","page","type-page","status-publish","hentry"],"yoast_head":"<!-- This site is optimized with the Yoast SEO plugin v27.4 - https:\/\/yoast.com\/product\/yoast-seo-wordpress\/ -->\n<title>Anleitung f\u00fcr eine H\u00e4kelborte<\/title>\n<meta name=\"robots\" content=\"index, follow, max-snippet:-1, max-image-preview:large, max-video-preview:-1\" \/>\n<link rel=\"canonical\" href=\"https:\/\/www.haekelfieber.de\/wp-blog\/anleitung-fuer-eine-haekelborte\/\" \/>\n<meta property=\"og:locale\" content=\"de_DE\" \/>\n<meta property=\"og:type\" content=\"article\" \/>\n<meta property=\"og:title\" content=\"Anleitung f\u00fcr eine H\u00e4kelborte\" \/>\n<meta property=\"og:description\" content=\"Hier kommt die Anleitung f\u00fcr eine H\u00e4kelborte: Da ich noch nicht so ganz computerversiert bin und alles noch mehr Zeit in Anspruch nimmt, habe ich ganz einfach und praktisch versucht f\u00fcr euch das Muster in H\u00e4kelschrift zu schreiben. Gearbeitet habe ich mit einer 4er H\u00e4kelnadel. Ich verwende gern querbeet Baumwollgarn von ON line (Sandy Big), &hellip; H\u00e4kelborte weiterlesen &rarr;\" \/>\n<meta property=\"og:url\" content=\"https:\/\/www.haekelfieber.de\/wp-blog\/anleitung-fuer-eine-haekelborte\/\" \/>\n<meta property=\"og:site_name\" content=\"H\u00e4kelfieber\" \/>\n<meta property=\"article:modified_time\" content=\"2015-09-16T06:00:39+00:00\" \/>\n<meta property=\"og:image\" content=\"https:\/\/www.haekelfieber.de\/wp-blog\/wp-content\/uploads\/2014\/05\/2014-05-27-18.55.01-1024x768.jpg\" \/>\n<meta name=\"twitter:label1\" content=\"Gesch\u00e4tzte Lesezeit\" \/>\n\t<meta name=\"twitter:data1\" content=\"1\u00a0Minute\" \/>\n<script type=\"application\/ld+json\" class=\"yoast-schema-graph\">{\"@context\":\"https:\\\/\\\/schema.org\",\"@graph\":[{\"@type\":\"WebPage\",\"@id\":\"https:\\\/\\\/www.haekelfieber.de\\\/wp-blog\\\/anleitung-fuer-eine-haekelborte\\\/\",\"url\":\"https:\\\/\\\/www.haekelfieber.de\\\/wp-blog\\\/anleitung-fuer-eine-haekelborte\\\/\",\"name\":\"Anleitung f\u00fcr eine H\u00e4kelborte\",\"isPartOf\":{\"@id\":\"https:\\\/\\\/www.haekelfieber.de\\\/wp-blog\\\/#website\"},\"primaryImageOfPage\":{\"@id\":\"https:\\\/\\\/www.haekelfieber.de\\\/wp-blog\\\/anleitung-fuer-eine-haekelborte\\\/#primaryimage\"},\"image\":{\"@id\":\"https:\\\/\\\/www.haekelfieber.de\\\/wp-blog\\\/anleitung-fuer-eine-haekelborte\\\/#primaryimage\"},\"thumbnailUrl\":\"https:\\\/\\\/www.haekelfieber.de\\\/wp-blog\\\/wp-content\\\/uploads\\\/2014\\\/05\\\/2014-05-27-18.55.01-1024x768.jpg\",\"datePublished\":\"2014-05-16T17:28:14+00:00\",\"dateModified\":\"2015-09-16T06:00:39+00:00\",\"breadcrumb\":{\"@id\":\"https:\\\/\\\/www.haekelfieber.de\\\/wp-blog\\\/anleitung-fuer-eine-haekelborte\\\/#breadcrumb\"},\"inLanguage\":\"de\",\"potentialAction\":[{\"@type\":\"ReadAction\",\"target\":[\"https:\\\/\\\/www.haekelfieber.de\\\/wp-blog\\\/anleitung-fuer-eine-haekelborte\\\/\"]}]},{\"@type\":\"ImageObject\",\"inLanguage\":\"de\",\"@id\":\"https:\\\/\\\/www.haekelfieber.de\\\/wp-blog\\\/anleitung-fuer-eine-haekelborte\\\/#primaryimage\",\"url\":\"https:\\\/\\\/www.haekelfieber.de\\\/wp-blog\\\/wp-content\\\/uploads\\\/2014\\\/05\\\/2014-05-27-18.55.01.jpg\",\"contentUrl\":\"https:\\\/\\\/www.haekelfieber.de\\\/wp-blog\\\/wp-content\\\/uploads\\\/2014\\\/05\\\/2014-05-27-18.55.01.jpg\",\"width\":1600,\"height\":1200},{\"@type\":\"BreadcrumbList\",\"@id\":\"https:\\\/\\\/www.haekelfieber.de\\\/wp-blog\\\/anleitung-fuer-eine-haekelborte\\\/#breadcrumb\",\"itemListElement\":[{\"@type\":\"ListItem\",\"position\":1,\"name\":\"Home\",\"item\":\"https:\\\/\\\/www.haekelfieber.de\\\/wp-blog\\\/\"},{\"@type\":\"ListItem\",\"position\":2,\"name\":\"H\u00e4kelborte\"}]},{\"@type\":\"WebSite\",\"@id\":\"https:\\\/\\\/www.haekelfieber.de\\\/wp-blog\\\/#website\",\"url\":\"https:\\\/\\\/www.haekelfieber.de\\\/wp-blog\\\/\",\"name\":\"H\u00e4kelfieber\",\"description\":\"Ich bin im...\",\"publisher\":{\"@id\":\"https:\\\/\\\/www.haekelfieber.de\\\/wp-blog\\\/#organization\"},\"potentialAction\":[{\"@type\":\"SearchAction\",\"target\":{\"@type\":\"EntryPoint\",\"urlTemplate\":\"https:\\\/\\\/www.haekelfieber.de\\\/wp-blog\\\/?s={search_term_string}\"},\"query-input\":{\"@type\":\"PropertyValueSpecification\",\"valueRequired\":true,\"valueName\":\"search_term_string\"}}],\"inLanguage\":\"de\"},{\"@type\":\"Organization\",\"@id\":\"https:\\\/\\\/www.haekelfieber.de\\\/wp-blog\\\/#organization\",\"name\":\"H\u00e4kelfieber\",\"url\":\"https:\\\/\\\/www.haekelfieber.de\\\/wp-blog\\\/\",\"logo\":{\"@type\":\"ImageObject\",\"inLanguage\":\"de\",\"@id\":\"https:\\\/\\\/www.haekelfieber.de\\\/wp-blog\\\/#\\\/schema\\\/logo\\\/image\\\/\",\"url\":\"https:\\\/\\\/www.haekelfieber.de\\\/wp-blog\\\/wp-content\\\/uploads\\\/2023\\\/03\\\/kissen-haekeln2.jpg\",\"contentUrl\":\"https:\\\/\\\/www.haekelfieber.de\\\/wp-blog\\\/wp-content\\\/uploads\\\/2023\\\/03\\\/kissen-haekeln2.jpg\",\"width\":683,\"height\":1024,\"caption\":\"H\u00e4kelfieber\"},\"image\":{\"@id\":\"https:\\\/\\\/www.haekelfieber.de\\\/wp-blog\\\/#\\\/schema\\\/logo\\\/image\\\/\"}}]}<\/script>\n<!-- \/ Yoast SEO plugin. -->","yoast_head_json":{"title":"Anleitung f\u00fcr eine H\u00e4kelborte","robots":{"index":"index","follow":"follow","max-snippet":"max-snippet:-1","max-image-preview":"max-image-preview:large","max-video-preview":"max-video-preview:-1"},"canonical":"https:\/\/www.haekelfieber.de\/wp-blog\/anleitung-fuer-eine-haekelborte\/","og_locale":"de_DE","og_type":"article","og_title":"Anleitung f\u00fcr eine H\u00e4kelborte","og_description":"Hier kommt die Anleitung f\u00fcr eine H\u00e4kelborte: Da ich noch nicht so ganz computerversiert bin und alles noch mehr Zeit in Anspruch nimmt, habe ich ganz einfach und praktisch versucht f\u00fcr euch das Muster in H\u00e4kelschrift zu schreiben. Gearbeitet habe ich mit einer 4er H\u00e4kelnadel. Ich verwende gern querbeet Baumwollgarn von ON line (Sandy Big), &hellip; H\u00e4kelborte weiterlesen &rarr;","og_url":"https:\/\/www.haekelfieber.de\/wp-blog\/anleitung-fuer-eine-haekelborte\/","og_site_name":"H\u00e4kelfieber","article_modified_time":"2015-09-16T06:00:39+00:00","og_image":[{"url":"https:\/\/www.haekelfieber.de\/wp-blog\/wp-content\/uploads\/2014\/05\/2014-05-27-18.55.01-1024x768.jpg","type":"","width":"","height":""}],"twitter_misc":{"Gesch\u00e4tzte Lesezeit":"1\u00a0Minute"},"schema":{"@context":"https:\/\/schema.org","@graph":[{"@type":"WebPage","@id":"https:\/\/www.haekelfieber.de\/wp-blog\/anleitung-fuer-eine-haekelborte\/","url":"https:\/\/www.haekelfieber.de\/wp-blog\/anleitung-fuer-eine-haekelborte\/","name":"Anleitung f\u00fcr eine H\u00e4kelborte","isPartOf":{"@id":"https:\/\/www.haekelfieber.de\/wp-blog\/#website"},"primaryImageOfPage":{"@id":"https:\/\/www.haekelfieber.de\/wp-blog\/anleitung-fuer-eine-haekelborte\/#primaryimage"},"image":{"@id":"https:\/\/www.haekelfieber.de\/wp-blog\/anleitung-fuer-eine-haekelborte\/#primaryimage"},"thumbnailUrl":"https:\/\/www.haekelfieber.de\/wp-blog\/wp-content\/uploads\/2014\/05\/2014-05-27-18.55.01-1024x768.jpg","datePublished":"2014-05-16T17:28:14+00:00","dateModified":"2015-09-16T06:00:39+00:00","breadcrumb":{"@id":"https:\/\/www.haekelfieber.de\/wp-blog\/anleitung-fuer-eine-haekelborte\/#breadcrumb"},"inLanguage":"de","potentialAction":[{"@type":"ReadAction","target":["https:\/\/www.haekelfieber.de\/wp-blog\/anleitung-fuer-eine-haekelborte\/"]}]},{"@type":"ImageObject","inLanguage":"de","@id":"https:\/\/www.haekelfieber.de\/wp-blog\/anleitung-fuer-eine-haekelborte\/#primaryimage","url":"https:\/\/www.haekelfieber.de\/wp-blog\/wp-content\/uploads\/2014\/05\/2014-05-27-18.55.01.jpg","contentUrl":"https:\/\/www.haekelfieber.de\/wp-blog\/wp-content\/uploads\/2014\/05\/2014-05-27-18.55.01.jpg","width":1600,"height":1200},{"@type":"BreadcrumbList","@id":"https:\/\/www.haekelfieber.de\/wp-blog\/anleitung-fuer-eine-haekelborte\/#breadcrumb","itemListElement":[{"@type":"ListItem","position":1,"name":"Home","item":"https:\/\/www.haekelfieber.de\/wp-blog\/"},{"@type":"ListItem","position":2,"name":"H\u00e4kelborte"}]},{"@type":"WebSite","@id":"https:\/\/www.haekelfieber.de\/wp-blog\/#website","url":"https:\/\/www.haekelfieber.de\/wp-blog\/","name":"H\u00e4kelfieber","description":"Ich bin im...","publisher":{"@id":"https:\/\/www.haekelfieber.de\/wp-blog\/#organization"},"potentialAction":[{"@type":"SearchAction","target":{"@type":"EntryPoint","urlTemplate":"https:\/\/www.haekelfieber.de\/wp-blog\/?s={search_term_string}"},"query-input":{"@type":"PropertyValueSpecification","valueRequired":true,"valueName":"search_term_string"}}],"inLanguage":"de"},{"@type":"Organization","@id":"https:\/\/www.haekelfieber.de\/wp-blog\/#organization","name":"H\u00e4kelfieber","url":"https:\/\/www.haekelfieber.de\/wp-blog\/","logo":{"@type":"ImageObject","inLanguage":"de","@id":"https:\/\/www.haekelfieber.de\/wp-blog\/#\/schema\/logo\/image\/","url":"https:\/\/www.haekelfieber.de\/wp-blog\/wp-content\/uploads\/2023\/03\/kissen-haekeln2.jpg","contentUrl":"https:\/\/www.haekelfieber.de\/wp-blog\/wp-content\/uploads\/2023\/03\/kissen-haekeln2.jpg","width":683,"height":1024,"caption":"H\u00e4kelfieber"},"image":{"@id":"https:\/\/www.haekelfieber.de\/wp-blog\/#\/schema\/logo\/image\/"}}]}},"_links":{"self":[{"href":"https:\/\/www.haekelfieber.de\/wp-blog\/wp-json\/wp\/v2\/pages\/2","targetHints":{"allow":["GET"]}}],"collection":[{"href":"https:\/\/www.haekelfieber.de\/wp-blog\/wp-json\/wp\/v2\/pages"}],"about":[{"href":"https:\/\/www.haekelfieber.de\/wp-blog\/wp-json\/wp\/v2\/types\/page"}],"author":[{"embeddable":true,"href":"https:\/\/www.haekelfieber.de\/wp-blog\/wp-json\/wp\/v2\/users\/1"}],"replies":[{"embeddable":true,"href":"https:\/\/www.haekelfieber.de\/wp-blog\/wp-json\/wp\/v2\/comments?post=2"}],"version-history":[{"count":8,"href":"https:\/\/www.haekelfieber.de\/wp-blog\/wp-json\/wp\/v2\/pages\/2\/revisions"}],"predecessor-version":[{"id":3165,"href":"https:\/\/www.haekelfieber.de\/wp-blog\/wp-json\/wp\/v2\/pages\/2\/revisions\/3165"}],"wp:attachment":[{"href":"https:\/\/www.haekelfieber.de\/wp-blog\/wp-json\/wp\/v2\/media?parent=2"}],"curies":[{"name":"wp","href":"https:\/\/api.w.org\/{rel}","templated":true}]}}