{"id":2075,"date":"2015-04-03T10:56:50","date_gmt":"2015-04-03T08:56:50","guid":{"rendered":"http:\/\/www.haekelfieber.de\/wp-blog\/?page_id=2075"},"modified":"2015-04-03T10:56:50","modified_gmt":"2015-04-03T08:56:50","slug":"spitze-fuer-das-fenster","status":"publish","type":"page","link":"https:\/\/www.haekelfieber.de\/wp-blog\/spitze-fuer-das-fenster\/","title":{"rendered":"Spitze f\u00fcr das Fenster"},"content":{"rendered":"<p>Hier, wie versprochen, die &#8222;gemalte&#8220; H\u00e4kelanleitung.<\/p>\n<p><a href=\"https:\/\/www.haekelfieber.de\/wp-blog\/wp-content\/uploads\/2015\/03\/H\u00e4kelspitze-1.jpg\"><img loading=\"lazy\" decoding=\"async\" class=\"aligncenter size-large wp-image-2063\" src=\"https:\/\/www.haekelfieber.de\/wp-blog\/wp-content\/uploads\/2015\/03\/H\u00e4kelspitze-1-600x450.jpg\" alt=\"H\u00e4kelspitze (1)\" width=\"600\" height=\"450\" srcset=\"https:\/\/www.haekelfieber.de\/wp-blog\/wp-content\/uploads\/2015\/03\/H\u00e4kelspitze-1-600x450.jpg 600w, https:\/\/www.haekelfieber.de\/wp-blog\/wp-content\/uploads\/2015\/03\/H\u00e4kelspitze-1-300x225.jpg 300w, https:\/\/www.haekelfieber.de\/wp-blog\/wp-content\/uploads\/2015\/03\/H\u00e4kelspitze-1.jpg 800w\" sizes=\"auto, (max-width: 600px) 100vw, 600px\" \/><\/a><br \/>\nUm diese H\u00e4kelspitze geht es.<\/p>\n<p><a href=\"https:\/\/www.haekelfieber.de\/wp-blog\/wp-content\/uploads\/2015\/04\/Anleitung-Spitze-h\u00e4keln-2-e1428051211334.jpg\"><img loading=\"lazy\" decoding=\"async\" class=\"aligncenter size-large wp-image-2076\" src=\"https:\/\/www.haekelfieber.de\/wp-blog\/wp-content\/uploads\/2015\/04\/Anleitung-Spitze-h\u00e4keln-2-e1428051211334-600x450.jpg\" alt=\"Anleitung Spitze h\u00e4keln (2)\" width=\"600\" height=\"450\" srcset=\"https:\/\/www.haekelfieber.de\/wp-blog\/wp-content\/uploads\/2015\/04\/Anleitung-Spitze-h\u00e4keln-2-e1428051211334-600x450.jpg 600w, https:\/\/www.haekelfieber.de\/wp-blog\/wp-content\/uploads\/2015\/04\/Anleitung-Spitze-h\u00e4keln-2-e1428051211334-300x225.jpg 300w, https:\/\/www.haekelfieber.de\/wp-blog\/wp-content\/uploads\/2015\/04\/Anleitung-Spitze-h\u00e4keln-2-e1428051211334.jpg 800w\" sizes=\"auto, (max-width: 600px) 100vw, 600px\" \/><\/a><br \/>\n<a href=\"https:\/\/www.haekelfieber.de\/wp-blog\/wp-content\/uploads\/2015\/04\/Anleitung-Spitze-h\u00e4keln-1-e1428051229299.jpg\"><img loading=\"lazy\" decoding=\"async\" class=\"aligncenter size-large wp-image-2078\" src=\"https:\/\/www.haekelfieber.de\/wp-blog\/wp-content\/uploads\/2015\/04\/Anleitung-Spitze-h\u00e4keln-1-e1428051229299-600x450.jpg\" alt=\"Anleitung Spitze h\u00e4keln (1)\" width=\"600\" height=\"450\" srcset=\"https:\/\/www.haekelfieber.de\/wp-blog\/wp-content\/uploads\/2015\/04\/Anleitung-Spitze-h\u00e4keln-1-e1428051229299-600x450.jpg 600w, https:\/\/www.haekelfieber.de\/wp-blog\/wp-content\/uploads\/2015\/04\/Anleitung-Spitze-h\u00e4keln-1-e1428051229299-300x225.jpg 300w, https:\/\/www.haekelfieber.de\/wp-blog\/wp-content\/uploads\/2015\/04\/Anleitung-Spitze-h\u00e4keln-1-e1428051229299.jpg 800w\" sizes=\"auto, (max-width: 600px) 100vw, 600px\" \/><\/a><br \/>\n<a href=\"https:\/\/www.haekelfieber.de\/wp-blog\/wp-content\/uploads\/2015\/04\/Anleitung-Spitze-h\u00e4keln-3-e1428051222882.jpg\"><img loading=\"lazy\" decoding=\"async\" class=\"aligncenter size-large wp-image-2077\" src=\"https:\/\/www.haekelfieber.de\/wp-blog\/wp-content\/uploads\/2015\/04\/Anleitung-Spitze-h\u00e4keln-3-e1428051222882-600x450.jpg\" alt=\"Anleitung Spitze h\u00e4keln (3)\" width=\"600\" height=\"450\" srcset=\"https:\/\/www.haekelfieber.de\/wp-blog\/wp-content\/uploads\/2015\/04\/Anleitung-Spitze-h\u00e4keln-3-e1428051222882-600x450.jpg 600w, https:\/\/www.haekelfieber.de\/wp-blog\/wp-content\/uploads\/2015\/04\/Anleitung-Spitze-h\u00e4keln-3-e1428051222882-300x225.jpg 300w, https:\/\/www.haekelfieber.de\/wp-blog\/wp-content\/uploads\/2015\/04\/Anleitung-Spitze-h\u00e4keln-3-e1428051222882.jpg 800w\" sizes=\"auto, (max-width: 600px) 100vw, 600px\" \/><\/a><br \/>\nDie Gr\u00f6\u00dfe der H\u00e4kelspitze passt ihr bitte euren Bed\u00fcrfnissen (Breite, L\u00e4nge) an! \ud83d\ude42<\/p>\n<p>Viel Spa\u00df beim H\u00e4keln \ud83d\ude42<\/p>\n","protected":false},"excerpt":{"rendered":"<p>Hier, wie versprochen, die &#8222;gemalte&#8220; H\u00e4kelanleitung. Um diese H\u00e4kelspitze geht es. Die Gr\u00f6\u00dfe der H\u00e4kelspitze passt ihr bitte euren Bed\u00fcrfnissen (Breite, L\u00e4nge) an! \ud83d\ude42 Viel Spa\u00df beim H\u00e4keln \ud83d\ude42<\/p>\n","protected":false},"author":1,"featured_media":0,"parent":0,"menu_order":0,"comment_status":"open","ping_status":"open","template":"","meta":{"footnotes":""},"class_list":["post-2075","page","type-page","status-publish","hentry"],"yoast_head":"<!-- This site is optimized with the Yoast SEO plugin v27.4 - https:\/\/yoast.com\/product\/yoast-seo-wordpress\/ -->\n<title>Spitze f\u00fcr das Fenster - H\u00e4kelfieber<\/title>\n<meta name=\"robots\" content=\"index, follow, max-snippet:-1, max-image-preview:large, max-video-preview:-1\" \/>\n<link rel=\"canonical\" href=\"https:\/\/www.haekelfieber.de\/wp-blog\/spitze-fuer-das-fenster\/\" \/>\n<meta property=\"og:locale\" content=\"de_DE\" \/>\n<meta property=\"og:type\" content=\"article\" \/>\n<meta property=\"og:title\" content=\"Spitze f\u00fcr das Fenster - H\u00e4kelfieber\" \/>\n<meta property=\"og:description\" content=\"Hier, wie versprochen, die &#8222;gemalte&#8220; H\u00e4kelanleitung. Um diese H\u00e4kelspitze geht es. Die Gr\u00f6\u00dfe der H\u00e4kelspitze passt ihr bitte euren Bed\u00fcrfnissen (Breite, L\u00e4nge) an! \ud83d\ude42 Viel Spa\u00df beim H\u00e4keln \ud83d\ude42\" \/>\n<meta property=\"og:url\" content=\"https:\/\/www.haekelfieber.de\/wp-blog\/spitze-fuer-das-fenster\/\" \/>\n<meta property=\"og:site_name\" content=\"H\u00e4kelfieber\" \/>\n<meta property=\"og:image\" content=\"https:\/\/www.haekelfieber.de\/wp-blog\/wp-content\/uploads\/2015\/03\/H\u00e4kelspitze-1-600x450.jpg\" \/>\n<script type=\"application\/ld+json\" class=\"yoast-schema-graph\">{\"@context\":\"https:\\\/\\\/schema.org\",\"@graph\":[{\"@type\":\"WebPage\",\"@id\":\"https:\\\/\\\/www.haekelfieber.de\\\/wp-blog\\\/spitze-fuer-das-fenster\\\/\",\"url\":\"https:\\\/\\\/www.haekelfieber.de\\\/wp-blog\\\/spitze-fuer-das-fenster\\\/\",\"name\":\"Spitze f\u00fcr das Fenster - H\u00e4kelfieber\",\"isPartOf\":{\"@id\":\"https:\\\/\\\/www.haekelfieber.de\\\/wp-blog\\\/#website\"},\"datePublished\":\"2015-04-03T08:56:50+00:00\",\"breadcrumb\":{\"@id\":\"https:\\\/\\\/www.haekelfieber.de\\\/wp-blog\\\/spitze-fuer-das-fenster\\\/#breadcrumb\"},\"inLanguage\":\"de\",\"potentialAction\":[{\"@type\":\"ReadAction\",\"target\":[\"https:\\\/\\\/www.haekelfieber.de\\\/wp-blog\\\/spitze-fuer-das-fenster\\\/\"]}]},{\"@type\":\"BreadcrumbList\",\"@id\":\"https:\\\/\\\/www.haekelfieber.de\\\/wp-blog\\\/spitze-fuer-das-fenster\\\/#breadcrumb\",\"itemListElement\":[{\"@type\":\"ListItem\",\"position\":1,\"name\":\"Home\",\"item\":\"https:\\\/\\\/www.haekelfieber.de\\\/wp-blog\\\/\"},{\"@type\":\"ListItem\",\"position\":2,\"name\":\"Spitze f\u00fcr das Fenster\"}]},{\"@type\":\"WebSite\",\"@id\":\"https:\\\/\\\/www.haekelfieber.de\\\/wp-blog\\\/#website\",\"url\":\"https:\\\/\\\/www.haekelfieber.de\\\/wp-blog\\\/\",\"name\":\"H\u00e4kelfieber\",\"description\":\"Ich bin im...\",\"publisher\":{\"@id\":\"https:\\\/\\\/www.haekelfieber.de\\\/wp-blog\\\/#organization\"},\"potentialAction\":[{\"@type\":\"SearchAction\",\"target\":{\"@type\":\"EntryPoint\",\"urlTemplate\":\"https:\\\/\\\/www.haekelfieber.de\\\/wp-blog\\\/?s={search_term_string}\"},\"query-input\":{\"@type\":\"PropertyValueSpecification\",\"valueRequired\":true,\"valueName\":\"search_term_string\"}}],\"inLanguage\":\"de\"},{\"@type\":\"Organization\",\"@id\":\"https:\\\/\\\/www.haekelfieber.de\\\/wp-blog\\\/#organization\",\"name\":\"H\u00e4kelfieber\",\"url\":\"https:\\\/\\\/www.haekelfieber.de\\\/wp-blog\\\/\",\"logo\":{\"@type\":\"ImageObject\",\"inLanguage\":\"de\",\"@id\":\"https:\\\/\\\/www.haekelfieber.de\\\/wp-blog\\\/#\\\/schema\\\/logo\\\/image\\\/\",\"url\":\"https:\\\/\\\/www.haekelfieber.de\\\/wp-blog\\\/wp-content\\\/uploads\\\/2023\\\/03\\\/kissen-haekeln2.jpg\",\"contentUrl\":\"https:\\\/\\\/www.haekelfieber.de\\\/wp-blog\\\/wp-content\\\/uploads\\\/2023\\\/03\\\/kissen-haekeln2.jpg\",\"width\":683,\"height\":1024,\"caption\":\"H\u00e4kelfieber\"},\"image\":{\"@id\":\"https:\\\/\\\/www.haekelfieber.de\\\/wp-blog\\\/#\\\/schema\\\/logo\\\/image\\\/\"}}]}<\/script>\n<!-- \/ Yoast SEO plugin. -->","yoast_head_json":{"title":"Spitze f\u00fcr das Fenster - H\u00e4kelfieber","robots":{"index":"index","follow":"follow","max-snippet":"max-snippet:-1","max-image-preview":"max-image-preview:large","max-video-preview":"max-video-preview:-1"},"canonical":"https:\/\/www.haekelfieber.de\/wp-blog\/spitze-fuer-das-fenster\/","og_locale":"de_DE","og_type":"article","og_title":"Spitze f\u00fcr das Fenster - H\u00e4kelfieber","og_description":"Hier, wie versprochen, die &#8222;gemalte&#8220; H\u00e4kelanleitung. Um diese H\u00e4kelspitze geht es. Die Gr\u00f6\u00dfe der H\u00e4kelspitze passt ihr bitte euren Bed\u00fcrfnissen (Breite, L\u00e4nge) an! \ud83d\ude42 Viel Spa\u00df beim H\u00e4keln \ud83d\ude42","og_url":"https:\/\/www.haekelfieber.de\/wp-blog\/spitze-fuer-das-fenster\/","og_site_name":"H\u00e4kelfieber","og_image":[{"url":"https:\/\/www.haekelfieber.de\/wp-blog\/wp-content\/uploads\/2015\/03\/H\u00e4kelspitze-1-600x450.jpg","type":"","width":"","height":""}],"schema":{"@context":"https:\/\/schema.org","@graph":[{"@type":"WebPage","@id":"https:\/\/www.haekelfieber.de\/wp-blog\/spitze-fuer-das-fenster\/","url":"https:\/\/www.haekelfieber.de\/wp-blog\/spitze-fuer-das-fenster\/","name":"Spitze f\u00fcr das Fenster - H\u00e4kelfieber","isPartOf":{"@id":"https:\/\/www.haekelfieber.de\/wp-blog\/#website"},"datePublished":"2015-04-03T08:56:50+00:00","breadcrumb":{"@id":"https:\/\/www.haekelfieber.de\/wp-blog\/spitze-fuer-das-fenster\/#breadcrumb"},"inLanguage":"de","potentialAction":[{"@type":"ReadAction","target":["https:\/\/www.haekelfieber.de\/wp-blog\/spitze-fuer-das-fenster\/"]}]},{"@type":"BreadcrumbList","@id":"https:\/\/www.haekelfieber.de\/wp-blog\/spitze-fuer-das-fenster\/#breadcrumb","itemListElement":[{"@type":"ListItem","position":1,"name":"Home","item":"https:\/\/www.haekelfieber.de\/wp-blog\/"},{"@type":"ListItem","position":2,"name":"Spitze f\u00fcr das Fenster"}]},{"@type":"WebSite","@id":"https:\/\/www.haekelfieber.de\/wp-blog\/#website","url":"https:\/\/www.haekelfieber.de\/wp-blog\/","name":"H\u00e4kelfieber","description":"Ich bin im...","publisher":{"@id":"https:\/\/www.haekelfieber.de\/wp-blog\/#organization"},"potentialAction":[{"@type":"SearchAction","target":{"@type":"EntryPoint","urlTemplate":"https:\/\/www.haekelfieber.de\/wp-blog\/?s={search_term_string}"},"query-input":{"@type":"PropertyValueSpecification","valueRequired":true,"valueName":"search_term_string"}}],"inLanguage":"de"},{"@type":"Organization","@id":"https:\/\/www.haekelfieber.de\/wp-blog\/#organization","name":"H\u00e4kelfieber","url":"https:\/\/www.haekelfieber.de\/wp-blog\/","logo":{"@type":"ImageObject","inLanguage":"de","@id":"https:\/\/www.haekelfieber.de\/wp-blog\/#\/schema\/logo\/image\/","url":"https:\/\/www.haekelfieber.de\/wp-blog\/wp-content\/uploads\/2023\/03\/kissen-haekeln2.jpg","contentUrl":"https:\/\/www.haekelfieber.de\/wp-blog\/wp-content\/uploads\/2023\/03\/kissen-haekeln2.jpg","width":683,"height":1024,"caption":"H\u00e4kelfieber"},"image":{"@id":"https:\/\/www.haekelfieber.de\/wp-blog\/#\/schema\/logo\/image\/"}}]}},"_links":{"self":[{"href":"https:\/\/www.haekelfieber.de\/wp-blog\/wp-json\/wp\/v2\/pages\/2075","targetHints":{"allow":["GET"]}}],"collection":[{"href":"https:\/\/www.haekelfieber.de\/wp-blog\/wp-json\/wp\/v2\/pages"}],"about":[{"href":"https:\/\/www.haekelfieber.de\/wp-blog\/wp-json\/wp\/v2\/types\/page"}],"author":[{"embeddable":true,"href":"https:\/\/www.haekelfieber.de\/wp-blog\/wp-json\/wp\/v2\/users\/1"}],"replies":[{"embeddable":true,"href":"https:\/\/www.haekelfieber.de\/wp-blog\/wp-json\/wp\/v2\/comments?post=2075"}],"version-history":[{"count":1,"href":"https:\/\/www.haekelfieber.de\/wp-blog\/wp-json\/wp\/v2\/pages\/2075\/revisions"}],"predecessor-version":[{"id":2080,"href":"https:\/\/www.haekelfieber.de\/wp-blog\/wp-json\/wp\/v2\/pages\/2075\/revisions\/2080"}],"wp:attachment":[{"href":"https:\/\/www.haekelfieber.de\/wp-blog\/wp-json\/wp\/v2\/media?parent=2075"}],"curies":[{"name":"wp","href":"https:\/\/api.w.org\/{rel}","templated":true}]}}