{"id":2570,"date":"2015-06-04T13:26:25","date_gmt":"2015-06-04T11:26:25","guid":{"rendered":"http:\/\/www.haekelfieber.de\/wp-blog\/?page_id=2570"},"modified":"2015-06-04T13:26:25","modified_gmt":"2015-06-04T11:26:25","slug":"bommelborte-so-gehts","status":"publish","type":"page","link":"https:\/\/www.haekelfieber.de\/wp-blog\/bommelborte-so-gehts\/","title":{"rendered":"Bommelborte &#8211; so geht&#8217;s!"},"content":{"rendered":"<p><a href=\"https:\/\/www.haekelfieber.de\/wp-blog\/wp-content\/uploads\/2015\/06\/Anleitung-borte-h\u00e4keln-3.jpg\"><img loading=\"lazy\" decoding=\"async\" class=\"aligncenter size-large wp-image-2558\" src=\"https:\/\/www.haekelfieber.de\/wp-blog\/wp-content\/uploads\/2015\/06\/Anleitung-borte-h\u00e4keln-3-450x600.jpg\" alt=\"Anleitung borte h\u00e4keln (3)\" width=\"450\" height=\"600\" srcset=\"https:\/\/www.haekelfieber.de\/wp-blog\/wp-content\/uploads\/2015\/06\/Anleitung-borte-h\u00e4keln-3-450x600.jpg 450w, https:\/\/www.haekelfieber.de\/wp-blog\/wp-content\/uploads\/2015\/06\/Anleitung-borte-h\u00e4keln-3-225x300.jpg 225w, https:\/\/www.haekelfieber.de\/wp-blog\/wp-content\/uploads\/2015\/06\/Anleitung-borte-h\u00e4keln-3.jpg 600w\" sizes=\"auto, (max-width: 450px) 100vw, 450px\" \/><\/a><br \/>\nDie Anleitung f\u00fcr die Borte gibt&#8217;s in einfarbig. Wer von euch die <a href=\"https:\/\/www.haekelfieber.de\/wp-blog\/so-gehts-farbuebergang-farbwechsel-haekeln\/\" target=\"_blank\">Tapestrytechnik<\/a> beherrscht, kann sie locker <a href=\"https:\/\/www.haekelfieber.de\/wp-blog\/2015\/05\/nicht-hip-aber-schoen-individuell\/\" target=\"_blank\">zweifarbig<\/a>&#8230; h\u00e4keln.<\/p>\n<p>Die Maschenzahl: Sie muss durch 3 teilbar sein + 1 zus\u00e4tzliche Masche<\/p>\n<p>Auf dem obigen Foto habe ich eine Luftmaschenkette angeschlagen, eine Reihe fester Maschen gearbeitet bevor ich mit den Bommels begonnen habe. Ihr k\u00f6nnt auch mehr feste Reihen h\u00e4keln &#8211; je nach Gusto \ud83d\ude42<\/p>\n<p><strong>Und los geht&#8217;s mit den Bommeln:<\/strong><br \/>\nBeginnt die Reihe mit einer festen Masche in die erste Masche.<br \/>\nIn die zweite Masche ebenfalls eine feste Masche und 4 Luftmaschen h\u00e4keln. Merkt euch diese 4te Luftmasche.<br \/>\nNoch 2 Luftmaschen arbeiten. Diese 2 sind schon ein Teil des Bommels.<br \/>\nH\u00e4kelt jetzt 1 St\u00e4bchen in die eben gemerkte 4te Luftmasche, aber h\u00e4kelt es nicht fertig. Den letzten Arbeitsschritt lasst ihr weg. Das macht ihr noch mit 2 folgenden St\u00e4bchen.<br \/>\nAuf eurer Nadel befinden sich vier Umschl\u00e4ge. Holt den Faden durch alle vier Umschl\u00e4ge auf einmal. Jetzt habt ihr diese St\u00e4bchen plus diese zwei Luftmaschen (z\u00e4hlen als ein St\u00e4bchen) gemeinsam abgemascht.<br \/>\nVielleicht versteht ihr es noch nicht &#8211; einfach weiterlesen. Es kl\u00e4rt sich noch \ud83d\ude42<br \/>\nJetzt wieder 3 Luftmaschen h\u00e4keln und die 3 gemeinsam abgemaschten St\u00e4bchen in die erste der drei Luftmaschen arbeiten.<\/p>\n<p>So. F\u00fcr diejenigen, welche noch auf der Leitung stehen: Hier ein paar Fotos, von dem was ich euch gerade versucht habe zu beschreiben.<\/p>\n<p><a href=\"https:\/\/www.haekelfieber.de\/wp-blog\/wp-content\/uploads\/2015\/06\/Anleitung-borte-h\u00e4keln-11.jpg\"><img loading=\"lazy\" decoding=\"async\" class=\"aligncenter size-large wp-image-2566\" src=\"https:\/\/www.haekelfieber.de\/wp-blog\/wp-content\/uploads\/2015\/06\/Anleitung-borte-h\u00e4keln-11-450x600.jpg\" alt=\"Anleitung borte h\u00e4keln (11)\" width=\"450\" height=\"600\" srcset=\"https:\/\/www.haekelfieber.de\/wp-blog\/wp-content\/uploads\/2015\/06\/Anleitung-borte-h\u00e4keln-11-450x600.jpg 450w, https:\/\/www.haekelfieber.de\/wp-blog\/wp-content\/uploads\/2015\/06\/Anleitung-borte-h\u00e4keln-11-225x300.jpg 225w, https:\/\/www.haekelfieber.de\/wp-blog\/wp-content\/uploads\/2015\/06\/Anleitung-borte-h\u00e4keln-11.jpg 600w\" sizes=\"auto, (max-width: 450px) 100vw, 450px\" \/><\/a><br \/>\nIn diese Masche arbeitet ihr eure St\u00e4bchengruppe (es ist die vierte Luftmasche)<\/p>\n<p><a href=\"https:\/\/www.haekelfieber.de\/wp-blog\/wp-content\/uploads\/2015\/06\/Anleitung-borte-h\u00e4keln-10.jpg\"><img loading=\"lazy\" decoding=\"async\" class=\"aligncenter size-large wp-image-2565\" src=\"https:\/\/www.haekelfieber.de\/wp-blog\/wp-content\/uploads\/2015\/06\/Anleitung-borte-h\u00e4keln-10-450x600.jpg\" alt=\"Anleitung borte h\u00e4keln (10)\" width=\"450\" height=\"600\" srcset=\"https:\/\/www.haekelfieber.de\/wp-blog\/wp-content\/uploads\/2015\/06\/Anleitung-borte-h\u00e4keln-10-450x600.jpg 450w, https:\/\/www.haekelfieber.de\/wp-blog\/wp-content\/uploads\/2015\/06\/Anleitung-borte-h\u00e4keln-10-225x300.jpg 225w, https:\/\/www.haekelfieber.de\/wp-blog\/wp-content\/uploads\/2015\/06\/Anleitung-borte-h\u00e4keln-10.jpg 600w\" sizes=\"auto, (max-width: 450px) 100vw, 450px\" \/><\/a><br \/>\nIhr habt vier Umschl\u00e4ge auf der H\u00e4kelnadel. Drei davon sind von den nicht fertig geh\u00e4kelten St\u00e4bchen plus die zwei Luftmaschen, welche ebenfalls als St\u00e4bchen z\u00e4hlen.<\/p>\n<p><a href=\"https:\/\/www.haekelfieber.de\/wp-blog\/wp-content\/uploads\/2015\/06\/Anleitung-borte-h\u00e4keln-9.jpg\"><img loading=\"lazy\" decoding=\"async\" class=\"aligncenter size-large wp-image-2564\" src=\"https:\/\/www.haekelfieber.de\/wp-blog\/wp-content\/uploads\/2015\/06\/Anleitung-borte-h\u00e4keln-9-450x600.jpg\" alt=\"Anleitung borte h\u00e4keln (9)\" width=\"450\" height=\"600\" srcset=\"https:\/\/www.haekelfieber.de\/wp-blog\/wp-content\/uploads\/2015\/06\/Anleitung-borte-h\u00e4keln-9-450x600.jpg 450w, https:\/\/www.haekelfieber.de\/wp-blog\/wp-content\/uploads\/2015\/06\/Anleitung-borte-h\u00e4keln-9-225x300.jpg 225w, https:\/\/www.haekelfieber.de\/wp-blog\/wp-content\/uploads\/2015\/06\/Anleitung-borte-h\u00e4keln-9.jpg 600w\" sizes=\"auto, (max-width: 450px) 100vw, 450px\" \/><\/a><br \/>\nHier ist die Wolle durch alle vier Umschl\u00e4ge gezogen worden. Ihr seht eine gemeinsam abgemaschte St\u00e4bchengruppe.<\/p>\n<p><a href=\"https:\/\/www.haekelfieber.de\/wp-blog\/wp-content\/uploads\/2015\/06\/Anleitung-borte-h\u00e4keln-8.jpg\"><img loading=\"lazy\" decoding=\"async\" class=\"aligncenter size-large wp-image-2563\" src=\"https:\/\/www.haekelfieber.de\/wp-blog\/wp-content\/uploads\/2015\/06\/Anleitung-borte-h\u00e4keln-8-450x600.jpg\" alt=\"Anleitung borte h\u00e4keln (8)\" width=\"450\" height=\"600\" srcset=\"https:\/\/www.haekelfieber.de\/wp-blog\/wp-content\/uploads\/2015\/06\/Anleitung-borte-h\u00e4keln-8-450x600.jpg 450w, https:\/\/www.haekelfieber.de\/wp-blog\/wp-content\/uploads\/2015\/06\/Anleitung-borte-h\u00e4keln-8-225x300.jpg 225w, https:\/\/www.haekelfieber.de\/wp-blog\/wp-content\/uploads\/2015\/06\/Anleitung-borte-h\u00e4keln-8.jpg 600w\" sizes=\"auto, (max-width: 450px) 100vw, 450px\" \/><br \/>\n<\/a>Auf die erste, abgemaschte St\u00e4bchengruppe werden noch 3 Luftmaschen geh\u00e4kelt.<br \/>\n2 Luftmaschen davon z\u00e4hlen wieder als St\u00e4bchen. Auf dem Foto seht ihr wo ihr einstechen m\u00fcsst f\u00fcr die restlichen 3 gemeinsam abgemaschten St\u00e4bchen.<\/p>\n<p><a href=\"https:\/\/www.haekelfieber.de\/wp-blog\/wp-content\/uploads\/2015\/06\/Anleitung-borte-h\u00e4keln-7.jpg\"><img loading=\"lazy\" decoding=\"async\" class=\"aligncenter size-large wp-image-2562\" src=\"https:\/\/www.haekelfieber.de\/wp-blog\/wp-content\/uploads\/2015\/06\/Anleitung-borte-h\u00e4keln-7-450x600.jpg\" alt=\"Anleitung borte h\u00e4keln (7)\" width=\"450\" height=\"600\" srcset=\"https:\/\/www.haekelfieber.de\/wp-blog\/wp-content\/uploads\/2015\/06\/Anleitung-borte-h\u00e4keln-7-450x600.jpg 450w, https:\/\/www.haekelfieber.de\/wp-blog\/wp-content\/uploads\/2015\/06\/Anleitung-borte-h\u00e4keln-7-225x300.jpg 225w, https:\/\/www.haekelfieber.de\/wp-blog\/wp-content\/uploads\/2015\/06\/Anleitung-borte-h\u00e4keln-7.jpg 600w\" sizes=\"auto, (max-width: 450px) 100vw, 450px\" \/><\/a><br \/>\nSo. Jetzt wieder den Faden durch alle Umschl\u00e4ge ziehen&#8230;<\/p>\n<p><a href=\"https:\/\/www.haekelfieber.de\/wp-blog\/wp-content\/uploads\/2015\/06\/Anleitung-borte-h\u00e4keln-6.jpg\"><img loading=\"lazy\" decoding=\"async\" class=\"aligncenter size-large wp-image-2561\" src=\"https:\/\/www.haekelfieber.de\/wp-blog\/wp-content\/uploads\/2015\/06\/Anleitung-borte-h\u00e4keln-6-450x600.jpg\" alt=\"Anleitung borte h\u00e4keln (6)\" width=\"450\" height=\"600\" srcset=\"https:\/\/www.haekelfieber.de\/wp-blog\/wp-content\/uploads\/2015\/06\/Anleitung-borte-h\u00e4keln-6-450x600.jpg 450w, https:\/\/www.haekelfieber.de\/wp-blog\/wp-content\/uploads\/2015\/06\/Anleitung-borte-h\u00e4keln-6-225x300.jpg 225w, https:\/\/www.haekelfieber.de\/wp-blog\/wp-content\/uploads\/2015\/06\/Anleitung-borte-h\u00e4keln-6.jpg 600w\" sizes=\"auto, (max-width: 450px) 100vw, 450px\" \/><\/a><br \/>\n&#8230; und jetzt kommt eine Kettmasche. Auf dem Bild seht ihr, wo ich die Kettmasche reinmache um die Bommelform zu erhalten.<\/p>\n<p><a href=\"https:\/\/www.haekelfieber.de\/wp-blog\/wp-content\/uploads\/2015\/06\/Anleitung-borte-h\u00e4keln-5.jpg\"><img loading=\"lazy\" decoding=\"async\" class=\"aligncenter size-large wp-image-2560\" src=\"https:\/\/www.haekelfieber.de\/wp-blog\/wp-content\/uploads\/2015\/06\/Anleitung-borte-h\u00e4keln-5-450x600.jpg\" alt=\"Anleitung borte h\u00e4keln (5)\" width=\"450\" height=\"600\" srcset=\"https:\/\/www.haekelfieber.de\/wp-blog\/wp-content\/uploads\/2015\/06\/Anleitung-borte-h\u00e4keln-5-450x600.jpg 450w, https:\/\/www.haekelfieber.de\/wp-blog\/wp-content\/uploads\/2015\/06\/Anleitung-borte-h\u00e4keln-5-225x300.jpg 225w, https:\/\/www.haekelfieber.de\/wp-blog\/wp-content\/uploads\/2015\/06\/Anleitung-borte-h\u00e4keln-5.jpg 600w\" sizes=\"auto, (max-width: 450px) 100vw, 450px\" \/><\/a><br \/>\nErster Bommel &#8211; fast fertig.<\/p>\n<p><a href=\"https:\/\/www.haekelfieber.de\/wp-blog\/wp-content\/uploads\/2015\/06\/Anleitung-borte-h\u00e4keln-4.jpg\"><img loading=\"lazy\" decoding=\"async\" class=\"aligncenter size-large wp-image-2559\" src=\"https:\/\/www.haekelfieber.de\/wp-blog\/wp-content\/uploads\/2015\/06\/Anleitung-borte-h\u00e4keln-4-450x600.jpg\" alt=\"Anleitung borte h\u00e4keln (4)\" width=\"450\" height=\"600\" srcset=\"https:\/\/www.haekelfieber.de\/wp-blog\/wp-content\/uploads\/2015\/06\/Anleitung-borte-h\u00e4keln-4-450x600.jpg 450w, https:\/\/www.haekelfieber.de\/wp-blog\/wp-content\/uploads\/2015\/06\/Anleitung-borte-h\u00e4keln-4-225x300.jpg 225w, https:\/\/www.haekelfieber.de\/wp-blog\/wp-content\/uploads\/2015\/06\/Anleitung-borte-h\u00e4keln-4.jpg 600w\" sizes=\"auto, (max-width: 450px) 100vw, 450px\" \/><\/a><br \/>\nSeitlich, an die Luftmaschenkette, h\u00e4kelt ihr 3 Kettmaschen und eine feste Masche in die gleiche Masche, auf welche ihr eure Luftmaschenkette gearbeitet habt, siehe Foto.<\/p>\n<p>Jetzt ist der erste Bommel fertig \ud83d\ude42<\/p>\n<p>Nun jeweils eine feste Masche in die folgenden 3 Maschen arbeiten.<br \/>\nBei der dritten Masche werden wieder die Luftmaschen f\u00fcr den n\u00e4chsten Bommel angeschlagen. Dieser wird von den Arbeitsschritten wieder wie der gerade beschriebene geh\u00e4kelt, nur mit ein paar Ab\u00e4nderungen in der Maschenzahl und Maschenart.<\/p>\n<p><strong>Gro\u00dfer Bommel:<\/strong><br \/>\n8 Luftmaschen + 3 Luftmaschen arbeiten<br \/>\nIn die 8te Luftmasche 3 gemeinsam abgemaschte Doppelst\u00e4bchen arbeiten.<br \/>\n4 Luftmaschen und in die erste Luftmasche wieder 3 gemeinsam abgemaschte Doppelst\u00e4bchen.<br \/>\nMit einer Kettmasche in die achte Luftmasche vom Anfang den Bommel schlie\u00dfen.<br \/>\nSeitlich nach unten in die Luftmaschenkette 7 Kettmaschen arbeiten.<br \/>\nWieder eine feste Masche in die gleiche Masche, auf die ihr eure 8 Luftmaschen gearbeitet habt.<\/p>\n<p>Jetzt kommen Fotos in H\u00e4kelschrift. Auf der Skizze seht ihr den Unterschied (Luftmaschenanzahl, St\u00e4bchen\/Doppelst\u00e4bchen) zwischen dem gro\u00dfen und dem kleinen Bommel.<\/p>\n<p><a href=\"https:\/\/www.haekelfieber.de\/wp-blog\/wp-content\/uploads\/2015\/06\/Anleitung-borte-h\u00e4keln-2-e1433414267478.jpg\"><img loading=\"lazy\" decoding=\"async\" class=\"aligncenter size-large wp-image-2557\" src=\"https:\/\/www.haekelfieber.de\/wp-blog\/wp-content\/uploads\/2015\/06\/Anleitung-borte-h\u00e4keln-2-e1433414267478-450x600.jpg\" alt=\"Anleitung borte h\u00e4keln (2)\" width=\"450\" height=\"600\" srcset=\"https:\/\/www.haekelfieber.de\/wp-blog\/wp-content\/uploads\/2015\/06\/Anleitung-borte-h\u00e4keln-2-e1433414267478-450x600.jpg 450w, https:\/\/www.haekelfieber.de\/wp-blog\/wp-content\/uploads\/2015\/06\/Anleitung-borte-h\u00e4keln-2-e1433414267478-225x300.jpg 225w, https:\/\/www.haekelfieber.de\/wp-blog\/wp-content\/uploads\/2015\/06\/Anleitung-borte-h\u00e4keln-2-e1433414267478.jpg 600w\" sizes=\"auto, (max-width: 450px) 100vw, 450px\" \/><\/a><br \/>\n<a href=\"https:\/\/www.haekelfieber.de\/wp-blog\/wp-content\/uploads\/2015\/06\/Anleitung-borte-h\u00e4keln-1-e1433414290248.jpg\"><img loading=\"lazy\" decoding=\"async\" class=\"aligncenter size-large wp-image-2556\" src=\"https:\/\/www.haekelfieber.de\/wp-blog\/wp-content\/uploads\/2015\/06\/Anleitung-borte-h\u00e4keln-1-e1433414290248-600x450.jpg\" alt=\"Anleitung borte h\u00e4keln (1)\" width=\"600\" height=\"450\" srcset=\"https:\/\/www.haekelfieber.de\/wp-blog\/wp-content\/uploads\/2015\/06\/Anleitung-borte-h\u00e4keln-1-e1433414290248-600x450.jpg 600w, https:\/\/www.haekelfieber.de\/wp-blog\/wp-content\/uploads\/2015\/06\/Anleitung-borte-h\u00e4keln-1-e1433414290248-300x225.jpg 300w, https:\/\/www.haekelfieber.de\/wp-blog\/wp-content\/uploads\/2015\/06\/Anleitung-borte-h\u00e4keln-1-e1433414290248.jpg 800w\" sizes=\"auto, (max-width: 600px) 100vw, 600px\" \/><\/a><br \/>\nDie zwei bzw. drei Luftmaschen bei den gemeinsam abgemaschten St\u00e4bchengruppen z\u00e4hlen als St\u00e4bchen bzw. Doppelst\u00e4bchen.<\/p>\n<p>Ufffff!!!<\/p>\n<p>Hoffe, dass die Anleitung f\u00fcr euch gut verst\u00e4ndlich ist. Bei Unklarheiten schaut ihr euch einfach die Fotos nochmal genau an.<br \/>\nSollte es immer noch &#8222;Klick&#8220; gemacht haben, steht euch f\u00fcr weitere Fragen die Kommentarfunktion zur Verf\u00fcgung.<\/p>\n<p>\ud83d\ude42 \ud83d\ude42 \ud83d\ude09<\/p>\n","protected":false},"excerpt":{"rendered":"<p>Die Anleitung f\u00fcr die Borte gibt&#8217;s in einfarbig. Wer von euch die Tapestrytechnik beherrscht, kann sie locker zweifarbig&#8230; h\u00e4keln. Die Maschenzahl: Sie muss durch 3 teilbar sein + 1 zus\u00e4tzliche Masche Auf dem obigen Foto habe ich eine Luftmaschenkette angeschlagen, eine Reihe fester Maschen gearbeitet bevor ich mit den Bommels begonnen habe. Ihr k\u00f6nnt auch &hellip; <a href=\"https:\/\/www.haekelfieber.de\/wp-blog\/bommelborte-so-gehts\/\" class=\"more-link\"><span class=\"screen-reader-text\">Bommelborte &#8211; so geht&#8217;s!<\/span> weiterlesen <span class=\"meta-nav\">&rarr;<\/span><\/a><\/p>\n","protected":false},"author":1,"featured_media":0,"parent":0,"menu_order":0,"comment_status":"open","ping_status":"open","template":"","meta":{"footnotes":""},"class_list":["post-2570","page","type-page","status-publish","hentry"],"yoast_head":"<!-- This site is optimized with the Yoast SEO plugin v27.4 - https:\/\/yoast.com\/product\/yoast-seo-wordpress\/ -->\n<title>Bommelborte - so geht&#039;s! - H\u00e4kelfieber<\/title>\n<meta name=\"robots\" content=\"index, follow, max-snippet:-1, max-image-preview:large, max-video-preview:-1\" \/>\n<link rel=\"canonical\" href=\"https:\/\/www.haekelfieber.de\/wp-blog\/bommelborte-so-gehts\/\" \/>\n<meta property=\"og:locale\" content=\"de_DE\" \/>\n<meta property=\"og:type\" content=\"article\" \/>\n<meta property=\"og:title\" content=\"Bommelborte - so geht&#039;s! - H\u00e4kelfieber\" \/>\n<meta property=\"og:description\" content=\"Die Anleitung f\u00fcr die Borte gibt&#8217;s in einfarbig. Wer von euch die Tapestrytechnik beherrscht, kann sie locker zweifarbig&#8230; h\u00e4keln. Die Maschenzahl: Sie muss durch 3 teilbar sein + 1 zus\u00e4tzliche Masche Auf dem obigen Foto habe ich eine Luftmaschenkette angeschlagen, eine Reihe fester Maschen gearbeitet bevor ich mit den Bommels begonnen habe. Ihr k\u00f6nnt auch &hellip; Bommelborte &#8211; so geht&#8217;s! weiterlesen &rarr;\" \/>\n<meta property=\"og:url\" content=\"https:\/\/www.haekelfieber.de\/wp-blog\/bommelborte-so-gehts\/\" \/>\n<meta property=\"og:site_name\" content=\"H\u00e4kelfieber\" \/>\n<meta property=\"og:image\" content=\"https:\/\/www.haekelfieber.de\/wp-blog\/wp-content\/uploads\/2015\/06\/Anleitung-borte-h\u00e4keln-3-450x600.jpg\" \/>\n<meta name=\"twitter:label1\" content=\"Gesch\u00e4tzte Lesezeit\" \/>\n\t<meta name=\"twitter:data1\" content=\"3\u00a0Minuten\" \/>\n<script type=\"application\/ld+json\" class=\"yoast-schema-graph\">{\"@context\":\"https:\\\/\\\/schema.org\",\"@graph\":[{\"@type\":\"WebPage\",\"@id\":\"https:\\\/\\\/www.haekelfieber.de\\\/wp-blog\\\/bommelborte-so-gehts\\\/\",\"url\":\"https:\\\/\\\/www.haekelfieber.de\\\/wp-blog\\\/bommelborte-so-gehts\\\/\",\"name\":\"Bommelborte - so geht's! - H\u00e4kelfieber\",\"isPartOf\":{\"@id\":\"https:\\\/\\\/www.haekelfieber.de\\\/wp-blog\\\/#website\"},\"datePublished\":\"2015-06-04T11:26:25+00:00\",\"breadcrumb\":{\"@id\":\"https:\\\/\\\/www.haekelfieber.de\\\/wp-blog\\\/bommelborte-so-gehts\\\/#breadcrumb\"},\"inLanguage\":\"de\",\"potentialAction\":[{\"@type\":\"ReadAction\",\"target\":[\"https:\\\/\\\/www.haekelfieber.de\\\/wp-blog\\\/bommelborte-so-gehts\\\/\"]}]},{\"@type\":\"BreadcrumbList\",\"@id\":\"https:\\\/\\\/www.haekelfieber.de\\\/wp-blog\\\/bommelborte-so-gehts\\\/#breadcrumb\",\"itemListElement\":[{\"@type\":\"ListItem\",\"position\":1,\"name\":\"Home\",\"item\":\"https:\\\/\\\/www.haekelfieber.de\\\/wp-blog\\\/\"},{\"@type\":\"ListItem\",\"position\":2,\"name\":\"Bommelborte &#8211; so geht&#8217;s!\"}]},{\"@type\":\"WebSite\",\"@id\":\"https:\\\/\\\/www.haekelfieber.de\\\/wp-blog\\\/#website\",\"url\":\"https:\\\/\\\/www.haekelfieber.de\\\/wp-blog\\\/\",\"name\":\"H\u00e4kelfieber\",\"description\":\"Ich bin im...\",\"publisher\":{\"@id\":\"https:\\\/\\\/www.haekelfieber.de\\\/wp-blog\\\/#organization\"},\"potentialAction\":[{\"@type\":\"SearchAction\",\"target\":{\"@type\":\"EntryPoint\",\"urlTemplate\":\"https:\\\/\\\/www.haekelfieber.de\\\/wp-blog\\\/?s={search_term_string}\"},\"query-input\":{\"@type\":\"PropertyValueSpecification\",\"valueRequired\":true,\"valueName\":\"search_term_string\"}}],\"inLanguage\":\"de\"},{\"@type\":\"Organization\",\"@id\":\"https:\\\/\\\/www.haekelfieber.de\\\/wp-blog\\\/#organization\",\"name\":\"H\u00e4kelfieber\",\"url\":\"https:\\\/\\\/www.haekelfieber.de\\\/wp-blog\\\/\",\"logo\":{\"@type\":\"ImageObject\",\"inLanguage\":\"de\",\"@id\":\"https:\\\/\\\/www.haekelfieber.de\\\/wp-blog\\\/#\\\/schema\\\/logo\\\/image\\\/\",\"url\":\"https:\\\/\\\/www.haekelfieber.de\\\/wp-blog\\\/wp-content\\\/uploads\\\/2023\\\/03\\\/kissen-haekeln2.jpg\",\"contentUrl\":\"https:\\\/\\\/www.haekelfieber.de\\\/wp-blog\\\/wp-content\\\/uploads\\\/2023\\\/03\\\/kissen-haekeln2.jpg\",\"width\":683,\"height\":1024,\"caption\":\"H\u00e4kelfieber\"},\"image\":{\"@id\":\"https:\\\/\\\/www.haekelfieber.de\\\/wp-blog\\\/#\\\/schema\\\/logo\\\/image\\\/\"}}]}<\/script>\n<!-- \/ Yoast SEO plugin. -->","yoast_head_json":{"title":"Bommelborte - so geht's! - H\u00e4kelfieber","robots":{"index":"index","follow":"follow","max-snippet":"max-snippet:-1","max-image-preview":"max-image-preview:large","max-video-preview":"max-video-preview:-1"},"canonical":"https:\/\/www.haekelfieber.de\/wp-blog\/bommelborte-so-gehts\/","og_locale":"de_DE","og_type":"article","og_title":"Bommelborte - so geht's! - H\u00e4kelfieber","og_description":"Die Anleitung f\u00fcr die Borte gibt&#8217;s in einfarbig. Wer von euch die Tapestrytechnik beherrscht, kann sie locker zweifarbig&#8230; h\u00e4keln. Die Maschenzahl: Sie muss durch 3 teilbar sein + 1 zus\u00e4tzliche Masche Auf dem obigen Foto habe ich eine Luftmaschenkette angeschlagen, eine Reihe fester Maschen gearbeitet bevor ich mit den Bommels begonnen habe. Ihr k\u00f6nnt auch &hellip; Bommelborte &#8211; so geht&#8217;s! weiterlesen &rarr;","og_url":"https:\/\/www.haekelfieber.de\/wp-blog\/bommelborte-so-gehts\/","og_site_name":"H\u00e4kelfieber","og_image":[{"url":"https:\/\/www.haekelfieber.de\/wp-blog\/wp-content\/uploads\/2015\/06\/Anleitung-borte-h\u00e4keln-3-450x600.jpg","type":"","width":"","height":""}],"twitter_misc":{"Gesch\u00e4tzte Lesezeit":"3\u00a0Minuten"},"schema":{"@context":"https:\/\/schema.org","@graph":[{"@type":"WebPage","@id":"https:\/\/www.haekelfieber.de\/wp-blog\/bommelborte-so-gehts\/","url":"https:\/\/www.haekelfieber.de\/wp-blog\/bommelborte-so-gehts\/","name":"Bommelborte - so geht's! - H\u00e4kelfieber","isPartOf":{"@id":"https:\/\/www.haekelfieber.de\/wp-blog\/#website"},"datePublished":"2015-06-04T11:26:25+00:00","breadcrumb":{"@id":"https:\/\/www.haekelfieber.de\/wp-blog\/bommelborte-so-gehts\/#breadcrumb"},"inLanguage":"de","potentialAction":[{"@type":"ReadAction","target":["https:\/\/www.haekelfieber.de\/wp-blog\/bommelborte-so-gehts\/"]}]},{"@type":"BreadcrumbList","@id":"https:\/\/www.haekelfieber.de\/wp-blog\/bommelborte-so-gehts\/#breadcrumb","itemListElement":[{"@type":"ListItem","position":1,"name":"Home","item":"https:\/\/www.haekelfieber.de\/wp-blog\/"},{"@type":"ListItem","position":2,"name":"Bommelborte &#8211; so geht&#8217;s!"}]},{"@type":"WebSite","@id":"https:\/\/www.haekelfieber.de\/wp-blog\/#website","url":"https:\/\/www.haekelfieber.de\/wp-blog\/","name":"H\u00e4kelfieber","description":"Ich bin im...","publisher":{"@id":"https:\/\/www.haekelfieber.de\/wp-blog\/#organization"},"potentialAction":[{"@type":"SearchAction","target":{"@type":"EntryPoint","urlTemplate":"https:\/\/www.haekelfieber.de\/wp-blog\/?s={search_term_string}"},"query-input":{"@type":"PropertyValueSpecification","valueRequired":true,"valueName":"search_term_string"}}],"inLanguage":"de"},{"@type":"Organization","@id":"https:\/\/www.haekelfieber.de\/wp-blog\/#organization","name":"H\u00e4kelfieber","url":"https:\/\/www.haekelfieber.de\/wp-blog\/","logo":{"@type":"ImageObject","inLanguage":"de","@id":"https:\/\/www.haekelfieber.de\/wp-blog\/#\/schema\/logo\/image\/","url":"https:\/\/www.haekelfieber.de\/wp-blog\/wp-content\/uploads\/2023\/03\/kissen-haekeln2.jpg","contentUrl":"https:\/\/www.haekelfieber.de\/wp-blog\/wp-content\/uploads\/2023\/03\/kissen-haekeln2.jpg","width":683,"height":1024,"caption":"H\u00e4kelfieber"},"image":{"@id":"https:\/\/www.haekelfieber.de\/wp-blog\/#\/schema\/logo\/image\/"}}]}},"_links":{"self":[{"href":"https:\/\/www.haekelfieber.de\/wp-blog\/wp-json\/wp\/v2\/pages\/2570","targetHints":{"allow":["GET"]}}],"collection":[{"href":"https:\/\/www.haekelfieber.de\/wp-blog\/wp-json\/wp\/v2\/pages"}],"about":[{"href":"https:\/\/www.haekelfieber.de\/wp-blog\/wp-json\/wp\/v2\/types\/page"}],"author":[{"embeddable":true,"href":"https:\/\/www.haekelfieber.de\/wp-blog\/wp-json\/wp\/v2\/users\/1"}],"replies":[{"embeddable":true,"href":"https:\/\/www.haekelfieber.de\/wp-blog\/wp-json\/wp\/v2\/comments?post=2570"}],"version-history":[{"count":1,"href":"https:\/\/www.haekelfieber.de\/wp-blog\/wp-json\/wp\/v2\/pages\/2570\/revisions"}],"predecessor-version":[{"id":2572,"href":"https:\/\/www.haekelfieber.de\/wp-blog\/wp-json\/wp\/v2\/pages\/2570\/revisions\/2572"}],"wp:attachment":[{"href":"https:\/\/www.haekelfieber.de\/wp-blog\/wp-json\/wp\/v2\/media?parent=2570"}],"curies":[{"name":"wp","href":"https:\/\/api.w.org\/{rel}","templated":true}]}}