{"id":2797,"date":"2015-07-05T18:12:45","date_gmt":"2015-07-05T16:12:45","guid":{"rendered":"http:\/\/www.haekelfieber.de\/wp-blog\/?page_id=2797"},"modified":"2015-07-05T18:12:45","modified_gmt":"2015-07-05T16:12:45","slug":"taschentuechertasche","status":"publish","type":"page","link":"https:\/\/www.haekelfieber.de\/wp-blog\/taschentuechertasche\/","title":{"rendered":"Taschent\u00fcchertasche"},"content":{"rendered":"<p><a href=\"https:\/\/www.haekelfieber.de\/wp-blog\/wp-content\/uploads\/2015\/07\/crochet-pattern-tutorial-3.jpg\"><img loading=\"lazy\" decoding=\"async\" class=\"aligncenter size-large wp-image-2786\" src=\"https:\/\/www.haekelfieber.de\/wp-blog\/wp-content\/uploads\/2015\/07\/crochet-pattern-tutorial-3-450x600.jpg\" alt=\"crochet pattern tutorial (3)\" width=\"450\" height=\"600\" srcset=\"https:\/\/www.haekelfieber.de\/wp-blog\/wp-content\/uploads\/2015\/07\/crochet-pattern-tutorial-3-450x600.jpg 450w, https:\/\/www.haekelfieber.de\/wp-blog\/wp-content\/uploads\/2015\/07\/crochet-pattern-tutorial-3-225x300.jpg 225w, https:\/\/www.haekelfieber.de\/wp-blog\/wp-content\/uploads\/2015\/07\/crochet-pattern-tutorial-3.jpg 600w\" sizes=\"auto, (max-width: 450px) 100vw, 450px\" \/><\/a><br \/>\nDas ist meine dritte, geh\u00e4kelte Taschent\u00fcchertasche. Bei jedem Model habe ich etwas optimiert und diese kommt dem Optimum schon sehr, sehr nah.<\/p>\n<p><strong>Dann wollen wir mal loslegen!<\/strong><\/p>\n<p>Material:<br \/>\n3er H\u00e4kelnadel<br \/>\nd\u00fcnnes Baumwollgarn in drei Farben<\/p>\n<p><a href=\"https:\/\/www.haekelfieber.de\/wp-blog\/wp-content\/uploads\/2015\/07\/crochet-pattern-tutorial-1.jpg\"><img loading=\"lazy\" decoding=\"async\" class=\"aligncenter size-large wp-image-2793\" src=\"https:\/\/www.haekelfieber.de\/wp-blog\/wp-content\/uploads\/2015\/07\/crochet-pattern-tutorial-1-450x600.jpg\" alt=\"crochet pattern tutorial (1)\" width=\"450\" height=\"600\" srcset=\"https:\/\/www.haekelfieber.de\/wp-blog\/wp-content\/uploads\/2015\/07\/crochet-pattern-tutorial-1-450x600.jpg 450w, https:\/\/www.haekelfieber.de\/wp-blog\/wp-content\/uploads\/2015\/07\/crochet-pattern-tutorial-1-225x300.jpg 225w, https:\/\/www.haekelfieber.de\/wp-blog\/wp-content\/uploads\/2015\/07\/crochet-pattern-tutorial-1.jpg 600w\" sizes=\"auto, (max-width: 450px) 100vw, 450px\" \/><\/a><\/p>\n<p>H\u00e4kelt 28 feste Maschen und 32 Reihen davon. Wenn ihr wollt, dass die \u00d6ffnung (wo die Taschent\u00fccher rein- und rauskommen) geschlossener sein soll, also nicht so weit aufklafft wie auf dem Foto, dann arbeitet einfach 2 Reihen mehr, also 34 Reihen.<\/p>\n<p><a href=\"https:\/\/www.haekelfieber.de\/wp-blog\/wp-content\/uploads\/2015\/07\/crochet-pattern-tutorial-9.jpg\"><img loading=\"lazy\" decoding=\"async\" class=\"aligncenter size-large wp-image-2792\" src=\"https:\/\/www.haekelfieber.de\/wp-blog\/wp-content\/uploads\/2015\/07\/crochet-pattern-tutorial-9-450x600.jpg\" alt=\"crochet pattern tutorial (9)\" width=\"450\" height=\"600\" srcset=\"https:\/\/www.haekelfieber.de\/wp-blog\/wp-content\/uploads\/2015\/07\/crochet-pattern-tutorial-9-450x600.jpg 450w, https:\/\/www.haekelfieber.de\/wp-blog\/wp-content\/uploads\/2015\/07\/crochet-pattern-tutorial-9-225x300.jpg 225w, https:\/\/www.haekelfieber.de\/wp-blog\/wp-content\/uploads\/2015\/07\/crochet-pattern-tutorial-9.jpg 600w\" sizes=\"auto, (max-width: 450px) 100vw, 450px\" \/><\/a><br \/>\nNach der 32-sten (34-sten) Reihe wird mit einer neuen Farbe (bei mir rot) eine Reihe fester Maschen gearbeitet, wobei nur in die hintere Schlaufe eingestochen wird:<br \/>\nNehmt erneut eine andere Farbe (bei mir gr\u00fcn). Wendet eure Arbeit <strong>nicht<\/strong>. Beginnt mit gr\u00fcn, wo ihr auch mit rot angefangen habt \ud83d\ude42 :<br \/>\nIn die erste Masche eine feste oder Kettmasche (ist egal) h\u00e4keln. Eine Masche \u00fcberspringen und in die folgende 3 St\u00e4bchen arbeiten. Eine Masche \u00fcberspringen, in die folgende eine Kettmasche arbeiten. Eine Masche \u00fcberspringen und 3 St\u00e4bchen&#8230; wiederholen bis zum Reihenende.<br \/>\nDiese Borte h\u00e4kelt ihr auch an die gegen\u00fcberliegende Seite.<\/p>\n<p><a href=\"https:\/\/www.haekelfieber.de\/wp-blog\/wp-content\/uploads\/2015\/07\/crochet-pattern-tutorial-8.jpg\"><img loading=\"lazy\" decoding=\"async\" class=\"aligncenter size-large wp-image-2791\" src=\"https:\/\/www.haekelfieber.de\/wp-blog\/wp-content\/uploads\/2015\/07\/crochet-pattern-tutorial-8-450x600.jpg\" alt=\"crochet pattern tutorial (8)\" width=\"450\" height=\"600\" srcset=\"https:\/\/www.haekelfieber.de\/wp-blog\/wp-content\/uploads\/2015\/07\/crochet-pattern-tutorial-8-450x600.jpg 450w, https:\/\/www.haekelfieber.de\/wp-blog\/wp-content\/uploads\/2015\/07\/crochet-pattern-tutorial-8-225x300.jpg 225w, https:\/\/www.haekelfieber.de\/wp-blog\/wp-content\/uploads\/2015\/07\/crochet-pattern-tutorial-8.jpg 600w\" sizes=\"auto, (max-width: 450px) 100vw, 450px\" \/><\/a><br \/>\nLegt euch ein P\u00e4kchen Papiertaschent\u00fccher mittig auf euer H\u00e4kelst\u00fcck. Rechts und links vom P\u00e4kchen sollte der Abstand in etwa gleich gro\u00df sein. Markiert mit Wolle oder etwas anderem die P\u00e4ckchenbreite.<br \/>\nIn den Zwischenraum (zwischen den Markierungen) arbeitet ihr feste Maschen. Bei mir waren es 14 feste Maschen. H\u00e4kelt noch 3 Reihen mit festen Maschen darauf = 4 Reihen.<\/p>\n<p><a href=\"https:\/\/www.haekelfieber.de\/wp-blog\/wp-content\/uploads\/2015\/07\/crochet-pattern-tutorial-7.jpg\"><img loading=\"lazy\" decoding=\"async\" class=\"aligncenter size-large wp-image-2790\" src=\"https:\/\/www.haekelfieber.de\/wp-blog\/wp-content\/uploads\/2015\/07\/crochet-pattern-tutorial-7-450x600.jpg\" alt=\"crochet pattern tutorial (7)\" width=\"450\" height=\"600\" srcset=\"https:\/\/www.haekelfieber.de\/wp-blog\/wp-content\/uploads\/2015\/07\/crochet-pattern-tutorial-7-450x600.jpg 450w, https:\/\/www.haekelfieber.de\/wp-blog\/wp-content\/uploads\/2015\/07\/crochet-pattern-tutorial-7-225x300.jpg 225w, https:\/\/www.haekelfieber.de\/wp-blog\/wp-content\/uploads\/2015\/07\/crochet-pattern-tutorial-7.jpg 600w\" sizes=\"auto, (max-width: 450px) 100vw, 450px\" \/><\/a><br \/>\nAn die gegen\u00fcberliegende Seite arbeitet ihr den gleichen Absatz.<br \/>\nTipp: Wenn ihr den Absatzanfangsfaden l\u00e4nger lasst, k\u00f6nnt ihr ganz bequem damit die jeweilige Taschenseite zusammenn\u00e4hen.<\/p>\n<p><a href=\"https:\/\/www.haekelfieber.de\/wp-blog\/wp-content\/uploads\/2015\/07\/crochet-pattern-tutorial-6.jpg\"><img loading=\"lazy\" decoding=\"async\" class=\"aligncenter size-large wp-image-2789\" src=\"https:\/\/www.haekelfieber.de\/wp-blog\/wp-content\/uploads\/2015\/07\/crochet-pattern-tutorial-6-450x600.jpg\" alt=\"crochet pattern tutorial (6)\" width=\"450\" height=\"600\" srcset=\"https:\/\/www.haekelfieber.de\/wp-blog\/wp-content\/uploads\/2015\/07\/crochet-pattern-tutorial-6-450x600.jpg 450w, https:\/\/www.haekelfieber.de\/wp-blog\/wp-content\/uploads\/2015\/07\/crochet-pattern-tutorial-6-225x300.jpg 225w, https:\/\/www.haekelfieber.de\/wp-blog\/wp-content\/uploads\/2015\/07\/crochet-pattern-tutorial-6.jpg 600w\" sizes=\"auto, (max-width: 450px) 100vw, 450px\" \/><br \/>\n<\/a> <a href=\"https:\/\/www.haekelfieber.de\/wp-blog\/wp-content\/uploads\/2015\/07\/crochet-pattern-tutorial-5.jpg\"><img loading=\"lazy\" decoding=\"async\" class=\"aligncenter size-large wp-image-2788\" src=\"https:\/\/www.haekelfieber.de\/wp-blog\/wp-content\/uploads\/2015\/07\/crochet-pattern-tutorial-5-450x600.jpg\" alt=\"crochet pattern tutorial (5)\" width=\"450\" height=\"600\" srcset=\"https:\/\/www.haekelfieber.de\/wp-blog\/wp-content\/uploads\/2015\/07\/crochet-pattern-tutorial-5-450x600.jpg 450w, https:\/\/www.haekelfieber.de\/wp-blog\/wp-content\/uploads\/2015\/07\/crochet-pattern-tutorial-5-225x300.jpg 225w, https:\/\/www.haekelfieber.de\/wp-blog\/wp-content\/uploads\/2015\/07\/crochet-pattern-tutorial-5.jpg 600w\" sizes=\"auto, (max-width: 450px) 100vw, 450px\" \/><br \/>\n<\/a> <a href=\"https:\/\/www.haekelfieber.de\/wp-blog\/wp-content\/uploads\/2015\/07\/crochet-pattern-tutorial-2.jpg\"><img loading=\"lazy\" decoding=\"async\" class=\"aligncenter size-large wp-image-2785\" src=\"https:\/\/www.haekelfieber.de\/wp-blog\/wp-content\/uploads\/2015\/07\/crochet-pattern-tutorial-2-600x450.jpg\" alt=\"crochet pattern tutorial (2)\" width=\"600\" height=\"450\" srcset=\"https:\/\/www.haekelfieber.de\/wp-blog\/wp-content\/uploads\/2015\/07\/crochet-pattern-tutorial-2-600x450.jpg 600w, https:\/\/www.haekelfieber.de\/wp-blog\/wp-content\/uploads\/2015\/07\/crochet-pattern-tutorial-2-300x225.jpg 300w, https:\/\/www.haekelfieber.de\/wp-blog\/wp-content\/uploads\/2015\/07\/crochet-pattern-tutorial-2.jpg 800w\" sizes=\"auto, (max-width: 600px) 100vw, 600px\" \/><\/a><br \/>\nF\u00fcr&#8217;s Zusammenn\u00e4hen schaut euch einfach die Fotos an. Das bekommt ihr schon hin \ud83d\ude42<\/p>\n<p><a href=\"https:\/\/www.haekelfieber.de\/wp-blog\/wp-content\/uploads\/2015\/07\/crochet-pattern-tutorial-4.jpg\"><img loading=\"lazy\" decoding=\"async\" class=\"aligncenter size-large wp-image-2787\" src=\"https:\/\/www.haekelfieber.de\/wp-blog\/wp-content\/uploads\/2015\/07\/crochet-pattern-tutorial-4-450x600.jpg\" alt=\"crochet pattern tutorial (4)\" width=\"450\" height=\"600\" srcset=\"https:\/\/www.haekelfieber.de\/wp-blog\/wp-content\/uploads\/2015\/07\/crochet-pattern-tutorial-4-450x600.jpg 450w, https:\/\/www.haekelfieber.de\/wp-blog\/wp-content\/uploads\/2015\/07\/crochet-pattern-tutorial-4-225x300.jpg 225w, https:\/\/www.haekelfieber.de\/wp-blog\/wp-content\/uploads\/2015\/07\/crochet-pattern-tutorial-4.jpg 600w\" sizes=\"auto, (max-width: 450px) 100vw, 450px\" \/><\/a><br \/>\nHurra! Fertig!!!<\/p>\n<p>Viel Spa\u00df beim Tat\u00fctan \ud83d\ude42<\/p>\n","protected":false},"excerpt":{"rendered":"<p>Das ist meine dritte, geh\u00e4kelte Taschent\u00fcchertasche. Bei jedem Model habe ich etwas optimiert und diese kommt dem Optimum schon sehr, sehr nah. Dann wollen wir mal loslegen! Material: 3er H\u00e4kelnadel d\u00fcnnes Baumwollgarn in drei Farben H\u00e4kelt 28 feste Maschen und 32 Reihen davon. Wenn ihr wollt, dass die \u00d6ffnung (wo die Taschent\u00fccher rein- und rauskommen) &hellip; <a href=\"https:\/\/www.haekelfieber.de\/wp-blog\/taschentuechertasche\/\" class=\"more-link\"><span class=\"screen-reader-text\">Taschent\u00fcchertasche<\/span> weiterlesen <span class=\"meta-nav\">&rarr;<\/span><\/a><\/p>\n","protected":false},"author":1,"featured_media":0,"parent":0,"menu_order":0,"comment_status":"open","ping_status":"open","template":"","meta":{"footnotes":""},"class_list":["post-2797","page","type-page","status-publish","hentry"],"yoast_head":"<!-- This site is optimized with the Yoast SEO plugin v27.5 - https:\/\/yoast.com\/product\/yoast-seo-wordpress\/ -->\n<title>Taschent\u00fcchertasche - H\u00e4kelfieber<\/title>\n<meta name=\"robots\" content=\"index, follow, max-snippet:-1, max-image-preview:large, max-video-preview:-1\" \/>\n<link rel=\"canonical\" href=\"https:\/\/www.haekelfieber.de\/wp-blog\/taschentuechertasche\/\" \/>\n<meta property=\"og:locale\" content=\"de_DE\" \/>\n<meta property=\"og:type\" content=\"article\" \/>\n<meta property=\"og:title\" content=\"Taschent\u00fcchertasche - H\u00e4kelfieber\" \/>\n<meta property=\"og:description\" content=\"Das ist meine dritte, geh\u00e4kelte Taschent\u00fcchertasche. Bei jedem Model habe ich etwas optimiert und diese kommt dem Optimum schon sehr, sehr nah. Dann wollen wir mal loslegen! Material: 3er H\u00e4kelnadel d\u00fcnnes Baumwollgarn in drei Farben H\u00e4kelt 28 feste Maschen und 32 Reihen davon. Wenn ihr wollt, dass die \u00d6ffnung (wo die Taschent\u00fccher rein- und rauskommen) &hellip; Taschent\u00fcchertasche weiterlesen &rarr;\" \/>\n<meta property=\"og:url\" content=\"https:\/\/www.haekelfieber.de\/wp-blog\/taschentuechertasche\/\" \/>\n<meta property=\"og:site_name\" content=\"H\u00e4kelfieber\" \/>\n<meta property=\"og:image\" content=\"https:\/\/www.haekelfieber.de\/wp-blog\/wp-content\/uploads\/2015\/07\/crochet-pattern-tutorial-3-450x600.jpg\" \/>\n<meta name=\"twitter:label1\" content=\"Gesch\u00e4tzte Lesezeit\" \/>\n\t<meta name=\"twitter:data1\" content=\"1\u00a0Minute\" \/>\n<script type=\"application\/ld+json\" class=\"yoast-schema-graph\">{\"@context\":\"https:\\\/\\\/schema.org\",\"@graph\":[{\"@type\":\"WebPage\",\"@id\":\"https:\\\/\\\/www.haekelfieber.de\\\/wp-blog\\\/taschentuechertasche\\\/\",\"url\":\"https:\\\/\\\/www.haekelfieber.de\\\/wp-blog\\\/taschentuechertasche\\\/\",\"name\":\"Taschent\u00fcchertasche - H\u00e4kelfieber\",\"isPartOf\":{\"@id\":\"https:\\\/\\\/www.haekelfieber.de\\\/wp-blog\\\/#website\"},\"primaryImageOfPage\":{\"@id\":\"https:\\\/\\\/www.haekelfieber.de\\\/wp-blog\\\/taschentuechertasche\\\/#primaryimage\"},\"image\":{\"@id\":\"https:\\\/\\\/www.haekelfieber.de\\\/wp-blog\\\/taschentuechertasche\\\/#primaryimage\"},\"thumbnailUrl\":\"https:\\\/\\\/www.haekelfieber.de\\\/wp-blog\\\/wp-content\\\/uploads\\\/2015\\\/07\\\/crochet-pattern-tutorial-3-450x600.jpg\",\"datePublished\":\"2015-07-05T16:12:45+00:00\",\"breadcrumb\":{\"@id\":\"https:\\\/\\\/www.haekelfieber.de\\\/wp-blog\\\/taschentuechertasche\\\/#breadcrumb\"},\"inLanguage\":\"de\",\"potentialAction\":[{\"@type\":\"ReadAction\",\"target\":[\"https:\\\/\\\/www.haekelfieber.de\\\/wp-blog\\\/taschentuechertasche\\\/\"]}]},{\"@type\":\"ImageObject\",\"inLanguage\":\"de\",\"@id\":\"https:\\\/\\\/www.haekelfieber.de\\\/wp-blog\\\/taschentuechertasche\\\/#primaryimage\",\"url\":\"https:\\\/\\\/www.haekelfieber.de\\\/wp-blog\\\/wp-content\\\/uploads\\\/2015\\\/07\\\/crochet-pattern-tutorial-3.jpg\",\"contentUrl\":\"https:\\\/\\\/www.haekelfieber.de\\\/wp-blog\\\/wp-content\\\/uploads\\\/2015\\\/07\\\/crochet-pattern-tutorial-3.jpg\",\"width\":600,\"height\":800},{\"@type\":\"BreadcrumbList\",\"@id\":\"https:\\\/\\\/www.haekelfieber.de\\\/wp-blog\\\/taschentuechertasche\\\/#breadcrumb\",\"itemListElement\":[{\"@type\":\"ListItem\",\"position\":1,\"name\":\"Home\",\"item\":\"https:\\\/\\\/www.haekelfieber.de\\\/wp-blog\\\/\"},{\"@type\":\"ListItem\",\"position\":2,\"name\":\"Taschent\u00fcchertasche\"}]},{\"@type\":\"WebSite\",\"@id\":\"https:\\\/\\\/www.haekelfieber.de\\\/wp-blog\\\/#website\",\"url\":\"https:\\\/\\\/www.haekelfieber.de\\\/wp-blog\\\/\",\"name\":\"H\u00e4kelfieber\",\"description\":\"Ich bin im...\",\"publisher\":{\"@id\":\"https:\\\/\\\/www.haekelfieber.de\\\/wp-blog\\\/#organization\"},\"potentialAction\":[{\"@type\":\"SearchAction\",\"target\":{\"@type\":\"EntryPoint\",\"urlTemplate\":\"https:\\\/\\\/www.haekelfieber.de\\\/wp-blog\\\/?s={search_term_string}\"},\"query-input\":{\"@type\":\"PropertyValueSpecification\",\"valueRequired\":true,\"valueName\":\"search_term_string\"}}],\"inLanguage\":\"de\"},{\"@type\":\"Organization\",\"@id\":\"https:\\\/\\\/www.haekelfieber.de\\\/wp-blog\\\/#organization\",\"name\":\"H\u00e4kelfieber\",\"url\":\"https:\\\/\\\/www.haekelfieber.de\\\/wp-blog\\\/\",\"logo\":{\"@type\":\"ImageObject\",\"inLanguage\":\"de\",\"@id\":\"https:\\\/\\\/www.haekelfieber.de\\\/wp-blog\\\/#\\\/schema\\\/logo\\\/image\\\/\",\"url\":\"https:\\\/\\\/www.haekelfieber.de\\\/wp-blog\\\/wp-content\\\/uploads\\\/2023\\\/03\\\/kissen-haekeln2.jpg\",\"contentUrl\":\"https:\\\/\\\/www.haekelfieber.de\\\/wp-blog\\\/wp-content\\\/uploads\\\/2023\\\/03\\\/kissen-haekeln2.jpg\",\"width\":683,\"height\":1024,\"caption\":\"H\u00e4kelfieber\"},\"image\":{\"@id\":\"https:\\\/\\\/www.haekelfieber.de\\\/wp-blog\\\/#\\\/schema\\\/logo\\\/image\\\/\"}}]}<\/script>\n<!-- \/ Yoast SEO plugin. -->","yoast_head_json":{"title":"Taschent\u00fcchertasche - H\u00e4kelfieber","robots":{"index":"index","follow":"follow","max-snippet":"max-snippet:-1","max-image-preview":"max-image-preview:large","max-video-preview":"max-video-preview:-1"},"canonical":"https:\/\/www.haekelfieber.de\/wp-blog\/taschentuechertasche\/","og_locale":"de_DE","og_type":"article","og_title":"Taschent\u00fcchertasche - H\u00e4kelfieber","og_description":"Das ist meine dritte, geh\u00e4kelte Taschent\u00fcchertasche. Bei jedem Model habe ich etwas optimiert und diese kommt dem Optimum schon sehr, sehr nah. Dann wollen wir mal loslegen! Material: 3er H\u00e4kelnadel d\u00fcnnes Baumwollgarn in drei Farben H\u00e4kelt 28 feste Maschen und 32 Reihen davon. Wenn ihr wollt, dass die \u00d6ffnung (wo die Taschent\u00fccher rein- und rauskommen) &hellip; Taschent\u00fcchertasche weiterlesen &rarr;","og_url":"https:\/\/www.haekelfieber.de\/wp-blog\/taschentuechertasche\/","og_site_name":"H\u00e4kelfieber","og_image":[{"url":"https:\/\/www.haekelfieber.de\/wp-blog\/wp-content\/uploads\/2015\/07\/crochet-pattern-tutorial-3-450x600.jpg","type":"","width":"","height":""}],"twitter_misc":{"Gesch\u00e4tzte Lesezeit":"1\u00a0Minute"},"schema":{"@context":"https:\/\/schema.org","@graph":[{"@type":"WebPage","@id":"https:\/\/www.haekelfieber.de\/wp-blog\/taschentuechertasche\/","url":"https:\/\/www.haekelfieber.de\/wp-blog\/taschentuechertasche\/","name":"Taschent\u00fcchertasche - H\u00e4kelfieber","isPartOf":{"@id":"https:\/\/www.haekelfieber.de\/wp-blog\/#website"},"primaryImageOfPage":{"@id":"https:\/\/www.haekelfieber.de\/wp-blog\/taschentuechertasche\/#primaryimage"},"image":{"@id":"https:\/\/www.haekelfieber.de\/wp-blog\/taschentuechertasche\/#primaryimage"},"thumbnailUrl":"https:\/\/www.haekelfieber.de\/wp-blog\/wp-content\/uploads\/2015\/07\/crochet-pattern-tutorial-3-450x600.jpg","datePublished":"2015-07-05T16:12:45+00:00","breadcrumb":{"@id":"https:\/\/www.haekelfieber.de\/wp-blog\/taschentuechertasche\/#breadcrumb"},"inLanguage":"de","potentialAction":[{"@type":"ReadAction","target":["https:\/\/www.haekelfieber.de\/wp-blog\/taschentuechertasche\/"]}]},{"@type":"ImageObject","inLanguage":"de","@id":"https:\/\/www.haekelfieber.de\/wp-blog\/taschentuechertasche\/#primaryimage","url":"https:\/\/www.haekelfieber.de\/wp-blog\/wp-content\/uploads\/2015\/07\/crochet-pattern-tutorial-3.jpg","contentUrl":"https:\/\/www.haekelfieber.de\/wp-blog\/wp-content\/uploads\/2015\/07\/crochet-pattern-tutorial-3.jpg","width":600,"height":800},{"@type":"BreadcrumbList","@id":"https:\/\/www.haekelfieber.de\/wp-blog\/taschentuechertasche\/#breadcrumb","itemListElement":[{"@type":"ListItem","position":1,"name":"Home","item":"https:\/\/www.haekelfieber.de\/wp-blog\/"},{"@type":"ListItem","position":2,"name":"Taschent\u00fcchertasche"}]},{"@type":"WebSite","@id":"https:\/\/www.haekelfieber.de\/wp-blog\/#website","url":"https:\/\/www.haekelfieber.de\/wp-blog\/","name":"H\u00e4kelfieber","description":"Ich bin im...","publisher":{"@id":"https:\/\/www.haekelfieber.de\/wp-blog\/#organization"},"potentialAction":[{"@type":"SearchAction","target":{"@type":"EntryPoint","urlTemplate":"https:\/\/www.haekelfieber.de\/wp-blog\/?s={search_term_string}"},"query-input":{"@type":"PropertyValueSpecification","valueRequired":true,"valueName":"search_term_string"}}],"inLanguage":"de"},{"@type":"Organization","@id":"https:\/\/www.haekelfieber.de\/wp-blog\/#organization","name":"H\u00e4kelfieber","url":"https:\/\/www.haekelfieber.de\/wp-blog\/","logo":{"@type":"ImageObject","inLanguage":"de","@id":"https:\/\/www.haekelfieber.de\/wp-blog\/#\/schema\/logo\/image\/","url":"https:\/\/www.haekelfieber.de\/wp-blog\/wp-content\/uploads\/2023\/03\/kissen-haekeln2.jpg","contentUrl":"https:\/\/www.haekelfieber.de\/wp-blog\/wp-content\/uploads\/2023\/03\/kissen-haekeln2.jpg","width":683,"height":1024,"caption":"H\u00e4kelfieber"},"image":{"@id":"https:\/\/www.haekelfieber.de\/wp-blog\/#\/schema\/logo\/image\/"}}]}},"_links":{"self":[{"href":"https:\/\/www.haekelfieber.de\/wp-blog\/wp-json\/wp\/v2\/pages\/2797","targetHints":{"allow":["GET"]}}],"collection":[{"href":"https:\/\/www.haekelfieber.de\/wp-blog\/wp-json\/wp\/v2\/pages"}],"about":[{"href":"https:\/\/www.haekelfieber.de\/wp-blog\/wp-json\/wp\/v2\/types\/page"}],"author":[{"embeddable":true,"href":"https:\/\/www.haekelfieber.de\/wp-blog\/wp-json\/wp\/v2\/users\/1"}],"replies":[{"embeddable":true,"href":"https:\/\/www.haekelfieber.de\/wp-blog\/wp-json\/wp\/v2\/comments?post=2797"}],"version-history":[{"count":1,"href":"https:\/\/www.haekelfieber.de\/wp-blog\/wp-json\/wp\/v2\/pages\/2797\/revisions"}],"predecessor-version":[{"id":2799,"href":"https:\/\/www.haekelfieber.de\/wp-blog\/wp-json\/wp\/v2\/pages\/2797\/revisions\/2799"}],"wp:attachment":[{"href":"https:\/\/www.haekelfieber.de\/wp-blog\/wp-json\/wp\/v2\/media?parent=2797"}],"curies":[{"name":"wp","href":"https:\/\/api.w.org\/{rel}","templated":true}]}}