{"id":2931,"date":"2015-07-29T21:14:59","date_gmt":"2015-07-29T19:14:59","guid":{"rendered":"http:\/\/www.haekelfieber.de\/wp-blog\/?page_id=2931"},"modified":"2015-07-29T21:14:59","modified_gmt":"2015-07-29T19:14:59","slug":"schlaufenborte-haekeln","status":"publish","type":"page","link":"https:\/\/www.haekelfieber.de\/wp-blog\/schlaufenborte-haekeln\/","title":{"rendered":"Schlaufenborte h\u00e4keln"},"content":{"rendered":"<p><a href=\"https:\/\/www.haekelfieber.de\/wp-blog\/wp-content\/uploads\/2015\/07\/Anleitung-Borte-h\u00e4keln-4.jpg\"><img loading=\"lazy\" decoding=\"async\" class=\"aligncenter size-large wp-image-2920\" src=\"https:\/\/www.haekelfieber.de\/wp-blog\/wp-content\/uploads\/2015\/07\/Anleitung-Borte-h\u00e4keln-4-450x600.jpg\" alt=\"Anleitung Borte h\u00e4keln (4)\" width=\"450\" height=\"600\" srcset=\"https:\/\/www.haekelfieber.de\/wp-blog\/wp-content\/uploads\/2015\/07\/Anleitung-Borte-h\u00e4keln-4-450x600.jpg 450w, https:\/\/www.haekelfieber.de\/wp-blog\/wp-content\/uploads\/2015\/07\/Anleitung-Borte-h\u00e4keln-4-225x300.jpg 225w, https:\/\/www.haekelfieber.de\/wp-blog\/wp-content\/uploads\/2015\/07\/Anleitung-Borte-h\u00e4keln-4.jpg 600w\" sizes=\"auto, (max-width: 450px) 100vw, 450px\" \/><br \/>\n<\/a>Hier kommt sie nun, die aufgeschobene Anleitung. Pipieinfach zu machen \ud83d\ude42<\/p>\n<p><a href=\"https:\/\/www.haekelfieber.de\/wp-blog\/wp-content\/uploads\/2015\/07\/Anleitung-Borte-h\u00e4keln-9.jpg\"><img loading=\"lazy\" decoding=\"async\" class=\"aligncenter size-large wp-image-2925\" src=\"https:\/\/www.haekelfieber.de\/wp-blog\/wp-content\/uploads\/2015\/07\/Anleitung-Borte-h\u00e4keln-9-450x600.jpg\" alt=\"Anleitung Borte h\u00e4keln (9)\" width=\"450\" height=\"600\" srcset=\"https:\/\/www.haekelfieber.de\/wp-blog\/wp-content\/uploads\/2015\/07\/Anleitung-Borte-h\u00e4keln-9-450x600.jpg 450w, https:\/\/www.haekelfieber.de\/wp-blog\/wp-content\/uploads\/2015\/07\/Anleitung-Borte-h\u00e4keln-9-225x300.jpg 225w, https:\/\/www.haekelfieber.de\/wp-blog\/wp-content\/uploads\/2015\/07\/Anleitung-Borte-h\u00e4keln-9.jpg 600w\" sizes=\"auto, (max-width: 450px) 100vw, 450px\" \/><\/a><br \/>\nLuftmaschenkette anschlagen<\/p>\n<p><a href=\"https:\/\/www.haekelfieber.de\/wp-blog\/wp-content\/uploads\/2015\/07\/Anleitung-Borte-h\u00e4keln-8.jpg\"><img loading=\"lazy\" decoding=\"async\" class=\"aligncenter size-large wp-image-2924\" src=\"https:\/\/www.haekelfieber.de\/wp-blog\/wp-content\/uploads\/2015\/07\/Anleitung-Borte-h\u00e4keln-8-450x600.jpg\" alt=\"Anleitung Borte h\u00e4keln (8)\" width=\"450\" height=\"600\" srcset=\"https:\/\/www.haekelfieber.de\/wp-blog\/wp-content\/uploads\/2015\/07\/Anleitung-Borte-h\u00e4keln-8-450x600.jpg 450w, https:\/\/www.haekelfieber.de\/wp-blog\/wp-content\/uploads\/2015\/07\/Anleitung-Borte-h\u00e4keln-8-225x300.jpg 225w, https:\/\/www.haekelfieber.de\/wp-blog\/wp-content\/uploads\/2015\/07\/Anleitung-Borte-h\u00e4keln-8.jpg 600w\" sizes=\"auto, (max-width: 450px) 100vw, 450px\" \/><\/a><br \/>\nReihe fester Maschen h\u00e4keln<\/p>\n<p><a href=\"https:\/\/www.haekelfieber.de\/wp-blog\/wp-content\/uploads\/2015\/07\/Anleitung-Borte-h\u00e4keln-7.jpg\"><img loading=\"lazy\" decoding=\"async\" class=\"aligncenter size-large wp-image-2923\" src=\"https:\/\/www.haekelfieber.de\/wp-blog\/wp-content\/uploads\/2015\/07\/Anleitung-Borte-h\u00e4keln-7-450x600.jpg\" alt=\"Anleitung Borte h\u00e4keln (7)\" width=\"450\" height=\"600\" srcset=\"https:\/\/www.haekelfieber.de\/wp-blog\/wp-content\/uploads\/2015\/07\/Anleitung-Borte-h\u00e4keln-7-450x600.jpg 450w, https:\/\/www.haekelfieber.de\/wp-blog\/wp-content\/uploads\/2015\/07\/Anleitung-Borte-h\u00e4keln-7-225x300.jpg 225w, https:\/\/www.haekelfieber.de\/wp-blog\/wp-content\/uploads\/2015\/07\/Anleitung-Borte-h\u00e4keln-7.jpg 600w\" sizes=\"auto, (max-width: 450px) 100vw, 450px\" \/><\/a><br \/>\nReihe St\u00e4bchen h\u00e4keln<\/p>\n<p><a href=\"https:\/\/www.haekelfieber.de\/wp-blog\/wp-content\/uploads\/2015\/07\/Anleitung-Borte-h\u00e4keln-6.jpg\"><img loading=\"lazy\" decoding=\"async\" class=\"aligncenter size-large wp-image-2922\" src=\"https:\/\/www.haekelfieber.de\/wp-blog\/wp-content\/uploads\/2015\/07\/Anleitung-Borte-h\u00e4keln-6-450x600.jpg\" alt=\"Anleitung Borte h\u00e4keln (6)\" width=\"450\" height=\"600\" srcset=\"https:\/\/www.haekelfieber.de\/wp-blog\/wp-content\/uploads\/2015\/07\/Anleitung-Borte-h\u00e4keln-6-450x600.jpg 450w, https:\/\/www.haekelfieber.de\/wp-blog\/wp-content\/uploads\/2015\/07\/Anleitung-Borte-h\u00e4keln-6-225x300.jpg 225w, https:\/\/www.haekelfieber.de\/wp-blog\/wp-content\/uploads\/2015\/07\/Anleitung-Borte-h\u00e4keln-6.jpg 600w\" sizes=\"auto, (max-width: 450px) 100vw, 450px\" \/><\/a><br \/>\nFeste Masche + 10 Luftmaschen arbeiten<br \/>\n<em><strong>Sorry! Ich seh&#8216; gerade, dass ich nur 9 Luftmaschen gemalt habe<\/strong><\/em><br \/>\n<em><strong>Denkt euch noch eine dazu<\/strong><\/em> \ud83d\ude42<br \/>\n3 Maschen der Vorrunde \u00fcberspringen<br \/>\nIn folgende Masche eine feste Masche + 10 Luftmaschen&#8230;<\/p>\n<p><a href=\"https:\/\/www.haekelfieber.de\/wp-blog\/wp-content\/uploads\/2015\/07\/Anleitung-Borte-h\u00e4keln.jpg\"><img loading=\"lazy\" decoding=\"async\" class=\"aligncenter size-large wp-image-2927\" src=\"https:\/\/www.haekelfieber.de\/wp-blog\/wp-content\/uploads\/2015\/07\/Anleitung-Borte-h\u00e4keln-450x600.jpg\" alt=\"Anleitung Borte h\u00e4keln\" width=\"450\" height=\"600\" srcset=\"https:\/\/www.haekelfieber.de\/wp-blog\/wp-content\/uploads\/2015\/07\/Anleitung-Borte-h\u00e4keln-450x600.jpg 450w, https:\/\/www.haekelfieber.de\/wp-blog\/wp-content\/uploads\/2015\/07\/Anleitung-Borte-h\u00e4keln-225x300.jpg 225w, https:\/\/www.haekelfieber.de\/wp-blog\/wp-content\/uploads\/2015\/07\/Anleitung-Borte-h\u00e4keln.jpg 600w\" sizes=\"auto, (max-width: 450px) 100vw, 450px\" \/><\/a><\/p>\n<p>Feste Masche + 5 Luftmaschen (gleich neben die erste Masche der Vorrunde arbeiten)<br \/>\nEine Masche \u00fcberspringen<br \/>\nEine feste Masche + 5 Luftmaschen&#8230;<\/p>\n<p><a href=\"https:\/\/www.haekelfieber.de\/wp-blog\/wp-content\/uploads\/2015\/07\/Anleitung-Borte-h\u00e4keln-1.jpg\"><img loading=\"lazy\" decoding=\"async\" class=\"aligncenter size-large wp-image-2917\" src=\"https:\/\/www.haekelfieber.de\/wp-blog\/wp-content\/uploads\/2015\/07\/Anleitung-Borte-h\u00e4keln-1-450x600.jpg\" alt=\"Anleitung Borte h\u00e4keln (1)\" width=\"450\" height=\"600\" srcset=\"https:\/\/www.haekelfieber.de\/wp-blog\/wp-content\/uploads\/2015\/07\/Anleitung-Borte-h\u00e4keln-1-450x600.jpg 450w, https:\/\/www.haekelfieber.de\/wp-blog\/wp-content\/uploads\/2015\/07\/Anleitung-Borte-h\u00e4keln-1-225x300.jpg 225w, https:\/\/www.haekelfieber.de\/wp-blog\/wp-content\/uploads\/2015\/07\/Anleitung-Borte-h\u00e4keln-1.jpg 600w\" sizes=\"auto, (max-width: 450px) 100vw, 450px\" \/><\/a><br \/>\n<a href=\"https:\/\/www.haekelfieber.de\/wp-blog\/wp-content\/uploads\/2015\/07\/Anleitung-Borte-h\u00e4keln-3.jpg\"><img loading=\"lazy\" decoding=\"async\" class=\"aligncenter size-large wp-image-2919\" src=\"https:\/\/www.haekelfieber.de\/wp-blog\/wp-content\/uploads\/2015\/07\/Anleitung-Borte-h\u00e4keln-3-600x450.jpg\" alt=\"Anleitung Borte h\u00e4keln (3)\" width=\"600\" height=\"450\" srcset=\"https:\/\/www.haekelfieber.de\/wp-blog\/wp-content\/uploads\/2015\/07\/Anleitung-Borte-h\u00e4keln-3-600x450.jpg 600w, https:\/\/www.haekelfieber.de\/wp-blog\/wp-content\/uploads\/2015\/07\/Anleitung-Borte-h\u00e4keln-3-300x225.jpg 300w, https:\/\/www.haekelfieber.de\/wp-blog\/wp-content\/uploads\/2015\/07\/Anleitung-Borte-h\u00e4keln-3.jpg 800w\" sizes=\"auto, (max-width: 600px) 100vw, 600px\" \/><\/a><br \/>\nMein Anleitungsarbeitsplatz<\/p>\n<p><a href=\"https:\/\/www.haekelfieber.de\/wp-blog\/wp-content\/uploads\/2015\/07\/Anleitung-Borte-h\u00e4keln-2.jpg\"><img loading=\"lazy\" decoding=\"async\" class=\"aligncenter size-large wp-image-2918\" src=\"https:\/\/www.haekelfieber.de\/wp-blog\/wp-content\/uploads\/2015\/07\/Anleitung-Borte-h\u00e4keln-2-600x450.jpg\" alt=\"Anleitung Borte h\u00e4keln (2)\" width=\"600\" height=\"450\" srcset=\"https:\/\/www.haekelfieber.de\/wp-blog\/wp-content\/uploads\/2015\/07\/Anleitung-Borte-h\u00e4keln-2-600x450.jpg 600w, https:\/\/www.haekelfieber.de\/wp-blog\/wp-content\/uploads\/2015\/07\/Anleitung-Borte-h\u00e4keln-2-300x225.jpg 300w, https:\/\/www.haekelfieber.de\/wp-blog\/wp-content\/uploads\/2015\/07\/Anleitung-Borte-h\u00e4keln-2.jpg 800w\" sizes=\"auto, (max-width: 600px) 100vw, 600px\" \/><\/a><br \/>\nBorte nochmal in gro\u00df \ud83d\ude42<\/p>\n<p>An die H\u00e4kelnadel&#8230; Los!<\/p>\n","protected":false},"excerpt":{"rendered":"<p>Hier kommt sie nun, die aufgeschobene Anleitung. Pipieinfach zu machen \ud83d\ude42 Luftmaschenkette anschlagen Reihe fester Maschen h\u00e4keln Reihe St\u00e4bchen h\u00e4keln Feste Masche + 10 Luftmaschen arbeiten Sorry! Ich seh&#8216; gerade, dass ich nur 9 Luftmaschen gemalt habe Denkt euch noch eine dazu \ud83d\ude42 3 Maschen der Vorrunde \u00fcberspringen In folgende Masche eine feste Masche + &hellip; <a href=\"https:\/\/www.haekelfieber.de\/wp-blog\/schlaufenborte-haekeln\/\" class=\"more-link\"><span class=\"screen-reader-text\">Schlaufenborte h\u00e4keln<\/span> weiterlesen <span class=\"meta-nav\">&rarr;<\/span><\/a><\/p>\n","protected":false},"author":1,"featured_media":0,"parent":0,"menu_order":0,"comment_status":"open","ping_status":"open","template":"","meta":{"footnotes":""},"class_list":["post-2931","page","type-page","status-publish","hentry"],"yoast_head":"<!-- This site is optimized with the Yoast SEO plugin v27.4 - https:\/\/yoast.com\/product\/yoast-seo-wordpress\/ -->\n<title>Schlaufenborte h\u00e4keln - H\u00e4kelfieber<\/title>\n<meta name=\"robots\" content=\"index, follow, max-snippet:-1, max-image-preview:large, max-video-preview:-1\" \/>\n<link rel=\"canonical\" href=\"https:\/\/www.haekelfieber.de\/wp-blog\/schlaufenborte-haekeln\/\" \/>\n<meta property=\"og:locale\" content=\"de_DE\" \/>\n<meta property=\"og:type\" content=\"article\" \/>\n<meta property=\"og:title\" content=\"Schlaufenborte h\u00e4keln - H\u00e4kelfieber\" \/>\n<meta property=\"og:description\" content=\"Hier kommt sie nun, die aufgeschobene Anleitung. Pipieinfach zu machen \ud83d\ude42 Luftmaschenkette anschlagen Reihe fester Maschen h\u00e4keln Reihe St\u00e4bchen h\u00e4keln Feste Masche + 10 Luftmaschen arbeiten Sorry! Ich seh&#8216; gerade, dass ich nur 9 Luftmaschen gemalt habe Denkt euch noch eine dazu \ud83d\ude42 3 Maschen der Vorrunde \u00fcberspringen In folgende Masche eine feste Masche + &hellip; Schlaufenborte h\u00e4keln weiterlesen &rarr;\" \/>\n<meta property=\"og:url\" content=\"https:\/\/www.haekelfieber.de\/wp-blog\/schlaufenborte-haekeln\/\" \/>\n<meta property=\"og:site_name\" content=\"H\u00e4kelfieber\" \/>\n<meta property=\"og:image\" content=\"https:\/\/www.haekelfieber.de\/wp-blog\/wp-content\/uploads\/2015\/07\/Anleitung-Borte-h\u00e4keln-4-450x600.jpg\" \/>\n<script type=\"application\/ld+json\" class=\"yoast-schema-graph\">{\"@context\":\"https:\\\/\\\/schema.org\",\"@graph\":[{\"@type\":\"WebPage\",\"@id\":\"https:\\\/\\\/www.haekelfieber.de\\\/wp-blog\\\/schlaufenborte-haekeln\\\/\",\"url\":\"https:\\\/\\\/www.haekelfieber.de\\\/wp-blog\\\/schlaufenborte-haekeln\\\/\",\"name\":\"Schlaufenborte h\u00e4keln - H\u00e4kelfieber\",\"isPartOf\":{\"@id\":\"https:\\\/\\\/www.haekelfieber.de\\\/wp-blog\\\/#website\"},\"datePublished\":\"2015-07-29T19:14:59+00:00\",\"breadcrumb\":{\"@id\":\"https:\\\/\\\/www.haekelfieber.de\\\/wp-blog\\\/schlaufenborte-haekeln\\\/#breadcrumb\"},\"inLanguage\":\"de\",\"potentialAction\":[{\"@type\":\"ReadAction\",\"target\":[\"https:\\\/\\\/www.haekelfieber.de\\\/wp-blog\\\/schlaufenborte-haekeln\\\/\"]}]},{\"@type\":\"BreadcrumbList\",\"@id\":\"https:\\\/\\\/www.haekelfieber.de\\\/wp-blog\\\/schlaufenborte-haekeln\\\/#breadcrumb\",\"itemListElement\":[{\"@type\":\"ListItem\",\"position\":1,\"name\":\"Home\",\"item\":\"https:\\\/\\\/www.haekelfieber.de\\\/wp-blog\\\/\"},{\"@type\":\"ListItem\",\"position\":2,\"name\":\"Schlaufenborte h\u00e4keln\"}]},{\"@type\":\"WebSite\",\"@id\":\"https:\\\/\\\/www.haekelfieber.de\\\/wp-blog\\\/#website\",\"url\":\"https:\\\/\\\/www.haekelfieber.de\\\/wp-blog\\\/\",\"name\":\"H\u00e4kelfieber\",\"description\":\"Ich bin im...\",\"publisher\":{\"@id\":\"https:\\\/\\\/www.haekelfieber.de\\\/wp-blog\\\/#organization\"},\"potentialAction\":[{\"@type\":\"SearchAction\",\"target\":{\"@type\":\"EntryPoint\",\"urlTemplate\":\"https:\\\/\\\/www.haekelfieber.de\\\/wp-blog\\\/?s={search_term_string}\"},\"query-input\":{\"@type\":\"PropertyValueSpecification\",\"valueRequired\":true,\"valueName\":\"search_term_string\"}}],\"inLanguage\":\"de\"},{\"@type\":\"Organization\",\"@id\":\"https:\\\/\\\/www.haekelfieber.de\\\/wp-blog\\\/#organization\",\"name\":\"H\u00e4kelfieber\",\"url\":\"https:\\\/\\\/www.haekelfieber.de\\\/wp-blog\\\/\",\"logo\":{\"@type\":\"ImageObject\",\"inLanguage\":\"de\",\"@id\":\"https:\\\/\\\/www.haekelfieber.de\\\/wp-blog\\\/#\\\/schema\\\/logo\\\/image\\\/\",\"url\":\"https:\\\/\\\/www.haekelfieber.de\\\/wp-blog\\\/wp-content\\\/uploads\\\/2023\\\/03\\\/kissen-haekeln2.jpg\",\"contentUrl\":\"https:\\\/\\\/www.haekelfieber.de\\\/wp-blog\\\/wp-content\\\/uploads\\\/2023\\\/03\\\/kissen-haekeln2.jpg\",\"width\":683,\"height\":1024,\"caption\":\"H\u00e4kelfieber\"},\"image\":{\"@id\":\"https:\\\/\\\/www.haekelfieber.de\\\/wp-blog\\\/#\\\/schema\\\/logo\\\/image\\\/\"}}]}<\/script>\n<!-- \/ Yoast SEO plugin. -->","yoast_head_json":{"title":"Schlaufenborte h\u00e4keln - H\u00e4kelfieber","robots":{"index":"index","follow":"follow","max-snippet":"max-snippet:-1","max-image-preview":"max-image-preview:large","max-video-preview":"max-video-preview:-1"},"canonical":"https:\/\/www.haekelfieber.de\/wp-blog\/schlaufenborte-haekeln\/","og_locale":"de_DE","og_type":"article","og_title":"Schlaufenborte h\u00e4keln - H\u00e4kelfieber","og_description":"Hier kommt sie nun, die aufgeschobene Anleitung. Pipieinfach zu machen \ud83d\ude42 Luftmaschenkette anschlagen Reihe fester Maschen h\u00e4keln Reihe St\u00e4bchen h\u00e4keln Feste Masche + 10 Luftmaschen arbeiten Sorry! Ich seh&#8216; gerade, dass ich nur 9 Luftmaschen gemalt habe Denkt euch noch eine dazu \ud83d\ude42 3 Maschen der Vorrunde \u00fcberspringen In folgende Masche eine feste Masche + &hellip; Schlaufenborte h\u00e4keln weiterlesen &rarr;","og_url":"https:\/\/www.haekelfieber.de\/wp-blog\/schlaufenborte-haekeln\/","og_site_name":"H\u00e4kelfieber","og_image":[{"url":"https:\/\/www.haekelfieber.de\/wp-blog\/wp-content\/uploads\/2015\/07\/Anleitung-Borte-h\u00e4keln-4-450x600.jpg","type":"","width":"","height":""}],"schema":{"@context":"https:\/\/schema.org","@graph":[{"@type":"WebPage","@id":"https:\/\/www.haekelfieber.de\/wp-blog\/schlaufenborte-haekeln\/","url":"https:\/\/www.haekelfieber.de\/wp-blog\/schlaufenborte-haekeln\/","name":"Schlaufenborte h\u00e4keln - H\u00e4kelfieber","isPartOf":{"@id":"https:\/\/www.haekelfieber.de\/wp-blog\/#website"},"datePublished":"2015-07-29T19:14:59+00:00","breadcrumb":{"@id":"https:\/\/www.haekelfieber.de\/wp-blog\/schlaufenborte-haekeln\/#breadcrumb"},"inLanguage":"de","potentialAction":[{"@type":"ReadAction","target":["https:\/\/www.haekelfieber.de\/wp-blog\/schlaufenborte-haekeln\/"]}]},{"@type":"BreadcrumbList","@id":"https:\/\/www.haekelfieber.de\/wp-blog\/schlaufenborte-haekeln\/#breadcrumb","itemListElement":[{"@type":"ListItem","position":1,"name":"Home","item":"https:\/\/www.haekelfieber.de\/wp-blog\/"},{"@type":"ListItem","position":2,"name":"Schlaufenborte h\u00e4keln"}]},{"@type":"WebSite","@id":"https:\/\/www.haekelfieber.de\/wp-blog\/#website","url":"https:\/\/www.haekelfieber.de\/wp-blog\/","name":"H\u00e4kelfieber","description":"Ich bin im...","publisher":{"@id":"https:\/\/www.haekelfieber.de\/wp-blog\/#organization"},"potentialAction":[{"@type":"SearchAction","target":{"@type":"EntryPoint","urlTemplate":"https:\/\/www.haekelfieber.de\/wp-blog\/?s={search_term_string}"},"query-input":{"@type":"PropertyValueSpecification","valueRequired":true,"valueName":"search_term_string"}}],"inLanguage":"de"},{"@type":"Organization","@id":"https:\/\/www.haekelfieber.de\/wp-blog\/#organization","name":"H\u00e4kelfieber","url":"https:\/\/www.haekelfieber.de\/wp-blog\/","logo":{"@type":"ImageObject","inLanguage":"de","@id":"https:\/\/www.haekelfieber.de\/wp-blog\/#\/schema\/logo\/image\/","url":"https:\/\/www.haekelfieber.de\/wp-blog\/wp-content\/uploads\/2023\/03\/kissen-haekeln2.jpg","contentUrl":"https:\/\/www.haekelfieber.de\/wp-blog\/wp-content\/uploads\/2023\/03\/kissen-haekeln2.jpg","width":683,"height":1024,"caption":"H\u00e4kelfieber"},"image":{"@id":"https:\/\/www.haekelfieber.de\/wp-blog\/#\/schema\/logo\/image\/"}}]}},"_links":{"self":[{"href":"https:\/\/www.haekelfieber.de\/wp-blog\/wp-json\/wp\/v2\/pages\/2931","targetHints":{"allow":["GET"]}}],"collection":[{"href":"https:\/\/www.haekelfieber.de\/wp-blog\/wp-json\/wp\/v2\/pages"}],"about":[{"href":"https:\/\/www.haekelfieber.de\/wp-blog\/wp-json\/wp\/v2\/types\/page"}],"author":[{"embeddable":true,"href":"https:\/\/www.haekelfieber.de\/wp-blog\/wp-json\/wp\/v2\/users\/1"}],"replies":[{"embeddable":true,"href":"https:\/\/www.haekelfieber.de\/wp-blog\/wp-json\/wp\/v2\/comments?post=2931"}],"version-history":[{"count":2,"href":"https:\/\/www.haekelfieber.de\/wp-blog\/wp-json\/wp\/v2\/pages\/2931\/revisions"}],"predecessor-version":[{"id":2934,"href":"https:\/\/www.haekelfieber.de\/wp-blog\/wp-json\/wp\/v2\/pages\/2931\/revisions\/2934"}],"wp:attachment":[{"href":"https:\/\/www.haekelfieber.de\/wp-blog\/wp-json\/wp\/v2\/media?parent=2931"}],"curies":[{"name":"wp","href":"https:\/\/api.w.org\/{rel}","templated":true}]}}