{"id":3160,"date":"2015-09-16T07:53:42","date_gmt":"2015-09-16T05:53:42","guid":{"rendered":"http:\/\/www.haekelfieber.de\/wp-blog\/?page_id=3160"},"modified":"2024-12-20T12:47:33","modified_gmt":"2024-12-20T11:47:33","slug":"blatt-haekeln","status":"publish","type":"page","link":"https:\/\/www.haekelfieber.de\/wp-blog\/blatt-haekeln\/","title":{"rendered":"Blatt"},"content":{"rendered":"<p><a href=\"https:\/\/www.haekelfieber.de\/wp-blog\/wp-content\/uploads\/2015\/09\/Anleitung-Blatt-ha\u0308keln-3.jpg\"><img loading=\"lazy\" decoding=\"async\" class=\"aligncenter size-large wp-image-3155\" src=\"https:\/\/www.haekelfieber.de\/wp-blog\/wp-content\/uploads\/2015\/09\/Anleitung-Blatt-ha\u0308keln-3-450x600.jpg\" alt=\"Anleitung Blatt ha\u0308keln (3)\" width=\"450\" height=\"600\" srcset=\"https:\/\/www.haekelfieber.de\/wp-blog\/wp-content\/uploads\/2015\/09\/Anleitung-Blatt-ha\u0308keln-3-450x600.jpg 450w, https:\/\/www.haekelfieber.de\/wp-blog\/wp-content\/uploads\/2015\/09\/Anleitung-Blatt-ha\u0308keln-3-225x300.jpg 225w, https:\/\/www.haekelfieber.de\/wp-blog\/wp-content\/uploads\/2015\/09\/Anleitung-Blatt-ha\u0308keln-3.jpg 600w\" sizes=\"auto, (max-width: 450px) 100vw, 450px\" \/><br \/>\n<\/a>Abk\u00fcrzungen:<br \/>\nKm\u00a0 = Kettmasche<br \/>\nLfm\u00a0 = Luftmasche<br \/>\nfM\u00a0\u00a0\u00a0\u00a0 = feste Masche<br \/>\nhStb = halbes St\u00e4bchen<br \/>\nStb\u00a0\u00a0\u00a0 = St\u00e4bchen<br \/>\nDStb = Doppelst\u00e4bchen<\/p>\n<p>Vorab: Dieses Blatt wurde von mir mit einer 7er H\u00e4kelnadel und einem dicken Restgarn geh\u00e4kelt \ud83d\ude09<\/p>\n<p>10 Lfm anschlagen<br \/>\nIn die zweite Lfm ab H\u00e4kelnadel 1 fM arbeiten.<br \/>\nIn die n\u00e4chsten Maschen je: 1 hStb, 1 Stb, 1 DStb, 1 DStb, 1 DStb, 1 Stb, 1 hStb, 1 fM<br \/>\nIhr seid am Reihenende angekommen.<br \/>\n2 Lfm h\u00e4keln (sie bilden die Umrundung).<br \/>\nDie H\u00e4kelarbeit wird <strong>nicht<\/strong> gewendet.<br \/>\nAuf der gegen\u00fcberliegenden Seite weiterarbeiten, wie zuvor: 1 fM, 1 hStb, 1 Stb, 1 DStb,<br \/>\n1 DStb, 1 DStb, 1 Stb, 1 hStb, 1 fM.<\/p>\n<p>Nun zur Blattspitze:<\/p>\n<table>\n<tbody>\n<tr>\n<td><a href=\"https:\/\/www.haekelfieber.de\/wp-blog\/wp-content\/uploads\/2015\/09\/Anleitung-Blatt-ha\u0308keln-5.jpg\"><img loading=\"lazy\" decoding=\"async\" class=\"aligncenter size-medium wp-image-3157\" src=\"https:\/\/www.haekelfieber.de\/wp-blog\/wp-content\/uploads\/2015\/09\/Anleitung-Blatt-ha\u0308keln-5-225x300.jpg\" alt=\"Anleitung Blatt ha\u0308keln (5)\" width=\"225\" height=\"300\" srcset=\"https:\/\/www.haekelfieber.de\/wp-blog\/wp-content\/uploads\/2015\/09\/Anleitung-Blatt-ha\u0308keln-5-225x300.jpg 225w, https:\/\/www.haekelfieber.de\/wp-blog\/wp-content\/uploads\/2015\/09\/Anleitung-Blatt-ha\u0308keln-5-450x600.jpg 450w, https:\/\/www.haekelfieber.de\/wp-blog\/wp-content\/uploads\/2015\/09\/Anleitung-Blatt-ha\u0308keln-5.jpg 600w\" sizes=\"auto, (max-width: 225px) 100vw, 225px\" \/><\/a><\/td>\n<td><a href=\"https:\/\/www.haekelfieber.de\/wp-blog\/wp-content\/uploads\/2015\/09\/Anleitung-Blatt-ha\u0308keln-4-e1442381399972.jpg\"><img loading=\"lazy\" decoding=\"async\" class=\"aligncenter size-medium wp-image-3156\" src=\"https:\/\/www.haekelfieber.de\/wp-blog\/wp-content\/uploads\/2015\/09\/Anleitung-Blatt-ha\u0308keln-4-e1442381399972-225x300.jpg\" alt=\"Anleitung Blatt ha\u0308keln (4)\" width=\"225\" height=\"300\" srcset=\"https:\/\/www.haekelfieber.de\/wp-blog\/wp-content\/uploads\/2015\/09\/Anleitung-Blatt-ha\u0308keln-4-e1442381399972-225x300.jpg 225w, https:\/\/www.haekelfieber.de\/wp-blog\/wp-content\/uploads\/2015\/09\/Anleitung-Blatt-ha\u0308keln-4-e1442381399972-450x600.jpg 450w, https:\/\/www.haekelfieber.de\/wp-blog\/wp-content\/uploads\/2015\/09\/Anleitung-Blatt-ha\u0308keln-4-e1442381399972.jpg 600w\" sizes=\"auto, (max-width: 225px) 100vw, 225px\" \/><\/a><\/td>\n<\/tr>\n<\/tbody>\n<\/table>\n<p>Der rote Faden zeigt auf die Schlaufe, in welche ihr jetzt einstecht.<br \/>\nIn diese Masche h\u00e4kelt ihr: 1 fM, 2 Lfm. 1 Km in die erste Lfm und noch 1 fM in die Schlaufe arbeiten.<br \/>\n1 Km in die aller-allererste fM vom Anfang.<\/p>\n<p>Das ganze Prozedere nochmal in H\u00e4kelschrift \ud83d\ude42<\/p>\n<p><a href=\"https:\/\/www.haekelfieber.de\/wp-blog\/wp-content\/uploads\/2015\/09\/Anleitung-Blatt-ha\u0308keln-1-e1442381369212.jpg\"><img loading=\"lazy\" decoding=\"async\" class=\"aligncenter size-large wp-image-3153\" src=\"https:\/\/www.haekelfieber.de\/wp-blog\/wp-content\/uploads\/2015\/09\/Anleitung-Blatt-ha\u0308keln-1-e1442381369212-600x450.jpg\" alt=\"Anleitung Blatt ha\u0308keln (1)\" width=\"600\" height=\"450\" srcset=\"https:\/\/www.haekelfieber.de\/wp-blog\/wp-content\/uploads\/2015\/09\/Anleitung-Blatt-ha\u0308keln-1-e1442381369212-600x450.jpg 600w, https:\/\/www.haekelfieber.de\/wp-blog\/wp-content\/uploads\/2015\/09\/Anleitung-Blatt-ha\u0308keln-1-e1442381369212-300x225.jpg 300w, https:\/\/www.haekelfieber.de\/wp-blog\/wp-content\/uploads\/2015\/09\/Anleitung-Blatt-ha\u0308keln-1-e1442381369212.jpg 800w\" sizes=\"auto, (max-width: 600px) 100vw, 600px\" \/><br \/>\n<\/a> <a href=\"https:\/\/www.haekelfieber.de\/wp-blog\/wp-content\/uploads\/2015\/09\/Anleitung-Blatt-ha\u0308keln-2-e1442381426302.jpg\"><img loading=\"lazy\" decoding=\"async\" class=\"aligncenter size-large wp-image-3154\" src=\"https:\/\/www.haekelfieber.de\/wp-blog\/wp-content\/uploads\/2015\/09\/Anleitung-Blatt-ha\u0308keln-2-e1442381426302-600x450.jpg\" alt=\"Anleitung Blatt ha\u0308keln (2)\" width=\"600\" height=\"450\" srcset=\"https:\/\/www.haekelfieber.de\/wp-blog\/wp-content\/uploads\/2015\/09\/Anleitung-Blatt-ha\u0308keln-2-e1442381426302-600x450.jpg 600w, https:\/\/www.haekelfieber.de\/wp-blog\/wp-content\/uploads\/2015\/09\/Anleitung-Blatt-ha\u0308keln-2-e1442381426302-300x225.jpg 300w, https:\/\/www.haekelfieber.de\/wp-blog\/wp-content\/uploads\/2015\/09\/Anleitung-Blatt-ha\u0308keln-2-e1442381426302.jpg 800w\" sizes=\"auto, (max-width: 600px) 100vw, 600px\" \/><\/a><br \/>\nM\u00fcsste funktionieren, das Blatt nachzuarbeiten \ud83d\ude09<\/p>\n<p>Viel Spa\u00df beim Bl\u00e4tter Kopieren!<\/p>\n","protected":false},"excerpt":{"rendered":"<p>Abk\u00fcrzungen: Km\u00a0 = Kettmasche Lfm\u00a0 = Luftmasche fM\u00a0\u00a0\u00a0\u00a0 = feste Masche hStb = halbes St\u00e4bchen Stb\u00a0\u00a0\u00a0 = St\u00e4bchen DStb = Doppelst\u00e4bchen Vorab: Dieses Blatt wurde von mir mit einer 7er H\u00e4kelnadel und einem dicken Restgarn geh\u00e4kelt \ud83d\ude09 10 Lfm anschlagen In die zweite Lfm ab H\u00e4kelnadel 1 fM arbeiten. In die n\u00e4chsten Maschen je: 1 &hellip; <a href=\"https:\/\/www.haekelfieber.de\/wp-blog\/blatt-haekeln\/\" class=\"more-link\"><span class=\"screen-reader-text\">Blatt<\/span> weiterlesen <span class=\"meta-nav\">&rarr;<\/span><\/a><\/p>\n","protected":false},"author":1,"featured_media":0,"parent":0,"menu_order":0,"comment_status":"closed","ping_status":"closed","template":"","meta":{"footnotes":""},"class_list":["post-3160","page","type-page","status-publish","hentry"],"yoast_head":"<!-- This site is optimized with the Yoast SEO plugin v27.4 - https:\/\/yoast.com\/product\/yoast-seo-wordpress\/ -->\n<title>Blatt - H\u00e4kelfieber<\/title>\n<meta name=\"robots\" content=\"index, follow, max-snippet:-1, max-image-preview:large, max-video-preview:-1\" \/>\n<link rel=\"canonical\" href=\"https:\/\/www.haekelfieber.de\/wp-blog\/blatt-haekeln\/\" \/>\n<meta property=\"og:locale\" content=\"de_DE\" \/>\n<meta property=\"og:type\" content=\"article\" \/>\n<meta property=\"og:title\" content=\"Blatt - H\u00e4kelfieber\" \/>\n<meta property=\"og:description\" content=\"Abk\u00fcrzungen: Km\u00a0 = Kettmasche Lfm\u00a0 = Luftmasche fM\u00a0\u00a0\u00a0\u00a0 = feste Masche hStb = halbes St\u00e4bchen Stb\u00a0\u00a0\u00a0 = St\u00e4bchen DStb = Doppelst\u00e4bchen Vorab: Dieses Blatt wurde von mir mit einer 7er H\u00e4kelnadel und einem dicken Restgarn geh\u00e4kelt \ud83d\ude09 10 Lfm anschlagen In die zweite Lfm ab H\u00e4kelnadel 1 fM arbeiten. In die n\u00e4chsten Maschen je: 1 &hellip; Blatt weiterlesen &rarr;\" \/>\n<meta property=\"og:url\" content=\"https:\/\/www.haekelfieber.de\/wp-blog\/blatt-haekeln\/\" \/>\n<meta property=\"og:site_name\" content=\"H\u00e4kelfieber\" \/>\n<meta property=\"article:modified_time\" content=\"2024-12-20T11:47:33+00:00\" \/>\n<meta name=\"twitter:label1\" content=\"Gesch\u00e4tzte Lesezeit\" \/>\n\t<meta name=\"twitter:data1\" content=\"2\u00a0Minuten\" \/>\n<script type=\"application\/ld+json\" class=\"yoast-schema-graph\">{\"@context\":\"https:\\\/\\\/schema.org\",\"@graph\":[{\"@type\":\"WebPage\",\"@id\":\"https:\\\/\\\/www.haekelfieber.de\\\/wp-blog\\\/blatt-haekeln\\\/\",\"url\":\"https:\\\/\\\/www.haekelfieber.de\\\/wp-blog\\\/blatt-haekeln\\\/\",\"name\":\"Blatt - H\u00e4kelfieber\",\"isPartOf\":{\"@id\":\"https:\\\/\\\/www.haekelfieber.de\\\/wp-blog\\\/#website\"},\"datePublished\":\"2015-09-16T05:53:42+00:00\",\"dateModified\":\"2024-12-20T11:47:33+00:00\",\"breadcrumb\":{\"@id\":\"https:\\\/\\\/www.haekelfieber.de\\\/wp-blog\\\/blatt-haekeln\\\/#breadcrumb\"},\"inLanguage\":\"de\",\"potentialAction\":[{\"@type\":\"ReadAction\",\"target\":[\"https:\\\/\\\/www.haekelfieber.de\\\/wp-blog\\\/blatt-haekeln\\\/\"]}]},{\"@type\":\"BreadcrumbList\",\"@id\":\"https:\\\/\\\/www.haekelfieber.de\\\/wp-blog\\\/blatt-haekeln\\\/#breadcrumb\",\"itemListElement\":[{\"@type\":\"ListItem\",\"position\":1,\"name\":\"Home\",\"item\":\"https:\\\/\\\/www.haekelfieber.de\\\/wp-blog\\\/\"},{\"@type\":\"ListItem\",\"position\":2,\"name\":\"Blatt\"}]},{\"@type\":\"WebSite\",\"@id\":\"https:\\\/\\\/www.haekelfieber.de\\\/wp-blog\\\/#website\",\"url\":\"https:\\\/\\\/www.haekelfieber.de\\\/wp-blog\\\/\",\"name\":\"H\u00e4kelfieber\",\"description\":\"Ich bin im...\",\"publisher\":{\"@id\":\"https:\\\/\\\/www.haekelfieber.de\\\/wp-blog\\\/#organization\"},\"potentialAction\":[{\"@type\":\"SearchAction\",\"target\":{\"@type\":\"EntryPoint\",\"urlTemplate\":\"https:\\\/\\\/www.haekelfieber.de\\\/wp-blog\\\/?s={search_term_string}\"},\"query-input\":{\"@type\":\"PropertyValueSpecification\",\"valueRequired\":true,\"valueName\":\"search_term_string\"}}],\"inLanguage\":\"de\"},{\"@type\":\"Organization\",\"@id\":\"https:\\\/\\\/www.haekelfieber.de\\\/wp-blog\\\/#organization\",\"name\":\"H\u00e4kelfieber\",\"url\":\"https:\\\/\\\/www.haekelfieber.de\\\/wp-blog\\\/\",\"logo\":{\"@type\":\"ImageObject\",\"inLanguage\":\"de\",\"@id\":\"https:\\\/\\\/www.haekelfieber.de\\\/wp-blog\\\/#\\\/schema\\\/logo\\\/image\\\/\",\"url\":\"https:\\\/\\\/www.haekelfieber.de\\\/wp-blog\\\/wp-content\\\/uploads\\\/2023\\\/03\\\/kissen-haekeln2.jpg\",\"contentUrl\":\"https:\\\/\\\/www.haekelfieber.de\\\/wp-blog\\\/wp-content\\\/uploads\\\/2023\\\/03\\\/kissen-haekeln2.jpg\",\"width\":683,\"height\":1024,\"caption\":\"H\u00e4kelfieber\"},\"image\":{\"@id\":\"https:\\\/\\\/www.haekelfieber.de\\\/wp-blog\\\/#\\\/schema\\\/logo\\\/image\\\/\"}}]}<\/script>\n<!-- \/ Yoast SEO plugin. -->","yoast_head_json":{"title":"Blatt - H\u00e4kelfieber","robots":{"index":"index","follow":"follow","max-snippet":"max-snippet:-1","max-image-preview":"max-image-preview:large","max-video-preview":"max-video-preview:-1"},"canonical":"https:\/\/www.haekelfieber.de\/wp-blog\/blatt-haekeln\/","og_locale":"de_DE","og_type":"article","og_title":"Blatt - H\u00e4kelfieber","og_description":"Abk\u00fcrzungen: Km\u00a0 = Kettmasche Lfm\u00a0 = Luftmasche fM\u00a0\u00a0\u00a0\u00a0 = feste Masche hStb = halbes St\u00e4bchen Stb\u00a0\u00a0\u00a0 = St\u00e4bchen DStb = Doppelst\u00e4bchen Vorab: Dieses Blatt wurde von mir mit einer 7er H\u00e4kelnadel und einem dicken Restgarn geh\u00e4kelt \ud83d\ude09 10 Lfm anschlagen In die zweite Lfm ab H\u00e4kelnadel 1 fM arbeiten. In die n\u00e4chsten Maschen je: 1 &hellip; Blatt weiterlesen &rarr;","og_url":"https:\/\/www.haekelfieber.de\/wp-blog\/blatt-haekeln\/","og_site_name":"H\u00e4kelfieber","article_modified_time":"2024-12-20T11:47:33+00:00","twitter_misc":{"Gesch\u00e4tzte Lesezeit":"2\u00a0Minuten"},"schema":{"@context":"https:\/\/schema.org","@graph":[{"@type":"WebPage","@id":"https:\/\/www.haekelfieber.de\/wp-blog\/blatt-haekeln\/","url":"https:\/\/www.haekelfieber.de\/wp-blog\/blatt-haekeln\/","name":"Blatt - H\u00e4kelfieber","isPartOf":{"@id":"https:\/\/www.haekelfieber.de\/wp-blog\/#website"},"datePublished":"2015-09-16T05:53:42+00:00","dateModified":"2024-12-20T11:47:33+00:00","breadcrumb":{"@id":"https:\/\/www.haekelfieber.de\/wp-blog\/blatt-haekeln\/#breadcrumb"},"inLanguage":"de","potentialAction":[{"@type":"ReadAction","target":["https:\/\/www.haekelfieber.de\/wp-blog\/blatt-haekeln\/"]}]},{"@type":"BreadcrumbList","@id":"https:\/\/www.haekelfieber.de\/wp-blog\/blatt-haekeln\/#breadcrumb","itemListElement":[{"@type":"ListItem","position":1,"name":"Home","item":"https:\/\/www.haekelfieber.de\/wp-blog\/"},{"@type":"ListItem","position":2,"name":"Blatt"}]},{"@type":"WebSite","@id":"https:\/\/www.haekelfieber.de\/wp-blog\/#website","url":"https:\/\/www.haekelfieber.de\/wp-blog\/","name":"H\u00e4kelfieber","description":"Ich bin im...","publisher":{"@id":"https:\/\/www.haekelfieber.de\/wp-blog\/#organization"},"potentialAction":[{"@type":"SearchAction","target":{"@type":"EntryPoint","urlTemplate":"https:\/\/www.haekelfieber.de\/wp-blog\/?s={search_term_string}"},"query-input":{"@type":"PropertyValueSpecification","valueRequired":true,"valueName":"search_term_string"}}],"inLanguage":"de"},{"@type":"Organization","@id":"https:\/\/www.haekelfieber.de\/wp-blog\/#organization","name":"H\u00e4kelfieber","url":"https:\/\/www.haekelfieber.de\/wp-blog\/","logo":{"@type":"ImageObject","inLanguage":"de","@id":"https:\/\/www.haekelfieber.de\/wp-blog\/#\/schema\/logo\/image\/","url":"https:\/\/www.haekelfieber.de\/wp-blog\/wp-content\/uploads\/2023\/03\/kissen-haekeln2.jpg","contentUrl":"https:\/\/www.haekelfieber.de\/wp-blog\/wp-content\/uploads\/2023\/03\/kissen-haekeln2.jpg","width":683,"height":1024,"caption":"H\u00e4kelfieber"},"image":{"@id":"https:\/\/www.haekelfieber.de\/wp-blog\/#\/schema\/logo\/image\/"}}]}},"_links":{"self":[{"href":"https:\/\/www.haekelfieber.de\/wp-blog\/wp-json\/wp\/v2\/pages\/3160","targetHints":{"allow":["GET"]}}],"collection":[{"href":"https:\/\/www.haekelfieber.de\/wp-blog\/wp-json\/wp\/v2\/pages"}],"about":[{"href":"https:\/\/www.haekelfieber.de\/wp-blog\/wp-json\/wp\/v2\/types\/page"}],"author":[{"embeddable":true,"href":"https:\/\/www.haekelfieber.de\/wp-blog\/wp-json\/wp\/v2\/users\/1"}],"replies":[{"embeddable":true,"href":"https:\/\/www.haekelfieber.de\/wp-blog\/wp-json\/wp\/v2\/comments?post=3160"}],"version-history":[{"count":2,"href":"https:\/\/www.haekelfieber.de\/wp-blog\/wp-json\/wp\/v2\/pages\/3160\/revisions"}],"predecessor-version":[{"id":15485,"href":"https:\/\/www.haekelfieber.de\/wp-blog\/wp-json\/wp\/v2\/pages\/3160\/revisions\/15485"}],"wp:attachment":[{"href":"https:\/\/www.haekelfieber.de\/wp-blog\/wp-json\/wp\/v2\/media?parent=3160"}],"curies":[{"name":"wp","href":"https:\/\/api.w.org\/{rel}","templated":true}]}}