{"id":371,"date":"2014-06-19T20:34:59","date_gmt":"2014-06-19T18:34:59","guid":{"rendered":"http:\/\/www.haekelfieber.de\/wp-blog\/?page_id=371"},"modified":"2024-12-20T12:48:55","modified_gmt":"2024-12-20T11:48:55","slug":"anleitung-fuer-eine-haekelbluete","status":"publish","type":"page","link":"https:\/\/www.haekelfieber.de\/wp-blog\/anleitung-fuer-eine-haekelbluete\/","title":{"rendered":"Bl\u00fcte"},"content":{"rendered":"<p><a href=\"https:\/\/www.haekelfieber.de\/wp-blog\/wp-content\/uploads\/2014\/06\/Anleitung-H\u00e4kelbl\u00fcte-2.jpg\"><img loading=\"lazy\" decoding=\"async\" class=\"aligncenter wp-image-367\" src=\"https:\/\/www.haekelfieber.de\/wp-blog\/wp-content\/uploads\/2014\/06\/Anleitung-H\u00e4kelbl\u00fcte-2-768x1024.jpg\" alt=\"Anleitung H\u00e4kelbl\u00fcte (2)\" width=\"450\" height=\"600\" srcset=\"https:\/\/www.haekelfieber.de\/wp-blog\/wp-content\/uploads\/2014\/06\/Anleitung-H\u00e4kelbl\u00fcte-2-768x1024.jpg 768w, https:\/\/www.haekelfieber.de\/wp-blog\/wp-content\/uploads\/2014\/06\/Anleitung-H\u00e4kelbl\u00fcte-2-225x300.jpg 225w, https:\/\/www.haekelfieber.de\/wp-blog\/wp-content\/uploads\/2014\/06\/Anleitung-H\u00e4kelbl\u00fcte-2.jpg 1200w\" sizes=\"auto, (max-width: 450px) 100vw, 450px\" \/><br \/>\n<\/a> <a href=\"https:\/\/www.haekelfieber.de\/wp-blog\/wp-content\/uploads\/2014\/06\/Anleitung-H\u00e4kelblume.jpg\"><img loading=\"lazy\" decoding=\"async\" class=\"aligncenter wp-image-366\" src=\"https:\/\/www.haekelfieber.de\/wp-blog\/wp-content\/uploads\/2014\/06\/Anleitung-H\u00e4kelblume-768x1024.jpg\" alt=\"Anleitung H\u00e4kelblume\" width=\"450\" height=\"600\" srcset=\"https:\/\/www.haekelfieber.de\/wp-blog\/wp-content\/uploads\/2014\/06\/Anleitung-H\u00e4kelblume-768x1024.jpg 768w, https:\/\/www.haekelfieber.de\/wp-blog\/wp-content\/uploads\/2014\/06\/Anleitung-H\u00e4kelblume-225x300.jpg 225w, https:\/\/www.haekelfieber.de\/wp-blog\/wp-content\/uploads\/2014\/06\/Anleitung-H\u00e4kelblume.jpg 1200w\" sizes=\"auto, (max-width: 450px) 100vw, 450px\" \/><\/a><br \/>\nHier kommt die Anleitung zur Bl\u00fcte:<\/p>\n<p>Stb = St\u00e4bchen<br \/>\nLm = Luftmasche<br \/>\nKm = Kettmasche<br \/>\nfM = feste Masche<\/p>\n<p>Macht einen Fadenring (Alternative: 7 Lm mit einer Km zu einem Kreis schlie\u00dfen). H\u00e4kelt 3 Lm (bilden das erste Stb) und 19 Stb.<\/p>\n<p><a href=\"https:\/\/www.haekelfieber.de\/wp-blog\/wp-content\/uploads\/2014\/06\/2014-06-19-18.43.07.jpg\"><img loading=\"lazy\" decoding=\"async\" class=\"aligncenter wp-image-357\" src=\"https:\/\/www.haekelfieber.de\/wp-blog\/wp-content\/uploads\/2014\/06\/2014-06-19-18.43.07-768x1024.jpg\" alt=\"2014-06-19 18.43.07\" width=\"450\" height=\"600\" srcset=\"https:\/\/www.haekelfieber.de\/wp-blog\/wp-content\/uploads\/2014\/06\/2014-06-19-18.43.07-768x1024.jpg 768w, https:\/\/www.haekelfieber.de\/wp-blog\/wp-content\/uploads\/2014\/06\/2014-06-19-18.43.07-225x300.jpg 225w, https:\/\/www.haekelfieber.de\/wp-blog\/wp-content\/uploads\/2014\/06\/2014-06-19-18.43.07.jpg 1200w\" sizes=\"auto, (max-width: 450px) 100vw, 450px\" \/><\/a><br \/>\nSchlie\u00dft den Kreis mit einer Km in die dritte Lm vom Anfang. Dazu nehmt ihr die Wolle in der anderen Farbe.<\/p>\n<p><a href=\"https:\/\/www.haekelfieber.de\/wp-blog\/wp-content\/uploads\/2014\/06\/2014-06-19-18.43.37.jpg\"><img loading=\"lazy\" decoding=\"async\" class=\"aligncenter wp-image-358\" src=\"https:\/\/www.haekelfieber.de\/wp-blog\/wp-content\/uploads\/2014\/06\/2014-06-19-18.43.37-768x1024.jpg\" alt=\"2014-06-19 18.43.37\" width=\"450\" height=\"600\" srcset=\"https:\/\/www.haekelfieber.de\/wp-blog\/wp-content\/uploads\/2014\/06\/2014-06-19-18.43.37-768x1024.jpg 768w, https:\/\/www.haekelfieber.de\/wp-blog\/wp-content\/uploads\/2014\/06\/2014-06-19-18.43.37-225x300.jpg 225w, https:\/\/www.haekelfieber.de\/wp-blog\/wp-content\/uploads\/2014\/06\/2014-06-19-18.43.37.jpg 1200w\" sizes=\"auto, (max-width: 450px) 100vw, 450px\" \/><\/a><br \/>\nGibt einen sch\u00f6nen Farb\u00fcbergang.<\/p>\n<p><a href=\"https:\/\/www.haekelfieber.de\/wp-blog\/wp-content\/uploads\/2014\/06\/2014-06-19-18.44.04.jpg\"><img loading=\"lazy\" decoding=\"async\" class=\"aligncenter wp-image-359\" src=\"https:\/\/www.haekelfieber.de\/wp-blog\/wp-content\/uploads\/2014\/06\/2014-06-19-18.44.04-768x1024.jpg\" alt=\"2014-06-19 18.44.04\" width=\"450\" height=\"600\" srcset=\"https:\/\/www.haekelfieber.de\/wp-blog\/wp-content\/uploads\/2014\/06\/2014-06-19-18.44.04-768x1024.jpg 768w, https:\/\/www.haekelfieber.de\/wp-blog\/wp-content\/uploads\/2014\/06\/2014-06-19-18.44.04-225x300.jpg 225w, https:\/\/www.haekelfieber.de\/wp-blog\/wp-content\/uploads\/2014\/06\/2014-06-19-18.44.04.jpg 1200w\" sizes=\"auto, (max-width: 450px) 100vw, 450px\" \/><\/a><br \/>\nH\u00e4kelt 3 Lm.<\/p>\n<p><a href=\"https:\/\/www.haekelfieber.de\/wp-blog\/wp-content\/uploads\/2014\/06\/2014-06-19-18.45.03.jpg\"><img loading=\"lazy\" decoding=\"async\" class=\"aligncenter wp-image-360\" src=\"https:\/\/www.haekelfieber.de\/wp-blog\/wp-content\/uploads\/2014\/06\/2014-06-19-18.45.03-768x1024.jpg\" alt=\"2014-06-19 18.45.03\" width=\"450\" height=\"600\" srcset=\"https:\/\/www.haekelfieber.de\/wp-blog\/wp-content\/uploads\/2014\/06\/2014-06-19-18.45.03-768x1024.jpg 768w, https:\/\/www.haekelfieber.de\/wp-blog\/wp-content\/uploads\/2014\/06\/2014-06-19-18.45.03-225x300.jpg 225w, https:\/\/www.haekelfieber.de\/wp-blog\/wp-content\/uploads\/2014\/06\/2014-06-19-18.45.03.jpg 1200w\" sizes=\"auto, (max-width: 450px) 100vw, 450px\" \/><\/a><br \/>\nUnd noch 3 Lm.<\/p>\n<p><a href=\"https:\/\/www.haekelfieber.de\/wp-blog\/wp-content\/uploads\/2014\/06\/2014-06-19-18.45.29.jpg\"><img loading=\"lazy\" decoding=\"async\" class=\"aligncenter wp-image-361\" src=\"https:\/\/www.haekelfieber.de\/wp-blog\/wp-content\/uploads\/2014\/06\/2014-06-19-18.45.29-768x1024.jpg\" alt=\"2014-06-19 18.45.29\" width=\"450\" height=\"600\" srcset=\"https:\/\/www.haekelfieber.de\/wp-blog\/wp-content\/uploads\/2014\/06\/2014-06-19-18.45.29-768x1024.jpg 768w, https:\/\/www.haekelfieber.de\/wp-blog\/wp-content\/uploads\/2014\/06\/2014-06-19-18.45.29-225x300.jpg 225w, https:\/\/www.haekelfieber.de\/wp-blog\/wp-content\/uploads\/2014\/06\/2014-06-19-18.45.29.jpg 1200w\" sizes=\"auto, (max-width: 450px) 100vw, 450px\" \/><\/a><br \/>\nUnd eine fM in die dritte Lm.<\/p>\n<p><a href=\"https:\/\/www.haekelfieber.de\/wp-blog\/wp-content\/uploads\/2014\/06\/2014-06-19-18.45.50.jpg\"><img loading=\"lazy\" decoding=\"async\" class=\"aligncenter wp-image-362\" src=\"https:\/\/www.haekelfieber.de\/wp-blog\/wp-content\/uploads\/2014\/06\/2014-06-19-18.45.50-768x1024.jpg\" alt=\"2014-06-19 18.45.50\" width=\"450\" height=\"600\" srcset=\"https:\/\/www.haekelfieber.de\/wp-blog\/wp-content\/uploads\/2014\/06\/2014-06-19-18.45.50-768x1024.jpg 768w, https:\/\/www.haekelfieber.de\/wp-blog\/wp-content\/uploads\/2014\/06\/2014-06-19-18.45.50-225x300.jpg 225w, https:\/\/www.haekelfieber.de\/wp-blog\/wp-content\/uploads\/2014\/06\/2014-06-19-18.45.50.jpg 1200w\" sizes=\"auto, (max-width: 450px) 100vw, 450px\" \/><\/a><br \/>\nGerade habt ihr ein Pikot geh\u00e4kelt. So nennt man den &#8222;Bommel&#8220; \ud83d\ude42 .<\/p>\n<p><a href=\"https:\/\/www.haekelfieber.de\/wp-blog\/wp-content\/uploads\/2014\/06\/2014-06-19-18.46.45.jpg\"><img loading=\"lazy\" decoding=\"async\" class=\"aligncenter wp-image-363\" src=\"https:\/\/www.haekelfieber.de\/wp-blog\/wp-content\/uploads\/2014\/06\/2014-06-19-18.46.45-768x1024.jpg\" alt=\"2014-06-19 18.46.45\" width=\"450\" height=\"600\" srcset=\"https:\/\/www.haekelfieber.de\/wp-blog\/wp-content\/uploads\/2014\/06\/2014-06-19-18.46.45-768x1024.jpg 768w, https:\/\/www.haekelfieber.de\/wp-blog\/wp-content\/uploads\/2014\/06\/2014-06-19-18.46.45-225x300.jpg 225w, https:\/\/www.haekelfieber.de\/wp-blog\/wp-content\/uploads\/2014\/06\/2014-06-19-18.46.45.jpg 1200w\" sizes=\"auto, (max-width: 450px) 100vw, 450px\" \/><\/a><br \/>\nWeiter geht&#8217;s mit einem Stb + 3 Lm in die n\u00e4chste Masche und&#8230;<\/p>\n<p><a href=\"https:\/\/www.haekelfieber.de\/wp-blog\/wp-content\/uploads\/2014\/06\/2014-06-19-18.47.13.jpg\"><img loading=\"lazy\" decoding=\"async\" class=\"aligncenter wp-image-364\" src=\"https:\/\/www.haekelfieber.de\/wp-blog\/wp-content\/uploads\/2014\/06\/2014-06-19-18.47.13-768x1024.jpg\" alt=\"2014-06-19 18.47.13\" width=\"450\" height=\"600\" srcset=\"https:\/\/www.haekelfieber.de\/wp-blog\/wp-content\/uploads\/2014\/06\/2014-06-19-18.47.13-768x1024.jpg 768w, https:\/\/www.haekelfieber.de\/wp-blog\/wp-content\/uploads\/2014\/06\/2014-06-19-18.47.13-225x300.jpg 225w, https:\/\/www.haekelfieber.de\/wp-blog\/wp-content\/uploads\/2014\/06\/2014-06-19-18.47.13.jpg 1200w\" sizes=\"auto, (max-width: 450px) 100vw, 450px\" \/><\/a><br \/>\n&#8230; einer fM in den oberen Teil des St\u00e4bchens.<\/p>\n<p><a href=\"https:\/\/www.haekelfieber.de\/wp-blog\/wp-content\/uploads\/2014\/06\/Anleitung-H\u00e4kelbl\u00fcte.jpg\"><img loading=\"lazy\" decoding=\"async\" class=\"aligncenter wp-image-368\" src=\"https:\/\/www.haekelfieber.de\/wp-blog\/wp-content\/uploads\/2014\/06\/Anleitung-H\u00e4kelbl\u00fcte-768x1024.jpg\" alt=\"Anleitung H\u00e4kelbl\u00fcte\" width=\"450\" height=\"600\" srcset=\"https:\/\/www.haekelfieber.de\/wp-blog\/wp-content\/uploads\/2014\/06\/Anleitung-H\u00e4kelbl\u00fcte-768x1024.jpg 768w, https:\/\/www.haekelfieber.de\/wp-blog\/wp-content\/uploads\/2014\/06\/Anleitung-H\u00e4kelbl\u00fcte-225x300.jpg 225w, https:\/\/www.haekelfieber.de\/wp-blog\/wp-content\/uploads\/2014\/06\/Anleitung-H\u00e4kelbl\u00fcte.jpg 1200w\" sizes=\"auto, (max-width: 450px) 100vw, 450px\" \/><\/a><br \/>\n1 Stb + 3 Lm + 1 fM immer weiter wiederholen in jede Masche der Vorrunde (ergibt wieder 20 Stb mit Pikot).<\/p>\n<p><a href=\"https:\/\/www.haekelfieber.de\/wp-blog\/wp-content\/uploads\/2014\/06\/Anleitung-H\u00e4kelblume.jpg\"><img loading=\"lazy\" decoding=\"async\" class=\"aligncenter wp-image-366\" src=\"https:\/\/www.haekelfieber.de\/wp-blog\/wp-content\/uploads\/2014\/06\/Anleitung-H\u00e4kelblume-768x1024.jpg\" alt=\"Anleitung H\u00e4kelblume\" width=\"450\" height=\"600\" srcset=\"https:\/\/www.haekelfieber.de\/wp-blog\/wp-content\/uploads\/2014\/06\/Anleitung-H\u00e4kelblume-768x1024.jpg 768w, https:\/\/www.haekelfieber.de\/wp-blog\/wp-content\/uploads\/2014\/06\/Anleitung-H\u00e4kelblume-225x300.jpg 225w, https:\/\/www.haekelfieber.de\/wp-blog\/wp-content\/uploads\/2014\/06\/Anleitung-H\u00e4kelblume.jpg 1200w\" sizes=\"auto, (max-width: 450px) 100vw, 450px\" \/><\/a><br \/>\nBeendet die Runde mit einer Km in die dritte Lm vom Anfang.<\/p>\n<p>Fertig &#8211; Halt, Stop. Ihr m\u00fcsst noch vern\u00e4hen \ud83d\ude09 .<\/p>\n","protected":false},"excerpt":{"rendered":"<p>Hier kommt die Anleitung zur Bl\u00fcte: Stb = St\u00e4bchen Lm = Luftmasche Km = Kettmasche fM = feste Masche Macht einen Fadenring (Alternative: 7 Lm mit einer Km zu einem Kreis schlie\u00dfen). H\u00e4kelt 3 Lm (bilden das erste Stb) und 19 Stb. Schlie\u00dft den Kreis mit einer Km in die dritte Lm vom Anfang. Dazu &hellip; <a href=\"https:\/\/www.haekelfieber.de\/wp-blog\/anleitung-fuer-eine-haekelbluete\/\" class=\"more-link\"><span class=\"screen-reader-text\">Bl\u00fcte<\/span> weiterlesen <span class=\"meta-nav\">&rarr;<\/span><\/a><\/p>\n","protected":false},"author":1,"featured_media":0,"parent":0,"menu_order":0,"comment_status":"open","ping_status":"open","template":"","meta":{"footnotes":""},"class_list":["post-371","page","type-page","status-publish","hentry"],"yoast_head":"<!-- This site is optimized with the Yoast SEO plugin v27.4 - https:\/\/yoast.com\/product\/yoast-seo-wordpress\/ -->\n<title>Bl\u00fcte - H\u00e4kelfieber<\/title>\n<meta name=\"robots\" content=\"index, follow, max-snippet:-1, max-image-preview:large, max-video-preview:-1\" \/>\n<link rel=\"canonical\" href=\"https:\/\/www.haekelfieber.de\/wp-blog\/anleitung-fuer-eine-haekelbluete\/\" \/>\n<meta property=\"og:locale\" content=\"de_DE\" \/>\n<meta property=\"og:type\" content=\"article\" \/>\n<meta property=\"og:title\" content=\"Bl\u00fcte - H\u00e4kelfieber\" \/>\n<meta property=\"og:description\" content=\"Hier kommt die Anleitung zur Bl\u00fcte: Stb = St\u00e4bchen Lm = Luftmasche Km = Kettmasche fM = feste Masche Macht einen Fadenring (Alternative: 7 Lm mit einer Km zu einem Kreis schlie\u00dfen). H\u00e4kelt 3 Lm (bilden das erste Stb) und 19 Stb. Schlie\u00dft den Kreis mit einer Km in die dritte Lm vom Anfang. Dazu &hellip; Bl\u00fcte weiterlesen &rarr;\" \/>\n<meta property=\"og:url\" content=\"https:\/\/www.haekelfieber.de\/wp-blog\/anleitung-fuer-eine-haekelbluete\/\" \/>\n<meta property=\"og:site_name\" content=\"H\u00e4kelfieber\" \/>\n<meta property=\"article:modified_time\" content=\"2024-12-20T11:48:55+00:00\" \/>\n<meta property=\"og:image\" content=\"https:\/\/www.haekelfieber.de\/wp-blog\/wp-content\/uploads\/2014\/06\/2014-06-19-18.43.07-768x1024.jpg\" \/>\n<meta name=\"twitter:label1\" content=\"Gesch\u00e4tzte Lesezeit\" \/>\n\t<meta name=\"twitter:data1\" content=\"4\u00a0Minuten\" \/>\n<script type=\"application\/ld+json\" class=\"yoast-schema-graph\">{\"@context\":\"https:\\\/\\\/schema.org\",\"@graph\":[{\"@type\":\"WebPage\",\"@id\":\"https:\\\/\\\/www.haekelfieber.de\\\/wp-blog\\\/anleitung-fuer-eine-haekelbluete\\\/\",\"url\":\"https:\\\/\\\/www.haekelfieber.de\\\/wp-blog\\\/anleitung-fuer-eine-haekelbluete\\\/\",\"name\":\"Bl\u00fcte - H\u00e4kelfieber\",\"isPartOf\":{\"@id\":\"https:\\\/\\\/www.haekelfieber.de\\\/wp-blog\\\/#website\"},\"primaryImageOfPage\":{\"@id\":\"https:\\\/\\\/www.haekelfieber.de\\\/wp-blog\\\/anleitung-fuer-eine-haekelbluete\\\/#primaryimage\"},\"image\":{\"@id\":\"https:\\\/\\\/www.haekelfieber.de\\\/wp-blog\\\/anleitung-fuer-eine-haekelbluete\\\/#primaryimage\"},\"thumbnailUrl\":\"https:\\\/\\\/www.haekelfieber.de\\\/wp-blog\\\/wp-content\\\/uploads\\\/2014\\\/06\\\/2014-06-19-18.43.07-768x1024.jpg\",\"datePublished\":\"2014-06-19T18:34:59+00:00\",\"dateModified\":\"2024-12-20T11:48:55+00:00\",\"breadcrumb\":{\"@id\":\"https:\\\/\\\/www.haekelfieber.de\\\/wp-blog\\\/anleitung-fuer-eine-haekelbluete\\\/#breadcrumb\"},\"inLanguage\":\"de\",\"potentialAction\":[{\"@type\":\"ReadAction\",\"target\":[\"https:\\\/\\\/www.haekelfieber.de\\\/wp-blog\\\/anleitung-fuer-eine-haekelbluete\\\/\"]}]},{\"@type\":\"ImageObject\",\"inLanguage\":\"de\",\"@id\":\"https:\\\/\\\/www.haekelfieber.de\\\/wp-blog\\\/anleitung-fuer-eine-haekelbluete\\\/#primaryimage\",\"url\":\"https:\\\/\\\/www.haekelfieber.de\\\/wp-blog\\\/wp-content\\\/uploads\\\/2014\\\/06\\\/2014-06-19-18.43.07.jpg\",\"contentUrl\":\"https:\\\/\\\/www.haekelfieber.de\\\/wp-blog\\\/wp-content\\\/uploads\\\/2014\\\/06\\\/2014-06-19-18.43.07.jpg\",\"width\":1200,\"height\":1600},{\"@type\":\"BreadcrumbList\",\"@id\":\"https:\\\/\\\/www.haekelfieber.de\\\/wp-blog\\\/anleitung-fuer-eine-haekelbluete\\\/#breadcrumb\",\"itemListElement\":[{\"@type\":\"ListItem\",\"position\":1,\"name\":\"Home\",\"item\":\"https:\\\/\\\/www.haekelfieber.de\\\/wp-blog\\\/\"},{\"@type\":\"ListItem\",\"position\":2,\"name\":\"Bl\u00fcte\"}]},{\"@type\":\"WebSite\",\"@id\":\"https:\\\/\\\/www.haekelfieber.de\\\/wp-blog\\\/#website\",\"url\":\"https:\\\/\\\/www.haekelfieber.de\\\/wp-blog\\\/\",\"name\":\"H\u00e4kelfieber\",\"description\":\"Ich bin im...\",\"publisher\":{\"@id\":\"https:\\\/\\\/www.haekelfieber.de\\\/wp-blog\\\/#organization\"},\"potentialAction\":[{\"@type\":\"SearchAction\",\"target\":{\"@type\":\"EntryPoint\",\"urlTemplate\":\"https:\\\/\\\/www.haekelfieber.de\\\/wp-blog\\\/?s={search_term_string}\"},\"query-input\":{\"@type\":\"PropertyValueSpecification\",\"valueRequired\":true,\"valueName\":\"search_term_string\"}}],\"inLanguage\":\"de\"},{\"@type\":\"Organization\",\"@id\":\"https:\\\/\\\/www.haekelfieber.de\\\/wp-blog\\\/#organization\",\"name\":\"H\u00e4kelfieber\",\"url\":\"https:\\\/\\\/www.haekelfieber.de\\\/wp-blog\\\/\",\"logo\":{\"@type\":\"ImageObject\",\"inLanguage\":\"de\",\"@id\":\"https:\\\/\\\/www.haekelfieber.de\\\/wp-blog\\\/#\\\/schema\\\/logo\\\/image\\\/\",\"url\":\"https:\\\/\\\/www.haekelfieber.de\\\/wp-blog\\\/wp-content\\\/uploads\\\/2023\\\/03\\\/kissen-haekeln2.jpg\",\"contentUrl\":\"https:\\\/\\\/www.haekelfieber.de\\\/wp-blog\\\/wp-content\\\/uploads\\\/2023\\\/03\\\/kissen-haekeln2.jpg\",\"width\":683,\"height\":1024,\"caption\":\"H\u00e4kelfieber\"},\"image\":{\"@id\":\"https:\\\/\\\/www.haekelfieber.de\\\/wp-blog\\\/#\\\/schema\\\/logo\\\/image\\\/\"}}]}<\/script>\n<!-- \/ Yoast SEO plugin. -->","yoast_head_json":{"title":"Bl\u00fcte - H\u00e4kelfieber","robots":{"index":"index","follow":"follow","max-snippet":"max-snippet:-1","max-image-preview":"max-image-preview:large","max-video-preview":"max-video-preview:-1"},"canonical":"https:\/\/www.haekelfieber.de\/wp-blog\/anleitung-fuer-eine-haekelbluete\/","og_locale":"de_DE","og_type":"article","og_title":"Bl\u00fcte - H\u00e4kelfieber","og_description":"Hier kommt die Anleitung zur Bl\u00fcte: Stb = St\u00e4bchen Lm = Luftmasche Km = Kettmasche fM = feste Masche Macht einen Fadenring (Alternative: 7 Lm mit einer Km zu einem Kreis schlie\u00dfen). H\u00e4kelt 3 Lm (bilden das erste Stb) und 19 Stb. Schlie\u00dft den Kreis mit einer Km in die dritte Lm vom Anfang. Dazu &hellip; Bl\u00fcte weiterlesen &rarr;","og_url":"https:\/\/www.haekelfieber.de\/wp-blog\/anleitung-fuer-eine-haekelbluete\/","og_site_name":"H\u00e4kelfieber","article_modified_time":"2024-12-20T11:48:55+00:00","og_image":[{"url":"https:\/\/www.haekelfieber.de\/wp-blog\/wp-content\/uploads\/2014\/06\/2014-06-19-18.43.07-768x1024.jpg","type":"","width":"","height":""}],"twitter_misc":{"Gesch\u00e4tzte Lesezeit":"4\u00a0Minuten"},"schema":{"@context":"https:\/\/schema.org","@graph":[{"@type":"WebPage","@id":"https:\/\/www.haekelfieber.de\/wp-blog\/anleitung-fuer-eine-haekelbluete\/","url":"https:\/\/www.haekelfieber.de\/wp-blog\/anleitung-fuer-eine-haekelbluete\/","name":"Bl\u00fcte - H\u00e4kelfieber","isPartOf":{"@id":"https:\/\/www.haekelfieber.de\/wp-blog\/#website"},"primaryImageOfPage":{"@id":"https:\/\/www.haekelfieber.de\/wp-blog\/anleitung-fuer-eine-haekelbluete\/#primaryimage"},"image":{"@id":"https:\/\/www.haekelfieber.de\/wp-blog\/anleitung-fuer-eine-haekelbluete\/#primaryimage"},"thumbnailUrl":"https:\/\/www.haekelfieber.de\/wp-blog\/wp-content\/uploads\/2014\/06\/2014-06-19-18.43.07-768x1024.jpg","datePublished":"2014-06-19T18:34:59+00:00","dateModified":"2024-12-20T11:48:55+00:00","breadcrumb":{"@id":"https:\/\/www.haekelfieber.de\/wp-blog\/anleitung-fuer-eine-haekelbluete\/#breadcrumb"},"inLanguage":"de","potentialAction":[{"@type":"ReadAction","target":["https:\/\/www.haekelfieber.de\/wp-blog\/anleitung-fuer-eine-haekelbluete\/"]}]},{"@type":"ImageObject","inLanguage":"de","@id":"https:\/\/www.haekelfieber.de\/wp-blog\/anleitung-fuer-eine-haekelbluete\/#primaryimage","url":"https:\/\/www.haekelfieber.de\/wp-blog\/wp-content\/uploads\/2014\/06\/2014-06-19-18.43.07.jpg","contentUrl":"https:\/\/www.haekelfieber.de\/wp-blog\/wp-content\/uploads\/2014\/06\/2014-06-19-18.43.07.jpg","width":1200,"height":1600},{"@type":"BreadcrumbList","@id":"https:\/\/www.haekelfieber.de\/wp-blog\/anleitung-fuer-eine-haekelbluete\/#breadcrumb","itemListElement":[{"@type":"ListItem","position":1,"name":"Home","item":"https:\/\/www.haekelfieber.de\/wp-blog\/"},{"@type":"ListItem","position":2,"name":"Bl\u00fcte"}]},{"@type":"WebSite","@id":"https:\/\/www.haekelfieber.de\/wp-blog\/#website","url":"https:\/\/www.haekelfieber.de\/wp-blog\/","name":"H\u00e4kelfieber","description":"Ich bin im...","publisher":{"@id":"https:\/\/www.haekelfieber.de\/wp-blog\/#organization"},"potentialAction":[{"@type":"SearchAction","target":{"@type":"EntryPoint","urlTemplate":"https:\/\/www.haekelfieber.de\/wp-blog\/?s={search_term_string}"},"query-input":{"@type":"PropertyValueSpecification","valueRequired":true,"valueName":"search_term_string"}}],"inLanguage":"de"},{"@type":"Organization","@id":"https:\/\/www.haekelfieber.de\/wp-blog\/#organization","name":"H\u00e4kelfieber","url":"https:\/\/www.haekelfieber.de\/wp-blog\/","logo":{"@type":"ImageObject","inLanguage":"de","@id":"https:\/\/www.haekelfieber.de\/wp-blog\/#\/schema\/logo\/image\/","url":"https:\/\/www.haekelfieber.de\/wp-blog\/wp-content\/uploads\/2023\/03\/kissen-haekeln2.jpg","contentUrl":"https:\/\/www.haekelfieber.de\/wp-blog\/wp-content\/uploads\/2023\/03\/kissen-haekeln2.jpg","width":683,"height":1024,"caption":"H\u00e4kelfieber"},"image":{"@id":"https:\/\/www.haekelfieber.de\/wp-blog\/#\/schema\/logo\/image\/"}}]}},"_links":{"self":[{"href":"https:\/\/www.haekelfieber.de\/wp-blog\/wp-json\/wp\/v2\/pages\/371","targetHints":{"allow":["GET"]}}],"collection":[{"href":"https:\/\/www.haekelfieber.de\/wp-blog\/wp-json\/wp\/v2\/pages"}],"about":[{"href":"https:\/\/www.haekelfieber.de\/wp-blog\/wp-json\/wp\/v2\/types\/page"}],"author":[{"embeddable":true,"href":"https:\/\/www.haekelfieber.de\/wp-blog\/wp-json\/wp\/v2\/users\/1"}],"replies":[{"embeddable":true,"href":"https:\/\/www.haekelfieber.de\/wp-blog\/wp-json\/wp\/v2\/comments?post=371"}],"version-history":[{"count":6,"href":"https:\/\/www.haekelfieber.de\/wp-blog\/wp-json\/wp\/v2\/pages\/371\/revisions"}],"predecessor-version":[{"id":15487,"href":"https:\/\/www.haekelfieber.de\/wp-blog\/wp-json\/wp\/v2\/pages\/371\/revisions\/15487"}],"wp:attachment":[{"href":"https:\/\/www.haekelfieber.de\/wp-blog\/wp-json\/wp\/v2\/media?parent=371"}],"curies":[{"name":"wp","href":"https:\/\/api.w.org\/{rel}","templated":true}]}}