{"id":4095,"date":"2016-03-28T13:06:32","date_gmt":"2016-03-28T11:06:32","guid":{"rendered":"http:\/\/www.haekelfieber.de\/wp-blog\/?page_id=4095"},"modified":"2016-03-28T13:06:32","modified_gmt":"2016-03-28T11:06:32","slug":"daisy","status":"publish","type":"page","link":"https:\/\/www.haekelfieber.de\/wp-blog\/daisy\/","title":{"rendered":"Daisy"},"content":{"rendered":"<p>Die Zeit ist reif f\u00fcr eine Anleitung. Es gibt was kleines buntes zum Nachh\u00e4keln.<br \/>\nZu verwenden als Applikation, Girlande&#8230;<\/p>\n<p><img loading=\"lazy\" decoding=\"async\" class=\"aligncenter size-large wp-image-4076\" src=\"https:\/\/www.haekelfieber.de\/wp-blog\/wp-content\/uploads\/2016\/03\/anleitung-blume-ha\u0308keln-2-450x600.jpg\" alt=\"anleitung blume ha\u0308keln (2)\" width=\"450\" height=\"600\" srcset=\"https:\/\/www.haekelfieber.de\/wp-blog\/wp-content\/uploads\/2016\/03\/anleitung-blume-ha\u0308keln-2-450x600.jpg 450w, https:\/\/www.haekelfieber.de\/wp-blog\/wp-content\/uploads\/2016\/03\/anleitung-blume-ha\u0308keln-2-225x300.jpg 225w, https:\/\/www.haekelfieber.de\/wp-blog\/wp-content\/uploads\/2016\/03\/anleitung-blume-ha\u0308keln-2.jpg 600w\" sizes=\"auto, (max-width: 450px) 100vw, 450px\" \/><\/p>\n<p>Verwendet habe ich d\u00fcnnes Baumwollgarn in f\u00fcnf verschiedenen Farben und eine 3,5er H\u00e4kelnadel. Ihr k\u00f6nnt das ganze in jeglicher Garnst\u00e4rke mit entsprechender Nadelst\u00e4rke nacharbeiten.<\/p>\n<p>1. Runde:<br \/>\nH\u00e4kelt 2 Luftmaschen in Gelb. In die erste Luftmasche 1 feste Masche, 3 Luftmaschen,<br \/>\n1 feste Masche, 3 Luftmaschen&#8230; So oft wiederholen, bis 6 Luftmaschenb\u00f6gen entstanden sind. 1 Kettmasche in die allererste feste Masche beendet die Runde.<\/p>\n<p><img loading=\"lazy\" decoding=\"async\" class=\"aligncenter size-large wp-image-4093\" src=\"https:\/\/www.haekelfieber.de\/wp-blog\/wp-content\/uploads\/2016\/03\/anleitung-blume-ha\u0308keln-19-450x600.jpg\" alt=\"anleitung blume ha\u0308keln (19)\" width=\"450\" height=\"600\" srcset=\"https:\/\/www.haekelfieber.de\/wp-blog\/wp-content\/uploads\/2016\/03\/anleitung-blume-ha\u0308keln-19-450x600.jpg 450w, https:\/\/www.haekelfieber.de\/wp-blog\/wp-content\/uploads\/2016\/03\/anleitung-blume-ha\u0308keln-19-225x300.jpg 225w, https:\/\/www.haekelfieber.de\/wp-blog\/wp-content\/uploads\/2016\/03\/anleitung-blume-ha\u0308keln-19.jpg 600w\" sizes=\"auto, (max-width: 450px) 100vw, 450px\" \/><br \/>\n<img loading=\"lazy\" decoding=\"async\" class=\"aligncenter size-large wp-image-4092\" src=\"https:\/\/www.haekelfieber.de\/wp-blog\/wp-content\/uploads\/2016\/03\/anleitung-blume-ha\u0308keln-18-450x600.jpg\" alt=\"anleitung blume ha\u0308keln (18)\" width=\"450\" height=\"600\" srcset=\"https:\/\/www.haekelfieber.de\/wp-blog\/wp-content\/uploads\/2016\/03\/anleitung-blume-ha\u0308keln-18-450x600.jpg 450w, https:\/\/www.haekelfieber.de\/wp-blog\/wp-content\/uploads\/2016\/03\/anleitung-blume-ha\u0308keln-18-225x300.jpg 225w, https:\/\/www.haekelfieber.de\/wp-blog\/wp-content\/uploads\/2016\/03\/anleitung-blume-ha\u0308keln-18.jpg 600w\" sizes=\"auto, (max-width: 450px) 100vw, 450px\" \/><\/p>\n<p>2. Runde:<br \/>\nMit Wei\u00df in einem Luftmaschenbogen anschlingen. 1 Luftmasche (z\u00e4hlt als 1 feste Masche), 1 St\u00e4bchen, 1 Doppelst\u00e4bchen, 1 St\u00e4bchen und 1 feste Masche in den Bogen arbeiten.<br \/>\n1 Kettmasche auf die feste Masche der Vorrunde. In den folgenden Bogen: 1 feste Masche,<br \/>\n1 St\u00e4bchen, 1 Doppelst\u00e4bchen, 1 St\u00e4bchen, 1 feste Masche h\u00e4keln. 1 Kettmasche auf die feste Masche der Vorrunde. Das ganze fortlaufend wiederholen. 1 Kettmasche in die Luftmasche vom Anfang beendet die Runde.<\/p>\n<p><img loading=\"lazy\" decoding=\"async\" class=\"aligncenter size-large wp-image-4090\" src=\"https:\/\/www.haekelfieber.de\/wp-blog\/wp-content\/uploads\/2016\/03\/anleitung-blume-ha\u0308keln-16-450x600.jpg\" alt=\"anleitung blume ha\u0308keln (16)\" width=\"450\" height=\"600\" srcset=\"https:\/\/www.haekelfieber.de\/wp-blog\/wp-content\/uploads\/2016\/03\/anleitung-blume-ha\u0308keln-16-450x600.jpg 450w, https:\/\/www.haekelfieber.de\/wp-blog\/wp-content\/uploads\/2016\/03\/anleitung-blume-ha\u0308keln-16-225x300.jpg 225w, https:\/\/www.haekelfieber.de\/wp-blog\/wp-content\/uploads\/2016\/03\/anleitung-blume-ha\u0308keln-16.jpg 600w\" sizes=\"auto, (max-width: 450px) 100vw, 450px\" \/><br \/>\n<img loading=\"lazy\" decoding=\"async\" class=\"aligncenter size-large wp-image-4091\" src=\"https:\/\/www.haekelfieber.de\/wp-blog\/wp-content\/uploads\/2016\/03\/anleitung-blume-ha\u0308keln-17-450x600.jpg\" alt=\"anleitung blume ha\u0308keln (17)\" width=\"450\" height=\"600\" srcset=\"https:\/\/www.haekelfieber.de\/wp-blog\/wp-content\/uploads\/2016\/03\/anleitung-blume-ha\u0308keln-17-450x600.jpg 450w, https:\/\/www.haekelfieber.de\/wp-blog\/wp-content\/uploads\/2016\/03\/anleitung-blume-ha\u0308keln-17-225x300.jpg 225w, https:\/\/www.haekelfieber.de\/wp-blog\/wp-content\/uploads\/2016\/03\/anleitung-blume-ha\u0308keln-17.jpg 600w\" sizes=\"auto, (max-width: 450px) 100vw, 450px\" \/><\/p>\n<p><img loading=\"lazy\" decoding=\"async\" class=\"aligncenter size-large wp-image-4088\" src=\"https:\/\/www.haekelfieber.de\/wp-blog\/wp-content\/uploads\/2016\/03\/anleitung-blume-ha\u0308keln-14-450x600.jpg\" alt=\"anleitung blume ha\u0308keln (14)\" width=\"450\" height=\"600\" srcset=\"https:\/\/www.haekelfieber.de\/wp-blog\/wp-content\/uploads\/2016\/03\/anleitung-blume-ha\u0308keln-14-450x600.jpg 450w, https:\/\/www.haekelfieber.de\/wp-blog\/wp-content\/uploads\/2016\/03\/anleitung-blume-ha\u0308keln-14-225x300.jpg 225w, https:\/\/www.haekelfieber.de\/wp-blog\/wp-content\/uploads\/2016\/03\/anleitung-blume-ha\u0308keln-14.jpg 600w\" sizes=\"auto, (max-width: 450px) 100vw, 450px\" \/><\/p>\n<p>3. Runde:<br \/>\nDie Bl\u00fcte umdrehen. Jetzt wird auf der R\u00fcckseite weitergearbeitet.<br \/>\nIn der Bl\u00fctenmitte in Gr\u00fcn anschlingen. Schaut euch das Foto an. Nur mittig weit unten anschlingen ist wichtig. Ob es immer die gleichen Schlaufen sind ist v\u00f6llig egal.<br \/>\nH\u00e4kelt 3 Luftmaschen und verankert diese wieder mittig im n\u00e4chsten Bl\u00fctenblatt mit<br \/>\n1 Kettmasche. Fortlaufend wiederholen. Die Runde endet mit 1 Kettmasche in der Masche in welcher ihr am Anfang angeschlungen habt.<\/p>\n<p><img loading=\"lazy\" decoding=\"async\" class=\"aligncenter size-large wp-image-4087\" src=\"https:\/\/www.haekelfieber.de\/wp-blog\/wp-content\/uploads\/2016\/03\/anleitung-blume-ha\u0308keln-13-450x600.jpg\" alt=\"anleitung blume ha\u0308keln (13)\" width=\"450\" height=\"600\" srcset=\"https:\/\/www.haekelfieber.de\/wp-blog\/wp-content\/uploads\/2016\/03\/anleitung-blume-ha\u0308keln-13-450x600.jpg 450w, https:\/\/www.haekelfieber.de\/wp-blog\/wp-content\/uploads\/2016\/03\/anleitung-blume-ha\u0308keln-13-225x300.jpg 225w, https:\/\/www.haekelfieber.de\/wp-blog\/wp-content\/uploads\/2016\/03\/anleitung-blume-ha\u0308keln-13.jpg 600w\" sizes=\"auto, (max-width: 450px) 100vw, 450px\" \/><br \/>\n<img loading=\"lazy\" decoding=\"async\" class=\"aligncenter size-large wp-image-4086\" src=\"https:\/\/www.haekelfieber.de\/wp-blog\/wp-content\/uploads\/2016\/03\/anleitung-blume-ha\u0308keln-12-450x600.jpg\" alt=\"anleitung blume ha\u0308keln (12)\" width=\"450\" height=\"600\" srcset=\"https:\/\/www.haekelfieber.de\/wp-blog\/wp-content\/uploads\/2016\/03\/anleitung-blume-ha\u0308keln-12-450x600.jpg 450w, https:\/\/www.haekelfieber.de\/wp-blog\/wp-content\/uploads\/2016\/03\/anleitung-blume-ha\u0308keln-12-225x300.jpg 225w, https:\/\/www.haekelfieber.de\/wp-blog\/wp-content\/uploads\/2016\/03\/anleitung-blume-ha\u0308keln-12.jpg 600w\" sizes=\"auto, (max-width: 450px) 100vw, 450px\" \/><\/p>\n<p>4. Runde:<br \/>\nEs wird mit Gr\u00fcn weitergearbeitet. Euer Geh\u00e4keltes wieder umdrehen. Jetzt wird wieder auf der Vorderseite weitergemacht.<br \/>\nMacht 1 Kettmasche in den ersten (direkt folgenden) 3er-Luftmaschenbogen.<br \/>\n3 Luftmaschen (z\u00e4hlen als 1 St\u00e4bchen) und weitere 4 St\u00e4bchen in den Bogen arbeiten.<br \/>\nIn jeden Bogen werden 5 St\u00e4bchen geh\u00e4kelt. Die Runde endet mit 1 Kettmasche in die dritte Luftmasche vom Anfang.<\/p>\n<p><img loading=\"lazy\" decoding=\"async\" class=\"aligncenter wp-image-4085 size-large\" src=\"https:\/\/www.haekelfieber.de\/wp-blog\/wp-content\/uploads\/2016\/03\/anleitung-blume-ha\u0308keln-11-e1459162729988-450x600.jpg\" alt=\"anleitung blume ha\u0308keln (11)\" width=\"450\" height=\"600\" srcset=\"https:\/\/www.haekelfieber.de\/wp-blog\/wp-content\/uploads\/2016\/03\/anleitung-blume-ha\u0308keln-11-e1459162729988-450x600.jpg 450w, https:\/\/www.haekelfieber.de\/wp-blog\/wp-content\/uploads\/2016\/03\/anleitung-blume-ha\u0308keln-11-e1459162729988-225x300.jpg 225w, https:\/\/www.haekelfieber.de\/wp-blog\/wp-content\/uploads\/2016\/03\/anleitung-blume-ha\u0308keln-11-e1459162729988.jpg 600w\" sizes=\"auto, (max-width: 450px) 100vw, 450px\" \/><br \/>\n<img loading=\"lazy\" decoding=\"async\" class=\"aligncenter size-large wp-image-4084\" src=\"https:\/\/www.haekelfieber.de\/wp-blog\/wp-content\/uploads\/2016\/03\/anleitung-blume-ha\u0308keln-10-450x600.jpg\" alt=\"anleitung blume ha\u0308keln (10)\" width=\"450\" height=\"600\" srcset=\"https:\/\/www.haekelfieber.de\/wp-blog\/wp-content\/uploads\/2016\/03\/anleitung-blume-ha\u0308keln-10-450x600.jpg 450w, https:\/\/www.haekelfieber.de\/wp-blog\/wp-content\/uploads\/2016\/03\/anleitung-blume-ha\u0308keln-10-225x300.jpg 225w, https:\/\/www.haekelfieber.de\/wp-blog\/wp-content\/uploads\/2016\/03\/anleitung-blume-ha\u0308keln-10.jpg 600w\" sizes=\"auto, (max-width: 450px) 100vw, 450px\" \/><\/p>\n<p>5. Runde:<br \/>\nMit Hellblau im hinteren Maschenglied (in der hinteren Maschenschlaufe) anschlingen.<br \/>\nWenn ihr euch das wei\u00dfe Bl\u00fctenblatt (das mittlere) anseht, so ist die Masche, in welche eingestochen wird jene, welche nicht direkt dar\u00fcber sondern leicht nach links versetzt ist.<\/p>\n<p><img loading=\"lazy\" decoding=\"async\" class=\"aligncenter size-large wp-image-4083\" src=\"https:\/\/www.haekelfieber.de\/wp-blog\/wp-content\/uploads\/2016\/03\/anleitung-blume-ha\u0308keln-9-450x600.jpg\" alt=\"anleitung blume ha\u0308keln (9)\" width=\"450\" height=\"600\" srcset=\"https:\/\/www.haekelfieber.de\/wp-blog\/wp-content\/uploads\/2016\/03\/anleitung-blume-ha\u0308keln-9-450x600.jpg 450w, https:\/\/www.haekelfieber.de\/wp-blog\/wp-content\/uploads\/2016\/03\/anleitung-blume-ha\u0308keln-9-225x300.jpg 225w, https:\/\/www.haekelfieber.de\/wp-blog\/wp-content\/uploads\/2016\/03\/anleitung-blume-ha\u0308keln-9.jpg 600w\" sizes=\"auto, (max-width: 450px) 100vw, 450px\" \/><\/p>\n<p>H\u00e4kelt 1 Luftmasche (z\u00e4hlt als 1 feste Masche) und in die folgenden 4 Maschen der Vorrunde je 1 feste Masche, immer in das hintere Maschenglied.<br \/>\nNun einen Umschlag auf die H\u00e4kelnadel nehmen und in die obere Mitte des Bl\u00fctenblattes (siehe Nadel auf Foto) 1 St\u00e4bchen arbeiten. Die Schlaufe, in welche ihr einstecht befindet sich hinter der Doppelst\u00e4bchenmasche. Wenn ihr euch nicht sicher seid, einfach ein bisschen ausprobieren.<\/p>\n<p><img loading=\"lazy\" decoding=\"async\" class=\"aligncenter size-large wp-image-4082\" src=\"https:\/\/www.haekelfieber.de\/wp-blog\/wp-content\/uploads\/2016\/03\/anleitung-blume-ha\u0308keln-8-450x600.jpg\" alt=\"anleitung blume ha\u0308keln (8)\" width=\"450\" height=\"600\" srcset=\"https:\/\/www.haekelfieber.de\/wp-blog\/wp-content\/uploads\/2016\/03\/anleitung-blume-ha\u0308keln-8-450x600.jpg 450w, https:\/\/www.haekelfieber.de\/wp-blog\/wp-content\/uploads\/2016\/03\/anleitung-blume-ha\u0308keln-8-225x300.jpg 225w, https:\/\/www.haekelfieber.de\/wp-blog\/wp-content\/uploads\/2016\/03\/anleitung-blume-ha\u0308keln-8.jpg 600w\" sizes=\"auto, (max-width: 450px) 100vw, 450px\" \/><\/p>\n<p>Wieder in die f\u00fcnf folgenden Maschen je 1 feste Masche h\u00e4keln.<br \/>\nAm n\u00e4chsten Bl\u00fctenblatt angelangt, wieder 1 St\u00e4bchen auf die Bl\u00fctenspitze.<br \/>\nFortlaufend wiederholen.<br \/>\nDie Runde endet mit 1 Kettmasche in die erste Luftmasche vom Anfang.<\/p>\n<p><img loading=\"lazy\" decoding=\"async\" class=\"aligncenter size-large wp-image-4081\" src=\"https:\/\/www.haekelfieber.de\/wp-blog\/wp-content\/uploads\/2016\/03\/anleitung-blume-ha\u0308keln-7-450x600.jpg\" alt=\"anleitung blume ha\u0308keln (7)\" width=\"450\" height=\"600\" srcset=\"https:\/\/www.haekelfieber.de\/wp-blog\/wp-content\/uploads\/2016\/03\/anleitung-blume-ha\u0308keln-7-450x600.jpg 450w, https:\/\/www.haekelfieber.de\/wp-blog\/wp-content\/uploads\/2016\/03\/anleitung-blume-ha\u0308keln-7-225x300.jpg 225w, https:\/\/www.haekelfieber.de\/wp-blog\/wp-content\/uploads\/2016\/03\/anleitung-blume-ha\u0308keln-7.jpg 600w\" sizes=\"auto, (max-width: 450px) 100vw, 450px\" \/><br \/>\n<img loading=\"lazy\" decoding=\"async\" class=\"aligncenter size-large wp-image-4080\" src=\"https:\/\/www.haekelfieber.de\/wp-blog\/wp-content\/uploads\/2016\/03\/anleitung-blume-ha\u0308keln-6-450x600.jpg\" alt=\"anleitung blume ha\u0308keln (6)\" width=\"450\" height=\"600\" srcset=\"https:\/\/www.haekelfieber.de\/wp-blog\/wp-content\/uploads\/2016\/03\/anleitung-blume-ha\u0308keln-6-450x600.jpg 450w, https:\/\/www.haekelfieber.de\/wp-blog\/wp-content\/uploads\/2016\/03\/anleitung-blume-ha\u0308keln-6-225x300.jpg 225w, https:\/\/www.haekelfieber.de\/wp-blog\/wp-content\/uploads\/2016\/03\/anleitung-blume-ha\u0308keln-6.jpg 600w\" sizes=\"auto, (max-width: 450px) 100vw, 450px\" \/><\/p>\n<p>6. Runde:<br \/>\nMit Rosa im hinteren Maschenglied anschlingen. 2 Luftmaschen und 2 nicht ganz fertig geh\u00e4kelte (abgemaschte) St\u00e4bchen arbeiten.<\/p>\n<p><img loading=\"lazy\" decoding=\"async\" class=\"aligncenter size-large wp-image-4079\" src=\"https:\/\/www.haekelfieber.de\/wp-blog\/wp-content\/uploads\/2016\/03\/anleitung-blume-ha\u0308keln-5-450x600.jpg\" alt=\"anleitung blume ha\u0308keln (5)\" width=\"450\" height=\"600\" srcset=\"https:\/\/www.haekelfieber.de\/wp-blog\/wp-content\/uploads\/2016\/03\/anleitung-blume-ha\u0308keln-5-450x600.jpg 450w, https:\/\/www.haekelfieber.de\/wp-blog\/wp-content\/uploads\/2016\/03\/anleitung-blume-ha\u0308keln-5-225x300.jpg 225w, https:\/\/www.haekelfieber.de\/wp-blog\/wp-content\/uploads\/2016\/03\/anleitung-blume-ha\u0308keln-5.jpg 600w\" sizes=\"auto, (max-width: 450px) 100vw, 450px\" \/><\/p>\n<p>Den Faden auf einmal durch alle drei Schlaufen auf eurer H\u00e4kelnadel ziehen.<\/p>\n<p><img loading=\"lazy\" decoding=\"async\" class=\"aligncenter size-large wp-image-4078\" src=\"https:\/\/www.haekelfieber.de\/wp-blog\/wp-content\/uploads\/2016\/03\/anleitung-blume-ha\u0308keln-4-450x600.jpg\" alt=\"anleitung blume ha\u0308keln (4)\" width=\"450\" height=\"600\" srcset=\"https:\/\/www.haekelfieber.de\/wp-blog\/wp-content\/uploads\/2016\/03\/anleitung-blume-ha\u0308keln-4-450x600.jpg 450w, https:\/\/www.haekelfieber.de\/wp-blog\/wp-content\/uploads\/2016\/03\/anleitung-blume-ha\u0308keln-4-225x300.jpg 225w, https:\/\/www.haekelfieber.de\/wp-blog\/wp-content\/uploads\/2016\/03\/anleitung-blume-ha\u0308keln-4.jpg 600w\" sizes=\"auto, (max-width: 450px) 100vw, 450px\" \/><\/p>\n<p>H\u00e4kelt noch 1 Kettmasche in diese Masche. In die folgenden drei Maschen je 1 Kettmasche arbeiten. In der dritten wieder 2 Luftmaschen und zwei halbfertige St\u00e4bchen gemeinsam abmaschen. Noch 1 Kettmasche in die gleiche Masche arbeiten und in die folgenden drei Maschen je 1 Kettmasche h\u00e4keln. Das ganze fortlaufend wiederholen.<br \/>\n1 Kettmasche in die Masche, in welcher ihr angeschlungen habt, beendet die Runde.<\/p>\n<p><img loading=\"lazy\" decoding=\"async\" class=\"aligncenter size-large wp-image-4075\" src=\"https:\/\/www.haekelfieber.de\/wp-blog\/wp-content\/uploads\/2016\/03\/anleitung-blume-ha\u0308keln-1-450x600.jpg\" alt=\"anleitung blume ha\u0308keln (1)\" width=\"450\" height=\"600\" srcset=\"https:\/\/www.haekelfieber.de\/wp-blog\/wp-content\/uploads\/2016\/03\/anleitung-blume-ha\u0308keln-1-450x600.jpg 450w, https:\/\/www.haekelfieber.de\/wp-blog\/wp-content\/uploads\/2016\/03\/anleitung-blume-ha\u0308keln-1-225x300.jpg 225w, https:\/\/www.haekelfieber.de\/wp-blog\/wp-content\/uploads\/2016\/03\/anleitung-blume-ha\u0308keln-1.jpg 600w\" sizes=\"auto, (max-width: 450px) 100vw, 450px\" \/><br \/>\n<img loading=\"lazy\" decoding=\"async\" class=\"aligncenter size-large wp-image-4076\" src=\"https:\/\/www.haekelfieber.de\/wp-blog\/wp-content\/uploads\/2016\/03\/anleitung-blume-ha\u0308keln-2-450x600.jpg\" alt=\"anleitung blume ha\u0308keln (2)\" width=\"450\" height=\"600\" srcset=\"https:\/\/www.haekelfieber.de\/wp-blog\/wp-content\/uploads\/2016\/03\/anleitung-blume-ha\u0308keln-2-450x600.jpg 450w, https:\/\/www.haekelfieber.de\/wp-blog\/wp-content\/uploads\/2016\/03\/anleitung-blume-ha\u0308keln-2-225x300.jpg 225w, https:\/\/www.haekelfieber.de\/wp-blog\/wp-content\/uploads\/2016\/03\/anleitung-blume-ha\u0308keln-2.jpg 600w\" sizes=\"auto, (max-width: 450px) 100vw, 450px\" \/><\/p>\n<p><img loading=\"lazy\" decoding=\"async\" class=\"aligncenter size-large wp-image-4077\" src=\"https:\/\/www.haekelfieber.de\/wp-blog\/wp-content\/uploads\/2016\/03\/anleitung-blume-ha\u0308keln-3-450x600.jpg\" alt=\"anleitung blume ha\u0308keln (3)\" width=\"450\" height=\"600\" srcset=\"https:\/\/www.haekelfieber.de\/wp-blog\/wp-content\/uploads\/2016\/03\/anleitung-blume-ha\u0308keln-3-450x600.jpg 450w, https:\/\/www.haekelfieber.de\/wp-blog\/wp-content\/uploads\/2016\/03\/anleitung-blume-ha\u0308keln-3-225x300.jpg 225w, https:\/\/www.haekelfieber.de\/wp-blog\/wp-content\/uploads\/2016\/03\/anleitung-blume-ha\u0308keln-3.jpg 600w\" sizes=\"auto, (max-width: 450px) 100vw, 450px\" \/><\/p>\n<p>Fertig!<\/p>\n","protected":false},"excerpt":{"rendered":"<p>Die Zeit ist reif f\u00fcr eine Anleitung. Es gibt was kleines buntes zum Nachh\u00e4keln. Zu verwenden als Applikation, Girlande&#8230; Verwendet habe ich d\u00fcnnes Baumwollgarn in f\u00fcnf verschiedenen Farben und eine 3,5er H\u00e4kelnadel. Ihr k\u00f6nnt das ganze in jeglicher Garnst\u00e4rke mit entsprechender Nadelst\u00e4rke nacharbeiten. 1. Runde: H\u00e4kelt 2 Luftmaschen in Gelb. In die erste Luftmasche 1 &hellip; <a href=\"https:\/\/www.haekelfieber.de\/wp-blog\/daisy\/\" class=\"more-link\"><span class=\"screen-reader-text\">Daisy<\/span> weiterlesen <span class=\"meta-nav\">&rarr;<\/span><\/a><\/p>\n","protected":false},"author":1,"featured_media":0,"parent":0,"menu_order":0,"comment_status":"closed","ping_status":"closed","template":"","meta":{"footnotes":""},"class_list":["post-4095","page","type-page","status-publish","hentry"],"yoast_head":"<!-- This site is optimized with the Yoast SEO plugin v27.4 - https:\/\/yoast.com\/product\/yoast-seo-wordpress\/ -->\n<title>Daisy - H\u00e4kelfieber<\/title>\n<meta name=\"robots\" content=\"index, follow, max-snippet:-1, max-image-preview:large, max-video-preview:-1\" \/>\n<link rel=\"canonical\" href=\"https:\/\/www.haekelfieber.de\/wp-blog\/daisy\/\" \/>\n<meta property=\"og:locale\" content=\"de_DE\" \/>\n<meta property=\"og:type\" content=\"article\" \/>\n<meta property=\"og:title\" content=\"Daisy - H\u00e4kelfieber\" \/>\n<meta property=\"og:description\" content=\"Die Zeit ist reif f\u00fcr eine Anleitung. Es gibt was kleines buntes zum Nachh\u00e4keln. Zu verwenden als Applikation, Girlande&#8230; Verwendet habe ich d\u00fcnnes Baumwollgarn in f\u00fcnf verschiedenen Farben und eine 3,5er H\u00e4kelnadel. Ihr k\u00f6nnt das ganze in jeglicher Garnst\u00e4rke mit entsprechender Nadelst\u00e4rke nacharbeiten. 1. Runde: H\u00e4kelt 2 Luftmaschen in Gelb. In die erste Luftmasche 1 &hellip; Daisy weiterlesen &rarr;\" \/>\n<meta property=\"og:url\" content=\"https:\/\/www.haekelfieber.de\/wp-blog\/daisy\/\" \/>\n<meta property=\"og:site_name\" content=\"H\u00e4kelfieber\" \/>\n<meta property=\"og:image\" content=\"https:\/\/www.haekelfieber.de\/wp-blog\/wp-content\/uploads\/2016\/03\/anleitung-blume-ha\u0308keln-2-450x600.jpg\" \/>\n<meta name=\"twitter:label1\" content=\"Gesch\u00e4tzte Lesezeit\" \/>\n\t<meta name=\"twitter:data1\" content=\"3\u00a0Minuten\" \/>\n<script type=\"application\/ld+json\" class=\"yoast-schema-graph\">{\"@context\":\"https:\\\/\\\/schema.org\",\"@graph\":[{\"@type\":\"WebPage\",\"@id\":\"https:\\\/\\\/www.haekelfieber.de\\\/wp-blog\\\/daisy\\\/\",\"url\":\"https:\\\/\\\/www.haekelfieber.de\\\/wp-blog\\\/daisy\\\/\",\"name\":\"Daisy - H\u00e4kelfieber\",\"isPartOf\":{\"@id\":\"https:\\\/\\\/www.haekelfieber.de\\\/wp-blog\\\/#website\"},\"datePublished\":\"2016-03-28T11:06:32+00:00\",\"breadcrumb\":{\"@id\":\"https:\\\/\\\/www.haekelfieber.de\\\/wp-blog\\\/daisy\\\/#breadcrumb\"},\"inLanguage\":\"de\",\"potentialAction\":[{\"@type\":\"ReadAction\",\"target\":[\"https:\\\/\\\/www.haekelfieber.de\\\/wp-blog\\\/daisy\\\/\"]}]},{\"@type\":\"BreadcrumbList\",\"@id\":\"https:\\\/\\\/www.haekelfieber.de\\\/wp-blog\\\/daisy\\\/#breadcrumb\",\"itemListElement\":[{\"@type\":\"ListItem\",\"position\":1,\"name\":\"Home\",\"item\":\"https:\\\/\\\/www.haekelfieber.de\\\/wp-blog\\\/\"},{\"@type\":\"ListItem\",\"position\":2,\"name\":\"Daisy\"}]},{\"@type\":\"WebSite\",\"@id\":\"https:\\\/\\\/www.haekelfieber.de\\\/wp-blog\\\/#website\",\"url\":\"https:\\\/\\\/www.haekelfieber.de\\\/wp-blog\\\/\",\"name\":\"H\u00e4kelfieber\",\"description\":\"Ich bin im...\",\"publisher\":{\"@id\":\"https:\\\/\\\/www.haekelfieber.de\\\/wp-blog\\\/#organization\"},\"potentialAction\":[{\"@type\":\"SearchAction\",\"target\":{\"@type\":\"EntryPoint\",\"urlTemplate\":\"https:\\\/\\\/www.haekelfieber.de\\\/wp-blog\\\/?s={search_term_string}\"},\"query-input\":{\"@type\":\"PropertyValueSpecification\",\"valueRequired\":true,\"valueName\":\"search_term_string\"}}],\"inLanguage\":\"de\"},{\"@type\":\"Organization\",\"@id\":\"https:\\\/\\\/www.haekelfieber.de\\\/wp-blog\\\/#organization\",\"name\":\"H\u00e4kelfieber\",\"url\":\"https:\\\/\\\/www.haekelfieber.de\\\/wp-blog\\\/\",\"logo\":{\"@type\":\"ImageObject\",\"inLanguage\":\"de\",\"@id\":\"https:\\\/\\\/www.haekelfieber.de\\\/wp-blog\\\/#\\\/schema\\\/logo\\\/image\\\/\",\"url\":\"https:\\\/\\\/www.haekelfieber.de\\\/wp-blog\\\/wp-content\\\/uploads\\\/2023\\\/03\\\/kissen-haekeln2.jpg\",\"contentUrl\":\"https:\\\/\\\/www.haekelfieber.de\\\/wp-blog\\\/wp-content\\\/uploads\\\/2023\\\/03\\\/kissen-haekeln2.jpg\",\"width\":683,\"height\":1024,\"caption\":\"H\u00e4kelfieber\"},\"image\":{\"@id\":\"https:\\\/\\\/www.haekelfieber.de\\\/wp-blog\\\/#\\\/schema\\\/logo\\\/image\\\/\"}}]}<\/script>\n<!-- \/ Yoast SEO plugin. -->","yoast_head_json":{"title":"Daisy - H\u00e4kelfieber","robots":{"index":"index","follow":"follow","max-snippet":"max-snippet:-1","max-image-preview":"max-image-preview:large","max-video-preview":"max-video-preview:-1"},"canonical":"https:\/\/www.haekelfieber.de\/wp-blog\/daisy\/","og_locale":"de_DE","og_type":"article","og_title":"Daisy - H\u00e4kelfieber","og_description":"Die Zeit ist reif f\u00fcr eine Anleitung. Es gibt was kleines buntes zum Nachh\u00e4keln. Zu verwenden als Applikation, Girlande&#8230; Verwendet habe ich d\u00fcnnes Baumwollgarn in f\u00fcnf verschiedenen Farben und eine 3,5er H\u00e4kelnadel. Ihr k\u00f6nnt das ganze in jeglicher Garnst\u00e4rke mit entsprechender Nadelst\u00e4rke nacharbeiten. 1. Runde: H\u00e4kelt 2 Luftmaschen in Gelb. In die erste Luftmasche 1 &hellip; Daisy weiterlesen &rarr;","og_url":"https:\/\/www.haekelfieber.de\/wp-blog\/daisy\/","og_site_name":"H\u00e4kelfieber","og_image":[{"url":"https:\/\/www.haekelfieber.de\/wp-blog\/wp-content\/uploads\/2016\/03\/anleitung-blume-ha\u0308keln-2-450x600.jpg","type":"","width":"","height":""}],"twitter_misc":{"Gesch\u00e4tzte Lesezeit":"3\u00a0Minuten"},"schema":{"@context":"https:\/\/schema.org","@graph":[{"@type":"WebPage","@id":"https:\/\/www.haekelfieber.de\/wp-blog\/daisy\/","url":"https:\/\/www.haekelfieber.de\/wp-blog\/daisy\/","name":"Daisy - H\u00e4kelfieber","isPartOf":{"@id":"https:\/\/www.haekelfieber.de\/wp-blog\/#website"},"datePublished":"2016-03-28T11:06:32+00:00","breadcrumb":{"@id":"https:\/\/www.haekelfieber.de\/wp-blog\/daisy\/#breadcrumb"},"inLanguage":"de","potentialAction":[{"@type":"ReadAction","target":["https:\/\/www.haekelfieber.de\/wp-blog\/daisy\/"]}]},{"@type":"BreadcrumbList","@id":"https:\/\/www.haekelfieber.de\/wp-blog\/daisy\/#breadcrumb","itemListElement":[{"@type":"ListItem","position":1,"name":"Home","item":"https:\/\/www.haekelfieber.de\/wp-blog\/"},{"@type":"ListItem","position":2,"name":"Daisy"}]},{"@type":"WebSite","@id":"https:\/\/www.haekelfieber.de\/wp-blog\/#website","url":"https:\/\/www.haekelfieber.de\/wp-blog\/","name":"H\u00e4kelfieber","description":"Ich bin im...","publisher":{"@id":"https:\/\/www.haekelfieber.de\/wp-blog\/#organization"},"potentialAction":[{"@type":"SearchAction","target":{"@type":"EntryPoint","urlTemplate":"https:\/\/www.haekelfieber.de\/wp-blog\/?s={search_term_string}"},"query-input":{"@type":"PropertyValueSpecification","valueRequired":true,"valueName":"search_term_string"}}],"inLanguage":"de"},{"@type":"Organization","@id":"https:\/\/www.haekelfieber.de\/wp-blog\/#organization","name":"H\u00e4kelfieber","url":"https:\/\/www.haekelfieber.de\/wp-blog\/","logo":{"@type":"ImageObject","inLanguage":"de","@id":"https:\/\/www.haekelfieber.de\/wp-blog\/#\/schema\/logo\/image\/","url":"https:\/\/www.haekelfieber.de\/wp-blog\/wp-content\/uploads\/2023\/03\/kissen-haekeln2.jpg","contentUrl":"https:\/\/www.haekelfieber.de\/wp-blog\/wp-content\/uploads\/2023\/03\/kissen-haekeln2.jpg","width":683,"height":1024,"caption":"H\u00e4kelfieber"},"image":{"@id":"https:\/\/www.haekelfieber.de\/wp-blog\/#\/schema\/logo\/image\/"}}]}},"_links":{"self":[{"href":"https:\/\/www.haekelfieber.de\/wp-blog\/wp-json\/wp\/v2\/pages\/4095","targetHints":{"allow":["GET"]}}],"collection":[{"href":"https:\/\/www.haekelfieber.de\/wp-blog\/wp-json\/wp\/v2\/pages"}],"about":[{"href":"https:\/\/www.haekelfieber.de\/wp-blog\/wp-json\/wp\/v2\/types\/page"}],"author":[{"embeddable":true,"href":"https:\/\/www.haekelfieber.de\/wp-blog\/wp-json\/wp\/v2\/users\/1"}],"replies":[{"embeddable":true,"href":"https:\/\/www.haekelfieber.de\/wp-blog\/wp-json\/wp\/v2\/comments?post=4095"}],"version-history":[{"count":1,"href":"https:\/\/www.haekelfieber.de\/wp-blog\/wp-json\/wp\/v2\/pages\/4095\/revisions"}],"predecessor-version":[{"id":4097,"href":"https:\/\/www.haekelfieber.de\/wp-blog\/wp-json\/wp\/v2\/pages\/4095\/revisions\/4097"}],"wp:attachment":[{"href":"https:\/\/www.haekelfieber.de\/wp-blog\/wp-json\/wp\/v2\/media?parent=4095"}],"curies":[{"name":"wp","href":"https:\/\/api.w.org\/{rel}","templated":true}]}}