{"id":4137,"date":"2016-04-02T19:25:57","date_gmt":"2016-04-02T17:25:57","guid":{"rendered":"http:\/\/www.haekelfieber.de\/wp-blog\/?page_id=4137"},"modified":"2016-04-02T19:25:57","modified_gmt":"2016-04-02T17:25:57","slug":"daisy-granny-square","status":"publish","type":"page","link":"https:\/\/www.haekelfieber.de\/wp-blog\/daisy-granny-square\/","title":{"rendered":"Daisy-Granny-Square"},"content":{"rendered":"<p>F\u00fcr Erstbesucher meiner Seite: F\u00fcr das runde Innenteil findet ihr die Anleitung <a href=\"https:\/\/www.haekelfieber.de\/wp-blog\/daisy\/\" target=\"_blank\">hier<\/a>.<\/p>\n<p><img loading=\"lazy\" decoding=\"async\" class=\"aligncenter size-large wp-image-4126\" src=\"https:\/\/www.haekelfieber.de\/wp-blog\/wp-content\/uploads\/2016\/04\/granny-square-haekeln-1-450x600.jpg\" alt=\"granny square haekeln (1)\" width=\"450\" height=\"600\" srcset=\"https:\/\/www.haekelfieber.de\/wp-blog\/wp-content\/uploads\/2016\/04\/granny-square-haekeln-1-450x600.jpg 450w, https:\/\/www.haekelfieber.de\/wp-blog\/wp-content\/uploads\/2016\/04\/granny-square-haekeln-1-225x300.jpg 225w, https:\/\/www.haekelfieber.de\/wp-blog\/wp-content\/uploads\/2016\/04\/granny-square-haekeln-1.jpg 600w\" sizes=\"auto, (max-width: 450px) 100vw, 450px\" \/><\/p>\n<p>Dann wollen wir mal loslegen, um aus rund, eckig zu machen.<\/p>\n<p><img loading=\"lazy\" decoding=\"async\" class=\"aligncenter size-large wp-image-4135\" src=\"https:\/\/www.haekelfieber.de\/wp-blog\/wp-content\/uploads\/2016\/04\/granny-square-haekeln-10-450x600.jpg\" alt=\"granny square haekeln (10)\" width=\"450\" height=\"600\" srcset=\"https:\/\/www.haekelfieber.de\/wp-blog\/wp-content\/uploads\/2016\/04\/granny-square-haekeln-10-450x600.jpg 450w, https:\/\/www.haekelfieber.de\/wp-blog\/wp-content\/uploads\/2016\/04\/granny-square-haekeln-10-225x300.jpg 225w, https:\/\/www.haekelfieber.de\/wp-blog\/wp-content\/uploads\/2016\/04\/granny-square-haekeln-10.jpg 600w\" sizes=\"auto, (max-width: 450px) 100vw, 450px\" \/><\/p>\n<p>1. Runde:<br \/>\nDreht euer H\u00e4kelst\u00fcck um. Diese Runde wird auf der R\u00fcckseite gearbeitet.<br \/>\nSchlingt in der Farbe eurer Wahl in einer Masche zwischen zwei Bobbeln an.<\/p>\n<p><img loading=\"lazy\" decoding=\"async\" class=\"aligncenter size-large wp-image-4134\" src=\"https:\/\/www.haekelfieber.de\/wp-blog\/wp-content\/uploads\/2016\/04\/granny-square-haekeln-9-450x600.jpg\" alt=\"granny square haekeln (9)\" width=\"450\" height=\"600\" srcset=\"https:\/\/www.haekelfieber.de\/wp-blog\/wp-content\/uploads\/2016\/04\/granny-square-haekeln-9-450x600.jpg 450w, https:\/\/www.haekelfieber.de\/wp-blog\/wp-content\/uploads\/2016\/04\/granny-square-haekeln-9-225x300.jpg 225w, https:\/\/www.haekelfieber.de\/wp-blog\/wp-content\/uploads\/2016\/04\/granny-square-haekeln-9.jpg 600w\" sizes=\"auto, (max-width: 450px) 100vw, 450px\" \/><\/p>\n<p>H\u00e4kelt 4 Luftmaschen und &#8222;verankert&#8220; diese mit 1 Kettmasche mittig unterhalb des \u00fcbern\u00e4chsten Bommels. Siehe Foto<\/p>\n<p><img loading=\"lazy\" decoding=\"async\" class=\"aligncenter size-large wp-image-4132\" src=\"https:\/\/www.haekelfieber.de\/wp-blog\/wp-content\/uploads\/2016\/04\/granny-square-haekeln-7-450x600.jpg\" alt=\"granny square haekeln (7)\" width=\"450\" height=\"600\" srcset=\"https:\/\/www.haekelfieber.de\/wp-blog\/wp-content\/uploads\/2016\/04\/granny-square-haekeln-7-450x600.jpg 450w, https:\/\/www.haekelfieber.de\/wp-blog\/wp-content\/uploads\/2016\/04\/granny-square-haekeln-7-225x300.jpg 225w, https:\/\/www.haekelfieber.de\/wp-blog\/wp-content\/uploads\/2016\/04\/granny-square-haekeln-7.jpg 600w\" sizes=\"auto, (max-width: 450px) 100vw, 450px\" \/><\/p>\n<p>Wieder 4 Luftmaschen arbeiten und diese zwischen zwei Bommels mit 1 Kettmasche<br \/>\nbefestigen. Siehe Foto<\/p>\n<p><img loading=\"lazy\" decoding=\"async\" class=\"aligncenter size-large wp-image-4131\" src=\"https:\/\/www.haekelfieber.de\/wp-blog\/wp-content\/uploads\/2016\/04\/granny-square-haekeln-6-450x600.jpg\" alt=\"granny square haekeln (6)\" width=\"450\" height=\"600\" srcset=\"https:\/\/www.haekelfieber.de\/wp-blog\/wp-content\/uploads\/2016\/04\/granny-square-haekeln-6-450x600.jpg 450w, https:\/\/www.haekelfieber.de\/wp-blog\/wp-content\/uploads\/2016\/04\/granny-square-haekeln-6-225x300.jpg 225w, https:\/\/www.haekelfieber.de\/wp-blog\/wp-content\/uploads\/2016\/04\/granny-square-haekeln-6.jpg 600w\" sizes=\"auto, (max-width: 450px) 100vw, 450px\" \/><\/p>\n<p>Wieder 4 Luftmaschen mit 1 Kettmasche unterhalb eines Bommels, dann wieder<br \/>\n4 Luftmaschen arbeiten und diese zwischen zwei&#8230; Fortlaufend wiederholen.<br \/>\n1 Kettmasche in die erste Masche, in welcher ihr angeschlungen habt, beendet diese Runde.<\/p>\n<p><img loading=\"lazy\" decoding=\"async\" class=\"aligncenter size-large wp-image-4130\" src=\"https:\/\/www.haekelfieber.de\/wp-blog\/wp-content\/uploads\/2016\/04\/granny-square-haekeln-5-450x600.jpg\" alt=\"granny square haekeln (5)\" width=\"450\" height=\"600\" srcset=\"https:\/\/www.haekelfieber.de\/wp-blog\/wp-content\/uploads\/2016\/04\/granny-square-haekeln-5-450x600.jpg 450w, https:\/\/www.haekelfieber.de\/wp-blog\/wp-content\/uploads\/2016\/04\/granny-square-haekeln-5-225x300.jpg 225w, https:\/\/www.haekelfieber.de\/wp-blog\/wp-content\/uploads\/2016\/04\/granny-square-haekeln-5.jpg 600w\" sizes=\"auto, (max-width: 450px) 100vw, 450px\" \/><\/p>\n<p>2. Runde:<br \/>\nDreht euer H\u00e4kelst\u00fcck wieder um. Diese und alle folgenden Runden werden wieder auf der Vorderseite gearbeitet.<br \/>\n3 Luftmaschen (z\u00e4hlen als 1 St\u00e4bchen), weitere 2 Luftmaschen und 1 St\u00e4bchen in die gleiche Masche (in welche ihr zuvor eure letzte Kettmasche geh\u00e4kelt habt) arbeiten. Dies wird die erste Ecke.<br \/>\nIn die zwei folgenden 2 Luftmaschenb\u00f6gen jeweils 5 St\u00e4bchen h\u00e4keln.<br \/>\nIn die folgende Kettmasche (zwischen zwei Bommels) 1 St\u00e4bchen, 2 Luftmaschen und<br \/>\n1 St\u00e4bchen arbeiten. Das ist unsere zweite Ecke. Nun wieder in die folgenden<br \/>\n2 Luftmaschenb\u00f6gen der Vorrunde jeweils 5 St\u00e4bchen h\u00e4keln.<br \/>\nDas ganze fortlaufend wiederholen.<br \/>\nDie Runde beendet 1 Kettmasche in die dritte Luftmasche vom Anfang.<br \/>\nJede Seite des Grannys besteht aus 12 St\u00e4bchen<\/p>\n<table>\n<tbody>\n<tr>\n<td><img loading=\"lazy\" decoding=\"async\" class=\"aligncenter size-medium wp-image-4129\" src=\"https:\/\/www.haekelfieber.de\/wp-blog\/wp-content\/uploads\/2016\/04\/granny-square-haekeln-4-300x225.jpg\" alt=\"granny square haekeln (4)\" width=\"300\" height=\"225\" srcset=\"https:\/\/www.haekelfieber.de\/wp-blog\/wp-content\/uploads\/2016\/04\/granny-square-haekeln-4-300x225.jpg 300w, https:\/\/www.haekelfieber.de\/wp-blog\/wp-content\/uploads\/2016\/04\/granny-square-haekeln-4-768x576.jpg 768w, https:\/\/www.haekelfieber.de\/wp-blog\/wp-content\/uploads\/2016\/04\/granny-square-haekeln-4-600x450.jpg 600w, https:\/\/www.haekelfieber.de\/wp-blog\/wp-content\/uploads\/2016\/04\/granny-square-haekeln-4.jpg 800w\" sizes=\"auto, (max-width: 300px) 100vw, 300px\" \/><\/td>\n<td><img loading=\"lazy\" decoding=\"async\" class=\"aligncenter size-medium wp-image-4128\" src=\"https:\/\/www.haekelfieber.de\/wp-blog\/wp-content\/uploads\/2016\/04\/granny-square-haekeln-3-225x300.jpg\" alt=\"granny square haekeln (3)\" width=\"225\" height=\"300\" srcset=\"https:\/\/www.haekelfieber.de\/wp-blog\/wp-content\/uploads\/2016\/04\/granny-square-haekeln-3-225x300.jpg 225w, https:\/\/www.haekelfieber.de\/wp-blog\/wp-content\/uploads\/2016\/04\/granny-square-haekeln-3-450x600.jpg 450w, https:\/\/www.haekelfieber.de\/wp-blog\/wp-content\/uploads\/2016\/04\/granny-square-haekeln-3.jpg 600w\" sizes=\"auto, (max-width: 225px) 100vw, 225px\" \/><\/td>\n<\/tr>\n<\/tbody>\n<\/table>\n<p>3. Runde:<br \/>\nArbeitet euch mit 1 Kettmasche in die Ecke. 2 Luftmaschen (z\u00e4hlen als\u00a0 1 halbes St\u00e4bchen), weitere 2 Luftmaschen und 1 halbes St\u00e4bchen in die Ecke h\u00e4keln.<br \/>\nAuf jede folgende Masche der Vorrunde 1 halbes St\u00e4bchen h\u00e4keln. In die Ecke wieder<br \/>\n1 halbes St\u00e4bchen, 2 Luftmaschen und 1 halbes St\u00e4bchen. Fortlaufend wiederholen.<br \/>\n1 Kettmasche in die zweite Luftmasche vom Anfang beendet die Runde.<br \/>\nJede Seite des Grannys besteht aus 14 halben St\u00e4bchen<\/p>\n<p>4. Runde:<br \/>\nArbeitet euch mit 1 Kettmasche in die Ecke. 2 Luftmaschen (z\u00e4hlen als 1 halbes St\u00e4bchen),\u00a0 weitere 2 Luftmaschen und 1 halbes St\u00e4bchen in die Ecke h\u00e4keln.<br \/>\nAuf jede folgende Masche der Vorrunde 1 halbes St\u00e4bchen h\u00e4keln. In die Ecke wieder<br \/>\n1 halbes St\u00e4bchen, 2 Luftmaschen und 1 halbes St\u00e4bchen. Fortlaufend wiederholen.<br \/>\n1 Kettmasche in die zweite Luftmasche vom Anfang beendet die Runde.<br \/>\nJede Seite des Grannys besteht aus 16 halben St\u00e4bchen.<\/p>\n<p>Fertig!<\/p>\n<p>Das entstandene Granny ist 10 x 10 cm gro\u00df. Gearbeitet mit d\u00fcnnem Baumwollgarn von diversen Wollherstellern und verarbeitet mit einer 3,5er H\u00e4kelnadel.<\/p>\n","protected":false},"excerpt":{"rendered":"<p>F\u00fcr Erstbesucher meiner Seite: F\u00fcr das runde Innenteil findet ihr die Anleitung hier. Dann wollen wir mal loslegen, um aus rund, eckig zu machen. 1. Runde: Dreht euer H\u00e4kelst\u00fcck um. Diese Runde wird auf der R\u00fcckseite gearbeitet. Schlingt in der Farbe eurer Wahl in einer Masche zwischen zwei Bobbeln an. H\u00e4kelt 4 Luftmaschen und &#8222;verankert&#8220; &hellip; <a href=\"https:\/\/www.haekelfieber.de\/wp-blog\/daisy-granny-square\/\" class=\"more-link\"><span class=\"screen-reader-text\">Daisy-Granny-Square<\/span> weiterlesen <span class=\"meta-nav\">&rarr;<\/span><\/a><\/p>\n","protected":false},"author":1,"featured_media":0,"parent":0,"menu_order":0,"comment_status":"closed","ping_status":"closed","template":"","meta":{"footnotes":""},"class_list":["post-4137","page","type-page","status-publish","hentry"],"yoast_head":"<!-- This site is optimized with the Yoast SEO plugin v27.4 - https:\/\/yoast.com\/product\/yoast-seo-wordpress\/ -->\n<title>Daisy-Granny-Square - H\u00e4kelfieber<\/title>\n<meta name=\"robots\" content=\"index, follow, max-snippet:-1, max-image-preview:large, max-video-preview:-1\" \/>\n<link rel=\"canonical\" href=\"https:\/\/www.haekelfieber.de\/wp-blog\/daisy-granny-square\/\" \/>\n<meta property=\"og:locale\" content=\"de_DE\" \/>\n<meta property=\"og:type\" content=\"article\" \/>\n<meta property=\"og:title\" content=\"Daisy-Granny-Square - H\u00e4kelfieber\" \/>\n<meta property=\"og:description\" content=\"F\u00fcr Erstbesucher meiner Seite: F\u00fcr das runde Innenteil findet ihr die Anleitung hier. Dann wollen wir mal loslegen, um aus rund, eckig zu machen. 1. Runde: Dreht euer H\u00e4kelst\u00fcck um. Diese Runde wird auf der R\u00fcckseite gearbeitet. Schlingt in der Farbe eurer Wahl in einer Masche zwischen zwei Bobbeln an. H\u00e4kelt 4 Luftmaschen und &#8222;verankert&#8220; &hellip; Daisy-Granny-Square weiterlesen &rarr;\" \/>\n<meta property=\"og:url\" content=\"https:\/\/www.haekelfieber.de\/wp-blog\/daisy-granny-square\/\" \/>\n<meta property=\"og:site_name\" content=\"H\u00e4kelfieber\" \/>\n<meta property=\"og:image\" content=\"https:\/\/www.haekelfieber.de\/wp-blog\/wp-content\/uploads\/2016\/04\/granny-square-haekeln-1-450x600.jpg\" \/>\n<meta name=\"twitter:label1\" content=\"Gesch\u00e4tzte Lesezeit\" \/>\n\t<meta name=\"twitter:data1\" content=\"2\u00a0Minuten\" \/>\n<script type=\"application\/ld+json\" class=\"yoast-schema-graph\">{\"@context\":\"https:\\\/\\\/schema.org\",\"@graph\":[{\"@type\":\"WebPage\",\"@id\":\"https:\\\/\\\/www.haekelfieber.de\\\/wp-blog\\\/daisy-granny-square\\\/\",\"url\":\"https:\\\/\\\/www.haekelfieber.de\\\/wp-blog\\\/daisy-granny-square\\\/\",\"name\":\"Daisy-Granny-Square - H\u00e4kelfieber\",\"isPartOf\":{\"@id\":\"https:\\\/\\\/www.haekelfieber.de\\\/wp-blog\\\/#website\"},\"primaryImageOfPage\":{\"@id\":\"https:\\\/\\\/www.haekelfieber.de\\\/wp-blog\\\/daisy-granny-square\\\/#primaryimage\"},\"image\":{\"@id\":\"https:\\\/\\\/www.haekelfieber.de\\\/wp-blog\\\/daisy-granny-square\\\/#primaryimage\"},\"thumbnailUrl\":\"https:\\\/\\\/www.haekelfieber.de\\\/wp-blog\\\/wp-content\\\/uploads\\\/2016\\\/04\\\/granny-square-haekeln-1-450x600.jpg\",\"datePublished\":\"2016-04-02T17:25:57+00:00\",\"breadcrumb\":{\"@id\":\"https:\\\/\\\/www.haekelfieber.de\\\/wp-blog\\\/daisy-granny-square\\\/#breadcrumb\"},\"inLanguage\":\"de\",\"potentialAction\":[{\"@type\":\"ReadAction\",\"target\":[\"https:\\\/\\\/www.haekelfieber.de\\\/wp-blog\\\/daisy-granny-square\\\/\"]}]},{\"@type\":\"ImageObject\",\"inLanguage\":\"de\",\"@id\":\"https:\\\/\\\/www.haekelfieber.de\\\/wp-blog\\\/daisy-granny-square\\\/#primaryimage\",\"url\":\"https:\\\/\\\/www.haekelfieber.de\\\/wp-blog\\\/wp-content\\\/uploads\\\/2016\\\/04\\\/granny-square-haekeln-1.jpg\",\"contentUrl\":\"https:\\\/\\\/www.haekelfieber.de\\\/wp-blog\\\/wp-content\\\/uploads\\\/2016\\\/04\\\/granny-square-haekeln-1.jpg\",\"width\":600,\"height\":800},{\"@type\":\"BreadcrumbList\",\"@id\":\"https:\\\/\\\/www.haekelfieber.de\\\/wp-blog\\\/daisy-granny-square\\\/#breadcrumb\",\"itemListElement\":[{\"@type\":\"ListItem\",\"position\":1,\"name\":\"Home\",\"item\":\"https:\\\/\\\/www.haekelfieber.de\\\/wp-blog\\\/\"},{\"@type\":\"ListItem\",\"position\":2,\"name\":\"Daisy-Granny-Square\"}]},{\"@type\":\"WebSite\",\"@id\":\"https:\\\/\\\/www.haekelfieber.de\\\/wp-blog\\\/#website\",\"url\":\"https:\\\/\\\/www.haekelfieber.de\\\/wp-blog\\\/\",\"name\":\"H\u00e4kelfieber\",\"description\":\"Ich bin im...\",\"publisher\":{\"@id\":\"https:\\\/\\\/www.haekelfieber.de\\\/wp-blog\\\/#organization\"},\"potentialAction\":[{\"@type\":\"SearchAction\",\"target\":{\"@type\":\"EntryPoint\",\"urlTemplate\":\"https:\\\/\\\/www.haekelfieber.de\\\/wp-blog\\\/?s={search_term_string}\"},\"query-input\":{\"@type\":\"PropertyValueSpecification\",\"valueRequired\":true,\"valueName\":\"search_term_string\"}}],\"inLanguage\":\"de\"},{\"@type\":\"Organization\",\"@id\":\"https:\\\/\\\/www.haekelfieber.de\\\/wp-blog\\\/#organization\",\"name\":\"H\u00e4kelfieber\",\"url\":\"https:\\\/\\\/www.haekelfieber.de\\\/wp-blog\\\/\",\"logo\":{\"@type\":\"ImageObject\",\"inLanguage\":\"de\",\"@id\":\"https:\\\/\\\/www.haekelfieber.de\\\/wp-blog\\\/#\\\/schema\\\/logo\\\/image\\\/\",\"url\":\"https:\\\/\\\/www.haekelfieber.de\\\/wp-blog\\\/wp-content\\\/uploads\\\/2023\\\/03\\\/kissen-haekeln2.jpg\",\"contentUrl\":\"https:\\\/\\\/www.haekelfieber.de\\\/wp-blog\\\/wp-content\\\/uploads\\\/2023\\\/03\\\/kissen-haekeln2.jpg\",\"width\":683,\"height\":1024,\"caption\":\"H\u00e4kelfieber\"},\"image\":{\"@id\":\"https:\\\/\\\/www.haekelfieber.de\\\/wp-blog\\\/#\\\/schema\\\/logo\\\/image\\\/\"}}]}<\/script>\n<!-- \/ Yoast SEO plugin. -->","yoast_head_json":{"title":"Daisy-Granny-Square - H\u00e4kelfieber","robots":{"index":"index","follow":"follow","max-snippet":"max-snippet:-1","max-image-preview":"max-image-preview:large","max-video-preview":"max-video-preview:-1"},"canonical":"https:\/\/www.haekelfieber.de\/wp-blog\/daisy-granny-square\/","og_locale":"de_DE","og_type":"article","og_title":"Daisy-Granny-Square - H\u00e4kelfieber","og_description":"F\u00fcr Erstbesucher meiner Seite: F\u00fcr das runde Innenteil findet ihr die Anleitung hier. Dann wollen wir mal loslegen, um aus rund, eckig zu machen. 1. Runde: Dreht euer H\u00e4kelst\u00fcck um. Diese Runde wird auf der R\u00fcckseite gearbeitet. Schlingt in der Farbe eurer Wahl in einer Masche zwischen zwei Bobbeln an. H\u00e4kelt 4 Luftmaschen und &#8222;verankert&#8220; &hellip; Daisy-Granny-Square weiterlesen &rarr;","og_url":"https:\/\/www.haekelfieber.de\/wp-blog\/daisy-granny-square\/","og_site_name":"H\u00e4kelfieber","og_image":[{"url":"https:\/\/www.haekelfieber.de\/wp-blog\/wp-content\/uploads\/2016\/04\/granny-square-haekeln-1-450x600.jpg","type":"","width":"","height":""}],"twitter_misc":{"Gesch\u00e4tzte Lesezeit":"2\u00a0Minuten"},"schema":{"@context":"https:\/\/schema.org","@graph":[{"@type":"WebPage","@id":"https:\/\/www.haekelfieber.de\/wp-blog\/daisy-granny-square\/","url":"https:\/\/www.haekelfieber.de\/wp-blog\/daisy-granny-square\/","name":"Daisy-Granny-Square - H\u00e4kelfieber","isPartOf":{"@id":"https:\/\/www.haekelfieber.de\/wp-blog\/#website"},"primaryImageOfPage":{"@id":"https:\/\/www.haekelfieber.de\/wp-blog\/daisy-granny-square\/#primaryimage"},"image":{"@id":"https:\/\/www.haekelfieber.de\/wp-blog\/daisy-granny-square\/#primaryimage"},"thumbnailUrl":"https:\/\/www.haekelfieber.de\/wp-blog\/wp-content\/uploads\/2016\/04\/granny-square-haekeln-1-450x600.jpg","datePublished":"2016-04-02T17:25:57+00:00","breadcrumb":{"@id":"https:\/\/www.haekelfieber.de\/wp-blog\/daisy-granny-square\/#breadcrumb"},"inLanguage":"de","potentialAction":[{"@type":"ReadAction","target":["https:\/\/www.haekelfieber.de\/wp-blog\/daisy-granny-square\/"]}]},{"@type":"ImageObject","inLanguage":"de","@id":"https:\/\/www.haekelfieber.de\/wp-blog\/daisy-granny-square\/#primaryimage","url":"https:\/\/www.haekelfieber.de\/wp-blog\/wp-content\/uploads\/2016\/04\/granny-square-haekeln-1.jpg","contentUrl":"https:\/\/www.haekelfieber.de\/wp-blog\/wp-content\/uploads\/2016\/04\/granny-square-haekeln-1.jpg","width":600,"height":800},{"@type":"BreadcrumbList","@id":"https:\/\/www.haekelfieber.de\/wp-blog\/daisy-granny-square\/#breadcrumb","itemListElement":[{"@type":"ListItem","position":1,"name":"Home","item":"https:\/\/www.haekelfieber.de\/wp-blog\/"},{"@type":"ListItem","position":2,"name":"Daisy-Granny-Square"}]},{"@type":"WebSite","@id":"https:\/\/www.haekelfieber.de\/wp-blog\/#website","url":"https:\/\/www.haekelfieber.de\/wp-blog\/","name":"H\u00e4kelfieber","description":"Ich bin im...","publisher":{"@id":"https:\/\/www.haekelfieber.de\/wp-blog\/#organization"},"potentialAction":[{"@type":"SearchAction","target":{"@type":"EntryPoint","urlTemplate":"https:\/\/www.haekelfieber.de\/wp-blog\/?s={search_term_string}"},"query-input":{"@type":"PropertyValueSpecification","valueRequired":true,"valueName":"search_term_string"}}],"inLanguage":"de"},{"@type":"Organization","@id":"https:\/\/www.haekelfieber.de\/wp-blog\/#organization","name":"H\u00e4kelfieber","url":"https:\/\/www.haekelfieber.de\/wp-blog\/","logo":{"@type":"ImageObject","inLanguage":"de","@id":"https:\/\/www.haekelfieber.de\/wp-blog\/#\/schema\/logo\/image\/","url":"https:\/\/www.haekelfieber.de\/wp-blog\/wp-content\/uploads\/2023\/03\/kissen-haekeln2.jpg","contentUrl":"https:\/\/www.haekelfieber.de\/wp-blog\/wp-content\/uploads\/2023\/03\/kissen-haekeln2.jpg","width":683,"height":1024,"caption":"H\u00e4kelfieber"},"image":{"@id":"https:\/\/www.haekelfieber.de\/wp-blog\/#\/schema\/logo\/image\/"}}]}},"_links":{"self":[{"href":"https:\/\/www.haekelfieber.de\/wp-blog\/wp-json\/wp\/v2\/pages\/4137","targetHints":{"allow":["GET"]}}],"collection":[{"href":"https:\/\/www.haekelfieber.de\/wp-blog\/wp-json\/wp\/v2\/pages"}],"about":[{"href":"https:\/\/www.haekelfieber.de\/wp-blog\/wp-json\/wp\/v2\/types\/page"}],"author":[{"embeddable":true,"href":"https:\/\/www.haekelfieber.de\/wp-blog\/wp-json\/wp\/v2\/users\/1"}],"replies":[{"embeddable":true,"href":"https:\/\/www.haekelfieber.de\/wp-blog\/wp-json\/wp\/v2\/comments?post=4137"}],"version-history":[{"count":1,"href":"https:\/\/www.haekelfieber.de\/wp-blog\/wp-json\/wp\/v2\/pages\/4137\/revisions"}],"predecessor-version":[{"id":4139,"href":"https:\/\/www.haekelfieber.de\/wp-blog\/wp-json\/wp\/v2\/pages\/4137\/revisions\/4139"}],"wp:attachment":[{"href":"https:\/\/www.haekelfieber.de\/wp-blog\/wp-json\/wp\/v2\/media?parent=4137"}],"curies":[{"name":"wp","href":"https:\/\/api.w.org\/{rel}","templated":true}]}}