{"id":4628,"date":"2016-06-14T17:59:56","date_gmt":"2016-06-14T15:59:56","guid":{"rendered":"http:\/\/www.haekelfieber.de\/wp-blog\/?page_id=4628"},"modified":"2016-06-14T17:59:56","modified_gmt":"2016-06-14T15:59:56","slug":"bobbel-2","status":"publish","type":"page","link":"https:\/\/www.haekelfieber.de\/wp-blog\/bobbel-2\/","title":{"rendered":"Bobbel 2"},"content":{"rendered":"<p>&nbsp;<\/p>\n<p><img loading=\"lazy\" decoding=\"async\" class=\"aligncenter size-large wp-image-4621\" src=\"https:\/\/www.haekelfieber.de\/wp-blog\/wp-content\/uploads\/2016\/06\/kostenlos-anleitung-haekeln-4-450x600.jpg\" alt=\"kostenlos anleitung haekeln (4)\" width=\"450\" height=\"600\" srcset=\"https:\/\/www.haekelfieber.de\/wp-blog\/wp-content\/uploads\/2016\/06\/kostenlos-anleitung-haekeln-4-450x600.jpg 450w, https:\/\/www.haekelfieber.de\/wp-blog\/wp-content\/uploads\/2016\/06\/kostenlos-anleitung-haekeln-4-225x300.jpg 225w, https:\/\/www.haekelfieber.de\/wp-blog\/wp-content\/uploads\/2016\/06\/kostenlos-anleitung-haekeln-4.jpg 600w\" sizes=\"auto, (max-width: 450px) 100vw, 450px\" \/><\/p>\n<p>Bobbel gef\u00e4llig? Hier kommt die Anleitung:<\/p>\n<p>Schlingt in eurem H\u00e4kelst\u00fcck, in der Farbe eurer Wahl, an und h\u00e4kelt 2 Luftmaschen:<\/p>\n<p><img loading=\"lazy\" decoding=\"async\" class=\"aligncenter size-large wp-image-4613\" src=\"https:\/\/www.haekelfieber.de\/wp-blog\/wp-content\/uploads\/2016\/06\/kostenlos-anleitung-haekeln-1-450x600.jpg\" alt=\"kostenlos anleitung haekeln (1)\" width=\"450\" height=\"600\" srcset=\"https:\/\/www.haekelfieber.de\/wp-blog\/wp-content\/uploads\/2016\/06\/kostenlos-anleitung-haekeln-1-450x600.jpg 450w, https:\/\/www.haekelfieber.de\/wp-blog\/wp-content\/uploads\/2016\/06\/kostenlos-anleitung-haekeln-1-225x300.jpg 225w, https:\/\/www.haekelfieber.de\/wp-blog\/wp-content\/uploads\/2016\/06\/kostenlos-anleitung-haekeln-1.jpg 600w\" sizes=\"auto, (max-width: 450px) 100vw, 450px\" \/><\/p>\n<p>Nehmt einen Umschlag, siehe Foto, auf eure H\u00e4kelnadel und stecht durch die \u00d6ffnung, in welcher ihr angeschlungen habt, nach hinten durch. Holt euch den Arbeitsfaden auf der H\u00e4kelnadel nach vorne. Ihr habt 3 Umschl\u00e4ge auf der Nadel:<\/p>\n<p><img loading=\"lazy\" decoding=\"async\" class=\"aligncenter size-large wp-image-4618\" src=\"https:\/\/www.haekelfieber.de\/wp-blog\/wp-content\/uploads\/2016\/06\/kostenlos-anleitung-haekeln-13-450x600.jpg\" alt=\"kostenlos anleitung haekeln (13)\" width=\"450\" height=\"600\" srcset=\"https:\/\/www.haekelfieber.de\/wp-blog\/wp-content\/uploads\/2016\/06\/kostenlos-anleitung-haekeln-13-450x600.jpg 450w, https:\/\/www.haekelfieber.de\/wp-blog\/wp-content\/uploads\/2016\/06\/kostenlos-anleitung-haekeln-13-225x300.jpg 225w, https:\/\/www.haekelfieber.de\/wp-blog\/wp-content\/uploads\/2016\/06\/kostenlos-anleitung-haekeln-13.jpg 600w\" sizes=\"auto, (max-width: 450px) 100vw, 450px\" \/><br \/>\n<img loading=\"lazy\" decoding=\"async\" class=\"aligncenter size-large wp-image-4620\" src=\"https:\/\/www.haekelfieber.de\/wp-blog\/wp-content\/uploads\/2016\/06\/kostenlos-anleitung-haekeln-3-450x600.jpg\" alt=\"kostenlos anleitung haekeln (3)\" width=\"450\" height=\"600\" srcset=\"https:\/\/www.haekelfieber.de\/wp-blog\/wp-content\/uploads\/2016\/06\/kostenlos-anleitung-haekeln-3-450x600.jpg 450w, https:\/\/www.haekelfieber.de\/wp-blog\/wp-content\/uploads\/2016\/06\/kostenlos-anleitung-haekeln-3-225x300.jpg 225w, https:\/\/www.haekelfieber.de\/wp-blog\/wp-content\/uploads\/2016\/06\/kostenlos-anleitung-haekeln-3.jpg 600w\" sizes=\"auto, (max-width: 450px) 100vw, 450px\" \/><\/p>\n<p>Nun erneut einen Umschlag auf die Nadel und wieder nach hinten durch und den Arbeitsfaden mit der H\u00e4kelnadel nach vorne durchholen. Wiederholt das Prozedere so oft, bis ihr 9 Umschl\u00e4ge auf eurer H\u00e4kelnadel habt. Viermal m\u00fcsst ihr mit einem Umschlag nach hinten, sag ich mal so einfach und hoffe, dass ihr mich verstanden habt \ud83d\ude42 :<\/p>\n<p><img loading=\"lazy\" decoding=\"async\" class=\"aligncenter size-large wp-image-4617\" src=\"https:\/\/www.haekelfieber.de\/wp-blog\/wp-content\/uploads\/2016\/06\/kostenlos-anleitung-haekeln-12-450x600.jpg\" alt=\"kostenlos anleitung haekeln (12)\" width=\"450\" height=\"600\" srcset=\"https:\/\/www.haekelfieber.de\/wp-blog\/wp-content\/uploads\/2016\/06\/kostenlos-anleitung-haekeln-12-450x600.jpg 450w, https:\/\/www.haekelfieber.de\/wp-blog\/wp-content\/uploads\/2016\/06\/kostenlos-anleitung-haekeln-12-225x300.jpg 225w, https:\/\/www.haekelfieber.de\/wp-blog\/wp-content\/uploads\/2016\/06\/kostenlos-anleitung-haekeln-12.jpg 600w\" sizes=\"auto, (max-width: 450px) 100vw, 450px\" \/><\/p>\n<p>Wieder 1 Umschlag auf die H\u00e4kelnadel. Zieht ihn durch alle Schlingen. Nun 3 Luftmaschen arbeiten:<\/p>\n<p><img loading=\"lazy\" decoding=\"async\" class=\"aligncenter size-large wp-image-4616\" src=\"https:\/\/www.haekelfieber.de\/wp-blog\/wp-content\/uploads\/2016\/06\/kostenlos-anleitung-haekeln-11-450x600.jpg\" alt=\"kostenlos anleitung haekeln (11)\" width=\"450\" height=\"600\" srcset=\"https:\/\/www.haekelfieber.de\/wp-blog\/wp-content\/uploads\/2016\/06\/kostenlos-anleitung-haekeln-11-450x600.jpg 450w, https:\/\/www.haekelfieber.de\/wp-blog\/wp-content\/uploads\/2016\/06\/kostenlos-anleitung-haekeln-11-225x300.jpg 225w, https:\/\/www.haekelfieber.de\/wp-blog\/wp-content\/uploads\/2016\/06\/kostenlos-anleitung-haekeln-11.jpg 600w\" sizes=\"auto, (max-width: 450px) 100vw, 450px\" \/><\/p>\n<p>1 Kettmasche in die \u00d6ffnung siehe Foto. Arbeitsfaden abschneiden und einfach aus der Masche ziehen. Nicht verknoten:<\/p>\n<p><img loading=\"lazy\" decoding=\"async\" class=\"aligncenter size-large wp-image-4615\" src=\"https:\/\/www.haekelfieber.de\/wp-blog\/wp-content\/uploads\/2016\/06\/kostenlos-anleitung-haekeln-10-450x600.jpg\" alt=\"kostenlos anleitung haekeln (10)\" width=\"450\" height=\"600\" srcset=\"https:\/\/www.haekelfieber.de\/wp-blog\/wp-content\/uploads\/2016\/06\/kostenlos-anleitung-haekeln-10-450x600.jpg 450w, https:\/\/www.haekelfieber.de\/wp-blog\/wp-content\/uploads\/2016\/06\/kostenlos-anleitung-haekeln-10-225x300.jpg 225w, https:\/\/www.haekelfieber.de\/wp-blog\/wp-content\/uploads\/2016\/06\/kostenlos-anleitung-haekeln-10.jpg 600w\" sizes=\"auto, (max-width: 450px) 100vw, 450px\" \/><br \/>\n<img loading=\"lazy\" decoding=\"async\" class=\"aligncenter size-large wp-image-4614\" src=\"https:\/\/www.haekelfieber.de\/wp-blog\/wp-content\/uploads\/2016\/06\/kostenlos-anleitung-haekeln-9-450x600.jpg\" alt=\"kostenlos anleitung haekeln (9)\" width=\"450\" height=\"600\" srcset=\"https:\/\/www.haekelfieber.de\/wp-blog\/wp-content\/uploads\/2016\/06\/kostenlos-anleitung-haekeln-9-450x600.jpg 450w, https:\/\/www.haekelfieber.de\/wp-blog\/wp-content\/uploads\/2016\/06\/kostenlos-anleitung-haekeln-9-225x300.jpg 225w, https:\/\/www.haekelfieber.de\/wp-blog\/wp-content\/uploads\/2016\/06\/kostenlos-anleitung-haekeln-9.jpg 600w\" sizes=\"auto, (max-width: 450px) 100vw, 450px\" \/><br \/>\n<img loading=\"lazy\" decoding=\"async\" class=\"aligncenter size-large wp-image-4625\" src=\"https:\/\/www.haekelfieber.de\/wp-blog\/wp-content\/uploads\/2016\/06\/kostenlos-anleitung-haekeln-8-450x600.jpg\" alt=\"kostenlos anleitung haekeln (8)\" width=\"450\" height=\"600\" srcset=\"https:\/\/www.haekelfieber.de\/wp-blog\/wp-content\/uploads\/2016\/06\/kostenlos-anleitung-haekeln-8-450x600.jpg 450w, https:\/\/www.haekelfieber.de\/wp-blog\/wp-content\/uploads\/2016\/06\/kostenlos-anleitung-haekeln-8-225x300.jpg 225w, https:\/\/www.haekelfieber.de\/wp-blog\/wp-content\/uploads\/2016\/06\/kostenlos-anleitung-haekeln-8.jpg 600w\" sizes=\"auto, (max-width: 450px) 100vw, 450px\" \/><\/p>\n<p>Auf der R\u00fcckseite des Bobbels wird nun der Endfaden mit dem Anfangsfaden verknotet:<\/p>\n<p><img loading=\"lazy\" decoding=\"async\" class=\"aligncenter size-large wp-image-4624\" src=\"https:\/\/www.haekelfieber.de\/wp-blog\/wp-content\/uploads\/2016\/06\/kostenlos-anleitung-haekeln-7-450x600.jpg\" alt=\"kostenlos anleitung haekeln (7)\" width=\"450\" height=\"600\" srcset=\"https:\/\/www.haekelfieber.de\/wp-blog\/wp-content\/uploads\/2016\/06\/kostenlos-anleitung-haekeln-7-450x600.jpg 450w, https:\/\/www.haekelfieber.de\/wp-blog\/wp-content\/uploads\/2016\/06\/kostenlos-anleitung-haekeln-7-225x300.jpg 225w, https:\/\/www.haekelfieber.de\/wp-blog\/wp-content\/uploads\/2016\/06\/kostenlos-anleitung-haekeln-7.jpg 600w\" sizes=\"auto, (max-width: 450px) 100vw, 450px\" \/><br \/>\n<img loading=\"lazy\" decoding=\"async\" class=\"aligncenter size-large wp-image-4623\" src=\"https:\/\/www.haekelfieber.de\/wp-blog\/wp-content\/uploads\/2016\/06\/kostenlos-anleitung-haekeln-6-450x600.jpg\" alt=\"kostenlos anleitung haekeln (6)\" width=\"450\" height=\"600\" srcset=\"https:\/\/www.haekelfieber.de\/wp-blog\/wp-content\/uploads\/2016\/06\/kostenlos-anleitung-haekeln-6-450x600.jpg 450w, https:\/\/www.haekelfieber.de\/wp-blog\/wp-content\/uploads\/2016\/06\/kostenlos-anleitung-haekeln-6-225x300.jpg 225w, https:\/\/www.haekelfieber.de\/wp-blog\/wp-content\/uploads\/2016\/06\/kostenlos-anleitung-haekeln-6.jpg 600w\" sizes=\"auto, (max-width: 450px) 100vw, 450px\" \/><br \/>\nBeide F\u00e4den vern\u00e4hen &#8211; fertig!<\/p>\n<p><img loading=\"lazy\" decoding=\"async\" class=\"aligncenter size-large wp-image-4622\" src=\"https:\/\/www.haekelfieber.de\/wp-blog\/wp-content\/uploads\/2016\/06\/kostenlos-anleitung-haekeln-5-450x600.jpg\" alt=\"kostenlos anleitung haekeln (5)\" width=\"450\" height=\"600\" srcset=\"https:\/\/www.haekelfieber.de\/wp-blog\/wp-content\/uploads\/2016\/06\/kostenlos-anleitung-haekeln-5-450x600.jpg 450w, https:\/\/www.haekelfieber.de\/wp-blog\/wp-content\/uploads\/2016\/06\/kostenlos-anleitung-haekeln-5-225x300.jpg 225w, https:\/\/www.haekelfieber.de\/wp-blog\/wp-content\/uploads\/2016\/06\/kostenlos-anleitung-haekeln-5.jpg 600w\" sizes=\"auto, (max-width: 450px) 100vw, 450px\" \/><\/p>\n<p><a href=\"https:\/\/www.haekelfieber.de\/wp-blog\/2016\/06\/man-koennte-auch-stola-dazu-sagen\/\" target=\"_blank\">Hier<\/a> seht ihr meine H\u00e4kelstola, die ich rundherum bebobbelt habe \ud83d\ude42<\/p>\n","protected":false},"excerpt":{"rendered":"<p>&nbsp; Bobbel gef\u00e4llig? Hier kommt die Anleitung: Schlingt in eurem H\u00e4kelst\u00fcck, in der Farbe eurer Wahl, an und h\u00e4kelt 2 Luftmaschen: Nehmt einen Umschlag, siehe Foto, auf eure H\u00e4kelnadel und stecht durch die \u00d6ffnung, in welcher ihr angeschlungen habt, nach hinten durch. Holt euch den Arbeitsfaden auf der H\u00e4kelnadel nach vorne. Ihr habt 3 Umschl\u00e4ge &hellip; <a href=\"https:\/\/www.haekelfieber.de\/wp-blog\/bobbel-2\/\" class=\"more-link\"><span class=\"screen-reader-text\">Bobbel 2<\/span> weiterlesen <span class=\"meta-nav\">&rarr;<\/span><\/a><\/p>\n","protected":false},"author":1,"featured_media":0,"parent":0,"menu_order":0,"comment_status":"closed","ping_status":"closed","template":"","meta":{"footnotes":""},"class_list":["post-4628","page","type-page","status-publish","hentry"],"yoast_head":"<!-- This site is optimized with the Yoast SEO plugin v27.4 - https:\/\/yoast.com\/product\/yoast-seo-wordpress\/ -->\n<title>Bobbel 2 - H\u00e4kelfieber<\/title>\n<meta name=\"robots\" content=\"index, follow, max-snippet:-1, max-image-preview:large, max-video-preview:-1\" \/>\n<link rel=\"canonical\" href=\"https:\/\/www.haekelfieber.de\/wp-blog\/bobbel-2\/\" \/>\n<meta property=\"og:locale\" content=\"de_DE\" \/>\n<meta property=\"og:type\" content=\"article\" \/>\n<meta property=\"og:title\" content=\"Bobbel 2 - H\u00e4kelfieber\" \/>\n<meta property=\"og:description\" content=\"&nbsp; Bobbel gef\u00e4llig? Hier kommt die Anleitung: Schlingt in eurem H\u00e4kelst\u00fcck, in der Farbe eurer Wahl, an und h\u00e4kelt 2 Luftmaschen: Nehmt einen Umschlag, siehe Foto, auf eure H\u00e4kelnadel und stecht durch die \u00d6ffnung, in welcher ihr angeschlungen habt, nach hinten durch. Holt euch den Arbeitsfaden auf der H\u00e4kelnadel nach vorne. Ihr habt 3 Umschl\u00e4ge &hellip; Bobbel 2 weiterlesen &rarr;\" \/>\n<meta property=\"og:url\" content=\"https:\/\/www.haekelfieber.de\/wp-blog\/bobbel-2\/\" \/>\n<meta property=\"og:site_name\" content=\"H\u00e4kelfieber\" \/>\n<meta property=\"og:image\" content=\"https:\/\/www.haekelfieber.de\/wp-blog\/wp-content\/uploads\/2016\/06\/kostenlos-anleitung-haekeln-4-450x600.jpg\" \/>\n<meta name=\"twitter:label1\" content=\"Gesch\u00e4tzte Lesezeit\" \/>\n\t<meta name=\"twitter:data1\" content=\"1\u00a0Minute\" \/>\n<script type=\"application\/ld+json\" class=\"yoast-schema-graph\">{\"@context\":\"https:\\\/\\\/schema.org\",\"@graph\":[{\"@type\":\"WebPage\",\"@id\":\"https:\\\/\\\/www.haekelfieber.de\\\/wp-blog\\\/bobbel-2\\\/\",\"url\":\"https:\\\/\\\/www.haekelfieber.de\\\/wp-blog\\\/bobbel-2\\\/\",\"name\":\"Bobbel 2 - H\u00e4kelfieber\",\"isPartOf\":{\"@id\":\"https:\\\/\\\/www.haekelfieber.de\\\/wp-blog\\\/#website\"},\"primaryImageOfPage\":{\"@id\":\"https:\\\/\\\/www.haekelfieber.de\\\/wp-blog\\\/bobbel-2\\\/#primaryimage\"},\"image\":{\"@id\":\"https:\\\/\\\/www.haekelfieber.de\\\/wp-blog\\\/bobbel-2\\\/#primaryimage\"},\"thumbnailUrl\":\"https:\\\/\\\/www.haekelfieber.de\\\/wp-blog\\\/wp-content\\\/uploads\\\/2016\\\/06\\\/kostenlos-anleitung-haekeln-4-450x600.jpg\",\"datePublished\":\"2016-06-14T15:59:56+00:00\",\"breadcrumb\":{\"@id\":\"https:\\\/\\\/www.haekelfieber.de\\\/wp-blog\\\/bobbel-2\\\/#breadcrumb\"},\"inLanguage\":\"de\",\"potentialAction\":[{\"@type\":\"ReadAction\",\"target\":[\"https:\\\/\\\/www.haekelfieber.de\\\/wp-blog\\\/bobbel-2\\\/\"]}]},{\"@type\":\"ImageObject\",\"inLanguage\":\"de\",\"@id\":\"https:\\\/\\\/www.haekelfieber.de\\\/wp-blog\\\/bobbel-2\\\/#primaryimage\",\"url\":\"https:\\\/\\\/www.haekelfieber.de\\\/wp-blog\\\/wp-content\\\/uploads\\\/2016\\\/06\\\/kostenlos-anleitung-haekeln-4.jpg\",\"contentUrl\":\"https:\\\/\\\/www.haekelfieber.de\\\/wp-blog\\\/wp-content\\\/uploads\\\/2016\\\/06\\\/kostenlos-anleitung-haekeln-4.jpg\",\"width\":600,\"height\":800},{\"@type\":\"BreadcrumbList\",\"@id\":\"https:\\\/\\\/www.haekelfieber.de\\\/wp-blog\\\/bobbel-2\\\/#breadcrumb\",\"itemListElement\":[{\"@type\":\"ListItem\",\"position\":1,\"name\":\"Home\",\"item\":\"https:\\\/\\\/www.haekelfieber.de\\\/wp-blog\\\/\"},{\"@type\":\"ListItem\",\"position\":2,\"name\":\"Bobbel 2\"}]},{\"@type\":\"WebSite\",\"@id\":\"https:\\\/\\\/www.haekelfieber.de\\\/wp-blog\\\/#website\",\"url\":\"https:\\\/\\\/www.haekelfieber.de\\\/wp-blog\\\/\",\"name\":\"H\u00e4kelfieber\",\"description\":\"Ich bin im...\",\"publisher\":{\"@id\":\"https:\\\/\\\/www.haekelfieber.de\\\/wp-blog\\\/#organization\"},\"potentialAction\":[{\"@type\":\"SearchAction\",\"target\":{\"@type\":\"EntryPoint\",\"urlTemplate\":\"https:\\\/\\\/www.haekelfieber.de\\\/wp-blog\\\/?s={search_term_string}\"},\"query-input\":{\"@type\":\"PropertyValueSpecification\",\"valueRequired\":true,\"valueName\":\"search_term_string\"}}],\"inLanguage\":\"de\"},{\"@type\":\"Organization\",\"@id\":\"https:\\\/\\\/www.haekelfieber.de\\\/wp-blog\\\/#organization\",\"name\":\"H\u00e4kelfieber\",\"url\":\"https:\\\/\\\/www.haekelfieber.de\\\/wp-blog\\\/\",\"logo\":{\"@type\":\"ImageObject\",\"inLanguage\":\"de\",\"@id\":\"https:\\\/\\\/www.haekelfieber.de\\\/wp-blog\\\/#\\\/schema\\\/logo\\\/image\\\/\",\"url\":\"https:\\\/\\\/www.haekelfieber.de\\\/wp-blog\\\/wp-content\\\/uploads\\\/2023\\\/03\\\/kissen-haekeln2.jpg\",\"contentUrl\":\"https:\\\/\\\/www.haekelfieber.de\\\/wp-blog\\\/wp-content\\\/uploads\\\/2023\\\/03\\\/kissen-haekeln2.jpg\",\"width\":683,\"height\":1024,\"caption\":\"H\u00e4kelfieber\"},\"image\":{\"@id\":\"https:\\\/\\\/www.haekelfieber.de\\\/wp-blog\\\/#\\\/schema\\\/logo\\\/image\\\/\"}}]}<\/script>\n<!-- \/ Yoast SEO plugin. -->","yoast_head_json":{"title":"Bobbel 2 - H\u00e4kelfieber","robots":{"index":"index","follow":"follow","max-snippet":"max-snippet:-1","max-image-preview":"max-image-preview:large","max-video-preview":"max-video-preview:-1"},"canonical":"https:\/\/www.haekelfieber.de\/wp-blog\/bobbel-2\/","og_locale":"de_DE","og_type":"article","og_title":"Bobbel 2 - H\u00e4kelfieber","og_description":"&nbsp; Bobbel gef\u00e4llig? Hier kommt die Anleitung: Schlingt in eurem H\u00e4kelst\u00fcck, in der Farbe eurer Wahl, an und h\u00e4kelt 2 Luftmaschen: Nehmt einen Umschlag, siehe Foto, auf eure H\u00e4kelnadel und stecht durch die \u00d6ffnung, in welcher ihr angeschlungen habt, nach hinten durch. Holt euch den Arbeitsfaden auf der H\u00e4kelnadel nach vorne. Ihr habt 3 Umschl\u00e4ge &hellip; Bobbel 2 weiterlesen &rarr;","og_url":"https:\/\/www.haekelfieber.de\/wp-blog\/bobbel-2\/","og_site_name":"H\u00e4kelfieber","og_image":[{"url":"https:\/\/www.haekelfieber.de\/wp-blog\/wp-content\/uploads\/2016\/06\/kostenlos-anleitung-haekeln-4-450x600.jpg","type":"","width":"","height":""}],"twitter_misc":{"Gesch\u00e4tzte Lesezeit":"1\u00a0Minute"},"schema":{"@context":"https:\/\/schema.org","@graph":[{"@type":"WebPage","@id":"https:\/\/www.haekelfieber.de\/wp-blog\/bobbel-2\/","url":"https:\/\/www.haekelfieber.de\/wp-blog\/bobbel-2\/","name":"Bobbel 2 - H\u00e4kelfieber","isPartOf":{"@id":"https:\/\/www.haekelfieber.de\/wp-blog\/#website"},"primaryImageOfPage":{"@id":"https:\/\/www.haekelfieber.de\/wp-blog\/bobbel-2\/#primaryimage"},"image":{"@id":"https:\/\/www.haekelfieber.de\/wp-blog\/bobbel-2\/#primaryimage"},"thumbnailUrl":"https:\/\/www.haekelfieber.de\/wp-blog\/wp-content\/uploads\/2016\/06\/kostenlos-anleitung-haekeln-4-450x600.jpg","datePublished":"2016-06-14T15:59:56+00:00","breadcrumb":{"@id":"https:\/\/www.haekelfieber.de\/wp-blog\/bobbel-2\/#breadcrumb"},"inLanguage":"de","potentialAction":[{"@type":"ReadAction","target":["https:\/\/www.haekelfieber.de\/wp-blog\/bobbel-2\/"]}]},{"@type":"ImageObject","inLanguage":"de","@id":"https:\/\/www.haekelfieber.de\/wp-blog\/bobbel-2\/#primaryimage","url":"https:\/\/www.haekelfieber.de\/wp-blog\/wp-content\/uploads\/2016\/06\/kostenlos-anleitung-haekeln-4.jpg","contentUrl":"https:\/\/www.haekelfieber.de\/wp-blog\/wp-content\/uploads\/2016\/06\/kostenlos-anleitung-haekeln-4.jpg","width":600,"height":800},{"@type":"BreadcrumbList","@id":"https:\/\/www.haekelfieber.de\/wp-blog\/bobbel-2\/#breadcrumb","itemListElement":[{"@type":"ListItem","position":1,"name":"Home","item":"https:\/\/www.haekelfieber.de\/wp-blog\/"},{"@type":"ListItem","position":2,"name":"Bobbel 2"}]},{"@type":"WebSite","@id":"https:\/\/www.haekelfieber.de\/wp-blog\/#website","url":"https:\/\/www.haekelfieber.de\/wp-blog\/","name":"H\u00e4kelfieber","description":"Ich bin im...","publisher":{"@id":"https:\/\/www.haekelfieber.de\/wp-blog\/#organization"},"potentialAction":[{"@type":"SearchAction","target":{"@type":"EntryPoint","urlTemplate":"https:\/\/www.haekelfieber.de\/wp-blog\/?s={search_term_string}"},"query-input":{"@type":"PropertyValueSpecification","valueRequired":true,"valueName":"search_term_string"}}],"inLanguage":"de"},{"@type":"Organization","@id":"https:\/\/www.haekelfieber.de\/wp-blog\/#organization","name":"H\u00e4kelfieber","url":"https:\/\/www.haekelfieber.de\/wp-blog\/","logo":{"@type":"ImageObject","inLanguage":"de","@id":"https:\/\/www.haekelfieber.de\/wp-blog\/#\/schema\/logo\/image\/","url":"https:\/\/www.haekelfieber.de\/wp-blog\/wp-content\/uploads\/2023\/03\/kissen-haekeln2.jpg","contentUrl":"https:\/\/www.haekelfieber.de\/wp-blog\/wp-content\/uploads\/2023\/03\/kissen-haekeln2.jpg","width":683,"height":1024,"caption":"H\u00e4kelfieber"},"image":{"@id":"https:\/\/www.haekelfieber.de\/wp-blog\/#\/schema\/logo\/image\/"}}]}},"_links":{"self":[{"href":"https:\/\/www.haekelfieber.de\/wp-blog\/wp-json\/wp\/v2\/pages\/4628","targetHints":{"allow":["GET"]}}],"collection":[{"href":"https:\/\/www.haekelfieber.de\/wp-blog\/wp-json\/wp\/v2\/pages"}],"about":[{"href":"https:\/\/www.haekelfieber.de\/wp-blog\/wp-json\/wp\/v2\/types\/page"}],"author":[{"embeddable":true,"href":"https:\/\/www.haekelfieber.de\/wp-blog\/wp-json\/wp\/v2\/users\/1"}],"replies":[{"embeddable":true,"href":"https:\/\/www.haekelfieber.de\/wp-blog\/wp-json\/wp\/v2\/comments?post=4628"}],"version-history":[{"count":1,"href":"https:\/\/www.haekelfieber.de\/wp-blog\/wp-json\/wp\/v2\/pages\/4628\/revisions"}],"predecessor-version":[{"id":4630,"href":"https:\/\/www.haekelfieber.de\/wp-blog\/wp-json\/wp\/v2\/pages\/4628\/revisions\/4630"}],"wp:attachment":[{"href":"https:\/\/www.haekelfieber.de\/wp-blog\/wp-json\/wp\/v2\/media?parent=4628"}],"curies":[{"name":"wp","href":"https:\/\/api.w.org\/{rel}","templated":true}]}}