{"id":486,"date":"2014-07-05T17:27:35","date_gmt":"2014-07-05T15:27:35","guid":{"rendered":"http:\/\/www.haekelfieber.de\/wp-blog\/?page_id=486"},"modified":"2014-07-05T17:32:26","modified_gmt":"2014-07-05T15:32:26","slug":"haekelblume","status":"publish","type":"page","link":"https:\/\/www.haekelfieber.de\/wp-blog\/haekelblume\/","title":{"rendered":"H\u00e4kelblume"},"content":{"rendered":"<p><a href=\"https:\/\/www.haekelfieber.de\/wp-blog\/wp-content\/uploads\/2014\/07\/Anleitung-H\u00e4kelblume-2.jpg\"><img loading=\"lazy\" decoding=\"async\" class=\"aligncenter wp-image-476\" src=\"https:\/\/www.haekelfieber.de\/wp-blog\/wp-content\/uploads\/2014\/07\/Anleitung-H\u00e4kelblume-2-1024x768.jpg\" alt=\"Anleitung H\u00e4kelblume (2)\" width=\"600\" height=\"450\" srcset=\"https:\/\/www.haekelfieber.de\/wp-blog\/wp-content\/uploads\/2014\/07\/Anleitung-H\u00e4kelblume-2-1024x768.jpg 1024w, https:\/\/www.haekelfieber.de\/wp-blog\/wp-content\/uploads\/2014\/07\/Anleitung-H\u00e4kelblume-2-300x225.jpg 300w\" sizes=\"auto, (max-width: 600px) 100vw, 600px\" \/><\/a><br \/>\n<a href=\"https:\/\/www.haekelfieber.de\/wp-blog\/wp-content\/uploads\/2014\/07\/Anleitung-H\u00e4kelblume.jpg\"><img loading=\"lazy\" decoding=\"async\" class=\"aligncenter wp-image-478\" src=\"https:\/\/www.haekelfieber.de\/wp-blog\/wp-content\/uploads\/2014\/07\/Anleitung-H\u00e4kelblume-768x1024.jpg\" alt=\"Anleitung H\u00e4kelblume\" width=\"450\" height=\"600\" srcset=\"https:\/\/www.haekelfieber.de\/wp-blog\/wp-content\/uploads\/2014\/07\/Anleitung-H\u00e4kelblume-768x1024.jpg 768w, https:\/\/www.haekelfieber.de\/wp-blog\/wp-content\/uploads\/2014\/07\/Anleitung-H\u00e4kelblume-225x300.jpg 225w, https:\/\/www.haekelfieber.de\/wp-blog\/wp-content\/uploads\/2014\/07\/Anleitung-H\u00e4kelblume.jpg 1200w\" sizes=\"auto, (max-width: 450px) 100vw, 450px\" \/><\/a><br \/>\nErste Runde:<br \/>\nIn einen Fadenring 4 Lm (zwei davon bilden das erste St\u00e4bchen) h\u00e4keln.Dann ein 1 Stb, 2 Lm im Wechsel bis ihr 6 Luftmaschenb\u00f6gen habt.<br \/>\nDie Runde endet mit einer Kettmasche in die zweite Lm vom Anfang.<\/p>\n<p><a href=\"https:\/\/www.haekelfieber.de\/wp-blog\/wp-content\/uploads\/2014\/07\/Anleitung-H\u00e4kelblume-3.jpg\"><img loading=\"lazy\" decoding=\"async\" class=\"aligncenter wp-image-479\" src=\"https:\/\/www.haekelfieber.de\/wp-blog\/wp-content\/uploads\/2014\/07\/Anleitung-H\u00e4kelblume-3-768x1024.jpg\" alt=\"Anleitung H\u00e4kelblume (3)\" width=\"450\" height=\"600\" srcset=\"https:\/\/www.haekelfieber.de\/wp-blog\/wp-content\/uploads\/2014\/07\/Anleitung-H\u00e4kelblume-3-768x1024.jpg 768w, https:\/\/www.haekelfieber.de\/wp-blog\/wp-content\/uploads\/2014\/07\/Anleitung-H\u00e4kelblume-3-225x300.jpg 225w\" sizes=\"auto, (max-width: 450px) 100vw, 450px\" \/><\/a><br \/>\nZweite Runde f\u00fcr runde Bl\u00fctenbl\u00e4tter:<br \/>\nIn jeden Luftmaschenbogen h\u00e4kelt ihr 1 Km, 2 Lm, 4 Stb, 2 Lm, 1 Km<\/p>\n<p>Zweite Runde f\u00fcr spitz zulaufende Bl\u00e4tter:<br \/>\nIn jeden Luftmaschenbogen h\u00e4kelt ihr 1 Km, 2 Lm, 2 Stb,<br \/>\n(auf das zweite Stb ein Pikot: 2 Lfm, 1 Km) 2 Stb, 2 Lm, 1 Km.<\/p>\n","protected":false},"excerpt":{"rendered":"<p>Erste Runde: In einen Fadenring 4 Lm (zwei davon bilden das erste St\u00e4bchen) h\u00e4keln.Dann ein 1 Stb, 2 Lm im Wechsel bis ihr 6 Luftmaschenb\u00f6gen habt. Die Runde endet mit einer Kettmasche in die zweite Lm vom Anfang. Zweite Runde f\u00fcr runde Bl\u00fctenbl\u00e4tter: In jeden Luftmaschenbogen h\u00e4kelt ihr 1 Km, 2 Lm, 4 Stb, 2 &hellip; <a href=\"https:\/\/www.haekelfieber.de\/wp-blog\/haekelblume\/\" class=\"more-link\"><span class=\"screen-reader-text\">H\u00e4kelblume<\/span> weiterlesen <span class=\"meta-nav\">&rarr;<\/span><\/a><\/p>\n","protected":false},"author":1,"featured_media":0,"parent":0,"menu_order":0,"comment_status":"open","ping_status":"open","template":"","meta":{"footnotes":""},"class_list":["post-486","page","type-page","status-publish","hentry"],"yoast_head":"<!-- This site is optimized with the Yoast SEO plugin v27.4 - https:\/\/yoast.com\/product\/yoast-seo-wordpress\/ -->\n<title>H\u00e4kelblume - H\u00e4kelfieber<\/title>\n<meta name=\"robots\" content=\"index, follow, max-snippet:-1, max-image-preview:large, max-video-preview:-1\" \/>\n<link rel=\"canonical\" href=\"https:\/\/www.haekelfieber.de\/wp-blog\/haekelblume\/\" \/>\n<meta property=\"og:locale\" content=\"de_DE\" \/>\n<meta property=\"og:type\" content=\"article\" \/>\n<meta property=\"og:title\" content=\"H\u00e4kelblume - H\u00e4kelfieber\" \/>\n<meta property=\"og:description\" content=\"Erste Runde: In einen Fadenring 4 Lm (zwei davon bilden das erste St\u00e4bchen) h\u00e4keln.Dann ein 1 Stb, 2 Lm im Wechsel bis ihr 6 Luftmaschenb\u00f6gen habt. Die Runde endet mit einer Kettmasche in die zweite Lm vom Anfang. Zweite Runde f\u00fcr runde Bl\u00fctenbl\u00e4tter: In jeden Luftmaschenbogen h\u00e4kelt ihr 1 Km, 2 Lm, 4 Stb, 2 &hellip; H\u00e4kelblume weiterlesen &rarr;\" \/>\n<meta property=\"og:url\" content=\"https:\/\/www.haekelfieber.de\/wp-blog\/haekelblume\/\" \/>\n<meta property=\"og:site_name\" content=\"H\u00e4kelfieber\" \/>\n<meta property=\"article:modified_time\" content=\"2014-07-05T15:32:26+00:00\" \/>\n<meta property=\"og:image\" content=\"https:\/\/www.haekelfieber.de\/wp-blog\/wp-content\/uploads\/2014\/07\/Anleitung-H\u00e4kelblume-2-1024x768.jpg\" \/>\n<script type=\"application\/ld+json\" class=\"yoast-schema-graph\">{\"@context\":\"https:\\\/\\\/schema.org\",\"@graph\":[{\"@type\":\"WebPage\",\"@id\":\"https:\\\/\\\/www.haekelfieber.de\\\/wp-blog\\\/haekelblume\\\/\",\"url\":\"https:\\\/\\\/www.haekelfieber.de\\\/wp-blog\\\/haekelblume\\\/\",\"name\":\"H\u00e4kelblume - H\u00e4kelfieber\",\"isPartOf\":{\"@id\":\"https:\\\/\\\/www.haekelfieber.de\\\/wp-blog\\\/#website\"},\"datePublished\":\"2014-07-05T15:27:35+00:00\",\"dateModified\":\"2014-07-05T15:32:26+00:00\",\"breadcrumb\":{\"@id\":\"https:\\\/\\\/www.haekelfieber.de\\\/wp-blog\\\/haekelblume\\\/#breadcrumb\"},\"inLanguage\":\"de\",\"potentialAction\":[{\"@type\":\"ReadAction\",\"target\":[\"https:\\\/\\\/www.haekelfieber.de\\\/wp-blog\\\/haekelblume\\\/\"]}]},{\"@type\":\"BreadcrumbList\",\"@id\":\"https:\\\/\\\/www.haekelfieber.de\\\/wp-blog\\\/haekelblume\\\/#breadcrumb\",\"itemListElement\":[{\"@type\":\"ListItem\",\"position\":1,\"name\":\"Home\",\"item\":\"https:\\\/\\\/www.haekelfieber.de\\\/wp-blog\\\/\"},{\"@type\":\"ListItem\",\"position\":2,\"name\":\"H\u00e4kelblume\"}]},{\"@type\":\"WebSite\",\"@id\":\"https:\\\/\\\/www.haekelfieber.de\\\/wp-blog\\\/#website\",\"url\":\"https:\\\/\\\/www.haekelfieber.de\\\/wp-blog\\\/\",\"name\":\"H\u00e4kelfieber\",\"description\":\"Ich bin im...\",\"publisher\":{\"@id\":\"https:\\\/\\\/www.haekelfieber.de\\\/wp-blog\\\/#organization\"},\"potentialAction\":[{\"@type\":\"SearchAction\",\"target\":{\"@type\":\"EntryPoint\",\"urlTemplate\":\"https:\\\/\\\/www.haekelfieber.de\\\/wp-blog\\\/?s={search_term_string}\"},\"query-input\":{\"@type\":\"PropertyValueSpecification\",\"valueRequired\":true,\"valueName\":\"search_term_string\"}}],\"inLanguage\":\"de\"},{\"@type\":\"Organization\",\"@id\":\"https:\\\/\\\/www.haekelfieber.de\\\/wp-blog\\\/#organization\",\"name\":\"H\u00e4kelfieber\",\"url\":\"https:\\\/\\\/www.haekelfieber.de\\\/wp-blog\\\/\",\"logo\":{\"@type\":\"ImageObject\",\"inLanguage\":\"de\",\"@id\":\"https:\\\/\\\/www.haekelfieber.de\\\/wp-blog\\\/#\\\/schema\\\/logo\\\/image\\\/\",\"url\":\"https:\\\/\\\/www.haekelfieber.de\\\/wp-blog\\\/wp-content\\\/uploads\\\/2023\\\/03\\\/kissen-haekeln2.jpg\",\"contentUrl\":\"https:\\\/\\\/www.haekelfieber.de\\\/wp-blog\\\/wp-content\\\/uploads\\\/2023\\\/03\\\/kissen-haekeln2.jpg\",\"width\":683,\"height\":1024,\"caption\":\"H\u00e4kelfieber\"},\"image\":{\"@id\":\"https:\\\/\\\/www.haekelfieber.de\\\/wp-blog\\\/#\\\/schema\\\/logo\\\/image\\\/\"}}]}<\/script>\n<!-- \/ Yoast SEO plugin. -->","yoast_head_json":{"title":"H\u00e4kelblume - H\u00e4kelfieber","robots":{"index":"index","follow":"follow","max-snippet":"max-snippet:-1","max-image-preview":"max-image-preview:large","max-video-preview":"max-video-preview:-1"},"canonical":"https:\/\/www.haekelfieber.de\/wp-blog\/haekelblume\/","og_locale":"de_DE","og_type":"article","og_title":"H\u00e4kelblume - H\u00e4kelfieber","og_description":"Erste Runde: In einen Fadenring 4 Lm (zwei davon bilden das erste St\u00e4bchen) h\u00e4keln.Dann ein 1 Stb, 2 Lm im Wechsel bis ihr 6 Luftmaschenb\u00f6gen habt. Die Runde endet mit einer Kettmasche in die zweite Lm vom Anfang. Zweite Runde f\u00fcr runde Bl\u00fctenbl\u00e4tter: In jeden Luftmaschenbogen h\u00e4kelt ihr 1 Km, 2 Lm, 4 Stb, 2 &hellip; H\u00e4kelblume weiterlesen &rarr;","og_url":"https:\/\/www.haekelfieber.de\/wp-blog\/haekelblume\/","og_site_name":"H\u00e4kelfieber","article_modified_time":"2014-07-05T15:32:26+00:00","og_image":[{"url":"https:\/\/www.haekelfieber.de\/wp-blog\/wp-content\/uploads\/2014\/07\/Anleitung-H\u00e4kelblume-2-1024x768.jpg","type":"","width":"","height":""}],"schema":{"@context":"https:\/\/schema.org","@graph":[{"@type":"WebPage","@id":"https:\/\/www.haekelfieber.de\/wp-blog\/haekelblume\/","url":"https:\/\/www.haekelfieber.de\/wp-blog\/haekelblume\/","name":"H\u00e4kelblume - H\u00e4kelfieber","isPartOf":{"@id":"https:\/\/www.haekelfieber.de\/wp-blog\/#website"},"datePublished":"2014-07-05T15:27:35+00:00","dateModified":"2014-07-05T15:32:26+00:00","breadcrumb":{"@id":"https:\/\/www.haekelfieber.de\/wp-blog\/haekelblume\/#breadcrumb"},"inLanguage":"de","potentialAction":[{"@type":"ReadAction","target":["https:\/\/www.haekelfieber.de\/wp-blog\/haekelblume\/"]}]},{"@type":"BreadcrumbList","@id":"https:\/\/www.haekelfieber.de\/wp-blog\/haekelblume\/#breadcrumb","itemListElement":[{"@type":"ListItem","position":1,"name":"Home","item":"https:\/\/www.haekelfieber.de\/wp-blog\/"},{"@type":"ListItem","position":2,"name":"H\u00e4kelblume"}]},{"@type":"WebSite","@id":"https:\/\/www.haekelfieber.de\/wp-blog\/#website","url":"https:\/\/www.haekelfieber.de\/wp-blog\/","name":"H\u00e4kelfieber","description":"Ich bin im...","publisher":{"@id":"https:\/\/www.haekelfieber.de\/wp-blog\/#organization"},"potentialAction":[{"@type":"SearchAction","target":{"@type":"EntryPoint","urlTemplate":"https:\/\/www.haekelfieber.de\/wp-blog\/?s={search_term_string}"},"query-input":{"@type":"PropertyValueSpecification","valueRequired":true,"valueName":"search_term_string"}}],"inLanguage":"de"},{"@type":"Organization","@id":"https:\/\/www.haekelfieber.de\/wp-blog\/#organization","name":"H\u00e4kelfieber","url":"https:\/\/www.haekelfieber.de\/wp-blog\/","logo":{"@type":"ImageObject","inLanguage":"de","@id":"https:\/\/www.haekelfieber.de\/wp-blog\/#\/schema\/logo\/image\/","url":"https:\/\/www.haekelfieber.de\/wp-blog\/wp-content\/uploads\/2023\/03\/kissen-haekeln2.jpg","contentUrl":"https:\/\/www.haekelfieber.de\/wp-blog\/wp-content\/uploads\/2023\/03\/kissen-haekeln2.jpg","width":683,"height":1024,"caption":"H\u00e4kelfieber"},"image":{"@id":"https:\/\/www.haekelfieber.de\/wp-blog\/#\/schema\/logo\/image\/"}}]}},"_links":{"self":[{"href":"https:\/\/www.haekelfieber.de\/wp-blog\/wp-json\/wp\/v2\/pages\/486","targetHints":{"allow":["GET"]}}],"collection":[{"href":"https:\/\/www.haekelfieber.de\/wp-blog\/wp-json\/wp\/v2\/pages"}],"about":[{"href":"https:\/\/www.haekelfieber.de\/wp-blog\/wp-json\/wp\/v2\/types\/page"}],"author":[{"embeddable":true,"href":"https:\/\/www.haekelfieber.de\/wp-blog\/wp-json\/wp\/v2\/users\/1"}],"replies":[{"embeddable":true,"href":"https:\/\/www.haekelfieber.de\/wp-blog\/wp-json\/wp\/v2\/comments?post=486"}],"version-history":[{"count":3,"href":"https:\/\/www.haekelfieber.de\/wp-blog\/wp-json\/wp\/v2\/pages\/486\/revisions"}],"predecessor-version":[{"id":491,"href":"https:\/\/www.haekelfieber.de\/wp-blog\/wp-json\/wp\/v2\/pages\/486\/revisions\/491"}],"wp:attachment":[{"href":"https:\/\/www.haekelfieber.de\/wp-blog\/wp-json\/wp\/v2\/media?parent=486"}],"curies":[{"name":"wp","href":"https:\/\/api.w.org\/{rel}","templated":true}]}}