{"id":6501,"date":"2017-05-08T18:14:10","date_gmt":"2017-05-08T16:14:10","guid":{"rendered":"http:\/\/www.haekelfieber.de\/wp-blog\/?page_id=6501"},"modified":"2017-05-08T18:15:22","modified_gmt":"2017-05-08T16:15:22","slug":"zuckerstangenborte-suesser-rand","status":"publish","type":"page","link":"https:\/\/www.haekelfieber.de\/wp-blog\/zuckerstangenborte-suesser-rand\/","title":{"rendered":"Zuckerstangenborte &#8211; s\u00fc\u00dfer Rand"},"content":{"rendered":"<p>Gestern war wieder Handarbeitstreff. Wunderbar! Anette ein member von unserer lustigen Runde hat uns diese sehr sch\u00f6ne Umrandung f\u00fcr ein H\u00e4kelst\u00fcck gezeigt. Danke Anette \ud83d\ude09<br \/>\nIch finde sie muss in die weite Welt hinaus um auch auf eure Gesichter ein entz\u00fccktes L\u00e4cheln zu zaubern.<br \/>\nDann fang ich direkt mal an mit der H\u00e4kelintroduction f\u00fcr diese Borte:<\/p>\n<p><img loading=\"lazy\" decoding=\"async\" class=\"aligncenter size-large wp-image-6470\" src=\"https:\/\/www.haekelfieber.de\/wp-blog\/wp-content\/uploads\/2017\/05\/borte-haekeln-crochet-trim-edging-border-1-450x600.jpg\" alt=\"\" width=\"450\" height=\"600\" srcset=\"https:\/\/www.haekelfieber.de\/wp-blog\/wp-content\/uploads\/2017\/05\/borte-haekeln-crochet-trim-edging-border-1-450x600.jpg 450w, https:\/\/www.haekelfieber.de\/wp-blog\/wp-content\/uploads\/2017\/05\/borte-haekeln-crochet-trim-edging-border-1-225x300.jpg 225w, https:\/\/www.haekelfieber.de\/wp-blog\/wp-content\/uploads\/2017\/05\/borte-haekeln-crochet-trim-edging-border-1.jpg 600w\" sizes=\"auto, (max-width: 450px) 100vw, 450px\" \/><\/p>\n<p>Mit Rosa in einer Masche anschlingen, 1 feste Masche und drei Luftmaschen arbeiten. Die H\u00e4kelnadel aus der Schlinge ziehen und diese etwas gr\u00f6\u00dfer ziehen:<\/p>\n<p><img loading=\"lazy\" decoding=\"async\" class=\"aligncenter size-large wp-image-6481\" src=\"https:\/\/www.haekelfieber.de\/wp-blog\/wp-content\/uploads\/2017\/05\/borte-haekeln-crochet-trim-edging-border-12-450x600.jpg\" alt=\"\" width=\"450\" height=\"600\" srcset=\"https:\/\/www.haekelfieber.de\/wp-blog\/wp-content\/uploads\/2017\/05\/borte-haekeln-crochet-trim-edging-border-12-450x600.jpg 450w, https:\/\/www.haekelfieber.de\/wp-blog\/wp-content\/uploads\/2017\/05\/borte-haekeln-crochet-trim-edging-border-12-225x300.jpg 225w, https:\/\/www.haekelfieber.de\/wp-blog\/wp-content\/uploads\/2017\/05\/borte-haekeln-crochet-trim-edging-border-12.jpg 600w\" sizes=\"auto, (max-width: 450px) 100vw, 450px\" \/><\/p>\n<p>In die n\u00e4chste Masche mit Wei\u00df anschlingen, 1 feste Masche und drei Luftmaschen arbeiten. H\u00e4kelnadel aus der Schlinge und diese etwas weiten:<\/p>\n<p><img loading=\"lazy\" decoding=\"async\" class=\"aligncenter size-large wp-image-6480\" src=\"https:\/\/www.haekelfieber.de\/wp-blog\/wp-content\/uploads\/2017\/05\/borte-haekeln-crochet-trim-edging-border-11-450x600.jpg\" alt=\"\" width=\"450\" height=\"600\" srcset=\"https:\/\/www.haekelfieber.de\/wp-blog\/wp-content\/uploads\/2017\/05\/borte-haekeln-crochet-trim-edging-border-11-450x600.jpg 450w, https:\/\/www.haekelfieber.de\/wp-blog\/wp-content\/uploads\/2017\/05\/borte-haekeln-crochet-trim-edging-border-11-225x300.jpg 225w, https:\/\/www.haekelfieber.de\/wp-blog\/wp-content\/uploads\/2017\/05\/borte-haekeln-crochet-trim-edging-border-11.jpg 600w\" sizes=\"auto, (max-width: 450px) 100vw, 450px\" \/><\/p>\n<p>Mit der H\u00e4kelnadel wieder in die rosa Schlinge einstechen:<\/p>\n<p><img loading=\"lazy\" decoding=\"async\" class=\"aligncenter size-large wp-image-6479\" src=\"https:\/\/www.haekelfieber.de\/wp-blog\/wp-content\/uploads\/2017\/05\/borte-haekeln-crochet-trim-edging-border-10-450x600.jpg\" alt=\"\" width=\"450\" height=\"600\" srcset=\"https:\/\/www.haekelfieber.de\/wp-blog\/wp-content\/uploads\/2017\/05\/borte-haekeln-crochet-trim-edging-border-10-450x600.jpg 450w, https:\/\/www.haekelfieber.de\/wp-blog\/wp-content\/uploads\/2017\/05\/borte-haekeln-crochet-trim-edging-border-10-225x300.jpg 225w, https:\/\/www.haekelfieber.de\/wp-blog\/wp-content\/uploads\/2017\/05\/borte-haekeln-crochet-trim-edging-border-10.jpg 600w\" sizes=\"auto, (max-width: 450px) 100vw, 450px\" \/><\/p>\n<p>Das in wei\u00df Geh\u00e4kelte nach vorne klappen und in die folgende Masche einstechen:<\/p>\n<p><img loading=\"lazy\" decoding=\"async\" class=\"aligncenter size-large wp-image-6478\" src=\"https:\/\/www.haekelfieber.de\/wp-blog\/wp-content\/uploads\/2017\/05\/borte-haekeln-crochet-trim-edging-border-9-450x600.jpg\" alt=\"\" width=\"450\" height=\"600\" srcset=\"https:\/\/www.haekelfieber.de\/wp-blog\/wp-content\/uploads\/2017\/05\/borte-haekeln-crochet-trim-edging-border-9-450x600.jpg 450w, https:\/\/www.haekelfieber.de\/wp-blog\/wp-content\/uploads\/2017\/05\/borte-haekeln-crochet-trim-edging-border-9-225x300.jpg 225w, https:\/\/www.haekelfieber.de\/wp-blog\/wp-content\/uploads\/2017\/05\/borte-haekeln-crochet-trim-edging-border-9.jpg 600w\" sizes=\"auto, (max-width: 450px) 100vw, 450px\" \/><br \/>\n<img loading=\"lazy\" decoding=\"async\" class=\"aligncenter size-large wp-image-6477\" src=\"https:\/\/www.haekelfieber.de\/wp-blog\/wp-content\/uploads\/2017\/05\/borte-haekeln-crochet-trim-edging-border-8-450x600.jpg\" alt=\"\" width=\"450\" height=\"600\" srcset=\"https:\/\/www.haekelfieber.de\/wp-blog\/wp-content\/uploads\/2017\/05\/borte-haekeln-crochet-trim-edging-border-8-450x600.jpg 450w, https:\/\/www.haekelfieber.de\/wp-blog\/wp-content\/uploads\/2017\/05\/borte-haekeln-crochet-trim-edging-border-8-225x300.jpg 225w, https:\/\/www.haekelfieber.de\/wp-blog\/wp-content\/uploads\/2017\/05\/borte-haekeln-crochet-trim-edging-border-8.jpg 600w\" sizes=\"auto, (max-width: 450px) 100vw, 450px\" \/><\/p>\n<p>Wieder 1 feste Masche und drei Luftmaschen h\u00e4keln:<\/p>\n<p><img loading=\"lazy\" decoding=\"async\" class=\"aligncenter size-large wp-image-6476\" src=\"https:\/\/www.haekelfieber.de\/wp-blog\/wp-content\/uploads\/2017\/05\/borte-haekeln-crochet-trim-edging-border-7-450x600.jpg\" alt=\"\" width=\"450\" height=\"600\" srcset=\"https:\/\/www.haekelfieber.de\/wp-blog\/wp-content\/uploads\/2017\/05\/borte-haekeln-crochet-trim-edging-border-7-450x600.jpg 450w, https:\/\/www.haekelfieber.de\/wp-blog\/wp-content\/uploads\/2017\/05\/borte-haekeln-crochet-trim-edging-border-7-225x300.jpg 225w, https:\/\/www.haekelfieber.de\/wp-blog\/wp-content\/uploads\/2017\/05\/borte-haekeln-crochet-trim-edging-border-7.jpg 600w\" sizes=\"auto, (max-width: 450px) 100vw, 450px\" \/><\/p>\n<p>H\u00e4kelnadel in die wei\u00dfe Schlaufe und das rosa Geh\u00e4kelte wieder nach vorne klappen. Dadurch wird das H\u00e4keln der folgenden Masche erleichtert. Es ist nichts im Weg:<\/p>\n<p><img loading=\"lazy\" decoding=\"async\" class=\"aligncenter size-large wp-image-6475\" src=\"https:\/\/www.haekelfieber.de\/wp-blog\/wp-content\/uploads\/2017\/05\/borte-haekeln-crochet-trim-edging-border-6-450x600.jpg\" alt=\"\" width=\"450\" height=\"600\" srcset=\"https:\/\/www.haekelfieber.de\/wp-blog\/wp-content\/uploads\/2017\/05\/borte-haekeln-crochet-trim-edging-border-6-450x600.jpg 450w, https:\/\/www.haekelfieber.de\/wp-blog\/wp-content\/uploads\/2017\/05\/borte-haekeln-crochet-trim-edging-border-6-225x300.jpg 225w, https:\/\/www.haekelfieber.de\/wp-blog\/wp-content\/uploads\/2017\/05\/borte-haekeln-crochet-trim-edging-border-6.jpg 600w\" sizes=\"auto, (max-width: 450px) 100vw, 450px\" \/><\/p>\n<p>Wieder in die folgende, unbeh\u00e4kelte Masche einstechen, 1 feste Masche und drei Luftmaschen arbeiten. Das eben Geh\u00e4kelte nach vorne klappen und mit der H\u00e4kelnadel in die rosa Schlaufe einstechen:<\/p>\n<p><img loading=\"lazy\" decoding=\"async\" class=\"aligncenter size-large wp-image-6474\" src=\"https:\/\/www.haekelfieber.de\/wp-blog\/wp-content\/uploads\/2017\/05\/borte-haekeln-crochet-trim-edging-border-5-450x600.jpg\" alt=\"\" width=\"450\" height=\"600\" srcset=\"https:\/\/www.haekelfieber.de\/wp-blog\/wp-content\/uploads\/2017\/05\/borte-haekeln-crochet-trim-edging-border-5-450x600.jpg 450w, https:\/\/www.haekelfieber.de\/wp-blog\/wp-content\/uploads\/2017\/05\/borte-haekeln-crochet-trim-edging-border-5-225x300.jpg 225w, https:\/\/www.haekelfieber.de\/wp-blog\/wp-content\/uploads\/2017\/05\/borte-haekeln-crochet-trim-edging-border-5.jpg 600w\" sizes=\"auto, (max-width: 450px) 100vw, 450px\" \/><br \/>\n<img loading=\"lazy\" decoding=\"async\" class=\"aligncenter size-large wp-image-6473\" src=\"https:\/\/www.haekelfieber.de\/wp-blog\/wp-content\/uploads\/2017\/05\/borte-haekeln-crochet-trim-edging-border-4-450x600.jpg\" alt=\"\" width=\"450\" height=\"600\" srcset=\"https:\/\/www.haekelfieber.de\/wp-blog\/wp-content\/uploads\/2017\/05\/borte-haekeln-crochet-trim-edging-border-4-450x600.jpg 450w, https:\/\/www.haekelfieber.de\/wp-blog\/wp-content\/uploads\/2017\/05\/borte-haekeln-crochet-trim-edging-border-4-225x300.jpg 225w, https:\/\/www.haekelfieber.de\/wp-blog\/wp-content\/uploads\/2017\/05\/borte-haekeln-crochet-trim-edging-border-4.jpg 600w\" sizes=\"auto, (max-width: 450px) 100vw, 450px\" \/><\/p>\n<p>Es wird immer nach diesem Prinzip durchgewechselt.<\/p>\n<p><img loading=\"lazy\" decoding=\"async\" class=\"aligncenter size-large wp-image-6472\" src=\"https:\/\/www.haekelfieber.de\/wp-blog\/wp-content\/uploads\/2017\/05\/borte-haekeln-crochet-trim-edging-border-3-450x600.jpg\" alt=\"\" width=\"450\" height=\"600\" srcset=\"https:\/\/www.haekelfieber.de\/wp-blog\/wp-content\/uploads\/2017\/05\/borte-haekeln-crochet-trim-edging-border-3-450x600.jpg 450w, https:\/\/www.haekelfieber.de\/wp-blog\/wp-content\/uploads\/2017\/05\/borte-haekeln-crochet-trim-edging-border-3-225x300.jpg 225w, https:\/\/www.haekelfieber.de\/wp-blog\/wp-content\/uploads\/2017\/05\/borte-haekeln-crochet-trim-edging-border-3.jpg 600w\" sizes=\"auto, (max-width: 450px) 100vw, 450px\" \/> <img loading=\"lazy\" decoding=\"async\" class=\"aligncenter size-large wp-image-6471\" src=\"https:\/\/www.haekelfieber.de\/wp-blog\/wp-content\/uploads\/2017\/05\/borte-haekeln-crochet-trim-edging-border-2-450x600.jpg\" alt=\"\" width=\"450\" height=\"600\" srcset=\"https:\/\/www.haekelfieber.de\/wp-blog\/wp-content\/uploads\/2017\/05\/borte-haekeln-crochet-trim-edging-border-2-450x600.jpg 450w, https:\/\/www.haekelfieber.de\/wp-blog\/wp-content\/uploads\/2017\/05\/borte-haekeln-crochet-trim-edging-border-2-225x300.jpg 225w, https:\/\/www.haekelfieber.de\/wp-blog\/wp-content\/uploads\/2017\/05\/borte-haekeln-crochet-trim-edging-border-2.jpg 600w\" sizes=\"auto, (max-width: 450px) 100vw, 450px\" \/><\/p>\n","protected":false},"excerpt":{"rendered":"<p>Gestern war wieder Handarbeitstreff. Wunderbar! Anette ein member von unserer lustigen Runde hat uns diese sehr sch\u00f6ne Umrandung f\u00fcr ein H\u00e4kelst\u00fcck gezeigt. Danke Anette \ud83d\ude09 Ich finde sie muss in die weite Welt hinaus um auch auf eure Gesichter ein entz\u00fccktes L\u00e4cheln zu zaubern. Dann fang ich direkt mal an mit der H\u00e4kelintroduction f\u00fcr diese &hellip; <a href=\"https:\/\/www.haekelfieber.de\/wp-blog\/zuckerstangenborte-suesser-rand\/\" class=\"more-link\"><span class=\"screen-reader-text\">Zuckerstangenborte &#8211; s\u00fc\u00dfer Rand<\/span> weiterlesen <span class=\"meta-nav\">&rarr;<\/span><\/a><\/p>\n","protected":false},"author":1,"featured_media":0,"parent":0,"menu_order":0,"comment_status":"closed","ping_status":"closed","template":"","meta":{"footnotes":""},"class_list":["post-6501","page","type-page","status-publish","hentry"],"yoast_head":"<!-- This site is optimized with the Yoast SEO plugin v27.4 - https:\/\/yoast.com\/product\/yoast-seo-wordpress\/ -->\n<title>Zuckerstangenborte - s\u00fc\u00dfer Rand - H\u00e4kelfieber<\/title>\n<meta name=\"robots\" content=\"index, follow, max-snippet:-1, max-image-preview:large, max-video-preview:-1\" \/>\n<link rel=\"canonical\" href=\"https:\/\/www.haekelfieber.de\/wp-blog\/zuckerstangenborte-suesser-rand\/\" \/>\n<meta property=\"og:locale\" content=\"de_DE\" \/>\n<meta property=\"og:type\" content=\"article\" \/>\n<meta property=\"og:title\" content=\"Zuckerstangenborte - s\u00fc\u00dfer Rand - H\u00e4kelfieber\" \/>\n<meta property=\"og:description\" content=\"Gestern war wieder Handarbeitstreff. Wunderbar! Anette ein member von unserer lustigen Runde hat uns diese sehr sch\u00f6ne Umrandung f\u00fcr ein H\u00e4kelst\u00fcck gezeigt. Danke Anette \ud83d\ude09 Ich finde sie muss in die weite Welt hinaus um auch auf eure Gesichter ein entz\u00fccktes L\u00e4cheln zu zaubern. Dann fang ich direkt mal an mit der H\u00e4kelintroduction f\u00fcr diese &hellip; Zuckerstangenborte &#8211; s\u00fc\u00dfer Rand weiterlesen &rarr;\" \/>\n<meta property=\"og:url\" content=\"https:\/\/www.haekelfieber.de\/wp-blog\/zuckerstangenborte-suesser-rand\/\" \/>\n<meta property=\"og:site_name\" content=\"H\u00e4kelfieber\" \/>\n<meta property=\"article:modified_time\" content=\"2017-05-08T16:15:22+00:00\" \/>\n<meta property=\"og:image\" content=\"https:\/\/www.haekelfieber.de\/wp-blog\/wp-content\/uploads\/2017\/05\/borte-haekeln-crochet-trim-edging-border-1-450x600.jpg\" \/>\n<meta name=\"twitter:label1\" content=\"Gesch\u00e4tzte Lesezeit\" \/>\n\t<meta name=\"twitter:data1\" content=\"1\u00a0Minute\" \/>\n<script type=\"application\/ld+json\" class=\"yoast-schema-graph\">{\"@context\":\"https:\\\/\\\/schema.org\",\"@graph\":[{\"@type\":\"WebPage\",\"@id\":\"https:\\\/\\\/www.haekelfieber.de\\\/wp-blog\\\/zuckerstangenborte-suesser-rand\\\/\",\"url\":\"https:\\\/\\\/www.haekelfieber.de\\\/wp-blog\\\/zuckerstangenborte-suesser-rand\\\/\",\"name\":\"Zuckerstangenborte - s\u00fc\u00dfer Rand - H\u00e4kelfieber\",\"isPartOf\":{\"@id\":\"https:\\\/\\\/www.haekelfieber.de\\\/wp-blog\\\/#website\"},\"primaryImageOfPage\":{\"@id\":\"https:\\\/\\\/www.haekelfieber.de\\\/wp-blog\\\/zuckerstangenborte-suesser-rand\\\/#primaryimage\"},\"image\":{\"@id\":\"https:\\\/\\\/www.haekelfieber.de\\\/wp-blog\\\/zuckerstangenborte-suesser-rand\\\/#primaryimage\"},\"thumbnailUrl\":\"https:\\\/\\\/www.haekelfieber.de\\\/wp-blog\\\/wp-content\\\/uploads\\\/2017\\\/05\\\/borte-haekeln-crochet-trim-edging-border-1-450x600.jpg\",\"datePublished\":\"2017-05-08T16:14:10+00:00\",\"dateModified\":\"2017-05-08T16:15:22+00:00\",\"breadcrumb\":{\"@id\":\"https:\\\/\\\/www.haekelfieber.de\\\/wp-blog\\\/zuckerstangenborte-suesser-rand\\\/#breadcrumb\"},\"inLanguage\":\"de\",\"potentialAction\":[{\"@type\":\"ReadAction\",\"target\":[\"https:\\\/\\\/www.haekelfieber.de\\\/wp-blog\\\/zuckerstangenborte-suesser-rand\\\/\"]}]},{\"@type\":\"ImageObject\",\"inLanguage\":\"de\",\"@id\":\"https:\\\/\\\/www.haekelfieber.de\\\/wp-blog\\\/zuckerstangenborte-suesser-rand\\\/#primaryimage\",\"url\":\"https:\\\/\\\/www.haekelfieber.de\\\/wp-blog\\\/wp-content\\\/uploads\\\/2017\\\/05\\\/borte-haekeln-crochet-trim-edging-border-1.jpg\",\"contentUrl\":\"https:\\\/\\\/www.haekelfieber.de\\\/wp-blog\\\/wp-content\\\/uploads\\\/2017\\\/05\\\/borte-haekeln-crochet-trim-edging-border-1.jpg\",\"width\":600,\"height\":800},{\"@type\":\"BreadcrumbList\",\"@id\":\"https:\\\/\\\/www.haekelfieber.de\\\/wp-blog\\\/zuckerstangenborte-suesser-rand\\\/#breadcrumb\",\"itemListElement\":[{\"@type\":\"ListItem\",\"position\":1,\"name\":\"Home\",\"item\":\"https:\\\/\\\/www.haekelfieber.de\\\/wp-blog\\\/\"},{\"@type\":\"ListItem\",\"position\":2,\"name\":\"Zuckerstangenborte &#8211; s\u00fc\u00dfer Rand\"}]},{\"@type\":\"WebSite\",\"@id\":\"https:\\\/\\\/www.haekelfieber.de\\\/wp-blog\\\/#website\",\"url\":\"https:\\\/\\\/www.haekelfieber.de\\\/wp-blog\\\/\",\"name\":\"H\u00e4kelfieber\",\"description\":\"Ich bin im...\",\"publisher\":{\"@id\":\"https:\\\/\\\/www.haekelfieber.de\\\/wp-blog\\\/#organization\"},\"potentialAction\":[{\"@type\":\"SearchAction\",\"target\":{\"@type\":\"EntryPoint\",\"urlTemplate\":\"https:\\\/\\\/www.haekelfieber.de\\\/wp-blog\\\/?s={search_term_string}\"},\"query-input\":{\"@type\":\"PropertyValueSpecification\",\"valueRequired\":true,\"valueName\":\"search_term_string\"}}],\"inLanguage\":\"de\"},{\"@type\":\"Organization\",\"@id\":\"https:\\\/\\\/www.haekelfieber.de\\\/wp-blog\\\/#organization\",\"name\":\"H\u00e4kelfieber\",\"url\":\"https:\\\/\\\/www.haekelfieber.de\\\/wp-blog\\\/\",\"logo\":{\"@type\":\"ImageObject\",\"inLanguage\":\"de\",\"@id\":\"https:\\\/\\\/www.haekelfieber.de\\\/wp-blog\\\/#\\\/schema\\\/logo\\\/image\\\/\",\"url\":\"https:\\\/\\\/www.haekelfieber.de\\\/wp-blog\\\/wp-content\\\/uploads\\\/2023\\\/03\\\/kissen-haekeln2.jpg\",\"contentUrl\":\"https:\\\/\\\/www.haekelfieber.de\\\/wp-blog\\\/wp-content\\\/uploads\\\/2023\\\/03\\\/kissen-haekeln2.jpg\",\"width\":683,\"height\":1024,\"caption\":\"H\u00e4kelfieber\"},\"image\":{\"@id\":\"https:\\\/\\\/www.haekelfieber.de\\\/wp-blog\\\/#\\\/schema\\\/logo\\\/image\\\/\"}}]}<\/script>\n<!-- \/ Yoast SEO plugin. -->","yoast_head_json":{"title":"Zuckerstangenborte - s\u00fc\u00dfer Rand - H\u00e4kelfieber","robots":{"index":"index","follow":"follow","max-snippet":"max-snippet:-1","max-image-preview":"max-image-preview:large","max-video-preview":"max-video-preview:-1"},"canonical":"https:\/\/www.haekelfieber.de\/wp-blog\/zuckerstangenborte-suesser-rand\/","og_locale":"de_DE","og_type":"article","og_title":"Zuckerstangenborte - s\u00fc\u00dfer Rand - H\u00e4kelfieber","og_description":"Gestern war wieder Handarbeitstreff. Wunderbar! Anette ein member von unserer lustigen Runde hat uns diese sehr sch\u00f6ne Umrandung f\u00fcr ein H\u00e4kelst\u00fcck gezeigt. Danke Anette \ud83d\ude09 Ich finde sie muss in die weite Welt hinaus um auch auf eure Gesichter ein entz\u00fccktes L\u00e4cheln zu zaubern. Dann fang ich direkt mal an mit der H\u00e4kelintroduction f\u00fcr diese &hellip; Zuckerstangenborte &#8211; s\u00fc\u00dfer Rand weiterlesen &rarr;","og_url":"https:\/\/www.haekelfieber.de\/wp-blog\/zuckerstangenborte-suesser-rand\/","og_site_name":"H\u00e4kelfieber","article_modified_time":"2017-05-08T16:15:22+00:00","og_image":[{"url":"https:\/\/www.haekelfieber.de\/wp-blog\/wp-content\/uploads\/2017\/05\/borte-haekeln-crochet-trim-edging-border-1-450x600.jpg","type":"","width":"","height":""}],"twitter_misc":{"Gesch\u00e4tzte Lesezeit":"1\u00a0Minute"},"schema":{"@context":"https:\/\/schema.org","@graph":[{"@type":"WebPage","@id":"https:\/\/www.haekelfieber.de\/wp-blog\/zuckerstangenborte-suesser-rand\/","url":"https:\/\/www.haekelfieber.de\/wp-blog\/zuckerstangenborte-suesser-rand\/","name":"Zuckerstangenborte - s\u00fc\u00dfer Rand - H\u00e4kelfieber","isPartOf":{"@id":"https:\/\/www.haekelfieber.de\/wp-blog\/#website"},"primaryImageOfPage":{"@id":"https:\/\/www.haekelfieber.de\/wp-blog\/zuckerstangenborte-suesser-rand\/#primaryimage"},"image":{"@id":"https:\/\/www.haekelfieber.de\/wp-blog\/zuckerstangenborte-suesser-rand\/#primaryimage"},"thumbnailUrl":"https:\/\/www.haekelfieber.de\/wp-blog\/wp-content\/uploads\/2017\/05\/borte-haekeln-crochet-trim-edging-border-1-450x600.jpg","datePublished":"2017-05-08T16:14:10+00:00","dateModified":"2017-05-08T16:15:22+00:00","breadcrumb":{"@id":"https:\/\/www.haekelfieber.de\/wp-blog\/zuckerstangenborte-suesser-rand\/#breadcrumb"},"inLanguage":"de","potentialAction":[{"@type":"ReadAction","target":["https:\/\/www.haekelfieber.de\/wp-blog\/zuckerstangenborte-suesser-rand\/"]}]},{"@type":"ImageObject","inLanguage":"de","@id":"https:\/\/www.haekelfieber.de\/wp-blog\/zuckerstangenborte-suesser-rand\/#primaryimage","url":"https:\/\/www.haekelfieber.de\/wp-blog\/wp-content\/uploads\/2017\/05\/borte-haekeln-crochet-trim-edging-border-1.jpg","contentUrl":"https:\/\/www.haekelfieber.de\/wp-blog\/wp-content\/uploads\/2017\/05\/borte-haekeln-crochet-trim-edging-border-1.jpg","width":600,"height":800},{"@type":"BreadcrumbList","@id":"https:\/\/www.haekelfieber.de\/wp-blog\/zuckerstangenborte-suesser-rand\/#breadcrumb","itemListElement":[{"@type":"ListItem","position":1,"name":"Home","item":"https:\/\/www.haekelfieber.de\/wp-blog\/"},{"@type":"ListItem","position":2,"name":"Zuckerstangenborte &#8211; s\u00fc\u00dfer Rand"}]},{"@type":"WebSite","@id":"https:\/\/www.haekelfieber.de\/wp-blog\/#website","url":"https:\/\/www.haekelfieber.de\/wp-blog\/","name":"H\u00e4kelfieber","description":"Ich bin im...","publisher":{"@id":"https:\/\/www.haekelfieber.de\/wp-blog\/#organization"},"potentialAction":[{"@type":"SearchAction","target":{"@type":"EntryPoint","urlTemplate":"https:\/\/www.haekelfieber.de\/wp-blog\/?s={search_term_string}"},"query-input":{"@type":"PropertyValueSpecification","valueRequired":true,"valueName":"search_term_string"}}],"inLanguage":"de"},{"@type":"Organization","@id":"https:\/\/www.haekelfieber.de\/wp-blog\/#organization","name":"H\u00e4kelfieber","url":"https:\/\/www.haekelfieber.de\/wp-blog\/","logo":{"@type":"ImageObject","inLanguage":"de","@id":"https:\/\/www.haekelfieber.de\/wp-blog\/#\/schema\/logo\/image\/","url":"https:\/\/www.haekelfieber.de\/wp-blog\/wp-content\/uploads\/2023\/03\/kissen-haekeln2.jpg","contentUrl":"https:\/\/www.haekelfieber.de\/wp-blog\/wp-content\/uploads\/2023\/03\/kissen-haekeln2.jpg","width":683,"height":1024,"caption":"H\u00e4kelfieber"},"image":{"@id":"https:\/\/www.haekelfieber.de\/wp-blog\/#\/schema\/logo\/image\/"}}]}},"_links":{"self":[{"href":"https:\/\/www.haekelfieber.de\/wp-blog\/wp-json\/wp\/v2\/pages\/6501","targetHints":{"allow":["GET"]}}],"collection":[{"href":"https:\/\/www.haekelfieber.de\/wp-blog\/wp-json\/wp\/v2\/pages"}],"about":[{"href":"https:\/\/www.haekelfieber.de\/wp-blog\/wp-json\/wp\/v2\/types\/page"}],"author":[{"embeddable":true,"href":"https:\/\/www.haekelfieber.de\/wp-blog\/wp-json\/wp\/v2\/users\/1"}],"replies":[{"embeddable":true,"href":"https:\/\/www.haekelfieber.de\/wp-blog\/wp-json\/wp\/v2\/comments?post=6501"}],"version-history":[{"count":1,"href":"https:\/\/www.haekelfieber.de\/wp-blog\/wp-json\/wp\/v2\/pages\/6501\/revisions"}],"predecessor-version":[{"id":6503,"href":"https:\/\/www.haekelfieber.de\/wp-blog\/wp-json\/wp\/v2\/pages\/6501\/revisions\/6503"}],"wp:attachment":[{"href":"https:\/\/www.haekelfieber.de\/wp-blog\/wp-json\/wp\/v2\/media?parent=6501"}],"curies":[{"name":"wp","href":"https:\/\/api.w.org\/{rel}","templated":true}]}}