{"id":7996,"date":"2018-04-01T13:21:05","date_gmt":"2018-04-01T11:21:05","guid":{"rendered":"http:\/\/www.haekelfieber.de\/wp-blog\/?page_id=7996"},"modified":"2018-04-01T13:21:05","modified_gmt":"2018-04-01T11:21:05","slug":"granny-square","status":"publish","type":"page","link":"https:\/\/www.haekelfieber.de\/wp-blog\/granny-square\/","title":{"rendered":"Granny Square"},"content":{"rendered":"<p><img loading=\"lazy\" decoding=\"async\" class=\"aligncenter size-large wp-image-7991\" src=\"https:\/\/www.haekelfieber.de\/wp-blog\/wp-content\/uploads\/2018\/04\/granny-square-anleitung-kosten-tutorial-free-6-e1522581415495-401x600.jpg\" alt=\"\" width=\"401\" height=\"600\" srcset=\"https:\/\/www.haekelfieber.de\/wp-blog\/wp-content\/uploads\/2018\/04\/granny-square-anleitung-kosten-tutorial-free-6-e1522581415495-401x600.jpg 401w, https:\/\/www.haekelfieber.de\/wp-blog\/wp-content\/uploads\/2018\/04\/granny-square-anleitung-kosten-tutorial-free-6-e1522581415495-200x300.jpg 200w, https:\/\/www.haekelfieber.de\/wp-blog\/wp-content\/uploads\/2018\/04\/granny-square-anleitung-kosten-tutorial-free-6-e1522581415495.jpg 600w\" sizes=\"auto, (max-width: 401px) 100vw, 401px\" \/><\/p>\n<p>Ich teil&#8216; mal wieder was mit euch. Wollte keine &#8222;gro\u00dfe Kiste&#8220; daraus machen, mit 5 Millionen Malversuchen f\u00fcr eine exakte H\u00e4kelschrift.<br \/>\nGanz authentische Bilder vom K\u00fcchentisch, an welchem alles entstanden ist. Mehr &#8222;Exaktness&#8220; konnte ich mir nicht aus den Rippen leiern. Bin mir sicher, dass die meisten damit klarkommen. \u00dcber die Kommentarfunktion k\u00f6nnen ja diverse Fragezeichen deleted werden.<br \/>\nAlso, so locker leger mein Schreibstil heute ist, so unkonventionell zusammengest\u00f6pstelt kommt meine Anleitung daher:<\/p>\n<p><img loading=\"lazy\" decoding=\"async\" class=\"aligncenter size-large wp-image-7992\" src=\"https:\/\/www.haekelfieber.de\/wp-blog\/wp-content\/uploads\/2018\/04\/granny-square-anleitung-kosten-tutorial-free-5-e1522581433398-401x600.jpg\" alt=\"\" width=\"401\" height=\"600\" srcset=\"https:\/\/www.haekelfieber.de\/wp-blog\/wp-content\/uploads\/2018\/04\/granny-square-anleitung-kosten-tutorial-free-5-e1522581433398-401x600.jpg 401w, https:\/\/www.haekelfieber.de\/wp-blog\/wp-content\/uploads\/2018\/04\/granny-square-anleitung-kosten-tutorial-free-5-e1522581433398-200x300.jpg 200w, https:\/\/www.haekelfieber.de\/wp-blog\/wp-content\/uploads\/2018\/04\/granny-square-anleitung-kosten-tutorial-free-5-e1522581433398.jpg 600w\" sizes=\"auto, (max-width: 401px) 100vw, 401px\" \/><\/p>\n<p>&nbsp;<\/p>\n<p><img loading=\"lazy\" decoding=\"async\" class=\"aligncenter size-large wp-image-7993\" src=\"https:\/\/www.haekelfieber.de\/wp-blog\/wp-content\/uploads\/2018\/04\/granny-square-anleitung-kosten-tutorial-free-4-600x401.jpg\" alt=\"\" width=\"600\" height=\"401\" srcset=\"https:\/\/www.haekelfieber.de\/wp-blog\/wp-content\/uploads\/2018\/04\/granny-square-anleitung-kosten-tutorial-free-4-600x401.jpg 600w, https:\/\/www.haekelfieber.de\/wp-blog\/wp-content\/uploads\/2018\/04\/granny-square-anleitung-kosten-tutorial-free-4-300x200.jpg 300w, https:\/\/www.haekelfieber.de\/wp-blog\/wp-content\/uploads\/2018\/04\/granny-square-anleitung-kosten-tutorial-free-4-768x513.jpg 768w, https:\/\/www.haekelfieber.de\/wp-blog\/wp-content\/uploads\/2018\/04\/granny-square-anleitung-kosten-tutorial-free-4.jpg 898w\" sizes=\"auto, (max-width: 600px) 100vw, 600px\" \/><\/p>\n<p>&nbsp;<\/p>\n<p><img loading=\"lazy\" decoding=\"async\" class=\"aligncenter size-large wp-image-7994\" src=\"https:\/\/www.haekelfieber.de\/wp-blog\/wp-content\/uploads\/2018\/04\/granny-square-anleitung-kosten-tutorial-free-3-600x401.jpg\" alt=\"\" width=\"600\" height=\"401\" srcset=\"https:\/\/www.haekelfieber.de\/wp-blog\/wp-content\/uploads\/2018\/04\/granny-square-anleitung-kosten-tutorial-free-3-600x401.jpg 600w, https:\/\/www.haekelfieber.de\/wp-blog\/wp-content\/uploads\/2018\/04\/granny-square-anleitung-kosten-tutorial-free-3-300x200.jpg 300w, https:\/\/www.haekelfieber.de\/wp-blog\/wp-content\/uploads\/2018\/04\/granny-square-anleitung-kosten-tutorial-free-3-768x513.jpg 768w, https:\/\/www.haekelfieber.de\/wp-blog\/wp-content\/uploads\/2018\/04\/granny-square-anleitung-kosten-tutorial-free-3.jpg 898w\" sizes=\"auto, (max-width: 600px) 100vw, 600px\" \/><\/p>\n<p>&nbsp;<\/p>\n<p><img loading=\"lazy\" decoding=\"async\" class=\"aligncenter size-large wp-image-7990\" src=\"https:\/\/www.haekelfieber.de\/wp-blog\/wp-content\/uploads\/2018\/04\/granny-square-anleitung-kosten-tutorial-free-7-e1522581400796-401x600.jpg\" alt=\"\" width=\"401\" height=\"600\" srcset=\"https:\/\/www.haekelfieber.de\/wp-blog\/wp-content\/uploads\/2018\/04\/granny-square-anleitung-kosten-tutorial-free-7-e1522581400796-401x600.jpg 401w, https:\/\/www.haekelfieber.de\/wp-blog\/wp-content\/uploads\/2018\/04\/granny-square-anleitung-kosten-tutorial-free-7-e1522581400796-200x300.jpg 200w, https:\/\/www.haekelfieber.de\/wp-blog\/wp-content\/uploads\/2018\/04\/granny-square-anleitung-kosten-tutorial-free-7-e1522581400796.jpg 600w\" sizes=\"auto, (max-width: 401px) 100vw, 401px\" \/><\/p>\n<p>PS: Bei dem gelb-gr\u00fcn-wei\u00dfen Granny habe ich in der letzten Runde immer nur in das hintere Maschenglied eingestochen. Deswegen der klar abgesetzte gr\u00fcne Rand.<\/p>\n","protected":false},"excerpt":{"rendered":"<p>Ich teil&#8216; mal wieder was mit euch. Wollte keine &#8222;gro\u00dfe Kiste&#8220; daraus machen, mit 5 Millionen Malversuchen f\u00fcr eine exakte H\u00e4kelschrift. Ganz authentische Bilder vom K\u00fcchentisch, an welchem alles entstanden ist. Mehr &#8222;Exaktness&#8220; konnte ich mir nicht aus den Rippen leiern. Bin mir sicher, dass die meisten damit klarkommen. \u00dcber die Kommentarfunktion k\u00f6nnen ja diverse &hellip; <a href=\"https:\/\/www.haekelfieber.de\/wp-blog\/granny-square\/\" class=\"more-link\"><span class=\"screen-reader-text\">Granny Square<\/span> weiterlesen <span class=\"meta-nav\">&rarr;<\/span><\/a><\/p>\n","protected":false},"author":1,"featured_media":0,"parent":0,"menu_order":0,"comment_status":"closed","ping_status":"closed","template":"","meta":{"footnotes":""},"class_list":["post-7996","page","type-page","status-publish","hentry"],"yoast_head":"<!-- This site is optimized with the Yoast SEO plugin v27.4 - https:\/\/yoast.com\/product\/yoast-seo-wordpress\/ -->\n<title>Granny Square - H\u00e4kelfieber<\/title>\n<meta name=\"robots\" content=\"index, follow, max-snippet:-1, max-image-preview:large, max-video-preview:-1\" \/>\n<link rel=\"canonical\" href=\"https:\/\/www.haekelfieber.de\/wp-blog\/granny-square\/\" \/>\n<meta property=\"og:locale\" content=\"de_DE\" \/>\n<meta property=\"og:type\" content=\"article\" \/>\n<meta property=\"og:title\" content=\"Granny Square - H\u00e4kelfieber\" \/>\n<meta property=\"og:description\" content=\"Ich teil&#8216; mal wieder was mit euch. Wollte keine &#8222;gro\u00dfe Kiste&#8220; daraus machen, mit 5 Millionen Malversuchen f\u00fcr eine exakte H\u00e4kelschrift. Ganz authentische Bilder vom K\u00fcchentisch, an welchem alles entstanden ist. Mehr &#8222;Exaktness&#8220; konnte ich mir nicht aus den Rippen leiern. Bin mir sicher, dass die meisten damit klarkommen. \u00dcber die Kommentarfunktion k\u00f6nnen ja diverse &hellip; Granny Square weiterlesen &rarr;\" \/>\n<meta property=\"og:url\" content=\"https:\/\/www.haekelfieber.de\/wp-blog\/granny-square\/\" \/>\n<meta property=\"og:site_name\" content=\"H\u00e4kelfieber\" \/>\n<meta property=\"og:image\" content=\"https:\/\/www.haekelfieber.de\/wp-blog\/wp-content\/uploads\/2018\/04\/granny-square-anleitung-kosten-tutorial-free-6-e1522581415495-401x600.jpg\" \/>\n<meta name=\"twitter:label1\" content=\"Gesch\u00e4tzte Lesezeit\" \/>\n\t<meta name=\"twitter:data1\" content=\"1\u00a0Minute\" \/>\n<script type=\"application\/ld+json\" class=\"yoast-schema-graph\">{\"@context\":\"https:\\\/\\\/schema.org\",\"@graph\":[{\"@type\":\"WebPage\",\"@id\":\"https:\\\/\\\/www.haekelfieber.de\\\/wp-blog\\\/granny-square\\\/\",\"url\":\"https:\\\/\\\/www.haekelfieber.de\\\/wp-blog\\\/granny-square\\\/\",\"name\":\"Granny Square - H\u00e4kelfieber\",\"isPartOf\":{\"@id\":\"https:\\\/\\\/www.haekelfieber.de\\\/wp-blog\\\/#website\"},\"primaryImageOfPage\":{\"@id\":\"https:\\\/\\\/www.haekelfieber.de\\\/wp-blog\\\/granny-square\\\/#primaryimage\"},\"image\":{\"@id\":\"https:\\\/\\\/www.haekelfieber.de\\\/wp-blog\\\/granny-square\\\/#primaryimage\"},\"thumbnailUrl\":\"https:\\\/\\\/www.haekelfieber.de\\\/wp-blog\\\/wp-content\\\/uploads\\\/2018\\\/04\\\/granny-square-anleitung-kosten-tutorial-free-6-e1522581415495-401x600.jpg\",\"datePublished\":\"2018-04-01T11:21:05+00:00\",\"breadcrumb\":{\"@id\":\"https:\\\/\\\/www.haekelfieber.de\\\/wp-blog\\\/granny-square\\\/#breadcrumb\"},\"inLanguage\":\"de\",\"potentialAction\":[{\"@type\":\"ReadAction\",\"target\":[\"https:\\\/\\\/www.haekelfieber.de\\\/wp-blog\\\/granny-square\\\/\"]}]},{\"@type\":\"ImageObject\",\"inLanguage\":\"de\",\"@id\":\"https:\\\/\\\/www.haekelfieber.de\\\/wp-blog\\\/granny-square\\\/#primaryimage\",\"url\":\"https:\\\/\\\/www.haekelfieber.de\\\/wp-blog\\\/wp-content\\\/uploads\\\/2018\\\/04\\\/granny-square-anleitung-kosten-tutorial-free-6-e1522581415495.jpg\",\"contentUrl\":\"https:\\\/\\\/www.haekelfieber.de\\\/wp-blog\\\/wp-content\\\/uploads\\\/2018\\\/04\\\/granny-square-anleitung-kosten-tutorial-free-6-e1522581415495.jpg\",\"width\":600,\"height\":898},{\"@type\":\"BreadcrumbList\",\"@id\":\"https:\\\/\\\/www.haekelfieber.de\\\/wp-blog\\\/granny-square\\\/#breadcrumb\",\"itemListElement\":[{\"@type\":\"ListItem\",\"position\":1,\"name\":\"Home\",\"item\":\"https:\\\/\\\/www.haekelfieber.de\\\/wp-blog\\\/\"},{\"@type\":\"ListItem\",\"position\":2,\"name\":\"Granny Square\"}]},{\"@type\":\"WebSite\",\"@id\":\"https:\\\/\\\/www.haekelfieber.de\\\/wp-blog\\\/#website\",\"url\":\"https:\\\/\\\/www.haekelfieber.de\\\/wp-blog\\\/\",\"name\":\"H\u00e4kelfieber\",\"description\":\"Ich bin im...\",\"publisher\":{\"@id\":\"https:\\\/\\\/www.haekelfieber.de\\\/wp-blog\\\/#organization\"},\"potentialAction\":[{\"@type\":\"SearchAction\",\"target\":{\"@type\":\"EntryPoint\",\"urlTemplate\":\"https:\\\/\\\/www.haekelfieber.de\\\/wp-blog\\\/?s={search_term_string}\"},\"query-input\":{\"@type\":\"PropertyValueSpecification\",\"valueRequired\":true,\"valueName\":\"search_term_string\"}}],\"inLanguage\":\"de\"},{\"@type\":\"Organization\",\"@id\":\"https:\\\/\\\/www.haekelfieber.de\\\/wp-blog\\\/#organization\",\"name\":\"H\u00e4kelfieber\",\"url\":\"https:\\\/\\\/www.haekelfieber.de\\\/wp-blog\\\/\",\"logo\":{\"@type\":\"ImageObject\",\"inLanguage\":\"de\",\"@id\":\"https:\\\/\\\/www.haekelfieber.de\\\/wp-blog\\\/#\\\/schema\\\/logo\\\/image\\\/\",\"url\":\"https:\\\/\\\/www.haekelfieber.de\\\/wp-blog\\\/wp-content\\\/uploads\\\/2023\\\/03\\\/kissen-haekeln2.jpg\",\"contentUrl\":\"https:\\\/\\\/www.haekelfieber.de\\\/wp-blog\\\/wp-content\\\/uploads\\\/2023\\\/03\\\/kissen-haekeln2.jpg\",\"width\":683,\"height\":1024,\"caption\":\"H\u00e4kelfieber\"},\"image\":{\"@id\":\"https:\\\/\\\/www.haekelfieber.de\\\/wp-blog\\\/#\\\/schema\\\/logo\\\/image\\\/\"}}]}<\/script>\n<!-- \/ Yoast SEO plugin. -->","yoast_head_json":{"title":"Granny Square - H\u00e4kelfieber","robots":{"index":"index","follow":"follow","max-snippet":"max-snippet:-1","max-image-preview":"max-image-preview:large","max-video-preview":"max-video-preview:-1"},"canonical":"https:\/\/www.haekelfieber.de\/wp-blog\/granny-square\/","og_locale":"de_DE","og_type":"article","og_title":"Granny Square - H\u00e4kelfieber","og_description":"Ich teil&#8216; mal wieder was mit euch. Wollte keine &#8222;gro\u00dfe Kiste&#8220; daraus machen, mit 5 Millionen Malversuchen f\u00fcr eine exakte H\u00e4kelschrift. Ganz authentische Bilder vom K\u00fcchentisch, an welchem alles entstanden ist. Mehr &#8222;Exaktness&#8220; konnte ich mir nicht aus den Rippen leiern. Bin mir sicher, dass die meisten damit klarkommen. \u00dcber die Kommentarfunktion k\u00f6nnen ja diverse &hellip; Granny Square weiterlesen &rarr;","og_url":"https:\/\/www.haekelfieber.de\/wp-blog\/granny-square\/","og_site_name":"H\u00e4kelfieber","og_image":[{"url":"https:\/\/www.haekelfieber.de\/wp-blog\/wp-content\/uploads\/2018\/04\/granny-square-anleitung-kosten-tutorial-free-6-e1522581415495-401x600.jpg","type":"","width":"","height":""}],"twitter_misc":{"Gesch\u00e4tzte Lesezeit":"1\u00a0Minute"},"schema":{"@context":"https:\/\/schema.org","@graph":[{"@type":"WebPage","@id":"https:\/\/www.haekelfieber.de\/wp-blog\/granny-square\/","url":"https:\/\/www.haekelfieber.de\/wp-blog\/granny-square\/","name":"Granny Square - H\u00e4kelfieber","isPartOf":{"@id":"https:\/\/www.haekelfieber.de\/wp-blog\/#website"},"primaryImageOfPage":{"@id":"https:\/\/www.haekelfieber.de\/wp-blog\/granny-square\/#primaryimage"},"image":{"@id":"https:\/\/www.haekelfieber.de\/wp-blog\/granny-square\/#primaryimage"},"thumbnailUrl":"https:\/\/www.haekelfieber.de\/wp-blog\/wp-content\/uploads\/2018\/04\/granny-square-anleitung-kosten-tutorial-free-6-e1522581415495-401x600.jpg","datePublished":"2018-04-01T11:21:05+00:00","breadcrumb":{"@id":"https:\/\/www.haekelfieber.de\/wp-blog\/granny-square\/#breadcrumb"},"inLanguage":"de","potentialAction":[{"@type":"ReadAction","target":["https:\/\/www.haekelfieber.de\/wp-blog\/granny-square\/"]}]},{"@type":"ImageObject","inLanguage":"de","@id":"https:\/\/www.haekelfieber.de\/wp-blog\/granny-square\/#primaryimage","url":"https:\/\/www.haekelfieber.de\/wp-blog\/wp-content\/uploads\/2018\/04\/granny-square-anleitung-kosten-tutorial-free-6-e1522581415495.jpg","contentUrl":"https:\/\/www.haekelfieber.de\/wp-blog\/wp-content\/uploads\/2018\/04\/granny-square-anleitung-kosten-tutorial-free-6-e1522581415495.jpg","width":600,"height":898},{"@type":"BreadcrumbList","@id":"https:\/\/www.haekelfieber.de\/wp-blog\/granny-square\/#breadcrumb","itemListElement":[{"@type":"ListItem","position":1,"name":"Home","item":"https:\/\/www.haekelfieber.de\/wp-blog\/"},{"@type":"ListItem","position":2,"name":"Granny Square"}]},{"@type":"WebSite","@id":"https:\/\/www.haekelfieber.de\/wp-blog\/#website","url":"https:\/\/www.haekelfieber.de\/wp-blog\/","name":"H\u00e4kelfieber","description":"Ich bin im...","publisher":{"@id":"https:\/\/www.haekelfieber.de\/wp-blog\/#organization"},"potentialAction":[{"@type":"SearchAction","target":{"@type":"EntryPoint","urlTemplate":"https:\/\/www.haekelfieber.de\/wp-blog\/?s={search_term_string}"},"query-input":{"@type":"PropertyValueSpecification","valueRequired":true,"valueName":"search_term_string"}}],"inLanguage":"de"},{"@type":"Organization","@id":"https:\/\/www.haekelfieber.de\/wp-blog\/#organization","name":"H\u00e4kelfieber","url":"https:\/\/www.haekelfieber.de\/wp-blog\/","logo":{"@type":"ImageObject","inLanguage":"de","@id":"https:\/\/www.haekelfieber.de\/wp-blog\/#\/schema\/logo\/image\/","url":"https:\/\/www.haekelfieber.de\/wp-blog\/wp-content\/uploads\/2023\/03\/kissen-haekeln2.jpg","contentUrl":"https:\/\/www.haekelfieber.de\/wp-blog\/wp-content\/uploads\/2023\/03\/kissen-haekeln2.jpg","width":683,"height":1024,"caption":"H\u00e4kelfieber"},"image":{"@id":"https:\/\/www.haekelfieber.de\/wp-blog\/#\/schema\/logo\/image\/"}}]}},"_links":{"self":[{"href":"https:\/\/www.haekelfieber.de\/wp-blog\/wp-json\/wp\/v2\/pages\/7996","targetHints":{"allow":["GET"]}}],"collection":[{"href":"https:\/\/www.haekelfieber.de\/wp-blog\/wp-json\/wp\/v2\/pages"}],"about":[{"href":"https:\/\/www.haekelfieber.de\/wp-blog\/wp-json\/wp\/v2\/types\/page"}],"author":[{"embeddable":true,"href":"https:\/\/www.haekelfieber.de\/wp-blog\/wp-json\/wp\/v2\/users\/1"}],"replies":[{"embeddable":true,"href":"https:\/\/www.haekelfieber.de\/wp-blog\/wp-json\/wp\/v2\/comments?post=7996"}],"version-history":[{"count":1,"href":"https:\/\/www.haekelfieber.de\/wp-blog\/wp-json\/wp\/v2\/pages\/7996\/revisions"}],"predecessor-version":[{"id":7997,"href":"https:\/\/www.haekelfieber.de\/wp-blog\/wp-json\/wp\/v2\/pages\/7996\/revisions\/7997"}],"wp:attachment":[{"href":"https:\/\/www.haekelfieber.de\/wp-blog\/wp-json\/wp\/v2\/media?parent=7996"}],"curies":[{"name":"wp","href":"https:\/\/api.w.org\/{rel}","templated":true}]}}