{"id":8108,"date":"2018-05-01T18:49:02","date_gmt":"2018-05-01T16:49:02","guid":{"rendered":"https:\/\/www.haekelfieber.de\/wp-blog\/?page_id=8108"},"modified":"2019-01-04T18:32:38","modified_gmt":"2019-01-04T17:32:38","slug":"impressum_und_datenschutz","status":"publish","type":"page","link":"https:\/\/www.haekelfieber.de\/wp-blog\/impressum_und_datenschutz\/","title":{"rendered":"Impressum und Datenschutz"},"content":{"rendered":"<h2>Angaben gem\u00e4\u00df \u00a7 5 TMG:<\/h2>\n<p>Jutta Frank<br \/>\nDa es sich bei meinem Blog um eine privat betriebene Internetseite handelt, also um kein<br \/>\nUnternehmen, behalte ich mir eine Ver\u00f6ffentlichung\u00a0 meiner Adresse vor, zum Schutz meiner Person. Auf spezielle Anfrage sende ich meine Kontaktdaten zu.<\/p>\n<h2>Kontakt:<\/h2>\n<p><a title=\"schautmal.de@gmail.com\" href=\"mailto:jutta82@gmx.de\">jutta82@gmx.de<\/a><\/p>\n<p>Vorabinfo f\u00fcr jene, welche mit mir kooperieren m\u00f6chten (Wolldealer&#8230;): Drei Wollp\u00e4ckchen und ich mache Werbung f\u00fcr einen Shop, ist nicht. Ich bin nicht billig zu haben sondern nur fair. Mein Grips verbietet mir mich auf Angebote auf Rasenkantenh\u00f6he einzulassen.<br \/>\nAlso &#8211; wenn nur billig, dann keinen Kontakt zu mir suchen.<\/p>\n<p>Danke<\/p>\n<h1><span style=\"font-size: 24pt;\"><br \/>\nHaftungsausschluss (Disclaimer)<\/span><\/h1>\n<p><strong>Haftung f\u00fcr Inhalte<\/strong><\/p>\n<p>Als Diensteanbieter sind wir gem\u00e4\u00df \u00a7 7 Abs.1 TMG f\u00fcr eigene Inhalte auf diesen Seiten nach den allgemeinen Gesetzen verantwortlich. Nach \u00a7\u00a7 8 bis 10 TMG sind wir als Diensteanbieter jedoch nicht verpflichtet, \u00fcbermittelte oder gespeicherte fremde Informationen zu \u00fcberwachen oder nach Umst\u00e4nden zu forschen, die auf eine rechtswidrige T\u00e4tigkeit hinweisen. Verpflichtungen zur Entfernung oder Sperrung der Nutzung von Informationen nach den allgemeinen Gesetzen bleiben hiervon unber\u00fchrt. Eine diesbez\u00fcgliche Haftung ist jedoch erst ab dem Zeitpunkt der Kenntnis einer konkreten Rechtsverletzung m\u00f6glich. Bei Bekanntwerden von entsprechenden Rechtsverletzungen werden wir diese Inhalte umgehend entfernen.<\/p>\n<p><strong>Haftung f\u00fcr Links<\/strong><\/p>\n<p>Unser Angebot enth\u00e4lt Links zu externen Webseiten Dritter, auf deren Inhalte wir keinen Einfluss haben. Deshalb k\u00f6nnen wir f\u00fcr diese fremden Inhalte auch keine Gew\u00e4hr \u00fcbernehmen. F\u00fcr die Inhalte der verlinkten Seiten ist stets der jeweilige Anbieter oder Betreiber der Seiten verantwortlich. Die verlinkten Seiten wurden zum Zeitpunkt der Verlinkung auf m\u00f6gliche Rechtsverst\u00f6\u00dfe \u00fcberpr\u00fcft. Rechtswidrige Inhalte waren zum Zeitpunkt der Verlinkung nicht erkennbar. Eine permanente inhaltliche Kontrolle der verlinkten Seiten ist jedoch ohne konkrete Anhaltspunkte einer Rechtsverletzung nicht zumutbar. Bei Bekanntwerden von Rechtsverletzungen werden wir derartige Links umgehend entfernen. Sollen Sie Hinweise haben, bitten wir Sie um Nachricht und werden die Sache \u00fcberpr\u00fcfen und den Link ggf. entfernen.<\/p>\n<p><strong>Urheberrecht<\/strong><\/p>\n<p>Die durch die Seitenbetreiber erstellten Inhalte und Werke auf diesen Seiten unterliegen dem deutschen Urheberrecht. Die Vervielf\u00e4ltigung, Bearbeitung, Verbreitung und jede Art der Verwertung au\u00dferhalb der Grenzen des Urheberrechtes bed\u00fcrfen der schriftlichen Zustimmung des jeweiligen Autors bzw. Erstellers. Downloads und Kopien dieser Seite sind nur f\u00fcr den privaten, nicht kommerziellen Gebrauch gestattet. Soweit die Inhalte auf dieser Seite nicht vom Betreiber erstellt wurden, werden die Urheberrechte Dritter beachtet. Insbesondere werden Inhalte Dritter als solche gekennzeichnet. Sollten Sie trotzdem auf eine Urheberrechtsverletzung aufmerksam werden, bitten wir um einen entsprechenden Hinweis. Bei Bekanntwerden von Rechtsverletzungen werden wir derartige Inhalte umgehend entfernen.<\/p>\n<h1><span style=\"font-size: 24pt;\">Datenschutzerkl\u00e4rung:<\/span><\/h1>\n<p><strong>Datenschutz<br \/>\n<\/strong>Die Nutzung meiner Webseite ist in der Regel ohne Angabe personenbezogener Daten m\u00f6glich. Soweit auf meinen Seiten personenbezogene Daten (beispielsweise Name, Anschrift oder eMail-Adressen) erhoben werden, erfolgt dies, soweit m\u00f6glich, stets auf freiwilliger Basis.<\/p>\n<p>Ich weisen darauf hin, dass die Daten\u00fcbertragung im Internet (z.B. bei der Kommunikation per E-Mail) Sicherheitsl\u00fccken aufweisen kann. Ein l\u00fcckenloser Schutz der Daten vor dem Zugriff durch Dritte ist nicht m\u00f6glich.<\/p>\n<p>Der Nutzung von im Rahmen der Impressumspflicht ver\u00f6ffentlichten Kontaktdaten durch Dritte zur \u00dcbersendung von nicht ausdr\u00fccklich angeforderter Werbung und Informationsmaterialien wird hiermit ausdr\u00fccklich widersprochen. Die Betreiber der Seiten behalten sich ausdr\u00fccklich rechtliche Schritte im Falle der unverlangten Zusendung von Werbeinformationen, etwa durch Spam-Mails, vor.<\/p>\n<p><strong>SSL- bzw. TLS-Verschl\u00fcsselung<br \/>\n<\/strong>Diese Seite nutzt aus Sicherheitsgr\u00fcnden und zum Schutz der \u00dcbertragung vertraulicher Inhalte, wie zum Beispiel Kommentaren, die Sie an uns als Seitenbetreiber senden, eine SSL-bzw. TLS-Verschl\u00fcsselung. Eine verschl\u00fcsselte Verbindung erkennen Sie daran, dass die Adresszeile des Browsers von \u201chttp:\/\/\u201d auf \u201chttps:\/\/\u201d wechselt und an dem Schloss-Symbol in Ihrer Browserzeile.<\/p>\n<p>Wenn die SSL- bzw. TLS-Verschl\u00fcsselung aktiviert ist, k\u00f6nnen die Daten, die Sie an uns \u00fcbermitteln, nicht von Dritten mitgelesen werden.<\/p>\n<p>Wie erfassen wir Ihre Daten?<strong><br \/>\n<\/strong>Ihre Daten werden zum einen dadurch erhoben, dass Sie uns diese mitteilen. Hierbei kann es sich z.B. um Daten handeln, die Sie beim Kommentieren eingeben. Details zur Kommentarfunktion finden sie im Bereich Kommentar.<\/p>\n<p>Andere Daten werden automatisch beim Besuch der Website durch unsere IT-Systeme erfasst. Das sind vor allem technische Daten (z.B. Internetbrowser, Betriebssystem oder Uhrzeit des Seitenaufrufs). Die Erfassung dieser Daten erfolgt automatisch, sobald Sie unsere Website betreten.<\/p>\n<p>Wof\u00fcr nutzen wir Ihre Daten?<strong><br \/>\n<\/strong>Ein Teil der Daten wird erhoben, um eine fehlerfreie Bereitstellung der Website zu gew\u00e4hrleisten. Andere Daten k\u00f6nnen zur Analyse Ihres Nutzerverhaltens verwendet werden<\/p>\n<p><strong>Recht auf Auskunft und L\u00f6schung gespeicherter Daten<\/strong><br \/>\nJeder, der auf dieser Website Blogbeitr\u00e4ge oder Seiten kommentiert, hat das Recht \u00fcber eine Auskunft, welche Daten gespeichert wurden.<br \/>\nAuf Wunsch werden diese Daten gel\u00f6scht.<br \/>\nDie Kontaktaufnahme erfolgt \u00fcber die eMailadresse des Webseitenbetreibers.<\/p>\n<div>\n<p><strong>Cookies<br \/>\n<\/strong>Die Internetseiten verwenden teilweise so genannte Cookies. Cookies richten auf Ihrem Rechner keinen Schaden an und enthalten keine Viren. Cookies dienen dazu, die Website nutzerfreundlicher, effektiver und sicherer zu machen. Cookies sind kleine Textdateien, die auf Ihrem Rechner abgelegt werden und die Ihr Browser speichert.<\/p>\n<p>Die meisten der von uns verwendeten Cookies sind so genannte \u201cSession-Cookies\u201d. Sie werden nach Ende Ihres Besuchs automatisch gel\u00f6scht. Andere Cookies bleiben auf Ihrem Endger\u00e4t gespeichert bis Sie diese l\u00f6schen. Diese Cookies erm\u00f6glichen es uns, Ihren Browser beim n\u00e4chsten Besuch wiederzuerkennen.<\/p>\n<p>Sie k\u00f6nnen Ihren Browser so einstellen, dass Sie \u00fcber das Setzen von Cookies informiert werden und Cookies nur im Einzelfall erlauben, die Annahme von Cookies f\u00fcr bestimmte F\u00e4lle oder generell ausschlie\u00dfen sowie das automatische L\u00f6schen der Cookies beim Schlie\u00dfen des Browser aktivieren. Bei der Deaktivierung von Cookies kann die Funktionalit\u00e4t dieser Website eingeschr\u00e4nkt sein.<\/p>\n<p>Soweit andere Cookies (z.B. Cookies zur Analyse Ihres Surfverhaltens) gespeichert werden, werden diese in dieser Datenschutzerkl\u00e4rung gesondert behandelt.<\/p>\n<\/div>\n<div><\/div>\n<div>\n<div><strong>Datenschutzerkl\u00e4rung f\u00fcr die Nutzung von awstats <span dir=\"ltr\"><a href=\"http:\/\/www.awstats.org\" target=\"awstatshome\">(plugins: tooltips, hashfiles, decodeutfkeys)<\/a><\/span><br \/>\n<\/strong><\/div>\n<div>\n<p>Diese Website benutzt <a href=\"http:\/\/www.awstats.org\/\">awstats<\/a>, einen Webanalysedienst \u00fcber Profihost.<br \/>\nWeitere Informationen finden sie unter <a href=\"https:\/\/www.profihost.com\/kontakt\/datenschutzerkl%C3%A4rung\/\">https:\/\/www.profihost.com\/kontakt\/datenschutzerkl\u00e4rung\/<\/a><\/p>\n<p><strong>Kommentarfunktion auf dieser Webseite<br \/>\n<\/strong>F\u00fcr die Kommentarfunktion auf dieser Seite werden neben Ihrem Kommentar auch Angaben zum Zeitpunkt der Erstellung des Kommentars, Ihre E-Mail-Adresse und, wenn Sie nicht anonym posten, der von Ihnen gew\u00e4hlte Nutzername gespeichert.<\/p>\n<p>Speicherung der IP-Adresse<br \/>\nUnsere Kommentarfunktion speichert nicht die IP-Adressen der Nutzer, die Kommentare verfassen. Jede IP-Adresse wird beim Speichern ge\u00e4ndert auf die Adresse 127.0.0.1 und ist somit nicht r\u00fcckverfolgbar. Alle Kommentare auf unserer Seite werden durch den Blogbetreiber vor der Freischaltung gepr\u00fcft. Kommentare werden nicht automatisch freigeschaltet. Als Spamschutz wird das Plugin &#8222;antispam-bee&#8220; verwendet. Die Funktionsweise kann hier,<br \/>\n<a href=\"https:\/\/github.com\/pluginkollektiv\/antispam-bee\/wiki\/de-Funktionsweise\">https:\/\/github.com\/pluginkollektiv\/antispam-bee\/wiki\/de-Funktionsweise<\/a><br \/>\nnachgelesen werden.<\/p>\n<p>Speicherdauer der Kommentare<br \/>\nDie Kommentare und die damit verbundenen Daten (z.B. Nutzername und eMailadresse) werden gespeichert und verbleiben auf unserer Website, bis der kommentierte Inhalt vollst\u00e4ndig gel\u00f6scht wurde oder die Kommentare aus rechtlichen Gr\u00fcnden gel\u00f6scht werden m\u00fcssen (z.B. beleidigende Kommentare).<\/p>\n<p>Rechtsgrundlage<br \/>\nDie Speicherung der Kommentare erfolgt auf Grundlage Ihrer Einwilligung (Art. 6 Abs. 1 lit. a DSGVO). Sie k\u00f6nnen eine von Ihnen erteilte Einwilligung jederzeit widerrufen. Dazu reicht eine formlose Mitteilung per E-Mail an uns. Die Rechtm\u00e4\u00dfigkeit der bereits erfolgten Datenverarbeitungsvorg\u00e4nge bleibt vom Widerruf unber\u00fchrt.<\/p>\n<\/div>\n<\/div>\n<div>\n<p><strong>Pinterest<\/strong><br \/>\nAuf meiner Seite verwende ich Social Plugins des sozialen Netzwerkes Pinterest, das von der Pinterest Inc., 808 Brannan Street San Francisco, CA 94103-490, USA (&#8222;Pinterest&#8220;) betrieben wird. Wenn Sie eine Seite aufrufen, die ein solches Plugin enth\u00e4lt, stellt Ihr Browser eine direkte Verbindung zu den Servern von Pinterest her. Das Plugin \u00fcbermittelt dabei Protokolldaten an den Server von Pinterest in die USA. Diese Protokolldaten enthalten m\u00f6glicherweise Ihre IP-Adresse, die Adresse der besuchten Websites, die ebenfalls Pinterest-Funktionen enthalten, Art und Einstellungen des Browsers, Datum und Zeitpunkt der Anfrage, Ihre Verwendungsweise von Pinterest sowie Cookies.<br \/>\nWeitere Informationen zu Zweck, Umfang und weiterer Verarbeitung und Nutzung der Daten durch Pinterest sowie Ihre diesbez\u00fcglichen Rechte und M\u00f6glichkeiten zum Schutz Ihrer Privatsph\u00e4re finden Sie in den den Datenschutzhinweisen von Pinterest: <a href=\"https:\/\/about.pinterest.com\/de\/privacy-policy\" target=\"_blank\" rel=\"noopener\">https:\/\/about.pinterest.com\/de\/privacy-policy<\/a><\/p>\n<p><strong><span style=\"font-size: 12pt;\">Youtube<br \/>\n<\/span><\/strong><span class=\"ts-muster-content\">Ich binde\u00a0 Videos der Plattform \u201cYouTube\u201d des Anbieters Google LLC, 1600 Amphitheatre Parkway, Mountain View, CA 94043, USA, ein.<\/span><\/p>\n<p>Die Nutzung von YouTube erfolgt im Interesse einer ansprechenden Darstellung meiner Blogbeitr\u00e4ge und Seiten. Dies stellt ein berechtigtes Interesse im Sinne von Art. 6 Abs. 1 lit. f DSGVO dar.<\/p>\n<p>Weitere Informationen zum Umgang mit Nutzerdaten finden Sie in der Datenschutzerkl\u00e4rung von YouTube unter: <a href=\"https:\/\/www.google.de\/intl\/de\/policies\/privacy\">https:\/\/www.google.de\/intl\/de\/policies\/privacy<\/a>.<\/p>\n<\/div>\n","protected":false},"excerpt":{"rendered":"<p>Angaben gem\u00e4\u00df \u00a7 5 TMG: Jutta Frank Da es sich bei meinem Blog um eine privat betriebene Internetseite handelt, also um kein Unternehmen, behalte ich mir eine Ver\u00f6ffentlichung\u00a0 meiner Adresse vor, zum Schutz meiner Person. Auf spezielle Anfrage sende ich meine Kontaktdaten zu. Kontakt: jutta82@gmx.de Vorabinfo f\u00fcr jene, welche mit mir kooperieren m\u00f6chten (Wolldealer&#8230;): Drei &hellip; <a href=\"https:\/\/www.haekelfieber.de\/wp-blog\/impressum_und_datenschutz\/\" class=\"more-link\"><span class=\"screen-reader-text\">Impressum und Datenschutz<\/span> weiterlesen <span class=\"meta-nav\">&rarr;<\/span><\/a><\/p>\n","protected":false},"author":1,"featured_media":0,"parent":0,"menu_order":0,"comment_status":"closed","ping_status":"closed","template":"","meta":{"footnotes":""},"class_list":["post-8108","page","type-page","status-publish","hentry"],"yoast_head":"<!-- This site is optimized with the Yoast SEO plugin v27.4 - https:\/\/yoast.com\/product\/yoast-seo-wordpress\/ -->\n<title>Impressum und Datenschutz - H\u00e4kelfieber<\/title>\n<meta name=\"robots\" content=\"index, follow, max-snippet:-1, max-image-preview:large, max-video-preview:-1\" \/>\n<link rel=\"canonical\" href=\"https:\/\/www.haekelfieber.de\/wp-blog\/impressum_und_datenschutz\/\" \/>\n<meta property=\"og:locale\" content=\"de_DE\" \/>\n<meta property=\"og:type\" content=\"article\" \/>\n<meta property=\"og:title\" content=\"Impressum und Datenschutz - H\u00e4kelfieber\" \/>\n<meta property=\"og:description\" content=\"Angaben gem\u00e4\u00df \u00a7 5 TMG: Jutta Frank Da es sich bei meinem Blog um eine privat betriebene Internetseite handelt, also um kein Unternehmen, behalte ich mir eine Ver\u00f6ffentlichung\u00a0 meiner Adresse vor, zum Schutz meiner Person. Auf spezielle Anfrage sende ich meine Kontaktdaten zu. Kontakt: jutta82@gmx.de Vorabinfo f\u00fcr jene, welche mit mir kooperieren m\u00f6chten (Wolldealer&#8230;): Drei &hellip; Impressum und Datenschutz weiterlesen &rarr;\" \/>\n<meta property=\"og:url\" content=\"https:\/\/www.haekelfieber.de\/wp-blog\/impressum_und_datenschutz\/\" \/>\n<meta property=\"og:site_name\" content=\"H\u00e4kelfieber\" \/>\n<meta property=\"article:modified_time\" content=\"2019-01-04T17:32:38+00:00\" \/>\n<meta name=\"twitter:label1\" content=\"Gesch\u00e4tzte Lesezeit\" \/>\n\t<meta name=\"twitter:data1\" content=\"7\u00a0Minuten\" \/>\n<script type=\"application\/ld+json\" class=\"yoast-schema-graph\">{\"@context\":\"https:\\\/\\\/schema.org\",\"@graph\":[{\"@type\":\"WebPage\",\"@id\":\"https:\\\/\\\/www.haekelfieber.de\\\/wp-blog\\\/impressum_und_datenschutz\\\/\",\"url\":\"https:\\\/\\\/www.haekelfieber.de\\\/wp-blog\\\/impressum_und_datenschutz\\\/\",\"name\":\"Impressum und Datenschutz - H\u00e4kelfieber\",\"isPartOf\":{\"@id\":\"https:\\\/\\\/www.haekelfieber.de\\\/wp-blog\\\/#website\"},\"datePublished\":\"2018-05-01T16:49:02+00:00\",\"dateModified\":\"2019-01-04T17:32:38+00:00\",\"breadcrumb\":{\"@id\":\"https:\\\/\\\/www.haekelfieber.de\\\/wp-blog\\\/impressum_und_datenschutz\\\/#breadcrumb\"},\"inLanguage\":\"de\",\"potentialAction\":[{\"@type\":\"ReadAction\",\"target\":[\"https:\\\/\\\/www.haekelfieber.de\\\/wp-blog\\\/impressum_und_datenschutz\\\/\"]}]},{\"@type\":\"BreadcrumbList\",\"@id\":\"https:\\\/\\\/www.haekelfieber.de\\\/wp-blog\\\/impressum_und_datenschutz\\\/#breadcrumb\",\"itemListElement\":[{\"@type\":\"ListItem\",\"position\":1,\"name\":\"Home\",\"item\":\"https:\\\/\\\/www.haekelfieber.de\\\/wp-blog\\\/\"},{\"@type\":\"ListItem\",\"position\":2,\"name\":\"Impressum und Datenschutz\"}]},{\"@type\":\"WebSite\",\"@id\":\"https:\\\/\\\/www.haekelfieber.de\\\/wp-blog\\\/#website\",\"url\":\"https:\\\/\\\/www.haekelfieber.de\\\/wp-blog\\\/\",\"name\":\"H\u00e4kelfieber\",\"description\":\"Ich bin im...\",\"publisher\":{\"@id\":\"https:\\\/\\\/www.haekelfieber.de\\\/wp-blog\\\/#organization\"},\"potentialAction\":[{\"@type\":\"SearchAction\",\"target\":{\"@type\":\"EntryPoint\",\"urlTemplate\":\"https:\\\/\\\/www.haekelfieber.de\\\/wp-blog\\\/?s={search_term_string}\"},\"query-input\":{\"@type\":\"PropertyValueSpecification\",\"valueRequired\":true,\"valueName\":\"search_term_string\"}}],\"inLanguage\":\"de\"},{\"@type\":\"Organization\",\"@id\":\"https:\\\/\\\/www.haekelfieber.de\\\/wp-blog\\\/#organization\",\"name\":\"H\u00e4kelfieber\",\"url\":\"https:\\\/\\\/www.haekelfieber.de\\\/wp-blog\\\/\",\"logo\":{\"@type\":\"ImageObject\",\"inLanguage\":\"de\",\"@id\":\"https:\\\/\\\/www.haekelfieber.de\\\/wp-blog\\\/#\\\/schema\\\/logo\\\/image\\\/\",\"url\":\"https:\\\/\\\/www.haekelfieber.de\\\/wp-blog\\\/wp-content\\\/uploads\\\/2023\\\/03\\\/kissen-haekeln2.jpg\",\"contentUrl\":\"https:\\\/\\\/www.haekelfieber.de\\\/wp-blog\\\/wp-content\\\/uploads\\\/2023\\\/03\\\/kissen-haekeln2.jpg\",\"width\":683,\"height\":1024,\"caption\":\"H\u00e4kelfieber\"},\"image\":{\"@id\":\"https:\\\/\\\/www.haekelfieber.de\\\/wp-blog\\\/#\\\/schema\\\/logo\\\/image\\\/\"}}]}<\/script>\n<!-- \/ Yoast SEO plugin. -->","yoast_head_json":{"title":"Impressum und Datenschutz - H\u00e4kelfieber","robots":{"index":"index","follow":"follow","max-snippet":"max-snippet:-1","max-image-preview":"max-image-preview:large","max-video-preview":"max-video-preview:-1"},"canonical":"https:\/\/www.haekelfieber.de\/wp-blog\/impressum_und_datenschutz\/","og_locale":"de_DE","og_type":"article","og_title":"Impressum und Datenschutz - H\u00e4kelfieber","og_description":"Angaben gem\u00e4\u00df \u00a7 5 TMG: Jutta Frank Da es sich bei meinem Blog um eine privat betriebene Internetseite handelt, also um kein Unternehmen, behalte ich mir eine Ver\u00f6ffentlichung\u00a0 meiner Adresse vor, zum Schutz meiner Person. Auf spezielle Anfrage sende ich meine Kontaktdaten zu. Kontakt: jutta82@gmx.de Vorabinfo f\u00fcr jene, welche mit mir kooperieren m\u00f6chten (Wolldealer&#8230;): Drei &hellip; Impressum und Datenschutz weiterlesen &rarr;","og_url":"https:\/\/www.haekelfieber.de\/wp-blog\/impressum_und_datenschutz\/","og_site_name":"H\u00e4kelfieber","article_modified_time":"2019-01-04T17:32:38+00:00","twitter_misc":{"Gesch\u00e4tzte Lesezeit":"7\u00a0Minuten"},"schema":{"@context":"https:\/\/schema.org","@graph":[{"@type":"WebPage","@id":"https:\/\/www.haekelfieber.de\/wp-blog\/impressum_und_datenschutz\/","url":"https:\/\/www.haekelfieber.de\/wp-blog\/impressum_und_datenschutz\/","name":"Impressum und Datenschutz - H\u00e4kelfieber","isPartOf":{"@id":"https:\/\/www.haekelfieber.de\/wp-blog\/#website"},"datePublished":"2018-05-01T16:49:02+00:00","dateModified":"2019-01-04T17:32:38+00:00","breadcrumb":{"@id":"https:\/\/www.haekelfieber.de\/wp-blog\/impressum_und_datenschutz\/#breadcrumb"},"inLanguage":"de","potentialAction":[{"@type":"ReadAction","target":["https:\/\/www.haekelfieber.de\/wp-blog\/impressum_und_datenschutz\/"]}]},{"@type":"BreadcrumbList","@id":"https:\/\/www.haekelfieber.de\/wp-blog\/impressum_und_datenschutz\/#breadcrumb","itemListElement":[{"@type":"ListItem","position":1,"name":"Home","item":"https:\/\/www.haekelfieber.de\/wp-blog\/"},{"@type":"ListItem","position":2,"name":"Impressum und Datenschutz"}]},{"@type":"WebSite","@id":"https:\/\/www.haekelfieber.de\/wp-blog\/#website","url":"https:\/\/www.haekelfieber.de\/wp-blog\/","name":"H\u00e4kelfieber","description":"Ich bin im...","publisher":{"@id":"https:\/\/www.haekelfieber.de\/wp-blog\/#organization"},"potentialAction":[{"@type":"SearchAction","target":{"@type":"EntryPoint","urlTemplate":"https:\/\/www.haekelfieber.de\/wp-blog\/?s={search_term_string}"},"query-input":{"@type":"PropertyValueSpecification","valueRequired":true,"valueName":"search_term_string"}}],"inLanguage":"de"},{"@type":"Organization","@id":"https:\/\/www.haekelfieber.de\/wp-blog\/#organization","name":"H\u00e4kelfieber","url":"https:\/\/www.haekelfieber.de\/wp-blog\/","logo":{"@type":"ImageObject","inLanguage":"de","@id":"https:\/\/www.haekelfieber.de\/wp-blog\/#\/schema\/logo\/image\/","url":"https:\/\/www.haekelfieber.de\/wp-blog\/wp-content\/uploads\/2023\/03\/kissen-haekeln2.jpg","contentUrl":"https:\/\/www.haekelfieber.de\/wp-blog\/wp-content\/uploads\/2023\/03\/kissen-haekeln2.jpg","width":683,"height":1024,"caption":"H\u00e4kelfieber"},"image":{"@id":"https:\/\/www.haekelfieber.de\/wp-blog\/#\/schema\/logo\/image\/"}}]}},"_links":{"self":[{"href":"https:\/\/www.haekelfieber.de\/wp-blog\/wp-json\/wp\/v2\/pages\/8108","targetHints":{"allow":["GET"]}}],"collection":[{"href":"https:\/\/www.haekelfieber.de\/wp-blog\/wp-json\/wp\/v2\/pages"}],"about":[{"href":"https:\/\/www.haekelfieber.de\/wp-blog\/wp-json\/wp\/v2\/types\/page"}],"author":[{"embeddable":true,"href":"https:\/\/www.haekelfieber.de\/wp-blog\/wp-json\/wp\/v2\/users\/1"}],"replies":[{"embeddable":true,"href":"https:\/\/www.haekelfieber.de\/wp-blog\/wp-json\/wp\/v2\/comments?post=8108"}],"version-history":[{"count":16,"href":"https:\/\/www.haekelfieber.de\/wp-blog\/wp-json\/wp\/v2\/pages\/8108\/revisions"}],"predecessor-version":[{"id":8940,"href":"https:\/\/www.haekelfieber.de\/wp-blog\/wp-json\/wp\/v2\/pages\/8108\/revisions\/8940"}],"wp:attachment":[{"href":"https:\/\/www.haekelfieber.de\/wp-blog\/wp-json\/wp\/v2\/media?parent=8108"}],"curies":[{"name":"wp","href":"https:\/\/api.w.org\/{rel}","templated":true}]}}