{"id":850,"date":"2014-08-10T11:51:42","date_gmt":"2014-08-10T09:51:42","guid":{"rendered":"http:\/\/www.haekelfieber.de\/wp-blog\/?page_id=850"},"modified":"2024-12-20T12:44:25","modified_gmt":"2024-12-20T11:44:25","slug":"anleitung-fuer-gehaekelte-schmetterlinge","status":"publish","type":"page","link":"https:\/\/www.haekelfieber.de\/wp-blog\/anleitung-fuer-gehaekelte-schmetterlinge\/","title":{"rendered":"Schmetterlinge"},"content":{"rendered":"<p><a href=\"https:\/\/www.haekelfieber.de\/wp-blog\/wp-content\/uploads\/2014\/08\/Anleitung-geh\u00e4kelter-Schmetterling.jpg\"><img loading=\"lazy\" decoding=\"async\" class=\"aligncenter wp-image-776\" src=\"https:\/\/www.haekelfieber.de\/wp-blog\/wp-content\/uploads\/2014\/08\/Anleitung-geh\u00e4kelter-Schmetterling-768x1024.jpg\" alt=\"Anleitung geh\u00e4kelter Schmetterling\" width=\"450\" height=\"600\" srcset=\"https:\/\/www.haekelfieber.de\/wp-blog\/wp-content\/uploads\/2014\/08\/Anleitung-geh\u00e4kelter-Schmetterling-768x1024.jpg 768w, https:\/\/www.haekelfieber.de\/wp-blog\/wp-content\/uploads\/2014\/08\/Anleitung-geh\u00e4kelter-Schmetterling-225x300.jpg 225w, https:\/\/www.haekelfieber.de\/wp-blog\/wp-content\/uploads\/2014\/08\/Anleitung-geh\u00e4kelter-Schmetterling.jpg 1200w\" sizes=\"auto, (max-width: 450px) 100vw, 450px\" \/><\/a><br \/>\nHeute hab&#8216; ich ein bisschen mit H\u00e4kelnadel und Wolle herumget\u00fcftelt. Dabei sind diese s\u00fc\u00dfen, kleinen Schmetterlinge herausgekommen.<\/p>\n<p><a href=\"https:\/\/www.haekelfieber.de\/wp-blog\/wp-content\/uploads\/2014\/08\/Anleitung-geh\u00e4kelter-Schmetterling-3.jpg\"><img loading=\"lazy\" decoding=\"async\" class=\"aligncenter wp-image-782\" src=\"https:\/\/www.haekelfieber.de\/wp-blog\/wp-content\/uploads\/2014\/08\/Anleitung-geh\u00e4kelter-Schmetterling-3-768x1024.jpg\" alt=\"Anleitung geh\u00e4kelter Schmetterling (3)\" width=\"450\" height=\"600\" srcset=\"https:\/\/www.haekelfieber.de\/wp-blog\/wp-content\/uploads\/2014\/08\/Anleitung-geh\u00e4kelter-Schmetterling-3-768x1024.jpg 768w, https:\/\/www.haekelfieber.de\/wp-blog\/wp-content\/uploads\/2014\/08\/Anleitung-geh\u00e4kelter-Schmetterling-3-225x300.jpg 225w, https:\/\/www.haekelfieber.de\/wp-blog\/wp-content\/uploads\/2014\/08\/Anleitung-geh\u00e4kelter-Schmetterling-3.jpg 1200w\" sizes=\"auto, (max-width: 450px) 100vw, 450px\" \/><\/a><br \/>\nIch hab&#8216; sie mit meiner H\u00e4kelnadel fotografiert, damit ihr seht wie gro\u00df &#8211; \u00e4h &#8211; klein \ud83d\ude42 sie sind. Supereinfach und schnell in der Herstellung!<br \/>\nGeh\u00e4kelt habe ich mit einer 3er H\u00e4kelnadel und d\u00fcnnem Baumwollgarn. Umso dicker die Wolle, ergo, desto gr\u00f6\u00dfer der Schmetterling. Falls ihr Wollrestchen habt &#8211; super &#8211; so k\u00f6nnt ihr noch was sch\u00f6nes draus machen.<\/p>\n<p><a href=\"https:\/\/www.haekelfieber.de\/wp-blog\/wp-content\/uploads\/2014\/08\/2014-08-05-15.12.10-e1407256844840.jpg\"><img loading=\"lazy\" decoding=\"async\" class=\"aligncenter wp-image-781\" src=\"https:\/\/www.haekelfieber.de\/wp-blog\/wp-content\/uploads\/2014\/08\/2014-08-05-15.12.10-e1407256844840-1024x768.jpg\" alt=\"2014-08-05 15.12.10\" width=\"600\" height=\"450\" srcset=\"https:\/\/www.haekelfieber.de\/wp-blog\/wp-content\/uploads\/2014\/08\/2014-08-05-15.12.10-e1407256844840-1024x768.jpg 1024w, https:\/\/www.haekelfieber.de\/wp-blog\/wp-content\/uploads\/2014\/08\/2014-08-05-15.12.10-e1407256844840-300x225.jpg 300w, https:\/\/www.haekelfieber.de\/wp-blog\/wp-content\/uploads\/2014\/08\/2014-08-05-15.12.10-e1407256844840.jpg 1600w\" sizes=\"auto, (max-width: 600px) 100vw, 600px\" \/><\/a><br \/>\nHier mal die Anleitung in geschriebener H\u00e4kelschrift \ud83d\ude42<\/p>\n<p><a href=\"https:\/\/www.haekelfieber.de\/wp-blog\/wp-content\/uploads\/2014\/08\/2014-08-05-14.17.55.jpg\"><img loading=\"lazy\" decoding=\"async\" class=\"aligncenter wp-image-785\" src=\"https:\/\/www.haekelfieber.de\/wp-blog\/wp-content\/uploads\/2014\/08\/2014-08-05-14.17.55-768x1024.jpg\" alt=\"2014-08-05 14.17.55\" width=\"450\" height=\"600\" srcset=\"https:\/\/www.haekelfieber.de\/wp-blog\/wp-content\/uploads\/2014\/08\/2014-08-05-14.17.55-768x1024.jpg 768w, https:\/\/www.haekelfieber.de\/wp-blog\/wp-content\/uploads\/2014\/08\/2014-08-05-14.17.55-225x300.jpg 225w, https:\/\/www.haekelfieber.de\/wp-blog\/wp-content\/uploads\/2014\/08\/2014-08-05-14.17.55.jpg 1200w\" sizes=\"auto, (max-width: 450px) 100vw, 450px\" \/><\/a><br \/>\nDer Faden vom Anfang der Luftmaschenkette und der Faden am Ende der H\u00e4kelrunde bilden die F\u00fchler. Macht noch Knoten rein und fertig ist schon mal der Schmetterlingsk\u00f6rper.<\/p>\n<p><a href=\"https:\/\/www.haekelfieber.de\/wp-blog\/wp-content\/uploads\/2014\/08\/2014-08-05-14.21.43.jpg\"><img loading=\"lazy\" decoding=\"async\" class=\"aligncenter wp-image-784\" src=\"https:\/\/www.haekelfieber.de\/wp-blog\/wp-content\/uploads\/2014\/08\/2014-08-05-14.21.43-768x1024.jpg\" alt=\"2014-08-05 14.21.43\" width=\"450\" height=\"600\" srcset=\"https:\/\/www.haekelfieber.de\/wp-blog\/wp-content\/uploads\/2014\/08\/2014-08-05-14.21.43-768x1024.jpg 768w, https:\/\/www.haekelfieber.de\/wp-blog\/wp-content\/uploads\/2014\/08\/2014-08-05-14.21.43-225x300.jpg 225w, https:\/\/www.haekelfieber.de\/wp-blog\/wp-content\/uploads\/2014\/08\/2014-08-05-14.21.43.jpg 1200w\" sizes=\"auto, (max-width: 450px) 100vw, 450px\" \/><\/a><br \/>\nDen Fl\u00fcgel hab&#8216; ich, nach Augenma\u00df, mittig drangeh\u00e4kelt. Am Schlu\u00df die beiden Fadenenden auf der Fl\u00fcgelr\u00fcckseite miteinander verknotet und anschlie\u00dfend vern\u00e4ht. Dadurch (verknoten) wird die Fl\u00fcgelform noch sch\u00f6ner betont. Probiert einfach wie fest euer Knoten sein soll.<\/p>\n<p><a href=\"https:\/\/www.haekelfieber.de\/wp-blog\/wp-content\/uploads\/2014\/08\/geh\u00e4kelter-Schmetterling.jpg\"><img loading=\"lazy\" decoding=\"async\" class=\"aligncenter wp-image-775\" src=\"https:\/\/www.haekelfieber.de\/wp-blog\/wp-content\/uploads\/2014\/08\/geh\u00e4kelter-Schmetterling-1024x768.jpg\" alt=\"geh\u00e4kelter Schmetterling\" width=\"600\" height=\"450\" srcset=\"https:\/\/www.haekelfieber.de\/wp-blog\/wp-content\/uploads\/2014\/08\/geh\u00e4kelter-Schmetterling-1024x768.jpg 1024w, https:\/\/www.haekelfieber.de\/wp-blog\/wp-content\/uploads\/2014\/08\/geh\u00e4kelter-Schmetterling-300x225.jpg 300w, https:\/\/www.haekelfieber.de\/wp-blog\/wp-content\/uploads\/2014\/08\/geh\u00e4kelter-Schmetterling.jpg 1600w\" sizes=\"auto, (max-width: 600px) 100vw, 600px\" \/><\/a><br \/>\nRucki-Zucki hatte ich drei Schmetterlinge fertig!<\/p>\n<p><a href=\"https:\/\/www.haekelfieber.de\/wp-blog\/wp-content\/uploads\/2014\/08\/geh\u00e4kelter-Schmetterling-2.jpg\"><img loading=\"lazy\" decoding=\"async\" class=\"aligncenter wp-image-783\" src=\"https:\/\/www.haekelfieber.de\/wp-blog\/wp-content\/uploads\/2014\/08\/geh\u00e4kelter-Schmetterling-2-768x1024.jpg\" alt=\"geh\u00e4kelter Schmetterling (2)\" width=\"450\" height=\"600\" srcset=\"https:\/\/www.haekelfieber.de\/wp-blog\/wp-content\/uploads\/2014\/08\/geh\u00e4kelter-Schmetterling-2-768x1024.jpg 768w, https:\/\/www.haekelfieber.de\/wp-blog\/wp-content\/uploads\/2014\/08\/geh\u00e4kelter-Schmetterling-2-225x300.jpg 225w, https:\/\/www.haekelfieber.de\/wp-blog\/wp-content\/uploads\/2014\/08\/geh\u00e4kelter-Schmetterling-2.jpg 1200w\" sizes=\"auto, (max-width: 450px) 100vw, 450px\" \/><\/a><br \/>\nHab&#8216; zu meinem Skizzenblock und den Filzstiften gegriffen.<\/p>\n<p>PS: Das <a title=\"Anleitung f\u00fcr ein geh\u00e4keltes Windlicht\" href=\"https:\/\/www.haekelfieber.de\/wp-blog\/anleitung-fuer-ein-gehaekeltes-windlicht\/\" target=\"_blank\" rel=\"noopener\">Glas<\/a> kennt ihr ja&#8230;<\/p>\n<p><a href=\"https:\/\/www.haekelfieber.de\/wp-blog\/wp-content\/uploads\/2014\/08\/Anleitung-geh\u00e4kelter-Schmetterling-2.jpg\"><img loading=\"lazy\" decoding=\"async\" class=\"aligncenter wp-image-780\" src=\"https:\/\/www.haekelfieber.de\/wp-blog\/wp-content\/uploads\/2014\/08\/Anleitung-geh\u00e4kelter-Schmetterling-2-768x1024.jpg\" alt=\"Anleitung geh\u00e4kelter Schmetterling (2)\" width=\"450\" height=\"600\" srcset=\"https:\/\/www.haekelfieber.de\/wp-blog\/wp-content\/uploads\/2014\/08\/Anleitung-geh\u00e4kelter-Schmetterling-2-768x1024.jpg 768w, https:\/\/www.haekelfieber.de\/wp-blog\/wp-content\/uploads\/2014\/08\/Anleitung-geh\u00e4kelter-Schmetterling-2-225x300.jpg 225w, https:\/\/www.haekelfieber.de\/wp-blog\/wp-content\/uploads\/2014\/08\/Anleitung-geh\u00e4kelter-Schmetterling-2.jpg 1200w\" sizes=\"auto, (max-width: 450px) 100vw, 450px\" \/><\/a><br \/>\nUnd hab meine s\u00fc\u00dfen Schmetterlinge auf eine Blumenwiese fliegen lassen \ud83d\ude42<\/p>\n<p><a href=\"https:\/\/www.haekelfieber.de\/wp-blog\/wp-content\/uploads\/2014\/08\/Crochet-Butterfly-3.jpg\"><img loading=\"lazy\" decoding=\"async\" class=\"aligncenter wp-image-779\" src=\"https:\/\/www.haekelfieber.de\/wp-blog\/wp-content\/uploads\/2014\/08\/Crochet-Butterfly-3-768x1024.jpg\" alt=\"Crochet Butterfly (3)\" width=\"450\" height=\"600\" srcset=\"https:\/\/www.haekelfieber.de\/wp-blog\/wp-content\/uploads\/2014\/08\/Crochet-Butterfly-3-768x1024.jpg 768w, https:\/\/www.haekelfieber.de\/wp-blog\/wp-content\/uploads\/2014\/08\/Crochet-Butterfly-3-225x300.jpg 225w, https:\/\/www.haekelfieber.de\/wp-blog\/wp-content\/uploads\/2014\/08\/Crochet-Butterfly-3.jpg 1200w\" sizes=\"auto, (max-width: 450px) 100vw, 450px\" \/><\/a><br \/>\n<a href=\"https:\/\/www.haekelfieber.de\/wp-blog\/wp-content\/uploads\/2014\/08\/Crochet-Butterfly.jpg\"><img loading=\"lazy\" decoding=\"async\" class=\"aligncenter wp-image-777\" src=\"https:\/\/www.haekelfieber.de\/wp-blog\/wp-content\/uploads\/2014\/08\/Crochet-Butterfly-768x1024.jpg\" alt=\"Crochet Butterfly\" width=\"450\" height=\"600\" srcset=\"https:\/\/www.haekelfieber.de\/wp-blog\/wp-content\/uploads\/2014\/08\/Crochet-Butterfly-768x1024.jpg 768w, https:\/\/www.haekelfieber.de\/wp-blog\/wp-content\/uploads\/2014\/08\/Crochet-Butterfly-225x300.jpg 225w, https:\/\/www.haekelfieber.de\/wp-blog\/wp-content\/uploads\/2014\/08\/Crochet-Butterfly.jpg 1200w\" sizes=\"auto, (max-width: 450px) 100vw, 450px\" \/><\/a><br \/>\n<a href=\"https:\/\/www.haekelfieber.de\/wp-blog\/wp-content\/uploads\/2014\/08\/Crochet-Butterfly-2.jpg\"><img loading=\"lazy\" decoding=\"async\" class=\"aligncenter wp-image-778\" src=\"https:\/\/www.haekelfieber.de\/wp-blog\/wp-content\/uploads\/2014\/08\/Crochet-Butterfly-2-768x1024.jpg\" alt=\"Crochet Butterfly (2)\" width=\"450\" height=\"600\" srcset=\"https:\/\/www.haekelfieber.de\/wp-blog\/wp-content\/uploads\/2014\/08\/Crochet-Butterfly-2-768x1024.jpg 768w, https:\/\/www.haekelfieber.de\/wp-blog\/wp-content\/uploads\/2014\/08\/Crochet-Butterfly-2-225x300.jpg 225w, https:\/\/www.haekelfieber.de\/wp-blog\/wp-content\/uploads\/2014\/08\/Crochet-Butterfly-2.jpg 1200w\" sizes=\"auto, (max-width: 450px) 100vw, 450px\" \/><\/a><br \/>\nNa, habt ihr auch schon Schmetterlinge im Bauch? \ud83d\ude42 \ud83d\ude09<\/p>\n","protected":false},"excerpt":{"rendered":"<p>Heute hab&#8216; ich ein bisschen mit H\u00e4kelnadel und Wolle herumget\u00fcftelt. Dabei sind diese s\u00fc\u00dfen, kleinen Schmetterlinge herausgekommen. Ich hab&#8216; sie mit meiner H\u00e4kelnadel fotografiert, damit ihr seht wie gro\u00df &#8211; \u00e4h &#8211; klein \ud83d\ude42 sie sind. Supereinfach und schnell in der Herstellung! Geh\u00e4kelt habe ich mit einer 3er H\u00e4kelnadel und d\u00fcnnem Baumwollgarn. Umso dicker die &hellip; <a href=\"https:\/\/www.haekelfieber.de\/wp-blog\/anleitung-fuer-gehaekelte-schmetterlinge\/\" class=\"more-link\"><span class=\"screen-reader-text\">Schmetterlinge<\/span> weiterlesen <span class=\"meta-nav\">&rarr;<\/span><\/a><\/p>\n","protected":false},"author":1,"featured_media":0,"parent":0,"menu_order":0,"comment_status":"open","ping_status":"open","template":"","meta":{"footnotes":""},"class_list":["post-850","page","type-page","status-publish","hentry"],"yoast_head":"<!-- This site is optimized with the Yoast SEO plugin v27.4 - https:\/\/yoast.com\/product\/yoast-seo-wordpress\/ -->\n<title>Schmetterlinge - H\u00e4kelfieber<\/title>\n<meta name=\"robots\" content=\"index, follow, max-snippet:-1, max-image-preview:large, max-video-preview:-1\" \/>\n<link rel=\"canonical\" href=\"https:\/\/www.haekelfieber.de\/wp-blog\/anleitung-fuer-gehaekelte-schmetterlinge\/\" \/>\n<meta property=\"og:locale\" content=\"de_DE\" \/>\n<meta property=\"og:type\" content=\"article\" \/>\n<meta property=\"og:title\" content=\"Schmetterlinge - H\u00e4kelfieber\" \/>\n<meta property=\"og:description\" content=\"Heute hab&#8216; ich ein bisschen mit H\u00e4kelnadel und Wolle herumget\u00fcftelt. Dabei sind diese s\u00fc\u00dfen, kleinen Schmetterlinge herausgekommen. Ich hab&#8216; sie mit meiner H\u00e4kelnadel fotografiert, damit ihr seht wie gro\u00df &#8211; \u00e4h &#8211; klein \ud83d\ude42 sie sind. Supereinfach und schnell in der Herstellung! Geh\u00e4kelt habe ich mit einer 3er H\u00e4kelnadel und d\u00fcnnem Baumwollgarn. Umso dicker die &hellip; Schmetterlinge weiterlesen &rarr;\" \/>\n<meta property=\"og:url\" content=\"https:\/\/www.haekelfieber.de\/wp-blog\/anleitung-fuer-gehaekelte-schmetterlinge\/\" \/>\n<meta property=\"og:site_name\" content=\"H\u00e4kelfieber\" \/>\n<meta property=\"article:modified_time\" content=\"2024-12-20T11:44:25+00:00\" \/>\n<meta property=\"og:image\" content=\"https:\/\/www.haekelfieber.de\/wp-blog\/wp-content\/uploads\/2014\/08\/2014-08-05-15.12.10-e1407256844840-1024x768.jpg\" \/>\n<meta name=\"twitter:label1\" content=\"Gesch\u00e4tzte Lesezeit\" \/>\n\t<meta name=\"twitter:data1\" content=\"4\u00a0Minuten\" \/>\n<script type=\"application\/ld+json\" class=\"yoast-schema-graph\">{\"@context\":\"https:\\\/\\\/schema.org\",\"@graph\":[{\"@type\":\"WebPage\",\"@id\":\"https:\\\/\\\/www.haekelfieber.de\\\/wp-blog\\\/anleitung-fuer-gehaekelte-schmetterlinge\\\/\",\"url\":\"https:\\\/\\\/www.haekelfieber.de\\\/wp-blog\\\/anleitung-fuer-gehaekelte-schmetterlinge\\\/\",\"name\":\"Schmetterlinge - H\u00e4kelfieber\",\"isPartOf\":{\"@id\":\"https:\\\/\\\/www.haekelfieber.de\\\/wp-blog\\\/#website\"},\"primaryImageOfPage\":{\"@id\":\"https:\\\/\\\/www.haekelfieber.de\\\/wp-blog\\\/anleitung-fuer-gehaekelte-schmetterlinge\\\/#primaryimage\"},\"image\":{\"@id\":\"https:\\\/\\\/www.haekelfieber.de\\\/wp-blog\\\/anleitung-fuer-gehaekelte-schmetterlinge\\\/#primaryimage\"},\"thumbnailUrl\":\"https:\\\/\\\/www.haekelfieber.de\\\/wp-blog\\\/wp-content\\\/uploads\\\/2014\\\/08\\\/2014-08-05-15.12.10-e1407256844840-1024x768.jpg\",\"datePublished\":\"2014-08-10T09:51:42+00:00\",\"dateModified\":\"2024-12-20T11:44:25+00:00\",\"breadcrumb\":{\"@id\":\"https:\\\/\\\/www.haekelfieber.de\\\/wp-blog\\\/anleitung-fuer-gehaekelte-schmetterlinge\\\/#breadcrumb\"},\"inLanguage\":\"de\",\"potentialAction\":[{\"@type\":\"ReadAction\",\"target\":[\"https:\\\/\\\/www.haekelfieber.de\\\/wp-blog\\\/anleitung-fuer-gehaekelte-schmetterlinge\\\/\"]}]},{\"@type\":\"ImageObject\",\"inLanguage\":\"de\",\"@id\":\"https:\\\/\\\/www.haekelfieber.de\\\/wp-blog\\\/anleitung-fuer-gehaekelte-schmetterlinge\\\/#primaryimage\",\"url\":\"https:\\\/\\\/www.haekelfieber.de\\\/wp-blog\\\/wp-content\\\/uploads\\\/2014\\\/08\\\/2014-08-05-15.12.10-e1407256844840.jpg\",\"contentUrl\":\"https:\\\/\\\/www.haekelfieber.de\\\/wp-blog\\\/wp-content\\\/uploads\\\/2014\\\/08\\\/2014-08-05-15.12.10-e1407256844840.jpg\",\"width\":1600,\"height\":1200},{\"@type\":\"BreadcrumbList\",\"@id\":\"https:\\\/\\\/www.haekelfieber.de\\\/wp-blog\\\/anleitung-fuer-gehaekelte-schmetterlinge\\\/#breadcrumb\",\"itemListElement\":[{\"@type\":\"ListItem\",\"position\":1,\"name\":\"Home\",\"item\":\"https:\\\/\\\/www.haekelfieber.de\\\/wp-blog\\\/\"},{\"@type\":\"ListItem\",\"position\":2,\"name\":\"Schmetterlinge\"}]},{\"@type\":\"WebSite\",\"@id\":\"https:\\\/\\\/www.haekelfieber.de\\\/wp-blog\\\/#website\",\"url\":\"https:\\\/\\\/www.haekelfieber.de\\\/wp-blog\\\/\",\"name\":\"H\u00e4kelfieber\",\"description\":\"Ich bin im...\",\"publisher\":{\"@id\":\"https:\\\/\\\/www.haekelfieber.de\\\/wp-blog\\\/#organization\"},\"potentialAction\":[{\"@type\":\"SearchAction\",\"target\":{\"@type\":\"EntryPoint\",\"urlTemplate\":\"https:\\\/\\\/www.haekelfieber.de\\\/wp-blog\\\/?s={search_term_string}\"},\"query-input\":{\"@type\":\"PropertyValueSpecification\",\"valueRequired\":true,\"valueName\":\"search_term_string\"}}],\"inLanguage\":\"de\"},{\"@type\":\"Organization\",\"@id\":\"https:\\\/\\\/www.haekelfieber.de\\\/wp-blog\\\/#organization\",\"name\":\"H\u00e4kelfieber\",\"url\":\"https:\\\/\\\/www.haekelfieber.de\\\/wp-blog\\\/\",\"logo\":{\"@type\":\"ImageObject\",\"inLanguage\":\"de\",\"@id\":\"https:\\\/\\\/www.haekelfieber.de\\\/wp-blog\\\/#\\\/schema\\\/logo\\\/image\\\/\",\"url\":\"https:\\\/\\\/www.haekelfieber.de\\\/wp-blog\\\/wp-content\\\/uploads\\\/2023\\\/03\\\/kissen-haekeln2.jpg\",\"contentUrl\":\"https:\\\/\\\/www.haekelfieber.de\\\/wp-blog\\\/wp-content\\\/uploads\\\/2023\\\/03\\\/kissen-haekeln2.jpg\",\"width\":683,\"height\":1024,\"caption\":\"H\u00e4kelfieber\"},\"image\":{\"@id\":\"https:\\\/\\\/www.haekelfieber.de\\\/wp-blog\\\/#\\\/schema\\\/logo\\\/image\\\/\"}}]}<\/script>\n<!-- \/ Yoast SEO plugin. -->","yoast_head_json":{"title":"Schmetterlinge - H\u00e4kelfieber","robots":{"index":"index","follow":"follow","max-snippet":"max-snippet:-1","max-image-preview":"max-image-preview:large","max-video-preview":"max-video-preview:-1"},"canonical":"https:\/\/www.haekelfieber.de\/wp-blog\/anleitung-fuer-gehaekelte-schmetterlinge\/","og_locale":"de_DE","og_type":"article","og_title":"Schmetterlinge - H\u00e4kelfieber","og_description":"Heute hab&#8216; ich ein bisschen mit H\u00e4kelnadel und Wolle herumget\u00fcftelt. Dabei sind diese s\u00fc\u00dfen, kleinen Schmetterlinge herausgekommen. Ich hab&#8216; sie mit meiner H\u00e4kelnadel fotografiert, damit ihr seht wie gro\u00df &#8211; \u00e4h &#8211; klein \ud83d\ude42 sie sind. Supereinfach und schnell in der Herstellung! Geh\u00e4kelt habe ich mit einer 3er H\u00e4kelnadel und d\u00fcnnem Baumwollgarn. Umso dicker die &hellip; Schmetterlinge weiterlesen &rarr;","og_url":"https:\/\/www.haekelfieber.de\/wp-blog\/anleitung-fuer-gehaekelte-schmetterlinge\/","og_site_name":"H\u00e4kelfieber","article_modified_time":"2024-12-20T11:44:25+00:00","og_image":[{"url":"https:\/\/www.haekelfieber.de\/wp-blog\/wp-content\/uploads\/2014\/08\/2014-08-05-15.12.10-e1407256844840-1024x768.jpg","type":"","width":"","height":""}],"twitter_misc":{"Gesch\u00e4tzte Lesezeit":"4\u00a0Minuten"},"schema":{"@context":"https:\/\/schema.org","@graph":[{"@type":"WebPage","@id":"https:\/\/www.haekelfieber.de\/wp-blog\/anleitung-fuer-gehaekelte-schmetterlinge\/","url":"https:\/\/www.haekelfieber.de\/wp-blog\/anleitung-fuer-gehaekelte-schmetterlinge\/","name":"Schmetterlinge - H\u00e4kelfieber","isPartOf":{"@id":"https:\/\/www.haekelfieber.de\/wp-blog\/#website"},"primaryImageOfPage":{"@id":"https:\/\/www.haekelfieber.de\/wp-blog\/anleitung-fuer-gehaekelte-schmetterlinge\/#primaryimage"},"image":{"@id":"https:\/\/www.haekelfieber.de\/wp-blog\/anleitung-fuer-gehaekelte-schmetterlinge\/#primaryimage"},"thumbnailUrl":"https:\/\/www.haekelfieber.de\/wp-blog\/wp-content\/uploads\/2014\/08\/2014-08-05-15.12.10-e1407256844840-1024x768.jpg","datePublished":"2014-08-10T09:51:42+00:00","dateModified":"2024-12-20T11:44:25+00:00","breadcrumb":{"@id":"https:\/\/www.haekelfieber.de\/wp-blog\/anleitung-fuer-gehaekelte-schmetterlinge\/#breadcrumb"},"inLanguage":"de","potentialAction":[{"@type":"ReadAction","target":["https:\/\/www.haekelfieber.de\/wp-blog\/anleitung-fuer-gehaekelte-schmetterlinge\/"]}]},{"@type":"ImageObject","inLanguage":"de","@id":"https:\/\/www.haekelfieber.de\/wp-blog\/anleitung-fuer-gehaekelte-schmetterlinge\/#primaryimage","url":"https:\/\/www.haekelfieber.de\/wp-blog\/wp-content\/uploads\/2014\/08\/2014-08-05-15.12.10-e1407256844840.jpg","contentUrl":"https:\/\/www.haekelfieber.de\/wp-blog\/wp-content\/uploads\/2014\/08\/2014-08-05-15.12.10-e1407256844840.jpg","width":1600,"height":1200},{"@type":"BreadcrumbList","@id":"https:\/\/www.haekelfieber.de\/wp-blog\/anleitung-fuer-gehaekelte-schmetterlinge\/#breadcrumb","itemListElement":[{"@type":"ListItem","position":1,"name":"Home","item":"https:\/\/www.haekelfieber.de\/wp-blog\/"},{"@type":"ListItem","position":2,"name":"Schmetterlinge"}]},{"@type":"WebSite","@id":"https:\/\/www.haekelfieber.de\/wp-blog\/#website","url":"https:\/\/www.haekelfieber.de\/wp-blog\/","name":"H\u00e4kelfieber","description":"Ich bin im...","publisher":{"@id":"https:\/\/www.haekelfieber.de\/wp-blog\/#organization"},"potentialAction":[{"@type":"SearchAction","target":{"@type":"EntryPoint","urlTemplate":"https:\/\/www.haekelfieber.de\/wp-blog\/?s={search_term_string}"},"query-input":{"@type":"PropertyValueSpecification","valueRequired":true,"valueName":"search_term_string"}}],"inLanguage":"de"},{"@type":"Organization","@id":"https:\/\/www.haekelfieber.de\/wp-blog\/#organization","name":"H\u00e4kelfieber","url":"https:\/\/www.haekelfieber.de\/wp-blog\/","logo":{"@type":"ImageObject","inLanguage":"de","@id":"https:\/\/www.haekelfieber.de\/wp-blog\/#\/schema\/logo\/image\/","url":"https:\/\/www.haekelfieber.de\/wp-blog\/wp-content\/uploads\/2023\/03\/kissen-haekeln2.jpg","contentUrl":"https:\/\/www.haekelfieber.de\/wp-blog\/wp-content\/uploads\/2023\/03\/kissen-haekeln2.jpg","width":683,"height":1024,"caption":"H\u00e4kelfieber"},"image":{"@id":"https:\/\/www.haekelfieber.de\/wp-blog\/#\/schema\/logo\/image\/"}}]}},"_links":{"self":[{"href":"https:\/\/www.haekelfieber.de\/wp-blog\/wp-json\/wp\/v2\/pages\/850","targetHints":{"allow":["GET"]}}],"collection":[{"href":"https:\/\/www.haekelfieber.de\/wp-blog\/wp-json\/wp\/v2\/pages"}],"about":[{"href":"https:\/\/www.haekelfieber.de\/wp-blog\/wp-json\/wp\/v2\/types\/page"}],"author":[{"embeddable":true,"href":"https:\/\/www.haekelfieber.de\/wp-blog\/wp-json\/wp\/v2\/users\/1"}],"replies":[{"embeddable":true,"href":"https:\/\/www.haekelfieber.de\/wp-blog\/wp-json\/wp\/v2\/comments?post=850"}],"version-history":[{"count":3,"href":"https:\/\/www.haekelfieber.de\/wp-blog\/wp-json\/wp\/v2\/pages\/850\/revisions"}],"predecessor-version":[{"id":15480,"href":"https:\/\/www.haekelfieber.de\/wp-blog\/wp-json\/wp\/v2\/pages\/850\/revisions\/15480"}],"wp:attachment":[{"href":"https:\/\/www.haekelfieber.de\/wp-blog\/wp-json\/wp\/v2\/media?parent=850"}],"curies":[{"name":"wp","href":"https:\/\/api.w.org\/{rel}","templated":true}]}}